{"id":1058,"date":"2024-12-12T16:27:04","date_gmt":"2024-12-12T16:27:04","guid":{"rendered":"https:\/\/www.elvestidorderamon.com\/?post_type=product&#038;p=1058"},"modified":"2025-01-13T09:43:15","modified_gmt":"2025-01-13T09:43:15","slug":"salerm-champu-straightening-cabello-liso-250-ml","status":"publish","type":"product","link":"https:\/\/www.elvestidorderamon.com\/es\/producto\/salerm-champu-straightening-cabello-liso-250-ml\/","title":{"rendered":"Salerm Champ\u00fa Straightening Cabello Liso 250 Ml"},"content":{"rendered":"<h2>\u00a0Salerm Champ\u00fa Straightening Cabello Liso 250 Ml<\/h2>\n<p>Champ\u00fa libre de sulfatos indicado para los cabellos en los que se utiliza plancha o secador,\u00a0su f\u00f3rmula protege el cabello\u00a0con su efecto termo protector, prepara el tallo capilar para la utilizaci\u00f3n de planchas o secadores.<\/p>\n<p>Consigue una protecci\u00f3n total del cabello y prepara el tallo capilar para utilizar despu\u00e9s la plancha o el secador, nutri\u00e9ndolo y fortific\u00e1ndolo. Incorpora efecto antihumedad.<\/p>\n<h2>Ingredientes principales:<\/h2>\n<p>&#8211; Hidrolizado de queratina: prote\u00edna que proporciona m\u00e1xima reparaci\u00f3n en las capas internas cabello.<\/p>\n<p>&#8211; Tensioactivos libres de sulfatos: limpian en profundidad el cabello y lo mantienen por m\u00e1s tiempo.<\/p>\n<p>&#8211; Fragancia con\u00a0notas frutales. Medios florales y salida ,base amaderada, s\u00e1ndalo, cedro y vainilla.<\/p>\n<h2>Modo de empleo:<\/h2>\n<p>Humedece el cabello y aplica el champ\u00fa. Masajea durante unos segundos toda la cabeza y posteriormente enjuagas con agua tibia.<\/p>\n<p>Los 100ml salen a 3.86\u20ac<\/p>","protected":false},"excerpt":{"rendered":"<h2>Salerm Champ\u00fa Straightening Cabello Liso 250 Ml<\/h2>","protected":false},"featured_media":1708,"template":"","meta":[],"product_brand":[],"product_cat":[44,27],"product_tag":[],"class_list":{"0":"post-1058","1":"product","2":"type-product","3":"status-publish","4":"has-post-thumbnail","6":"product_cat-beauty-home","7":"product_cat-on-sale","8":"thunk-woo-product-list","9":"opn-qv-enable","10":"big-store-woo-hover-zoom","11":"open-single-product-tab-horizontal","12":"open-shadow-","13":"open-shadow-hover-","15":"first","16":"instock","17":"sale","18":"shipping-taxable","19":"purchasable","20":"product-type-simple"},"yoast_head":"<!-- This site is optimized with the Yoast SEO plugin v27.5 - https:\/\/yoast.com\/product\/yoast-seo-wordpress\/ -->\n<title>Salerm Champ\u00fa Straightening Cabello Liso 250 Ml - El vestidor de Ram\u00f3n<\/title>\n<meta name=\"robots\" content=\"index, follow, max-snippet:-1, max-image-preview:large, max-video-preview:-1\" \/>\n<link rel=\"canonical\" href=\"https:\/\/www.elvestidorderamon.com\/es\/producto\/salerm-champu-straightening-cabello-liso-250-ml\/\" \/>\n<meta property=\"og:locale\" content=\"es_ES\" \/>\n<meta property=\"og:type\" content=\"article\" \/>\n<meta property=\"og:title\" content=\"Salerm Champ\u00fa Straightening Cabello Liso 250 Ml - El vestidor de Ram\u00f3n\" \/>\n<meta property=\"og:description\" content=\"Salerm Champ\u00fa Straightening Cabello Liso 250 Ml\" \/>\n<meta property=\"og:url\" content=\"https:\/\/www.elvestidorderamon.com\/es\/producto\/salerm-champu-straightening-cabello-liso-250-ml\/\" \/>\n<meta property=\"og:site_name\" content=\"El vestidor de Ram\u00f3n\" \/>\n<meta property=\"article:modified_time\" content=\"2025-01-13T09:43:15+00:00\" \/>\n<meta property=\"og:image\" content=\"https:\/\/www.elvestidorderamon.com\/wp-content\/uploads\/2024\/12\/WhatsApp-Image-2025-01-13-at-10.41.37.jpeg\" \/>\n\t<meta property=\"og:image:width\" content=\"1200\" \/>\n\t<meta property=\"og:image:height\" content=\"1600\" \/>\n\t<meta property=\"og:image:type\" content=\"image\/jpeg\" \/>\n<meta name=\"twitter:card\" content=\"summary_large_image\" \/>\n<meta name=\"twitter:label1\" content=\"Tiempo de lectura\" \/>\n\t<meta name=\"twitter:data1\" content=\"1 minuto\" \/>\n<script type=\"application\/ld+json\" class=\"yoast-schema-graph\">{\"@context\":\"https:\\\/\\\/schema.org\",\"@graph\":[{\"@type\":\"WebPage\",\"@id\":\"https:\\\/\\\/www.elvestidorderamon.com\\\/producto\\\/salerm-champu-straightening-cabello-liso-250-ml\\\/\",\"url\":\"https:\\\/\\\/www.elvestidorderamon.com\\\/producto\\\/salerm-champu-straightening-cabello-liso-250-ml\\\/\",\"name\":\"Salerm Champ\u00fa Straightening Cabello Liso 250 Ml - El vestidor de Ram\u00f3n\",\"isPartOf\":{\"@id\":\"https:\\\/\\\/www.elvestidorderamon.com\\\/es\\\/#website\"},\"primaryImageOfPage\":{\"@id\":\"https:\\\/\\\/www.elvestidorderamon.com\\\/producto\\\/salerm-champu-straightening-cabello-liso-250-ml\\\/#primaryimage\"},\"image\":{\"@id\":\"https:\\\/\\\/www.elvestidorderamon.com\\\/producto\\\/salerm-champu-straightening-cabello-liso-250-ml\\\/#primaryimage\"},\"thumbnailUrl\":\"https:\\\/\\\/www.elvestidorderamon.com\\\/wp-content\\\/uploads\\\/2024\\\/12\\\/WhatsApp-Image-2025-01-13-at-10.41.37.jpeg\",\"datePublished\":\"2024-12-12T16:27:04+00:00\",\"dateModified\":\"2025-01-13T09:43:15+00:00\",\"breadcrumb\":{\"@id\":\"https:\\\/\\\/www.elvestidorderamon.com\\\/producto\\\/salerm-champu-straightening-cabello-liso-250-ml\\\/#breadcrumb\"},\"inLanguage\":\"es\",\"potentialAction\":[{\"@type\":\"ReadAction\",\"target\":[\"https:\\\/\\\/www.elvestidorderamon.com\\\/producto\\\/salerm-champu-straightening-cabello-liso-250-ml\\\/\"]}]},{\"@type\":\"ImageObject\",\"inLanguage\":\"es\",\"@id\":\"https:\\\/\\\/www.elvestidorderamon.com\\\/producto\\\/salerm-champu-straightening-cabello-liso-250-ml\\\/#primaryimage\",\"url\":\"https:\\\/\\\/www.elvestidorderamon.com\\\/wp-content\\\/uploads\\\/2024\\\/12\\\/WhatsApp-Image-2025-01-13-at-10.41.37.jpeg\",\"contentUrl\":\"https:\\\/\\\/www.elvestidorderamon.com\\\/wp-content\\\/uploads\\\/2024\\\/12\\\/WhatsApp-Image-2025-01-13-at-10.41.37.jpeg\",\"width\":1200,\"height\":1600},{\"@type\":\"BreadcrumbList\",\"@id\":\"https:\\\/\\\/www.elvestidorderamon.com\\\/producto\\\/salerm-champu-straightening-cabello-liso-250-ml\\\/#breadcrumb\",\"itemListElement\":[{\"@type\":\"ListItem\",\"position\":1,\"name\":\"Portada\",\"item\":\"https:\\\/\\\/www.elvestidorderamon.com\\\/\"},{\"@type\":\"ListItem\",\"position\":2,\"name\":\"Tienda\",\"item\":\"https:\\\/\\\/www.elvestidorderamon.com\\\/tienda\\\/\"},{\"@type\":\"ListItem\",\"position\":3,\"name\":\"Salerm Champ\u00fa Straightening Cabello Liso 250 Ml\"}]},{\"@type\":\"WebSite\",\"@id\":\"https:\\\/\\\/www.elvestidorderamon.com\\\/es\\\/#website\",\"url\":\"https:\\\/\\\/www.elvestidorderamon.com\\\/es\\\/\",\"name\":\"El vestidor de Ram\u00f3n\",\"description\":\"Tienda Online de moda\",\"publisher\":{\"@id\":\"https:\\\/\\\/www.elvestidorderamon.com\\\/es\\\/#organization\"},\"potentialAction\":[{\"@type\":\"SearchAction\",\"target\":{\"@type\":\"EntryPoint\",\"urlTemplate\":\"https:\\\/\\\/www.elvestidorderamon.com\\\/es\\\/?s={search_term_string}\"},\"query-input\":{\"@type\":\"PropertyValueSpecification\",\"valueRequired\":true,\"valueName\":\"search_term_string\"}}],\"inLanguage\":\"es\"},{\"@type\":\"Organization\",\"@id\":\"https:\\\/\\\/www.elvestidorderamon.com\\\/es\\\/#organization\",\"name\":\"El vestidor de Ram\u00f3n\",\"url\":\"https:\\\/\\\/www.elvestidorderamon.com\\\/es\\\/\",\"logo\":{\"@type\":\"ImageObject\",\"inLanguage\":\"es\",\"@id\":\"https:\\\/\\\/www.elvestidorderamon.com\\\/es\\\/#\\\/schema\\\/logo\\\/image\\\/\",\"url\":\"https:\\\/\\\/www.elvestidorderamon.com\\\/wp-content\\\/uploads\\\/2024\\\/11\\\/cropped-cropped-Sin-titulo-1.png\",\"contentUrl\":\"https:\\\/\\\/www.elvestidorderamon.com\\\/wp-content\\\/uploads\\\/2024\\\/11\\\/cropped-cropped-Sin-titulo-1.png\",\"width\":376,\"height\":376,\"caption\":\"El vestidor de Ram\u00f3n\"},\"image\":{\"@id\":\"https:\\\/\\\/www.elvestidorderamon.com\\\/es\\\/#\\\/schema\\\/logo\\\/image\\\/\"}}]}<\/script>\n<!-- \/ Yoast SEO plugin. -->","yoast_head_json":{"title":"Salerm Champ\u00fa Straightening Cabello Liso 250 Ml - El vestidor de Ram\u00f3n","robots":{"index":"index","follow":"follow","max-snippet":"max-snippet:-1","max-image-preview":"max-image-preview:large","max-video-preview":"max-video-preview:-1"},"canonical":"https:\/\/www.elvestidorderamon.com\/es\/producto\/salerm-champu-straightening-cabello-liso-250-ml\/","og_locale":"es_ES","og_type":"article","og_title":"Salerm Champ\u00fa Straightening Cabello Liso 250 Ml - El vestidor de Ram\u00f3n","og_description":"Salerm Champ\u00fa Straightening Cabello Liso 250 Ml","og_url":"https:\/\/www.elvestidorderamon.com\/es\/producto\/salerm-champu-straightening-cabello-liso-250-ml\/","og_site_name":"El vestidor de Ram\u00f3n","article_modified_time":"2025-01-13T09:43:15+00:00","og_image":[{"width":1200,"height":1600,"url":"https:\/\/www.elvestidorderamon.com\/wp-content\/uploads\/2024\/12\/WhatsApp-Image-2025-01-13-at-10.41.37.jpeg","type":"image\/jpeg"}],"twitter_card":"summary_large_image","twitter_misc":{"Tiempo de lectura":"1 minuto"},"schema":{"@context":"https:\/\/schema.org","@graph":[{"@type":"WebPage","@id":"https:\/\/www.elvestidorderamon.com\/producto\/salerm-champu-straightening-cabello-liso-250-ml\/","url":"https:\/\/www.elvestidorderamon.com\/producto\/salerm-champu-straightening-cabello-liso-250-ml\/","name":"Salerm Champ\u00fa Straightening Cabello Liso 250 Ml - El vestidor de Ram\u00f3n","isPartOf":{"@id":"https:\/\/www.elvestidorderamon.com\/es\/#website"},"primaryImageOfPage":{"@id":"https:\/\/www.elvestidorderamon.com\/producto\/salerm-champu-straightening-cabello-liso-250-ml\/#primaryimage"},"image":{"@id":"https:\/\/www.elvestidorderamon.com\/producto\/salerm-champu-straightening-cabello-liso-250-ml\/#primaryimage"},"thumbnailUrl":"https:\/\/www.elvestidorderamon.com\/wp-content\/uploads\/2024\/12\/WhatsApp-Image-2025-01-13-at-10.41.37.jpeg","datePublished":"2024-12-12T16:27:04+00:00","dateModified":"2025-01-13T09:43:15+00:00","breadcrumb":{"@id":"https:\/\/www.elvestidorderamon.com\/producto\/salerm-champu-straightening-cabello-liso-250-ml\/#breadcrumb"},"inLanguage":"es","potentialAction":[{"@type":"ReadAction","target":["https:\/\/www.elvestidorderamon.com\/producto\/salerm-champu-straightening-cabello-liso-250-ml\/"]}]},{"@type":"ImageObject","inLanguage":"es","@id":"https:\/\/www.elvestidorderamon.com\/producto\/salerm-champu-straightening-cabello-liso-250-ml\/#primaryimage","url":"https:\/\/www.elvestidorderamon.com\/wp-content\/uploads\/2024\/12\/WhatsApp-Image-2025-01-13-at-10.41.37.jpeg","contentUrl":"https:\/\/www.elvestidorderamon.com\/wp-content\/uploads\/2024\/12\/WhatsApp-Image-2025-01-13-at-10.41.37.jpeg","width":1200,"height":1600},{"@type":"BreadcrumbList","@id":"https:\/\/www.elvestidorderamon.com\/producto\/salerm-champu-straightening-cabello-liso-250-ml\/#breadcrumb","itemListElement":[{"@type":"ListItem","position":1,"name":"Portada","item":"https:\/\/www.elvestidorderamon.com\/"},{"@type":"ListItem","position":2,"name":"Tienda","item":"https:\/\/www.elvestidorderamon.com\/tienda\/"},{"@type":"ListItem","position":3,"name":"Salerm Champ\u00fa Straightening Cabello Liso 250 Ml"}]},{"@type":"WebSite","@id":"https:\/\/www.elvestidorderamon.com\/es\/#website","url":"https:\/\/www.elvestidorderamon.com\/es\/","name":"El vestidor de Ram\u00f3n","description":"Tienda Online de moda","publisher":{"@id":"https:\/\/www.elvestidorderamon.com\/es\/#organization"},"potentialAction":[{"@type":"SearchAction","target":{"@type":"EntryPoint","urlTemplate":"https:\/\/www.elvestidorderamon.com\/es\/?s={search_term_string}"},"query-input":{"@type":"PropertyValueSpecification","valueRequired":true,"valueName":"search_term_string"}}],"inLanguage":"es"},{"@type":"Organization","@id":"https:\/\/www.elvestidorderamon.com\/es\/#organization","name":"El vestidor de Ram\u00f3n","url":"https:\/\/www.elvestidorderamon.com\/es\/","logo":{"@type":"ImageObject","inLanguage":"es","@id":"https:\/\/www.elvestidorderamon.com\/es\/#\/schema\/logo\/image\/","url":"https:\/\/www.elvestidorderamon.com\/wp-content\/uploads\/2024\/11\/cropped-cropped-Sin-titulo-1.png","contentUrl":"https:\/\/www.elvestidorderamon.com\/wp-content\/uploads\/2024\/11\/cropped-cropped-Sin-titulo-1.png","width":376,"height":376,"caption":"El vestidor de Ram\u00f3n"},"image":{"@id":"https:\/\/www.elvestidorderamon.com\/es\/#\/schema\/logo\/image\/"}}]}},"_links":{"self":[{"href":"https:\/\/www.elvestidorderamon.com\/es\/wp-json\/wp\/v2\/product\/1058","targetHints":{"allow":["GET"]}}],"collection":[{"href":"https:\/\/www.elvestidorderamon.com\/es\/wp-json\/wp\/v2\/product"}],"about":[{"href":"https:\/\/www.elvestidorderamon.com\/es\/wp-json\/wp\/v2\/types\/product"}],"wp:featuredmedia":[{"embeddable":true,"href":"https:\/\/www.elvestidorderamon.com\/es\/wp-json\/wp\/v2\/media\/1708"}],"wp:attachment":[{"href":"https:\/\/www.elvestidorderamon.com\/es\/wp-json\/wp\/v2\/media?parent=1058"}],"wp:term":[{"taxonomy":"product_brand","embeddable":true,"href":"https:\/\/www.elvestidorderamon.com\/es\/wp-json\/wp\/v2\/product_brand?post=1058"},{"taxonomy":"product_cat","embeddable":true,"href":"https:\/\/www.elvestidorderamon.com\/es\/wp-json\/wp\/v2\/product_cat?post=1058"},{"taxonomy":"product_tag","embeddable":true,"href":"https:\/\/www.elvestidorderamon.com\/es\/wp-json\/wp\/v2\/product_tag?post=1058"}],"curies":[{"name":"wp","href":"https:\/\/api.w.org\/{rel}","templated":true}]}}