{"id":1078,"date":"2024-12-12T18:26:55","date_gmt":"2024-12-12T18:26:55","guid":{"rendered":"https:\/\/www.elvestidorderamon.com\/?post_type=product&#038;p=1078"},"modified":"2025-01-13T09:19:41","modified_gmt":"2025-01-13T09:19:41","slug":"abril-et-nature-cell-innove","status":"publish","type":"product","link":"https:\/\/www.elvestidorderamon.com\/es\/producto\/abril-et-nature-cell-innove\/","title":{"rendered":"ABRIL ET NATURE CELL INNOVE"},"content":{"rendered":"<ul class=\"a-unordered-list a-vertical a-spacing-mini\">\n<li class=\"a-spacing-mini\"><span class=\"a-list-item\">BENEFICIOS PARA TU PELO &#8211; Tratamiento profesional completo de regeneraci\u00f3n y rejuvenecimiento del cabello con extracto de c\u00e9lulas madre vegetales. Mejora la salud capilar desde el interior de la fibra, gracias a sus propiedades antioxidantes que revitalizan tu melena.<\/span><\/li>\n<li class=\"a-spacing-mini\"><span class=\"a-list-item\">RESULTADOS VISIBLES &#8211; Consigue un cabello rejuvenecido y sano con Cell Innove. Su aplicaci\u00f3n mejora la textura, elasticidad y resistencia, obteniendo una melena suave y brillante. Gracias al extracto de c\u00e9lulas madre vegetales, mejora el estado de salud general del cabello y cuero cabelludo.<\/span><\/li>\n<li class=\"a-spacing-mini\"><span class=\"a-list-item\">TIPO DE PELO &#8211; Ideal para todo tipo de cabellos, especialmente aquellos da\u00f1ados, quebradizos, te\u00f1idos, secos o propensos al encrespamiento, sin importar si tienen fibra gruesa, fina o normal.<\/span><\/li>\n<li class=\"a-spacing-mini\"><span class=\"a-list-item\">MODO DE USO &#8211; [1] Champ\u00fa: Lavar el cabello como de costumbre, masajeando suavemente el cuero cabelludo. Dejar actuar unos minutos y luego enjuagar bien. [2] Mascarilla: Aplicar sobre el cabello de medios a puntas, realizando un ligero masaje. Dejar actuar unos minutos y aclarar abundantemente con agua. [3] S\u00e9rum: Aplicar sobre el cabello h\u00famedo o seco, distribuyendo de medios a puntas. No es necesario enjuagar. Apto para uso diario.<\/span><\/li>\n<li class=\"a-spacing-mini\"><span class=\"a-list-item\">ACTIVOS &#8211; Su f\u00f3rmula se basa en extracto de c\u00e9lulas madre vegetales que penetran profundamente en la fibra capilar, proporcionando propiedades antioxidantes y rejuvenecedoras que retardan el envejecimiento y preservan la vitalidad y brillo del cabello. Su aplicaci\u00f3n mejora notablemente la salud capilar general, dejando el cabello con un aspecto joven, sano y suave. Adem\u00e1s, incluye vitaminas como la provitamina B5 y aceites hidratantes y nutritivos.<\/span><\/li>\n<\/ul>\n","protected":false},"excerpt":{"rendered":"<p>abril et nature set de cuidado capilar rejuvenecedor-cell innove pack champ\u00fa,mascarilla,s\u00e9run\u00a0 para el pelo<\/p>","protected":false},"featured_media":1079,"template":"","meta":[],"product_brand":[],"product_cat":[44],"product_tag":[],"class_list":{"0":"post-1078","1":"product","2":"type-product","3":"status-publish","4":"has-post-thumbnail","6":"product_cat-beauty-home","7":"thunk-woo-product-list","8":"opn-qv-enable","9":"big-store-woo-hover-zoom","10":"open-single-product-tab-horizontal","11":"open-shadow-","12":"open-shadow-hover-","14":"first","15":"instock","16":"shipping-taxable","17":"purchasable","18":"product-type-simple"},"yoast_head":"<!-- This site is optimized with the Yoast SEO plugin v27.5 - https:\/\/yoast.com\/product\/yoast-seo-wordpress\/ -->\n<title>ABRIL ET NATURE CELL INNOVE - El vestidor de Ram\u00f3n<\/title>\n<meta name=\"robots\" content=\"index, follow, max-snippet:-1, max-image-preview:large, max-video-preview:-1\" \/>\n<link rel=\"canonical\" href=\"https:\/\/www.elvestidorderamon.com\/es\/producto\/abril-et-nature-cell-innove\/\" \/>\n<meta property=\"og:locale\" content=\"es_ES\" \/>\n<meta property=\"og:type\" content=\"article\" \/>\n<meta property=\"og:title\" content=\"ABRIL ET NATURE CELL INNOVE - El vestidor de Ram\u00f3n\" \/>\n<meta property=\"og:description\" content=\"abril et nature set de cuidado capilar rejuvenecedor-cell innove pack champ\u00fa,mascarilla,s\u00e9run\u00a0 para el pelo\" \/>\n<meta property=\"og:url\" content=\"https:\/\/www.elvestidorderamon.com\/es\/producto\/abril-et-nature-cell-innove\/\" \/>\n<meta property=\"og:site_name\" content=\"El vestidor de Ram\u00f3n\" \/>\n<meta property=\"article:modified_time\" content=\"2025-01-13T09:19:41+00:00\" \/>\n<meta property=\"og:image\" content=\"https:\/\/www.elvestidorderamon.com\/wp-content\/uploads\/2024\/12\/61moelgbrCL._AC_UL320_.jpg\" \/>\n\t<meta property=\"og:image:width\" content=\"254\" \/>\n\t<meta property=\"og:image:height\" content=\"320\" \/>\n\t<meta property=\"og:image:type\" content=\"image\/jpeg\" \/>\n<meta name=\"twitter:card\" content=\"summary_large_image\" \/>\n<meta name=\"twitter:label1\" content=\"Tiempo de lectura\" \/>\n\t<meta name=\"twitter:data1\" content=\"2 minutos\" \/>\n<script type=\"application\/ld+json\" class=\"yoast-schema-graph\">{\"@context\":\"https:\\\/\\\/schema.org\",\"@graph\":[{\"@type\":\"WebPage\",\"@id\":\"https:\\\/\\\/www.elvestidorderamon.com\\\/producto\\\/abril-et-nature-cell-innove\\\/\",\"url\":\"https:\\\/\\\/www.elvestidorderamon.com\\\/producto\\\/abril-et-nature-cell-innove\\\/\",\"name\":\"ABRIL ET NATURE CELL INNOVE - El vestidor de Ram\u00f3n\",\"isPartOf\":{\"@id\":\"https:\\\/\\\/www.elvestidorderamon.com\\\/es\\\/#website\"},\"primaryImageOfPage\":{\"@id\":\"https:\\\/\\\/www.elvestidorderamon.com\\\/producto\\\/abril-et-nature-cell-innove\\\/#primaryimage\"},\"image\":{\"@id\":\"https:\\\/\\\/www.elvestidorderamon.com\\\/producto\\\/abril-et-nature-cell-innove\\\/#primaryimage\"},\"thumbnailUrl\":\"https:\\\/\\\/www.elvestidorderamon.com\\\/wp-content\\\/uploads\\\/2024\\\/12\\\/61moelgbrCL._AC_UL320_.jpg\",\"datePublished\":\"2024-12-12T18:26:55+00:00\",\"dateModified\":\"2025-01-13T09:19:41+00:00\",\"breadcrumb\":{\"@id\":\"https:\\\/\\\/www.elvestidorderamon.com\\\/producto\\\/abril-et-nature-cell-innove\\\/#breadcrumb\"},\"inLanguage\":\"es\",\"potentialAction\":[{\"@type\":\"ReadAction\",\"target\":[\"https:\\\/\\\/www.elvestidorderamon.com\\\/producto\\\/abril-et-nature-cell-innove\\\/\"]}]},{\"@type\":\"ImageObject\",\"inLanguage\":\"es\",\"@id\":\"https:\\\/\\\/www.elvestidorderamon.com\\\/producto\\\/abril-et-nature-cell-innove\\\/#primaryimage\",\"url\":\"https:\\\/\\\/www.elvestidorderamon.com\\\/wp-content\\\/uploads\\\/2024\\\/12\\\/61moelgbrCL._AC_UL320_.jpg\",\"contentUrl\":\"https:\\\/\\\/www.elvestidorderamon.com\\\/wp-content\\\/uploads\\\/2024\\\/12\\\/61moelgbrCL._AC_UL320_.jpg\",\"width\":254,\"height\":320},{\"@type\":\"BreadcrumbList\",\"@id\":\"https:\\\/\\\/www.elvestidorderamon.com\\\/producto\\\/abril-et-nature-cell-innove\\\/#breadcrumb\",\"itemListElement\":[{\"@type\":\"ListItem\",\"position\":1,\"name\":\"Portada\",\"item\":\"https:\\\/\\\/www.elvestidorderamon.com\\\/\"},{\"@type\":\"ListItem\",\"position\":2,\"name\":\"Tienda\",\"item\":\"https:\\\/\\\/www.elvestidorderamon.com\\\/tienda\\\/\"},{\"@type\":\"ListItem\",\"position\":3,\"name\":\"ABRIL ET NATURE CELL INNOVE\"}]},{\"@type\":\"WebSite\",\"@id\":\"https:\\\/\\\/www.elvestidorderamon.com\\\/es\\\/#website\",\"url\":\"https:\\\/\\\/www.elvestidorderamon.com\\\/es\\\/\",\"name\":\"El vestidor de Ram\u00f3n\",\"description\":\"Tienda Online de moda\",\"publisher\":{\"@id\":\"https:\\\/\\\/www.elvestidorderamon.com\\\/es\\\/#organization\"},\"potentialAction\":[{\"@type\":\"SearchAction\",\"target\":{\"@type\":\"EntryPoint\",\"urlTemplate\":\"https:\\\/\\\/www.elvestidorderamon.com\\\/es\\\/?s={search_term_string}\"},\"query-input\":{\"@type\":\"PropertyValueSpecification\",\"valueRequired\":true,\"valueName\":\"search_term_string\"}}],\"inLanguage\":\"es\"},{\"@type\":\"Organization\",\"@id\":\"https:\\\/\\\/www.elvestidorderamon.com\\\/es\\\/#organization\",\"name\":\"El vestidor de Ram\u00f3n\",\"url\":\"https:\\\/\\\/www.elvestidorderamon.com\\\/es\\\/\",\"logo\":{\"@type\":\"ImageObject\",\"inLanguage\":\"es\",\"@id\":\"https:\\\/\\\/www.elvestidorderamon.com\\\/es\\\/#\\\/schema\\\/logo\\\/image\\\/\",\"url\":\"https:\\\/\\\/www.elvestidorderamon.com\\\/wp-content\\\/uploads\\\/2024\\\/11\\\/cropped-cropped-Sin-titulo-1.png\",\"contentUrl\":\"https:\\\/\\\/www.elvestidorderamon.com\\\/wp-content\\\/uploads\\\/2024\\\/11\\\/cropped-cropped-Sin-titulo-1.png\",\"width\":376,\"height\":376,\"caption\":\"El vestidor de Ram\u00f3n\"},\"image\":{\"@id\":\"https:\\\/\\\/www.elvestidorderamon.com\\\/es\\\/#\\\/schema\\\/logo\\\/image\\\/\"}}]}<\/script>\n<!-- \/ Yoast SEO plugin. -->","yoast_head_json":{"title":"ABRIL ET NATURE CELL INNOVE - El vestidor de Ram\u00f3n","robots":{"index":"index","follow":"follow","max-snippet":"max-snippet:-1","max-image-preview":"max-image-preview:large","max-video-preview":"max-video-preview:-1"},"canonical":"https:\/\/www.elvestidorderamon.com\/es\/producto\/abril-et-nature-cell-innove\/","og_locale":"es_ES","og_type":"article","og_title":"ABRIL ET NATURE CELL INNOVE - El vestidor de Ram\u00f3n","og_description":"abril et nature set de cuidado capilar rejuvenecedor-cell innove pack champ\u00fa,mascarilla,s\u00e9run\u00a0 para el pelo","og_url":"https:\/\/www.elvestidorderamon.com\/es\/producto\/abril-et-nature-cell-innove\/","og_site_name":"El vestidor de Ram\u00f3n","article_modified_time":"2025-01-13T09:19:41+00:00","og_image":[{"width":254,"height":320,"url":"https:\/\/www.elvestidorderamon.com\/wp-content\/uploads\/2024\/12\/61moelgbrCL._AC_UL320_.jpg","type":"image\/jpeg"}],"twitter_card":"summary_large_image","twitter_misc":{"Tiempo de lectura":"2 minutos"},"schema":{"@context":"https:\/\/schema.org","@graph":[{"@type":"WebPage","@id":"https:\/\/www.elvestidorderamon.com\/producto\/abril-et-nature-cell-innove\/","url":"https:\/\/www.elvestidorderamon.com\/producto\/abril-et-nature-cell-innove\/","name":"ABRIL ET NATURE CELL INNOVE - El vestidor de Ram\u00f3n","isPartOf":{"@id":"https:\/\/www.elvestidorderamon.com\/es\/#website"},"primaryImageOfPage":{"@id":"https:\/\/www.elvestidorderamon.com\/producto\/abril-et-nature-cell-innove\/#primaryimage"},"image":{"@id":"https:\/\/www.elvestidorderamon.com\/producto\/abril-et-nature-cell-innove\/#primaryimage"},"thumbnailUrl":"https:\/\/www.elvestidorderamon.com\/wp-content\/uploads\/2024\/12\/61moelgbrCL._AC_UL320_.jpg","datePublished":"2024-12-12T18:26:55+00:00","dateModified":"2025-01-13T09:19:41+00:00","breadcrumb":{"@id":"https:\/\/www.elvestidorderamon.com\/producto\/abril-et-nature-cell-innove\/#breadcrumb"},"inLanguage":"es","potentialAction":[{"@type":"ReadAction","target":["https:\/\/www.elvestidorderamon.com\/producto\/abril-et-nature-cell-innove\/"]}]},{"@type":"ImageObject","inLanguage":"es","@id":"https:\/\/www.elvestidorderamon.com\/producto\/abril-et-nature-cell-innove\/#primaryimage","url":"https:\/\/www.elvestidorderamon.com\/wp-content\/uploads\/2024\/12\/61moelgbrCL._AC_UL320_.jpg","contentUrl":"https:\/\/www.elvestidorderamon.com\/wp-content\/uploads\/2024\/12\/61moelgbrCL._AC_UL320_.jpg","width":254,"height":320},{"@type":"BreadcrumbList","@id":"https:\/\/www.elvestidorderamon.com\/producto\/abril-et-nature-cell-innove\/#breadcrumb","itemListElement":[{"@type":"ListItem","position":1,"name":"Portada","item":"https:\/\/www.elvestidorderamon.com\/"},{"@type":"ListItem","position":2,"name":"Tienda","item":"https:\/\/www.elvestidorderamon.com\/tienda\/"},{"@type":"ListItem","position":3,"name":"ABRIL ET NATURE CELL INNOVE"}]},{"@type":"WebSite","@id":"https:\/\/www.elvestidorderamon.com\/es\/#website","url":"https:\/\/www.elvestidorderamon.com\/es\/","name":"El vestidor de Ram\u00f3n","description":"Tienda Online de moda","publisher":{"@id":"https:\/\/www.elvestidorderamon.com\/es\/#organization"},"potentialAction":[{"@type":"SearchAction","target":{"@type":"EntryPoint","urlTemplate":"https:\/\/www.elvestidorderamon.com\/es\/?s={search_term_string}"},"query-input":{"@type":"PropertyValueSpecification","valueRequired":true,"valueName":"search_term_string"}}],"inLanguage":"es"},{"@type":"Organization","@id":"https:\/\/www.elvestidorderamon.com\/es\/#organization","name":"El vestidor de Ram\u00f3n","url":"https:\/\/www.elvestidorderamon.com\/es\/","logo":{"@type":"ImageObject","inLanguage":"es","@id":"https:\/\/www.elvestidorderamon.com\/es\/#\/schema\/logo\/image\/","url":"https:\/\/www.elvestidorderamon.com\/wp-content\/uploads\/2024\/11\/cropped-cropped-Sin-titulo-1.png","contentUrl":"https:\/\/www.elvestidorderamon.com\/wp-content\/uploads\/2024\/11\/cropped-cropped-Sin-titulo-1.png","width":376,"height":376,"caption":"El vestidor de Ram\u00f3n"},"image":{"@id":"https:\/\/www.elvestidorderamon.com\/es\/#\/schema\/logo\/image\/"}}]}},"_links":{"self":[{"href":"https:\/\/www.elvestidorderamon.com\/es\/wp-json\/wp\/v2\/product\/1078","targetHints":{"allow":["GET"]}}],"collection":[{"href":"https:\/\/www.elvestidorderamon.com\/es\/wp-json\/wp\/v2\/product"}],"about":[{"href":"https:\/\/www.elvestidorderamon.com\/es\/wp-json\/wp\/v2\/types\/product"}],"wp:featuredmedia":[{"embeddable":true,"href":"https:\/\/www.elvestidorderamon.com\/es\/wp-json\/wp\/v2\/media\/1079"}],"wp:attachment":[{"href":"https:\/\/www.elvestidorderamon.com\/es\/wp-json\/wp\/v2\/media?parent=1078"}],"wp:term":[{"taxonomy":"product_brand","embeddable":true,"href":"https:\/\/www.elvestidorderamon.com\/es\/wp-json\/wp\/v2\/product_brand?post=1078"},{"taxonomy":"product_cat","embeddable":true,"href":"https:\/\/www.elvestidorderamon.com\/es\/wp-json\/wp\/v2\/product_cat?post=1078"},{"taxonomy":"product_tag","embeddable":true,"href":"https:\/\/www.elvestidorderamon.com\/es\/wp-json\/wp\/v2\/product_tag?post=1078"}],"curies":[{"name":"wp","href":"https:\/\/api.w.org\/{rel}","templated":true}]}}