{"id":1236,"date":"2024-12-16T16:02:22","date_gmt":"2024-12-16T16:02:22","guid":{"rendered":"https:\/\/www.elvestidorderamon.com\/?post_type=product&#038;p=1236"},"modified":"2025-01-11T12:19:34","modified_gmt":"2025-01-11T12:19:34","slug":"pollie-soft-wax-deluxe-set-completo-de-depilacion","status":"publish","type":"product","link":"https:\/\/www.elvestidorderamon.com\/es\/producto\/pollie-soft-wax-deluxe-set-completo-de-depilacion\/","title":{"rendered":"Polli\u00e9 Soft Wax Deluxe Set completo de depilaci\u00f3n"},"content":{"rendered":"<p>l kit de depilaci\u00f3n completo de Polli\u00e9 ofrece todo lo necesario para una depilaci\u00f3n profesional perfecta en un solo set. Incorpora el nuevo calentador de cera roll-on, con termostato exterior regulador de temperatura. Facilita la aplicaci\u00f3n de cera sobre la piel y reduce el tiempo de aplicaci\u00f3n.<\/p>\n<p>Calefactor Roll-On.<br \/>\n&#8211; 20 tiras de papel de horno.<br \/>\n&#8211; Cera de Arg\u00e1n Roll-On 110 ml.<br \/>\n&#8211; 3 toallitas con aceite po<\/p>","protected":false},"excerpt":{"rendered":"<p>l kit de depilaci\u00f3n completo de Polli\u00e9 ofrece todo lo necesario para una depilaci\u00f3n profesional perfecta en un solo set. Incorpora el nuevo calentador de cera roll-on, con termostato exterior regulador de temperatura. Facilita la aplicaci\u00f3n de cera sobre la piel y reduce el tiempo de aplicaci\u00f3n.<\/p>\n<p>Calefactor Roll-On.<br \/>\n&#8211; 20 tiras de papel de horno.<br \/>\n&#8211; Cera de Arg\u00e1n Roll-On 110 ml.<br \/>\n&#8211; 3 toallitas con aceite po<\/p>","protected":false},"featured_media":1704,"template":"","meta":[],"product_brand":[],"product_cat":[44,45],"product_tag":[],"class_list":{"0":"post-1236","1":"product","2":"type-product","3":"status-publish","4":"has-post-thumbnail","6":"product_cat-beauty-home","7":"product_cat-liquidaciones","8":"thunk-woo-product-list","9":"opn-qv-enable","10":"big-store-woo-hover-zoom","11":"open-single-product-tab-horizontal","12":"open-shadow-","13":"open-shadow-hover-","15":"first","16":"instock","17":"sale","18":"shipping-taxable","19":"purchasable","20":"product-type-simple"},"yoast_head":"<!-- This site is optimized with the Yoast SEO plugin v27.5 - https:\/\/yoast.com\/product\/yoast-seo-wordpress\/ -->\n<title>Polli\u00e9 Soft Wax Deluxe Set completo de depilaci\u00f3n - El vestidor de Ram\u00f3n<\/title>\n<meta name=\"robots\" content=\"index, follow, max-snippet:-1, max-image-preview:large, max-video-preview:-1\" \/>\n<link rel=\"canonical\" href=\"https:\/\/www.elvestidorderamon.com\/es\/producto\/pollie-soft-wax-deluxe-set-completo-de-depilacion\/\" \/>\n<meta property=\"og:locale\" content=\"es_ES\" \/>\n<meta property=\"og:type\" content=\"article\" \/>\n<meta property=\"og:title\" content=\"Polli\u00e9 Soft Wax Deluxe Set completo de depilaci\u00f3n - El vestidor de Ram\u00f3n\" \/>\n<meta property=\"og:description\" content=\"l kit de depilaci\u00f3n completo de Polli\u00e9 ofrece todo lo necesario para una depilaci\u00f3n profesional perfecta en un solo set. Incorpora el nuevo calentador de cera roll-on, con termostato exterior regulador de temperatura. Facilita la aplicaci\u00f3n de cera sobre la piel y reduce el tiempo de aplicaci\u00f3n.  Calefactor Roll-On. - 20 tiras de papel de horno. - Cera de Arg\u00e1n Roll-On 110 ml. - 3 toallitas con aceite po\" \/>\n<meta property=\"og:url\" content=\"https:\/\/www.elvestidorderamon.com\/es\/producto\/pollie-soft-wax-deluxe-set-completo-de-depilacion\/\" \/>\n<meta property=\"og:site_name\" content=\"El vestidor de Ram\u00f3n\" \/>\n<meta property=\"article:modified_time\" content=\"2025-01-11T12:19:34+00:00\" \/>\n<meta property=\"og:image\" content=\"https:\/\/www.elvestidorderamon.com\/wp-content\/uploads\/2024\/12\/WhatsApp-Image-2025-01-11-at-13.15.34.jpeg\" \/>\n\t<meta property=\"og:image:width\" content=\"1600\" \/>\n\t<meta property=\"og:image:height\" content=\"1503\" \/>\n\t<meta property=\"og:image:type\" content=\"image\/jpeg\" \/>\n<meta name=\"twitter:card\" content=\"summary_large_image\" \/>\n<meta name=\"twitter:label1\" content=\"Tiempo de lectura\" \/>\n\t<meta name=\"twitter:data1\" content=\"1 minuto\" \/>\n<script type=\"application\/ld+json\" class=\"yoast-schema-graph\">{\"@context\":\"https:\\\/\\\/schema.org\",\"@graph\":[{\"@type\":\"WebPage\",\"@id\":\"https:\\\/\\\/www.elvestidorderamon.com\\\/producto\\\/pollie-soft-wax-deluxe-set-completo-de-depilacion\\\/\",\"url\":\"https:\\\/\\\/www.elvestidorderamon.com\\\/producto\\\/pollie-soft-wax-deluxe-set-completo-de-depilacion\\\/\",\"name\":\"Polli\u00e9 Soft Wax Deluxe Set completo de depilaci\u00f3n - El vestidor de Ram\u00f3n\",\"isPartOf\":{\"@id\":\"https:\\\/\\\/www.elvestidorderamon.com\\\/es\\\/#website\"},\"primaryImageOfPage\":{\"@id\":\"https:\\\/\\\/www.elvestidorderamon.com\\\/producto\\\/pollie-soft-wax-deluxe-set-completo-de-depilacion\\\/#primaryimage\"},\"image\":{\"@id\":\"https:\\\/\\\/www.elvestidorderamon.com\\\/producto\\\/pollie-soft-wax-deluxe-set-completo-de-depilacion\\\/#primaryimage\"},\"thumbnailUrl\":\"https:\\\/\\\/www.elvestidorderamon.com\\\/wp-content\\\/uploads\\\/2024\\\/12\\\/WhatsApp-Image-2025-01-11-at-13.15.34.jpeg\",\"datePublished\":\"2024-12-16T16:02:22+00:00\",\"dateModified\":\"2025-01-11T12:19:34+00:00\",\"breadcrumb\":{\"@id\":\"https:\\\/\\\/www.elvestidorderamon.com\\\/producto\\\/pollie-soft-wax-deluxe-set-completo-de-depilacion\\\/#breadcrumb\"},\"inLanguage\":\"es\",\"potentialAction\":[{\"@type\":\"ReadAction\",\"target\":[\"https:\\\/\\\/www.elvestidorderamon.com\\\/producto\\\/pollie-soft-wax-deluxe-set-completo-de-depilacion\\\/\"]}]},{\"@type\":\"ImageObject\",\"inLanguage\":\"es\",\"@id\":\"https:\\\/\\\/www.elvestidorderamon.com\\\/producto\\\/pollie-soft-wax-deluxe-set-completo-de-depilacion\\\/#primaryimage\",\"url\":\"https:\\\/\\\/www.elvestidorderamon.com\\\/wp-content\\\/uploads\\\/2024\\\/12\\\/WhatsApp-Image-2025-01-11-at-13.15.34.jpeg\",\"contentUrl\":\"https:\\\/\\\/www.elvestidorderamon.com\\\/wp-content\\\/uploads\\\/2024\\\/12\\\/WhatsApp-Image-2025-01-11-at-13.15.34.jpeg\",\"width\":1600,\"height\":1503},{\"@type\":\"BreadcrumbList\",\"@id\":\"https:\\\/\\\/www.elvestidorderamon.com\\\/producto\\\/pollie-soft-wax-deluxe-set-completo-de-depilacion\\\/#breadcrumb\",\"itemListElement\":[{\"@type\":\"ListItem\",\"position\":1,\"name\":\"Portada\",\"item\":\"https:\\\/\\\/www.elvestidorderamon.com\\\/\"},{\"@type\":\"ListItem\",\"position\":2,\"name\":\"Tienda\",\"item\":\"https:\\\/\\\/www.elvestidorderamon.com\\\/tienda\\\/\"},{\"@type\":\"ListItem\",\"position\":3,\"name\":\"Polli\u00e9 Soft Wax Deluxe Set completo de depilaci\u00f3n\"}]},{\"@type\":\"WebSite\",\"@id\":\"https:\\\/\\\/www.elvestidorderamon.com\\\/es\\\/#website\",\"url\":\"https:\\\/\\\/www.elvestidorderamon.com\\\/es\\\/\",\"name\":\"El vestidor de Ram\u00f3n\",\"description\":\"Tienda Online de moda\",\"publisher\":{\"@id\":\"https:\\\/\\\/www.elvestidorderamon.com\\\/es\\\/#organization\"},\"potentialAction\":[{\"@type\":\"SearchAction\",\"target\":{\"@type\":\"EntryPoint\",\"urlTemplate\":\"https:\\\/\\\/www.elvestidorderamon.com\\\/es\\\/?s={search_term_string}\"},\"query-input\":{\"@type\":\"PropertyValueSpecification\",\"valueRequired\":true,\"valueName\":\"search_term_string\"}}],\"inLanguage\":\"es\"},{\"@type\":\"Organization\",\"@id\":\"https:\\\/\\\/www.elvestidorderamon.com\\\/es\\\/#organization\",\"name\":\"El vestidor de Ram\u00f3n\",\"url\":\"https:\\\/\\\/www.elvestidorderamon.com\\\/es\\\/\",\"logo\":{\"@type\":\"ImageObject\",\"inLanguage\":\"es\",\"@id\":\"https:\\\/\\\/www.elvestidorderamon.com\\\/es\\\/#\\\/schema\\\/logo\\\/image\\\/\",\"url\":\"https:\\\/\\\/www.elvestidorderamon.com\\\/wp-content\\\/uploads\\\/2024\\\/11\\\/cropped-cropped-Sin-titulo-1.png\",\"contentUrl\":\"https:\\\/\\\/www.elvestidorderamon.com\\\/wp-content\\\/uploads\\\/2024\\\/11\\\/cropped-cropped-Sin-titulo-1.png\",\"width\":376,\"height\":376,\"caption\":\"El vestidor de Ram\u00f3n\"},\"image\":{\"@id\":\"https:\\\/\\\/www.elvestidorderamon.com\\\/es\\\/#\\\/schema\\\/logo\\\/image\\\/\"}}]}<\/script>\n<!-- \/ Yoast SEO plugin. -->","yoast_head_json":{"title":"Polli\u00e9 Soft Wax Deluxe Set completo de depilaci\u00f3n - El vestidor de Ram\u00f3n","robots":{"index":"index","follow":"follow","max-snippet":"max-snippet:-1","max-image-preview":"max-image-preview:large","max-video-preview":"max-video-preview:-1"},"canonical":"https:\/\/www.elvestidorderamon.com\/es\/producto\/pollie-soft-wax-deluxe-set-completo-de-depilacion\/","og_locale":"es_ES","og_type":"article","og_title":"Polli\u00e9 Soft Wax Deluxe Set completo de depilaci\u00f3n - El vestidor de Ram\u00f3n","og_description":"l kit de depilaci\u00f3n completo de Polli\u00e9 ofrece todo lo necesario para una depilaci\u00f3n profesional perfecta en un solo set. Incorpora el nuevo calentador de cera roll-on, con termostato exterior regulador de temperatura. Facilita la aplicaci\u00f3n de cera sobre la piel y reduce el tiempo de aplicaci\u00f3n.  Calefactor Roll-On. - 20 tiras de papel de horno. - Cera de Arg\u00e1n Roll-On 110 ml. - 3 toallitas con aceite po","og_url":"https:\/\/www.elvestidorderamon.com\/es\/producto\/pollie-soft-wax-deluxe-set-completo-de-depilacion\/","og_site_name":"El vestidor de Ram\u00f3n","article_modified_time":"2025-01-11T12:19:34+00:00","og_image":[{"width":1600,"height":1503,"url":"https:\/\/www.elvestidorderamon.com\/wp-content\/uploads\/2024\/12\/WhatsApp-Image-2025-01-11-at-13.15.34.jpeg","type":"image\/jpeg"}],"twitter_card":"summary_large_image","twitter_misc":{"Tiempo de lectura":"1 minuto"},"schema":{"@context":"https:\/\/schema.org","@graph":[{"@type":"WebPage","@id":"https:\/\/www.elvestidorderamon.com\/producto\/pollie-soft-wax-deluxe-set-completo-de-depilacion\/","url":"https:\/\/www.elvestidorderamon.com\/producto\/pollie-soft-wax-deluxe-set-completo-de-depilacion\/","name":"Polli\u00e9 Soft Wax Deluxe Set completo de depilaci\u00f3n - El vestidor de Ram\u00f3n","isPartOf":{"@id":"https:\/\/www.elvestidorderamon.com\/es\/#website"},"primaryImageOfPage":{"@id":"https:\/\/www.elvestidorderamon.com\/producto\/pollie-soft-wax-deluxe-set-completo-de-depilacion\/#primaryimage"},"image":{"@id":"https:\/\/www.elvestidorderamon.com\/producto\/pollie-soft-wax-deluxe-set-completo-de-depilacion\/#primaryimage"},"thumbnailUrl":"https:\/\/www.elvestidorderamon.com\/wp-content\/uploads\/2024\/12\/WhatsApp-Image-2025-01-11-at-13.15.34.jpeg","datePublished":"2024-12-16T16:02:22+00:00","dateModified":"2025-01-11T12:19:34+00:00","breadcrumb":{"@id":"https:\/\/www.elvestidorderamon.com\/producto\/pollie-soft-wax-deluxe-set-completo-de-depilacion\/#breadcrumb"},"inLanguage":"es","potentialAction":[{"@type":"ReadAction","target":["https:\/\/www.elvestidorderamon.com\/producto\/pollie-soft-wax-deluxe-set-completo-de-depilacion\/"]}]},{"@type":"ImageObject","inLanguage":"es","@id":"https:\/\/www.elvestidorderamon.com\/producto\/pollie-soft-wax-deluxe-set-completo-de-depilacion\/#primaryimage","url":"https:\/\/www.elvestidorderamon.com\/wp-content\/uploads\/2024\/12\/WhatsApp-Image-2025-01-11-at-13.15.34.jpeg","contentUrl":"https:\/\/www.elvestidorderamon.com\/wp-content\/uploads\/2024\/12\/WhatsApp-Image-2025-01-11-at-13.15.34.jpeg","width":1600,"height":1503},{"@type":"BreadcrumbList","@id":"https:\/\/www.elvestidorderamon.com\/producto\/pollie-soft-wax-deluxe-set-completo-de-depilacion\/#breadcrumb","itemListElement":[{"@type":"ListItem","position":1,"name":"Portada","item":"https:\/\/www.elvestidorderamon.com\/"},{"@type":"ListItem","position":2,"name":"Tienda","item":"https:\/\/www.elvestidorderamon.com\/tienda\/"},{"@type":"ListItem","position":3,"name":"Polli\u00e9 Soft Wax Deluxe Set completo de depilaci\u00f3n"}]},{"@type":"WebSite","@id":"https:\/\/www.elvestidorderamon.com\/es\/#website","url":"https:\/\/www.elvestidorderamon.com\/es\/","name":"El vestidor de Ram\u00f3n","description":"Tienda Online de moda","publisher":{"@id":"https:\/\/www.elvestidorderamon.com\/es\/#organization"},"potentialAction":[{"@type":"SearchAction","target":{"@type":"EntryPoint","urlTemplate":"https:\/\/www.elvestidorderamon.com\/es\/?s={search_term_string}"},"query-input":{"@type":"PropertyValueSpecification","valueRequired":true,"valueName":"search_term_string"}}],"inLanguage":"es"},{"@type":"Organization","@id":"https:\/\/www.elvestidorderamon.com\/es\/#organization","name":"El vestidor de Ram\u00f3n","url":"https:\/\/www.elvestidorderamon.com\/es\/","logo":{"@type":"ImageObject","inLanguage":"es","@id":"https:\/\/www.elvestidorderamon.com\/es\/#\/schema\/logo\/image\/","url":"https:\/\/www.elvestidorderamon.com\/wp-content\/uploads\/2024\/11\/cropped-cropped-Sin-titulo-1.png","contentUrl":"https:\/\/www.elvestidorderamon.com\/wp-content\/uploads\/2024\/11\/cropped-cropped-Sin-titulo-1.png","width":376,"height":376,"caption":"El vestidor de Ram\u00f3n"},"image":{"@id":"https:\/\/www.elvestidorderamon.com\/es\/#\/schema\/logo\/image\/"}}]}},"_links":{"self":[{"href":"https:\/\/www.elvestidorderamon.com\/es\/wp-json\/wp\/v2\/product\/1236","targetHints":{"allow":["GET"]}}],"collection":[{"href":"https:\/\/www.elvestidorderamon.com\/es\/wp-json\/wp\/v2\/product"}],"about":[{"href":"https:\/\/www.elvestidorderamon.com\/es\/wp-json\/wp\/v2\/types\/product"}],"wp:featuredmedia":[{"embeddable":true,"href":"https:\/\/www.elvestidorderamon.com\/es\/wp-json\/wp\/v2\/media\/1704"}],"wp:attachment":[{"href":"https:\/\/www.elvestidorderamon.com\/es\/wp-json\/wp\/v2\/media?parent=1236"}],"wp:term":[{"taxonomy":"product_brand","embeddable":true,"href":"https:\/\/www.elvestidorderamon.com\/es\/wp-json\/wp\/v2\/product_brand?post=1236"},{"taxonomy":"product_cat","embeddable":true,"href":"https:\/\/www.elvestidorderamon.com\/es\/wp-json\/wp\/v2\/product_cat?post=1236"},{"taxonomy":"product_tag","embeddable":true,"href":"https:\/\/www.elvestidorderamon.com\/es\/wp-json\/wp\/v2\/product_tag?post=1236"}],"curies":[{"name":"wp","href":"https:\/\/api.w.org\/{rel}","templated":true}]}}