{"id":1526,"date":"2024-12-26T11:27:18","date_gmt":"2024-12-26T11:27:18","guid":{"rendered":"https:\/\/www.elvestidorderamon.com\/?post_type=product&#038;p=1526"},"modified":"2025-01-10T17:23:06","modified_gmt":"2025-01-10T17:23:06","slug":"ziaja-cupuazu-locion-corporal-bronceadora-300-ml","status":"publish","type":"product","link":"https:\/\/www.elvestidorderamon.com\/es\/producto\/ziaja-cupuazu-locion-corporal-bronceadora-300-ml\/","title":{"rendered":"Ziaja Cupuaz\u00fa Loci\u00f3n Corporal Bronceadora 300 ml"},"content":{"rendered":"<ul class=\"a-unordered-list a-vertical a-spacing-mini\">\n<li class=\"a-spacing-mini\"><span class=\"a-list-item\">El Cupua\u00e7u tiene propiedades antioxidantes, fibra, hierro, f\u00f3sforo y prote\u00ednas y es rico en varias vitaminas complejo B y vitamina C<\/span><\/li>\n<li class=\"a-spacing-mini\"><span class=\"a-list-item\">Loci\u00f3n hidratante de f\u00e1cil aplicaci\u00f3n con efecto bronceador suave<\/span><\/li>\n<li class=\"a-spacing-mini\"><span class=\"a-list-item\">Fortalece la barrera protectora de la piel, hidrata, regenera y mejora la elasticidad de la piel<\/span><\/li>\n<li class=\"a-spacing-mini\"><span class=\"a-list-item\">Con fragancia para neutralizar el olor del \u00e1cido docosahexaenoico (DHA)<\/span><\/li>\n<li class=\"a-spacing-mini\"><span class=\"a-list-item\">Para uso diario, resultado visible despu\u00e9s de 3 \u2013 4 horas<\/span><\/li>\n<\/ul>","protected":false},"excerpt":{"rendered":"<h1 id=\"title\" class=\"a-size-large a-spacing-none\"><span id=\"productTitle\" class=\"a-size-large product-title-word-break\">Ziaja Cupuaz\u00fa Loci\u00f3n Corporal Bronceadora 300 ml<\/span><\/h1>","protected":false},"featured_media":1528,"template":"","meta":[],"product_brand":[],"product_cat":[44],"product_tag":[],"class_list":{"0":"post-1526","1":"product","2":"type-product","3":"status-publish","4":"has-post-thumbnail","6":"product_cat-beauty-home","7":"thunk-woo-product-list","8":"opn-qv-enable","9":"big-store-woo-hover-zoom","10":"open-single-product-tab-horizontal","11":"open-shadow-","12":"open-shadow-hover-","14":"first","15":"instock","16":"shipping-taxable","17":"purchasable","18":"product-type-simple"},"yoast_head":"<!-- This site is optimized with the Yoast SEO plugin v27.3 - https:\/\/yoast.com\/product\/yoast-seo-wordpress\/ -->\n<title>Ziaja Cupuaz\u00fa Loci\u00f3n Corporal Bronceadora 300 ml - El vestidor de Ram\u00f3n<\/title>\n<meta name=\"robots\" content=\"index, follow, max-snippet:-1, max-image-preview:large, max-video-preview:-1\" \/>\n<link rel=\"canonical\" href=\"https:\/\/www.elvestidorderamon.com\/es\/producto\/ziaja-cupuazu-locion-corporal-bronceadora-300-ml\/\" \/>\n<meta property=\"og:locale\" content=\"es_ES\" \/>\n<meta property=\"og:type\" content=\"article\" \/>\n<meta property=\"og:title\" content=\"Ziaja Cupuaz\u00fa Loci\u00f3n Corporal Bronceadora 300 ml - El vestidor de Ram\u00f3n\" \/>\n<meta property=\"og:description\" content=\"Ziaja Cupuaz\u00fa Loci\u00f3n Corporal Bronceadora 300 ml\" \/>\n<meta property=\"og:url\" content=\"https:\/\/www.elvestidorderamon.com\/es\/producto\/ziaja-cupuazu-locion-corporal-bronceadora-300-ml\/\" \/>\n<meta property=\"og:site_name\" content=\"El vestidor de Ram\u00f3n\" \/>\n<meta property=\"article:modified_time\" content=\"2025-01-10T17:23:06+00:00\" \/>\n<meta property=\"og:image\" content=\"https:\/\/www.elvestidorderamon.com\/wp-content\/uploads\/2024\/12\/WhatsApp-Image-2024-12-26-at-12.38.01.jpeg\" \/>\n\t<meta property=\"og:image:width\" content=\"1200\" \/>\n\t<meta property=\"og:image:height\" content=\"1600\" \/>\n\t<meta property=\"og:image:type\" content=\"image\/jpeg\" \/>\n<meta name=\"twitter:card\" content=\"summary_large_image\" \/>\n<meta name=\"twitter:label1\" content=\"Tiempo de lectura\" \/>\n\t<meta name=\"twitter:data1\" content=\"1 minuto\" \/>\n<script type=\"application\/ld+json\" class=\"yoast-schema-graph\">{\"@context\":\"https:\\\/\\\/schema.org\",\"@graph\":[{\"@type\":\"WebPage\",\"@id\":\"https:\\\/\\\/www.elvestidorderamon.com\\\/producto\\\/ziaja-cupuazu-locion-corporal-bronceadora-300-ml\\\/\",\"url\":\"https:\\\/\\\/www.elvestidorderamon.com\\\/producto\\\/ziaja-cupuazu-locion-corporal-bronceadora-300-ml\\\/\",\"name\":\"Ziaja Cupuaz\u00fa Loci\u00f3n Corporal Bronceadora 300 ml - El vestidor de Ram\u00f3n\",\"isPartOf\":{\"@id\":\"https:\\\/\\\/www.elvestidorderamon.com\\\/es\\\/#website\"},\"primaryImageOfPage\":{\"@id\":\"https:\\\/\\\/www.elvestidorderamon.com\\\/producto\\\/ziaja-cupuazu-locion-corporal-bronceadora-300-ml\\\/#primaryimage\"},\"image\":{\"@id\":\"https:\\\/\\\/www.elvestidorderamon.com\\\/producto\\\/ziaja-cupuazu-locion-corporal-bronceadora-300-ml\\\/#primaryimage\"},\"thumbnailUrl\":\"https:\\\/\\\/www.elvestidorderamon.com\\\/wp-content\\\/uploads\\\/2024\\\/12\\\/WhatsApp-Image-2024-12-26-at-12.38.01.jpeg\",\"datePublished\":\"2024-12-26T11:27:18+00:00\",\"dateModified\":\"2025-01-10T17:23:06+00:00\",\"breadcrumb\":{\"@id\":\"https:\\\/\\\/www.elvestidorderamon.com\\\/producto\\\/ziaja-cupuazu-locion-corporal-bronceadora-300-ml\\\/#breadcrumb\"},\"inLanguage\":\"es\",\"potentialAction\":[{\"@type\":\"ReadAction\",\"target\":[\"https:\\\/\\\/www.elvestidorderamon.com\\\/producto\\\/ziaja-cupuazu-locion-corporal-bronceadora-300-ml\\\/\"]}]},{\"@type\":\"ImageObject\",\"inLanguage\":\"es\",\"@id\":\"https:\\\/\\\/www.elvestidorderamon.com\\\/producto\\\/ziaja-cupuazu-locion-corporal-bronceadora-300-ml\\\/#primaryimage\",\"url\":\"https:\\\/\\\/www.elvestidorderamon.com\\\/wp-content\\\/uploads\\\/2024\\\/12\\\/WhatsApp-Image-2024-12-26-at-12.38.01.jpeg\",\"contentUrl\":\"https:\\\/\\\/www.elvestidorderamon.com\\\/wp-content\\\/uploads\\\/2024\\\/12\\\/WhatsApp-Image-2024-12-26-at-12.38.01.jpeg\",\"width\":1200,\"height\":1600},{\"@type\":\"BreadcrumbList\",\"@id\":\"https:\\\/\\\/www.elvestidorderamon.com\\\/producto\\\/ziaja-cupuazu-locion-corporal-bronceadora-300-ml\\\/#breadcrumb\",\"itemListElement\":[{\"@type\":\"ListItem\",\"position\":1,\"name\":\"Portada\",\"item\":\"https:\\\/\\\/www.elvestidorderamon.com\\\/\"},{\"@type\":\"ListItem\",\"position\":2,\"name\":\"Tienda\",\"item\":\"https:\\\/\\\/www.elvestidorderamon.com\\\/tienda\\\/\"},{\"@type\":\"ListItem\",\"position\":3,\"name\":\"Ziaja Cupuaz\u00fa Loci\u00f3n Corporal Bronceadora 300 ml\"}]},{\"@type\":\"WebSite\",\"@id\":\"https:\\\/\\\/www.elvestidorderamon.com\\\/es\\\/#website\",\"url\":\"https:\\\/\\\/www.elvestidorderamon.com\\\/es\\\/\",\"name\":\"El vestidor de Ram\u00f3n\",\"description\":\"Tienda Online de moda\",\"publisher\":{\"@id\":\"https:\\\/\\\/www.elvestidorderamon.com\\\/es\\\/#organization\"},\"potentialAction\":[{\"@type\":\"SearchAction\",\"target\":{\"@type\":\"EntryPoint\",\"urlTemplate\":\"https:\\\/\\\/www.elvestidorderamon.com\\\/es\\\/?s={search_term_string}\"},\"query-input\":{\"@type\":\"PropertyValueSpecification\",\"valueRequired\":true,\"valueName\":\"search_term_string\"}}],\"inLanguage\":\"es\"},{\"@type\":\"Organization\",\"@id\":\"https:\\\/\\\/www.elvestidorderamon.com\\\/es\\\/#organization\",\"name\":\"El vestidor de Ram\u00f3n\",\"url\":\"https:\\\/\\\/www.elvestidorderamon.com\\\/es\\\/\",\"logo\":{\"@type\":\"ImageObject\",\"inLanguage\":\"es\",\"@id\":\"https:\\\/\\\/www.elvestidorderamon.com\\\/es\\\/#\\\/schema\\\/logo\\\/image\\\/\",\"url\":\"https:\\\/\\\/www.elvestidorderamon.com\\\/wp-content\\\/uploads\\\/2024\\\/11\\\/cropped-cropped-Sin-titulo-1.png\",\"contentUrl\":\"https:\\\/\\\/www.elvestidorderamon.com\\\/wp-content\\\/uploads\\\/2024\\\/11\\\/cropped-cropped-Sin-titulo-1.png\",\"width\":376,\"height\":376,\"caption\":\"El vestidor de Ram\u00f3n\"},\"image\":{\"@id\":\"https:\\\/\\\/www.elvestidorderamon.com\\\/es\\\/#\\\/schema\\\/logo\\\/image\\\/\"}}]}<\/script>\n<!-- \/ Yoast SEO plugin. -->","yoast_head_json":{"title":"Ziaja Cupuaz\u00fa Loci\u00f3n Corporal Bronceadora 300 ml - El vestidor de Ram\u00f3n","robots":{"index":"index","follow":"follow","max-snippet":"max-snippet:-1","max-image-preview":"max-image-preview:large","max-video-preview":"max-video-preview:-1"},"canonical":"https:\/\/www.elvestidorderamon.com\/es\/producto\/ziaja-cupuazu-locion-corporal-bronceadora-300-ml\/","og_locale":"es_ES","og_type":"article","og_title":"Ziaja Cupuaz\u00fa Loci\u00f3n Corporal Bronceadora 300 ml - El vestidor de Ram\u00f3n","og_description":"Ziaja Cupuaz\u00fa Loci\u00f3n Corporal Bronceadora 300 ml","og_url":"https:\/\/www.elvestidorderamon.com\/es\/producto\/ziaja-cupuazu-locion-corporal-bronceadora-300-ml\/","og_site_name":"El vestidor de Ram\u00f3n","article_modified_time":"2025-01-10T17:23:06+00:00","og_image":[{"width":1200,"height":1600,"url":"https:\/\/www.elvestidorderamon.com\/wp-content\/uploads\/2024\/12\/WhatsApp-Image-2024-12-26-at-12.38.01.jpeg","type":"image\/jpeg"}],"twitter_card":"summary_large_image","twitter_misc":{"Tiempo de lectura":"1 minuto"},"schema":{"@context":"https:\/\/schema.org","@graph":[{"@type":"WebPage","@id":"https:\/\/www.elvestidorderamon.com\/producto\/ziaja-cupuazu-locion-corporal-bronceadora-300-ml\/","url":"https:\/\/www.elvestidorderamon.com\/producto\/ziaja-cupuazu-locion-corporal-bronceadora-300-ml\/","name":"Ziaja Cupuaz\u00fa Loci\u00f3n Corporal Bronceadora 300 ml - El vestidor de Ram\u00f3n","isPartOf":{"@id":"https:\/\/www.elvestidorderamon.com\/es\/#website"},"primaryImageOfPage":{"@id":"https:\/\/www.elvestidorderamon.com\/producto\/ziaja-cupuazu-locion-corporal-bronceadora-300-ml\/#primaryimage"},"image":{"@id":"https:\/\/www.elvestidorderamon.com\/producto\/ziaja-cupuazu-locion-corporal-bronceadora-300-ml\/#primaryimage"},"thumbnailUrl":"https:\/\/www.elvestidorderamon.com\/wp-content\/uploads\/2024\/12\/WhatsApp-Image-2024-12-26-at-12.38.01.jpeg","datePublished":"2024-12-26T11:27:18+00:00","dateModified":"2025-01-10T17:23:06+00:00","breadcrumb":{"@id":"https:\/\/www.elvestidorderamon.com\/producto\/ziaja-cupuazu-locion-corporal-bronceadora-300-ml\/#breadcrumb"},"inLanguage":"es","potentialAction":[{"@type":"ReadAction","target":["https:\/\/www.elvestidorderamon.com\/producto\/ziaja-cupuazu-locion-corporal-bronceadora-300-ml\/"]}]},{"@type":"ImageObject","inLanguage":"es","@id":"https:\/\/www.elvestidorderamon.com\/producto\/ziaja-cupuazu-locion-corporal-bronceadora-300-ml\/#primaryimage","url":"https:\/\/www.elvestidorderamon.com\/wp-content\/uploads\/2024\/12\/WhatsApp-Image-2024-12-26-at-12.38.01.jpeg","contentUrl":"https:\/\/www.elvestidorderamon.com\/wp-content\/uploads\/2024\/12\/WhatsApp-Image-2024-12-26-at-12.38.01.jpeg","width":1200,"height":1600},{"@type":"BreadcrumbList","@id":"https:\/\/www.elvestidorderamon.com\/producto\/ziaja-cupuazu-locion-corporal-bronceadora-300-ml\/#breadcrumb","itemListElement":[{"@type":"ListItem","position":1,"name":"Portada","item":"https:\/\/www.elvestidorderamon.com\/"},{"@type":"ListItem","position":2,"name":"Tienda","item":"https:\/\/www.elvestidorderamon.com\/tienda\/"},{"@type":"ListItem","position":3,"name":"Ziaja Cupuaz\u00fa Loci\u00f3n Corporal Bronceadora 300 ml"}]},{"@type":"WebSite","@id":"https:\/\/www.elvestidorderamon.com\/es\/#website","url":"https:\/\/www.elvestidorderamon.com\/es\/","name":"El vestidor de Ram\u00f3n","description":"Tienda Online de moda","publisher":{"@id":"https:\/\/www.elvestidorderamon.com\/es\/#organization"},"potentialAction":[{"@type":"SearchAction","target":{"@type":"EntryPoint","urlTemplate":"https:\/\/www.elvestidorderamon.com\/es\/?s={search_term_string}"},"query-input":{"@type":"PropertyValueSpecification","valueRequired":true,"valueName":"search_term_string"}}],"inLanguage":"es"},{"@type":"Organization","@id":"https:\/\/www.elvestidorderamon.com\/es\/#organization","name":"El vestidor de Ram\u00f3n","url":"https:\/\/www.elvestidorderamon.com\/es\/","logo":{"@type":"ImageObject","inLanguage":"es","@id":"https:\/\/www.elvestidorderamon.com\/es\/#\/schema\/logo\/image\/","url":"https:\/\/www.elvestidorderamon.com\/wp-content\/uploads\/2024\/11\/cropped-cropped-Sin-titulo-1.png","contentUrl":"https:\/\/www.elvestidorderamon.com\/wp-content\/uploads\/2024\/11\/cropped-cropped-Sin-titulo-1.png","width":376,"height":376,"caption":"El vestidor de Ram\u00f3n"},"image":{"@id":"https:\/\/www.elvestidorderamon.com\/es\/#\/schema\/logo\/image\/"}}]}},"_links":{"self":[{"href":"https:\/\/www.elvestidorderamon.com\/es\/wp-json\/wp\/v2\/product\/1526","targetHints":{"allow":["GET"]}}],"collection":[{"href":"https:\/\/www.elvestidorderamon.com\/es\/wp-json\/wp\/v2\/product"}],"about":[{"href":"https:\/\/www.elvestidorderamon.com\/es\/wp-json\/wp\/v2\/types\/product"}],"wp:featuredmedia":[{"embeddable":true,"href":"https:\/\/www.elvestidorderamon.com\/es\/wp-json\/wp\/v2\/media\/1528"}],"wp:attachment":[{"href":"https:\/\/www.elvestidorderamon.com\/es\/wp-json\/wp\/v2\/media?parent=1526"}],"wp:term":[{"taxonomy":"product_brand","embeddable":true,"href":"https:\/\/www.elvestidorderamon.com\/es\/wp-json\/wp\/v2\/product_brand?post=1526"},{"taxonomy":"product_cat","embeddable":true,"href":"https:\/\/www.elvestidorderamon.com\/es\/wp-json\/wp\/v2\/product_cat?post=1526"},{"taxonomy":"product_tag","embeddable":true,"href":"https:\/\/www.elvestidorderamon.com\/es\/wp-json\/wp\/v2\/product_tag?post=1526"}],"curies":[{"name":"wp","href":"https:\/\/api.w.org\/{rel}","templated":true}]}}