{"id":1646,"date":"2025-01-10T09:03:52","date_gmt":"2025-01-10T09:03:52","guid":{"rendered":"https:\/\/www.elvestidorderamon.com\/?post_type=product&#038;p=1646"},"modified":"2026-01-20T11:54:51","modified_gmt":"2026-01-20T11:54:51","slug":"mini-perfume-arabe-pure-musk-50-ml-de-la-lattafa","status":"publish","type":"product","link":"https:\/\/www.elvestidorderamon.com\/es\/producto\/mini-perfume-arabe-pure-musk-50-ml-de-la-lattafa\/","title":{"rendered":"MINI PERFUME ARABE PURE MUSK 50 ML DE LA LATTAFA"},"content":{"rendered":"<h2>Las cualidades del eau de parfum Pure Musk<\/h2>\n<p><b><strong>\u00a0 El eau de parfum Pure Musk de la marca Lattafa<\/strong><\/b>\u00a0tiene m\u00faltiples cualidades. Tiene un fuerte poder fragante gracias a su concentraci\u00f3n olfativa m\u00e1s ligera que ciertos perfumes cl\u00e1sicos. Gracias a sus notas de fondo muy potentes, garantiza una mejor fijaci\u00f3n en la piel. Una vez rociado el eau de parfum, el aroma permanece en la ropa durante todo el d\u00eda. Sus propiedades refrescantes hacen que se pueda adaptar perfectamente a deportistas, tanto hombres como mujeres. Y por supuesto, las notas arom\u00e1ticas le aportan su original lado oriental.<\/p>\n<p>Por lo tanto, el\u00a0\u00a0<b><strong>Pure Musk<\/strong><\/b>\u00a0\u00a0fabricado por la marca Lattafa es de muy buena calidad y hace honor a su nombre. Aquellos que aprecian los perfumes con aroma a almizcle definitivamente encontrar\u00e1n lo que buscan comprando esta marca.<\/p>","protected":false},"excerpt":{"rendered":"<h2>Las cualidades del eau de parfum Pure Musk<\/h2>\n<p><b><strong>\u00a0 El eau de parfum Pure Musk de la marca Lattafa<\/strong><\/b>\u00a0tiene m\u00faltiples cualidades. Tiene un fuerte poder fragante gracias a su concentraci\u00f3n olfativa m\u00e1s ligera que ciertos perfumes cl\u00e1sicos. Gracias a sus notas de fondo muy potentes, garantiza una mejor fijaci\u00f3n en la piel. Una vez rociado el eau de parfum, el aroma permanece en la ropa durante todo el d\u00eda. Sus propiedades refrescantes hacen que se pueda adaptar perfectamente a deportistas, tanto hombres como mujeres. Y por supuesto, las notas arom\u00e1ticas le aportan su original lado oriental.<\/p>\n<p>Por lo tanto, el\u00a0\u00a0<b><strong>Pure Musk<\/strong><\/b>\u00a0\u00a0fabricado por la marca Lattafa es de muy buena calidad y hace honor a su nombre. Aquellos que aprecian los perfumes con aroma a almizcle definitivamente encontrar\u00e1n lo que buscan comprando esta marca.<\/p>","protected":false},"featured_media":1647,"template":"","meta":[],"product_brand":[],"product_cat":[113],"product_tag":[],"class_list":{"0":"post-1646","1":"product","2":"type-product","3":"status-publish","4":"has-post-thumbnail","6":"product_cat-perfumes-y-ambientadores-arabes","7":"thunk-woo-product-list","8":"opn-qv-enable","9":"big-store-woo-hover-zoom","10":"open-single-product-tab-horizontal","11":"open-shadow-","12":"open-shadow-hover-","14":"first","15":"instock","16":"shipping-taxable","17":"purchasable","18":"product-type-simple"},"yoast_head":"<!-- This site is optimized with the Yoast SEO plugin v27.5 - https:\/\/yoast.com\/product\/yoast-seo-wordpress\/ -->\n<title>MINI PERFUME ARABE PURE MUSK 50 ML DE LA LATTAFA - El vestidor de Ram\u00f3n<\/title>\n<meta name=\"robots\" content=\"index, follow, max-snippet:-1, max-image-preview:large, max-video-preview:-1\" \/>\n<link rel=\"canonical\" href=\"https:\/\/www.elvestidorderamon.com\/es\/producto\/mini-perfume-arabe-pure-musk-50-ml-de-la-lattafa\/\" \/>\n<meta property=\"og:locale\" content=\"es_ES\" \/>\n<meta property=\"og:type\" content=\"article\" \/>\n<meta property=\"og:title\" content=\"MINI PERFUME ARABE PURE MUSK 50 ML DE LA LATTAFA - El vestidor de Ram\u00f3n\" \/>\n<meta property=\"og:description\" content=\"Las cualidades del eau de parfum Pure Musk \u00a0 El eau de parfum Pure Musk de la marca Lattafa\u00a0tiene m\u00faltiples cualidades. Tiene un fuerte poder fragante gracias a su concentraci\u00f3n olfativa m\u00e1s ligera que ciertos perfumes cl\u00e1sicos. Gracias a sus notas de fondo muy potentes, garantiza una mejor fijaci\u00f3n en la piel. Una vez rociado el eau de parfum, el aroma permanece en la ropa durante todo el d\u00eda. Sus propiedades refrescantes hacen que se pueda adaptar perfectamente a deportistas, tanto hombres como mujeres. Y por supuesto, las notas arom\u00e1ticas le aportan su original lado oriental.  Por lo tanto, el\u00a0\u00a0Pure Musk\u00a0\u00a0fabricado por la marca Lattafa es de muy buena calidad y hace honor a su nombre. Aquellos que aprecian los perfumes con aroma a almizcle definitivamente encontrar\u00e1n lo que buscan comprando esta marca.\" \/>\n<meta property=\"og:url\" content=\"https:\/\/www.elvestidorderamon.com\/es\/producto\/mini-perfume-arabe-pure-musk-50-ml-de-la-lattafa\/\" \/>\n<meta property=\"og:site_name\" content=\"El vestidor de Ram\u00f3n\" \/>\n<meta property=\"article:modified_time\" content=\"2026-01-20T11:54:51+00:00\" \/>\n<meta property=\"og:image\" content=\"https:\/\/www.elvestidorderamon.com\/wp-content\/uploads\/2025\/01\/WhatsApp-Image-2025-01-10-at-09.59.53.jpeg\" \/>\n\t<meta property=\"og:image:width\" content=\"1776\" \/>\n\t<meta property=\"og:image:height\" content=\"2048\" \/>\n\t<meta property=\"og:image:type\" content=\"image\/jpeg\" \/>\n<meta name=\"twitter:card\" content=\"summary_large_image\" \/>\n<meta name=\"twitter:label1\" content=\"Tiempo de lectura\" \/>\n\t<meta name=\"twitter:data1\" content=\"1 minuto\" \/>\n<script type=\"application\/ld+json\" class=\"yoast-schema-graph\">{\"@context\":\"https:\\\/\\\/schema.org\",\"@graph\":[{\"@type\":\"WebPage\",\"@id\":\"https:\\\/\\\/www.elvestidorderamon.com\\\/producto\\\/mini-perfume-arabe-pure-musk-50-ml-de-la-lattafa\\\/\",\"url\":\"https:\\\/\\\/www.elvestidorderamon.com\\\/producto\\\/mini-perfume-arabe-pure-musk-50-ml-de-la-lattafa\\\/\",\"name\":\"MINI PERFUME ARABE PURE MUSK 50 ML DE LA LATTAFA - El vestidor de Ram\u00f3n\",\"isPartOf\":{\"@id\":\"https:\\\/\\\/www.elvestidorderamon.com\\\/es\\\/#website\"},\"primaryImageOfPage\":{\"@id\":\"https:\\\/\\\/www.elvestidorderamon.com\\\/producto\\\/mini-perfume-arabe-pure-musk-50-ml-de-la-lattafa\\\/#primaryimage\"},\"image\":{\"@id\":\"https:\\\/\\\/www.elvestidorderamon.com\\\/producto\\\/mini-perfume-arabe-pure-musk-50-ml-de-la-lattafa\\\/#primaryimage\"},\"thumbnailUrl\":\"https:\\\/\\\/www.elvestidorderamon.com\\\/wp-content\\\/uploads\\\/2025\\\/01\\\/WhatsApp-Image-2025-01-10-at-09.59.53.jpeg\",\"datePublished\":\"2025-01-10T09:03:52+00:00\",\"dateModified\":\"2026-01-20T11:54:51+00:00\",\"breadcrumb\":{\"@id\":\"https:\\\/\\\/www.elvestidorderamon.com\\\/producto\\\/mini-perfume-arabe-pure-musk-50-ml-de-la-lattafa\\\/#breadcrumb\"},\"inLanguage\":\"es\",\"potentialAction\":[{\"@type\":\"ReadAction\",\"target\":[\"https:\\\/\\\/www.elvestidorderamon.com\\\/producto\\\/mini-perfume-arabe-pure-musk-50-ml-de-la-lattafa\\\/\"]}]},{\"@type\":\"ImageObject\",\"inLanguage\":\"es\",\"@id\":\"https:\\\/\\\/www.elvestidorderamon.com\\\/producto\\\/mini-perfume-arabe-pure-musk-50-ml-de-la-lattafa\\\/#primaryimage\",\"url\":\"https:\\\/\\\/www.elvestidorderamon.com\\\/wp-content\\\/uploads\\\/2025\\\/01\\\/WhatsApp-Image-2025-01-10-at-09.59.53.jpeg\",\"contentUrl\":\"https:\\\/\\\/www.elvestidorderamon.com\\\/wp-content\\\/uploads\\\/2025\\\/01\\\/WhatsApp-Image-2025-01-10-at-09.59.53.jpeg\",\"width\":1776,\"height\":2048},{\"@type\":\"BreadcrumbList\",\"@id\":\"https:\\\/\\\/www.elvestidorderamon.com\\\/producto\\\/mini-perfume-arabe-pure-musk-50-ml-de-la-lattafa\\\/#breadcrumb\",\"itemListElement\":[{\"@type\":\"ListItem\",\"position\":1,\"name\":\"Portada\",\"item\":\"https:\\\/\\\/www.elvestidorderamon.com\\\/\"},{\"@type\":\"ListItem\",\"position\":2,\"name\":\"Tienda\",\"item\":\"https:\\\/\\\/www.elvestidorderamon.com\\\/tienda\\\/\"},{\"@type\":\"ListItem\",\"position\":3,\"name\":\"MINI PERFUME ARABE PURE MUSK 50 ML DE LA LATTAFA\"}]},{\"@type\":\"WebSite\",\"@id\":\"https:\\\/\\\/www.elvestidorderamon.com\\\/es\\\/#website\",\"url\":\"https:\\\/\\\/www.elvestidorderamon.com\\\/es\\\/\",\"name\":\"El vestidor de Ram\u00f3n\",\"description\":\"Tienda Online de moda\",\"publisher\":{\"@id\":\"https:\\\/\\\/www.elvestidorderamon.com\\\/es\\\/#organization\"},\"potentialAction\":[{\"@type\":\"SearchAction\",\"target\":{\"@type\":\"EntryPoint\",\"urlTemplate\":\"https:\\\/\\\/www.elvestidorderamon.com\\\/es\\\/?s={search_term_string}\"},\"query-input\":{\"@type\":\"PropertyValueSpecification\",\"valueRequired\":true,\"valueName\":\"search_term_string\"}}],\"inLanguage\":\"es\"},{\"@type\":\"Organization\",\"@id\":\"https:\\\/\\\/www.elvestidorderamon.com\\\/es\\\/#organization\",\"name\":\"El vestidor de Ram\u00f3n\",\"url\":\"https:\\\/\\\/www.elvestidorderamon.com\\\/es\\\/\",\"logo\":{\"@type\":\"ImageObject\",\"inLanguage\":\"es\",\"@id\":\"https:\\\/\\\/www.elvestidorderamon.com\\\/es\\\/#\\\/schema\\\/logo\\\/image\\\/\",\"url\":\"https:\\\/\\\/www.elvestidorderamon.com\\\/wp-content\\\/uploads\\\/2024\\\/11\\\/cropped-cropped-Sin-titulo-1.png\",\"contentUrl\":\"https:\\\/\\\/www.elvestidorderamon.com\\\/wp-content\\\/uploads\\\/2024\\\/11\\\/cropped-cropped-Sin-titulo-1.png\",\"width\":376,\"height\":376,\"caption\":\"El vestidor de Ram\u00f3n\"},\"image\":{\"@id\":\"https:\\\/\\\/www.elvestidorderamon.com\\\/es\\\/#\\\/schema\\\/logo\\\/image\\\/\"}}]}<\/script>\n<!-- \/ Yoast SEO plugin. -->","yoast_head_json":{"title":"MINI PERFUME ARABE PURE MUSK 50 ML DE LA LATTAFA - El vestidor de Ram\u00f3n","robots":{"index":"index","follow":"follow","max-snippet":"max-snippet:-1","max-image-preview":"max-image-preview:large","max-video-preview":"max-video-preview:-1"},"canonical":"https:\/\/www.elvestidorderamon.com\/es\/producto\/mini-perfume-arabe-pure-musk-50-ml-de-la-lattafa\/","og_locale":"es_ES","og_type":"article","og_title":"MINI PERFUME ARABE PURE MUSK 50 ML DE LA LATTAFA - El vestidor de Ram\u00f3n","og_description":"Las cualidades del eau de parfum Pure Musk \u00a0 El eau de parfum Pure Musk de la marca Lattafa\u00a0tiene m\u00faltiples cualidades. Tiene un fuerte poder fragante gracias a su concentraci\u00f3n olfativa m\u00e1s ligera que ciertos perfumes cl\u00e1sicos. Gracias a sus notas de fondo muy potentes, garantiza una mejor fijaci\u00f3n en la piel. Una vez rociado el eau de parfum, el aroma permanece en la ropa durante todo el d\u00eda. Sus propiedades refrescantes hacen que se pueda adaptar perfectamente a deportistas, tanto hombres como mujeres. Y por supuesto, las notas arom\u00e1ticas le aportan su original lado oriental.  Por lo tanto, el\u00a0\u00a0Pure Musk\u00a0\u00a0fabricado por la marca Lattafa es de muy buena calidad y hace honor a su nombre. Aquellos que aprecian los perfumes con aroma a almizcle definitivamente encontrar\u00e1n lo que buscan comprando esta marca.","og_url":"https:\/\/www.elvestidorderamon.com\/es\/producto\/mini-perfume-arabe-pure-musk-50-ml-de-la-lattafa\/","og_site_name":"El vestidor de Ram\u00f3n","article_modified_time":"2026-01-20T11:54:51+00:00","og_image":[{"width":1776,"height":2048,"url":"https:\/\/www.elvestidorderamon.com\/wp-content\/uploads\/2025\/01\/WhatsApp-Image-2025-01-10-at-09.59.53.jpeg","type":"image\/jpeg"}],"twitter_card":"summary_large_image","twitter_misc":{"Tiempo de lectura":"1 minuto"},"schema":{"@context":"https:\/\/schema.org","@graph":[{"@type":"WebPage","@id":"https:\/\/www.elvestidorderamon.com\/producto\/mini-perfume-arabe-pure-musk-50-ml-de-la-lattafa\/","url":"https:\/\/www.elvestidorderamon.com\/producto\/mini-perfume-arabe-pure-musk-50-ml-de-la-lattafa\/","name":"MINI PERFUME ARABE PURE MUSK 50 ML DE LA LATTAFA - El vestidor de Ram\u00f3n","isPartOf":{"@id":"https:\/\/www.elvestidorderamon.com\/es\/#website"},"primaryImageOfPage":{"@id":"https:\/\/www.elvestidorderamon.com\/producto\/mini-perfume-arabe-pure-musk-50-ml-de-la-lattafa\/#primaryimage"},"image":{"@id":"https:\/\/www.elvestidorderamon.com\/producto\/mini-perfume-arabe-pure-musk-50-ml-de-la-lattafa\/#primaryimage"},"thumbnailUrl":"https:\/\/www.elvestidorderamon.com\/wp-content\/uploads\/2025\/01\/WhatsApp-Image-2025-01-10-at-09.59.53.jpeg","datePublished":"2025-01-10T09:03:52+00:00","dateModified":"2026-01-20T11:54:51+00:00","breadcrumb":{"@id":"https:\/\/www.elvestidorderamon.com\/producto\/mini-perfume-arabe-pure-musk-50-ml-de-la-lattafa\/#breadcrumb"},"inLanguage":"es","potentialAction":[{"@type":"ReadAction","target":["https:\/\/www.elvestidorderamon.com\/producto\/mini-perfume-arabe-pure-musk-50-ml-de-la-lattafa\/"]}]},{"@type":"ImageObject","inLanguage":"es","@id":"https:\/\/www.elvestidorderamon.com\/producto\/mini-perfume-arabe-pure-musk-50-ml-de-la-lattafa\/#primaryimage","url":"https:\/\/www.elvestidorderamon.com\/wp-content\/uploads\/2025\/01\/WhatsApp-Image-2025-01-10-at-09.59.53.jpeg","contentUrl":"https:\/\/www.elvestidorderamon.com\/wp-content\/uploads\/2025\/01\/WhatsApp-Image-2025-01-10-at-09.59.53.jpeg","width":1776,"height":2048},{"@type":"BreadcrumbList","@id":"https:\/\/www.elvestidorderamon.com\/producto\/mini-perfume-arabe-pure-musk-50-ml-de-la-lattafa\/#breadcrumb","itemListElement":[{"@type":"ListItem","position":1,"name":"Portada","item":"https:\/\/www.elvestidorderamon.com\/"},{"@type":"ListItem","position":2,"name":"Tienda","item":"https:\/\/www.elvestidorderamon.com\/tienda\/"},{"@type":"ListItem","position":3,"name":"MINI PERFUME ARABE PURE MUSK 50 ML DE LA LATTAFA"}]},{"@type":"WebSite","@id":"https:\/\/www.elvestidorderamon.com\/es\/#website","url":"https:\/\/www.elvestidorderamon.com\/es\/","name":"El vestidor de Ram\u00f3n","description":"Tienda Online de moda","publisher":{"@id":"https:\/\/www.elvestidorderamon.com\/es\/#organization"},"potentialAction":[{"@type":"SearchAction","target":{"@type":"EntryPoint","urlTemplate":"https:\/\/www.elvestidorderamon.com\/es\/?s={search_term_string}"},"query-input":{"@type":"PropertyValueSpecification","valueRequired":true,"valueName":"search_term_string"}}],"inLanguage":"es"},{"@type":"Organization","@id":"https:\/\/www.elvestidorderamon.com\/es\/#organization","name":"El vestidor de Ram\u00f3n","url":"https:\/\/www.elvestidorderamon.com\/es\/","logo":{"@type":"ImageObject","inLanguage":"es","@id":"https:\/\/www.elvestidorderamon.com\/es\/#\/schema\/logo\/image\/","url":"https:\/\/www.elvestidorderamon.com\/wp-content\/uploads\/2024\/11\/cropped-cropped-Sin-titulo-1.png","contentUrl":"https:\/\/www.elvestidorderamon.com\/wp-content\/uploads\/2024\/11\/cropped-cropped-Sin-titulo-1.png","width":376,"height":376,"caption":"El vestidor de Ram\u00f3n"},"image":{"@id":"https:\/\/www.elvestidorderamon.com\/es\/#\/schema\/logo\/image\/"}}]}},"_links":{"self":[{"href":"https:\/\/www.elvestidorderamon.com\/es\/wp-json\/wp\/v2\/product\/1646","targetHints":{"allow":["GET"]}}],"collection":[{"href":"https:\/\/www.elvestidorderamon.com\/es\/wp-json\/wp\/v2\/product"}],"about":[{"href":"https:\/\/www.elvestidorderamon.com\/es\/wp-json\/wp\/v2\/types\/product"}],"wp:featuredmedia":[{"embeddable":true,"href":"https:\/\/www.elvestidorderamon.com\/es\/wp-json\/wp\/v2\/media\/1647"}],"wp:attachment":[{"href":"https:\/\/www.elvestidorderamon.com\/es\/wp-json\/wp\/v2\/media?parent=1646"}],"wp:term":[{"taxonomy":"product_brand","embeddable":true,"href":"https:\/\/www.elvestidorderamon.com\/es\/wp-json\/wp\/v2\/product_brand?post=1646"},{"taxonomy":"product_cat","embeddable":true,"href":"https:\/\/www.elvestidorderamon.com\/es\/wp-json\/wp\/v2\/product_cat?post=1646"},{"taxonomy":"product_tag","embeddable":true,"href":"https:\/\/www.elvestidorderamon.com\/es\/wp-json\/wp\/v2\/product_tag?post=1646"}],"curies":[{"name":"wp","href":"https:\/\/api.w.org\/{rel}","templated":true}]}}