{"id":1801,"date":"2025-01-25T13:14:48","date_gmt":"2025-01-25T13:14:48","guid":{"rendered":"https:\/\/www.elvestidorderamon.com\/?post_type=product&#038;p=1801"},"modified":"2025-07-29T15:41:38","modified_gmt":"2025-07-29T15:41:38","slug":"mini-perfume-arabe-barakat-rouge-50-ml-unisex-lattafa","status":"publish","type":"product","link":"https:\/\/www.elvestidorderamon.com\/es\/producto\/mini-perfume-arabe-barakat-rouge-50-ml-unisex-lattafa\/","title":{"rendered":"MINI PERFUME ARABE BARAKAT ROUGE 50 ML UNISEX LATTAFA (ROJO)"},"content":{"rendered":"<p>Baccarat Rouge 540 Extrait Limited Edition\u00a0de\u00a0Maison Francis Kurkdjian\u00a0es una fragancia de la familia olfativa \u00c1mbar Floral para Hombres y Mujeres.\u00a0Baccarat Rouge 540 Extrait Limited Edition\u00a0se lanz\u00f3 en 2020. La Nariz detr\u00e1s de esta fragrancia es Francis Kurkdjian. Las Notas de Salida son almendra amarga y azafr\u00e1n; las Notas de Coraz\u00f3n son jazm\u00edn egipcio y cedro; las Notas de Fondo son \u00e1mbar gris, almizcle y notas amaderadas.<\/p>","protected":false},"excerpt":{"rendered":"<p>Baccarat Rouge 540 Extrait Limited Edition\u00a0de\u00a0Maison Francis Kurkdjian\u00a0es una fragancia de la familia olfativa \u00c1mbar Floral para Hombres y Mujeres.\u00a0Baccarat Rouge 540 Extrait Limited Edition\u00a0se lanz\u00f3 en 2020. La Nariz detr\u00e1s de esta fragrancia es Francis Kurkdjian. Las Notas de Salida son almendra amarga y azafr\u00e1n; las Notas de Coraz\u00f3n son jazm\u00edn egipcio y cedro; las Notas de Fondo son \u00e1mbar gris, almizcle y notas amaderadas.<\/p>","protected":false},"featured_media":1802,"template":"","meta":[],"product_brand":[],"product_cat":[113],"product_tag":[],"class_list":{"0":"post-1801","1":"product","2":"type-product","3":"status-publish","4":"has-post-thumbnail","6":"product_cat-perfumes-y-ambientadores-arabes","7":"thunk-woo-product-list","8":"opn-qv-enable","9":"big-store-woo-hover-zoom","10":"open-single-product-tab-horizontal","11":"open-shadow-","12":"open-shadow-hover-","14":"first","15":"outofstock","16":"shipping-taxable","17":"purchasable","18":"product-type-simple"},"yoast_head":"<!-- This site is optimized with the Yoast SEO plugin v27.3 - https:\/\/yoast.com\/product\/yoast-seo-wordpress\/ -->\n<title>MINI PERFUME ARABE BARAKAT ROUGE 50 ML UNISEX LATTAFA (ROJO) - El vestidor de Ram\u00f3n<\/title>\n<meta name=\"robots\" content=\"index, follow, max-snippet:-1, max-image-preview:large, max-video-preview:-1\" \/>\n<link rel=\"canonical\" href=\"https:\/\/www.elvestidorderamon.com\/es\/producto\/mini-perfume-arabe-barakat-rouge-50-ml-unisex-lattafa\/\" \/>\n<meta property=\"og:locale\" content=\"es_ES\" \/>\n<meta property=\"og:type\" content=\"article\" \/>\n<meta property=\"og:title\" content=\"MINI PERFUME ARABE BARAKAT ROUGE 50 ML UNISEX LATTAFA (ROJO) - El vestidor de Ram\u00f3n\" \/>\n<meta property=\"og:description\" content=\"Baccarat Rouge 540 Extrait Limited Edition\u00a0de\u00a0Maison Francis Kurkdjian\u00a0es una fragancia de la familia olfativa \u00c1mbar Floral para Hombres y Mujeres.\u00a0Baccarat Rouge 540 Extrait Limited Edition\u00a0se lanz\u00f3 en 2020. La Nariz detr\u00e1s de esta fragrancia es Francis Kurkdjian. Las Notas de Salida son almendra amarga y azafr\u00e1n; las Notas de Coraz\u00f3n son jazm\u00edn egipcio y cedro; las Notas de Fondo son \u00e1mbar gris, almizcle y notas amaderadas.\" \/>\n<meta property=\"og:url\" content=\"https:\/\/www.elvestidorderamon.com\/es\/producto\/mini-perfume-arabe-barakat-rouge-50-ml-unisex-lattafa\/\" \/>\n<meta property=\"og:site_name\" content=\"El vestidor de Ram\u00f3n\" \/>\n<meta property=\"article:modified_time\" content=\"2025-07-29T15:41:38+00:00\" \/>\n<meta property=\"og:image\" content=\"https:\/\/www.elvestidorderamon.com\/wp-content\/uploads\/2025\/01\/b8d6edfc-9e23-4246-86c7-e979346a96b4.webp\" \/>\n\t<meta property=\"og:image:width\" content=\"150\" \/>\n\t<meta property=\"og:image:height\" content=\"150\" \/>\n\t<meta property=\"og:image:type\" content=\"image\/webp\" \/>\n<meta name=\"twitter:card\" content=\"summary_large_image\" \/>\n<meta name=\"twitter:label1\" content=\"Tiempo de lectura\" \/>\n\t<meta name=\"twitter:data1\" content=\"1 minuto\" \/>\n<script type=\"application\/ld+json\" class=\"yoast-schema-graph\">{\"@context\":\"https:\\\/\\\/schema.org\",\"@graph\":[{\"@type\":\"WebPage\",\"@id\":\"https:\\\/\\\/www.elvestidorderamon.com\\\/producto\\\/mini-perfume-arabe-barakat-rouge-50-ml-unisex-lattafa\\\/\",\"url\":\"https:\\\/\\\/www.elvestidorderamon.com\\\/producto\\\/mini-perfume-arabe-barakat-rouge-50-ml-unisex-lattafa\\\/\",\"name\":\"MINI PERFUME ARABE BARAKAT ROUGE 50 ML UNISEX LATTAFA (ROJO) - El vestidor de Ram\u00f3n\",\"isPartOf\":{\"@id\":\"https:\\\/\\\/www.elvestidorderamon.com\\\/es\\\/#website\"},\"primaryImageOfPage\":{\"@id\":\"https:\\\/\\\/www.elvestidorderamon.com\\\/producto\\\/mini-perfume-arabe-barakat-rouge-50-ml-unisex-lattafa\\\/#primaryimage\"},\"image\":{\"@id\":\"https:\\\/\\\/www.elvestidorderamon.com\\\/producto\\\/mini-perfume-arabe-barakat-rouge-50-ml-unisex-lattafa\\\/#primaryimage\"},\"thumbnailUrl\":\"https:\\\/\\\/www.elvestidorderamon.com\\\/wp-content\\\/uploads\\\/2025\\\/01\\\/b8d6edfc-9e23-4246-86c7-e979346a96b4.webp\",\"datePublished\":\"2025-01-25T13:14:48+00:00\",\"dateModified\":\"2025-07-29T15:41:38+00:00\",\"breadcrumb\":{\"@id\":\"https:\\\/\\\/www.elvestidorderamon.com\\\/producto\\\/mini-perfume-arabe-barakat-rouge-50-ml-unisex-lattafa\\\/#breadcrumb\"},\"inLanguage\":\"es\",\"potentialAction\":[{\"@type\":\"ReadAction\",\"target\":[\"https:\\\/\\\/www.elvestidorderamon.com\\\/producto\\\/mini-perfume-arabe-barakat-rouge-50-ml-unisex-lattafa\\\/\"]}]},{\"@type\":\"ImageObject\",\"inLanguage\":\"es\",\"@id\":\"https:\\\/\\\/www.elvestidorderamon.com\\\/producto\\\/mini-perfume-arabe-barakat-rouge-50-ml-unisex-lattafa\\\/#primaryimage\",\"url\":\"https:\\\/\\\/www.elvestidorderamon.com\\\/wp-content\\\/uploads\\\/2025\\\/01\\\/b8d6edfc-9e23-4246-86c7-e979346a96b4.webp\",\"contentUrl\":\"https:\\\/\\\/www.elvestidorderamon.com\\\/wp-content\\\/uploads\\\/2025\\\/01\\\/b8d6edfc-9e23-4246-86c7-e979346a96b4.webp\",\"width\":150,\"height\":150},{\"@type\":\"BreadcrumbList\",\"@id\":\"https:\\\/\\\/www.elvestidorderamon.com\\\/producto\\\/mini-perfume-arabe-barakat-rouge-50-ml-unisex-lattafa\\\/#breadcrumb\",\"itemListElement\":[{\"@type\":\"ListItem\",\"position\":1,\"name\":\"Portada\",\"item\":\"https:\\\/\\\/www.elvestidorderamon.com\\\/\"},{\"@type\":\"ListItem\",\"position\":2,\"name\":\"Tienda\",\"item\":\"https:\\\/\\\/www.elvestidorderamon.com\\\/tienda\\\/\"},{\"@type\":\"ListItem\",\"position\":3,\"name\":\"MINI PERFUME ARABE BARAKAT ROUGE 50 ML UNISEX LATTAFA (ROJO)\"}]},{\"@type\":\"WebSite\",\"@id\":\"https:\\\/\\\/www.elvestidorderamon.com\\\/es\\\/#website\",\"url\":\"https:\\\/\\\/www.elvestidorderamon.com\\\/es\\\/\",\"name\":\"El vestidor de Ram\u00f3n\",\"description\":\"Tienda Online de moda\",\"publisher\":{\"@id\":\"https:\\\/\\\/www.elvestidorderamon.com\\\/es\\\/#organization\"},\"potentialAction\":[{\"@type\":\"SearchAction\",\"target\":{\"@type\":\"EntryPoint\",\"urlTemplate\":\"https:\\\/\\\/www.elvestidorderamon.com\\\/es\\\/?s={search_term_string}\"},\"query-input\":{\"@type\":\"PropertyValueSpecification\",\"valueRequired\":true,\"valueName\":\"search_term_string\"}}],\"inLanguage\":\"es\"},{\"@type\":\"Organization\",\"@id\":\"https:\\\/\\\/www.elvestidorderamon.com\\\/es\\\/#organization\",\"name\":\"El vestidor de Ram\u00f3n\",\"url\":\"https:\\\/\\\/www.elvestidorderamon.com\\\/es\\\/\",\"logo\":{\"@type\":\"ImageObject\",\"inLanguage\":\"es\",\"@id\":\"https:\\\/\\\/www.elvestidorderamon.com\\\/es\\\/#\\\/schema\\\/logo\\\/image\\\/\",\"url\":\"https:\\\/\\\/www.elvestidorderamon.com\\\/wp-content\\\/uploads\\\/2024\\\/11\\\/cropped-cropped-Sin-titulo-1.png\",\"contentUrl\":\"https:\\\/\\\/www.elvestidorderamon.com\\\/wp-content\\\/uploads\\\/2024\\\/11\\\/cropped-cropped-Sin-titulo-1.png\",\"width\":376,\"height\":376,\"caption\":\"El vestidor de Ram\u00f3n\"},\"image\":{\"@id\":\"https:\\\/\\\/www.elvestidorderamon.com\\\/es\\\/#\\\/schema\\\/logo\\\/image\\\/\"}}]}<\/script>\n<!-- \/ Yoast SEO plugin. -->","yoast_head_json":{"title":"MINI PERFUME ARABE BARAKAT ROUGE 50 ML UNISEX LATTAFA (ROJO) - El vestidor de Ram\u00f3n","robots":{"index":"index","follow":"follow","max-snippet":"max-snippet:-1","max-image-preview":"max-image-preview:large","max-video-preview":"max-video-preview:-1"},"canonical":"https:\/\/www.elvestidorderamon.com\/es\/producto\/mini-perfume-arabe-barakat-rouge-50-ml-unisex-lattafa\/","og_locale":"es_ES","og_type":"article","og_title":"MINI PERFUME ARABE BARAKAT ROUGE 50 ML UNISEX LATTAFA (ROJO) - El vestidor de Ram\u00f3n","og_description":"Baccarat Rouge 540 Extrait Limited Edition\u00a0de\u00a0Maison Francis Kurkdjian\u00a0es una fragancia de la familia olfativa \u00c1mbar Floral para Hombres y Mujeres.\u00a0Baccarat Rouge 540 Extrait Limited Edition\u00a0se lanz\u00f3 en 2020. La Nariz detr\u00e1s de esta fragrancia es Francis Kurkdjian. Las Notas de Salida son almendra amarga y azafr\u00e1n; las Notas de Coraz\u00f3n son jazm\u00edn egipcio y cedro; las Notas de Fondo son \u00e1mbar gris, almizcle y notas amaderadas.","og_url":"https:\/\/www.elvestidorderamon.com\/es\/producto\/mini-perfume-arabe-barakat-rouge-50-ml-unisex-lattafa\/","og_site_name":"El vestidor de Ram\u00f3n","article_modified_time":"2025-07-29T15:41:38+00:00","og_image":[{"width":150,"height":150,"url":"https:\/\/www.elvestidorderamon.com\/wp-content\/uploads\/2025\/01\/b8d6edfc-9e23-4246-86c7-e979346a96b4.webp","type":"image\/webp"}],"twitter_card":"summary_large_image","twitter_misc":{"Tiempo de lectura":"1 minuto"},"schema":{"@context":"https:\/\/schema.org","@graph":[{"@type":"WebPage","@id":"https:\/\/www.elvestidorderamon.com\/producto\/mini-perfume-arabe-barakat-rouge-50-ml-unisex-lattafa\/","url":"https:\/\/www.elvestidorderamon.com\/producto\/mini-perfume-arabe-barakat-rouge-50-ml-unisex-lattafa\/","name":"MINI PERFUME ARABE BARAKAT ROUGE 50 ML UNISEX LATTAFA (ROJO) - El vestidor de Ram\u00f3n","isPartOf":{"@id":"https:\/\/www.elvestidorderamon.com\/es\/#website"},"primaryImageOfPage":{"@id":"https:\/\/www.elvestidorderamon.com\/producto\/mini-perfume-arabe-barakat-rouge-50-ml-unisex-lattafa\/#primaryimage"},"image":{"@id":"https:\/\/www.elvestidorderamon.com\/producto\/mini-perfume-arabe-barakat-rouge-50-ml-unisex-lattafa\/#primaryimage"},"thumbnailUrl":"https:\/\/www.elvestidorderamon.com\/wp-content\/uploads\/2025\/01\/b8d6edfc-9e23-4246-86c7-e979346a96b4.webp","datePublished":"2025-01-25T13:14:48+00:00","dateModified":"2025-07-29T15:41:38+00:00","breadcrumb":{"@id":"https:\/\/www.elvestidorderamon.com\/producto\/mini-perfume-arabe-barakat-rouge-50-ml-unisex-lattafa\/#breadcrumb"},"inLanguage":"es","potentialAction":[{"@type":"ReadAction","target":["https:\/\/www.elvestidorderamon.com\/producto\/mini-perfume-arabe-barakat-rouge-50-ml-unisex-lattafa\/"]}]},{"@type":"ImageObject","inLanguage":"es","@id":"https:\/\/www.elvestidorderamon.com\/producto\/mini-perfume-arabe-barakat-rouge-50-ml-unisex-lattafa\/#primaryimage","url":"https:\/\/www.elvestidorderamon.com\/wp-content\/uploads\/2025\/01\/b8d6edfc-9e23-4246-86c7-e979346a96b4.webp","contentUrl":"https:\/\/www.elvestidorderamon.com\/wp-content\/uploads\/2025\/01\/b8d6edfc-9e23-4246-86c7-e979346a96b4.webp","width":150,"height":150},{"@type":"BreadcrumbList","@id":"https:\/\/www.elvestidorderamon.com\/producto\/mini-perfume-arabe-barakat-rouge-50-ml-unisex-lattafa\/#breadcrumb","itemListElement":[{"@type":"ListItem","position":1,"name":"Portada","item":"https:\/\/www.elvestidorderamon.com\/"},{"@type":"ListItem","position":2,"name":"Tienda","item":"https:\/\/www.elvestidorderamon.com\/tienda\/"},{"@type":"ListItem","position":3,"name":"MINI PERFUME ARABE BARAKAT ROUGE 50 ML UNISEX LATTAFA (ROJO)"}]},{"@type":"WebSite","@id":"https:\/\/www.elvestidorderamon.com\/es\/#website","url":"https:\/\/www.elvestidorderamon.com\/es\/","name":"El vestidor de Ram\u00f3n","description":"Tienda Online de moda","publisher":{"@id":"https:\/\/www.elvestidorderamon.com\/es\/#organization"},"potentialAction":[{"@type":"SearchAction","target":{"@type":"EntryPoint","urlTemplate":"https:\/\/www.elvestidorderamon.com\/es\/?s={search_term_string}"},"query-input":{"@type":"PropertyValueSpecification","valueRequired":true,"valueName":"search_term_string"}}],"inLanguage":"es"},{"@type":"Organization","@id":"https:\/\/www.elvestidorderamon.com\/es\/#organization","name":"El vestidor de Ram\u00f3n","url":"https:\/\/www.elvestidorderamon.com\/es\/","logo":{"@type":"ImageObject","inLanguage":"es","@id":"https:\/\/www.elvestidorderamon.com\/es\/#\/schema\/logo\/image\/","url":"https:\/\/www.elvestidorderamon.com\/wp-content\/uploads\/2024\/11\/cropped-cropped-Sin-titulo-1.png","contentUrl":"https:\/\/www.elvestidorderamon.com\/wp-content\/uploads\/2024\/11\/cropped-cropped-Sin-titulo-1.png","width":376,"height":376,"caption":"El vestidor de Ram\u00f3n"},"image":{"@id":"https:\/\/www.elvestidorderamon.com\/es\/#\/schema\/logo\/image\/"}}]}},"_links":{"self":[{"href":"https:\/\/www.elvestidorderamon.com\/es\/wp-json\/wp\/v2\/product\/1801","targetHints":{"allow":["GET"]}}],"collection":[{"href":"https:\/\/www.elvestidorderamon.com\/es\/wp-json\/wp\/v2\/product"}],"about":[{"href":"https:\/\/www.elvestidorderamon.com\/es\/wp-json\/wp\/v2\/types\/product"}],"wp:featuredmedia":[{"embeddable":true,"href":"https:\/\/www.elvestidorderamon.com\/es\/wp-json\/wp\/v2\/media\/1802"}],"wp:attachment":[{"href":"https:\/\/www.elvestidorderamon.com\/es\/wp-json\/wp\/v2\/media?parent=1801"}],"wp:term":[{"taxonomy":"product_brand","embeddable":true,"href":"https:\/\/www.elvestidorderamon.com\/es\/wp-json\/wp\/v2\/product_brand?post=1801"},{"taxonomy":"product_cat","embeddable":true,"href":"https:\/\/www.elvestidorderamon.com\/es\/wp-json\/wp\/v2\/product_cat?post=1801"},{"taxonomy":"product_tag","embeddable":true,"href":"https:\/\/www.elvestidorderamon.com\/es\/wp-json\/wp\/v2\/product_tag?post=1801"}],"curies":[{"name":"wp","href":"https:\/\/api.w.org\/{rel}","templated":true}]}}