{"id":1803,"date":"2025-01-25T13:37:52","date_gmt":"2025-01-25T13:37:52","guid":{"rendered":"https:\/\/www.elvestidorderamon.com\/?post_type=product&#038;p=1803"},"modified":"2026-01-20T11:41:31","modified_gmt":"2026-01-20T11:41:31","slug":"mini-perfume-arabe-now-50-ml-hombre","status":"publish","type":"product","link":"https:\/\/www.elvestidorderamon.com\/es\/producto\/mini-perfume-arabe-now-50-ml-hombre\/","title":{"rendered":"MINI PERFUME ARABE NOW 50 ML HOMBRE"},"content":{"rendered":"<p>Now de RAVE es una fragancia de la familia olfativa Amaderada Arom\u00e1tica para Hombres. Esta fragrancia es nueva. Now se lanz\u00f3 en 2022. Las Notas de Salida son pi\u00f1a, grosellas negras, bergamota y manzana; las Notas de Coraz\u00f3n son abedul, jazm\u00edn de Marruecos, rosa y pachul\u00ed; las Notas de Fondo son almizcle, vainilla, musgo de roble y \u00e1mbar gris.<\/p>","protected":false},"excerpt":{"rendered":"<p><em><strong>Now de RAVE<\/strong>\u00a0es una fragancia de la familia olfativa Amaderada Arom\u00e1tica para Hombres. Esta fragrancia es nueva. Now se lanz\u00f3 en 2022. Las Notas de Salida son pi\u00f1a, grosellas negras, bergamota y manzana; las Notas de Coraz\u00f3n son abedul, jazm\u00edn de Marruecos, rosa y pachul\u00ed; las Notas de Fondo son almizcle, vainilla, musgo de roble y \u00e1mbar gris.<\/em><\/p>","protected":false},"featured_media":1804,"template":"","meta":[],"product_brand":[],"product_cat":[113],"product_tag":[],"class_list":{"0":"post-1803","1":"product","2":"type-product","3":"status-publish","4":"has-post-thumbnail","6":"product_cat-perfumes-y-ambientadores-arabes","7":"thunk-woo-product-list","8":"opn-qv-enable","9":"big-store-woo-hover-zoom","10":"open-single-product-tab-horizontal","11":"open-shadow-","12":"open-shadow-hover-","14":"first","15":"instock","16":"shipping-taxable","17":"purchasable","18":"product-type-simple"},"yoast_head":"<!-- This site is optimized with the Yoast SEO plugin v27.5 - https:\/\/yoast.com\/product\/yoast-seo-wordpress\/ -->\n<title>MINI PERFUME ARABE NOW 50 ML HOMBRE - El vestidor de Ram\u00f3n<\/title>\n<meta name=\"robots\" content=\"index, follow, max-snippet:-1, max-image-preview:large, max-video-preview:-1\" \/>\n<link rel=\"canonical\" href=\"https:\/\/www.elvestidorderamon.com\/es\/producto\/mini-perfume-arabe-now-50-ml-hombre\/\" \/>\n<meta property=\"og:locale\" content=\"es_ES\" \/>\n<meta property=\"og:type\" content=\"article\" \/>\n<meta property=\"og:title\" content=\"MINI PERFUME ARABE NOW 50 ML HOMBRE - El vestidor de Ram\u00f3n\" \/>\n<meta property=\"og:description\" content=\"Now de RAVE\u00a0es una fragancia de la familia olfativa Amaderada Arom\u00e1tica para Hombres. Esta fragrancia es nueva. Now se lanz\u00f3 en 2022. Las Notas de Salida son pi\u00f1a, grosellas negras, bergamota y manzana; las Notas de Coraz\u00f3n son abedul, jazm\u00edn de Marruecos, rosa y pachul\u00ed; las Notas de Fondo son almizcle, vainilla, musgo de roble y \u00e1mbar gris.\" \/>\n<meta property=\"og:url\" content=\"https:\/\/www.elvestidorderamon.com\/es\/producto\/mini-perfume-arabe-now-50-ml-hombre\/\" \/>\n<meta property=\"og:site_name\" content=\"El vestidor de Ram\u00f3n\" \/>\n<meta property=\"article:modified_time\" content=\"2026-01-20T11:41:31+00:00\" \/>\n<meta property=\"og:image\" content=\"https:\/\/www.elvestidorderamon.com\/wp-content\/uploads\/2025\/01\/WhatsApp-Image-2025-01-25-at-14.34.13.jpeg\" \/>\n\t<meta property=\"og:image:width\" content=\"1200\" \/>\n\t<meta property=\"og:image:height\" content=\"1600\" \/>\n\t<meta property=\"og:image:type\" content=\"image\/jpeg\" \/>\n<meta name=\"twitter:card\" content=\"summary_large_image\" \/>\n<meta name=\"twitter:label1\" content=\"Tiempo de lectura\" \/>\n\t<meta name=\"twitter:data1\" content=\"1 minuto\" \/>\n<script type=\"application\/ld+json\" class=\"yoast-schema-graph\">{\"@context\":\"https:\\\/\\\/schema.org\",\"@graph\":[{\"@type\":\"WebPage\",\"@id\":\"https:\\\/\\\/www.elvestidorderamon.com\\\/producto\\\/mini-perfume-arabe-now-50-ml-hombre\\\/\",\"url\":\"https:\\\/\\\/www.elvestidorderamon.com\\\/producto\\\/mini-perfume-arabe-now-50-ml-hombre\\\/\",\"name\":\"MINI PERFUME ARABE NOW 50 ML HOMBRE - El vestidor de Ram\u00f3n\",\"isPartOf\":{\"@id\":\"https:\\\/\\\/www.elvestidorderamon.com\\\/es\\\/#website\"},\"primaryImageOfPage\":{\"@id\":\"https:\\\/\\\/www.elvestidorderamon.com\\\/producto\\\/mini-perfume-arabe-now-50-ml-hombre\\\/#primaryimage\"},\"image\":{\"@id\":\"https:\\\/\\\/www.elvestidorderamon.com\\\/producto\\\/mini-perfume-arabe-now-50-ml-hombre\\\/#primaryimage\"},\"thumbnailUrl\":\"https:\\\/\\\/www.elvestidorderamon.com\\\/wp-content\\\/uploads\\\/2025\\\/01\\\/WhatsApp-Image-2025-01-25-at-14.34.13.jpeg\",\"datePublished\":\"2025-01-25T13:37:52+00:00\",\"dateModified\":\"2026-01-20T11:41:31+00:00\",\"breadcrumb\":{\"@id\":\"https:\\\/\\\/www.elvestidorderamon.com\\\/producto\\\/mini-perfume-arabe-now-50-ml-hombre\\\/#breadcrumb\"},\"inLanguage\":\"es\",\"potentialAction\":[{\"@type\":\"ReadAction\",\"target\":[\"https:\\\/\\\/www.elvestidorderamon.com\\\/producto\\\/mini-perfume-arabe-now-50-ml-hombre\\\/\"]}]},{\"@type\":\"ImageObject\",\"inLanguage\":\"es\",\"@id\":\"https:\\\/\\\/www.elvestidorderamon.com\\\/producto\\\/mini-perfume-arabe-now-50-ml-hombre\\\/#primaryimage\",\"url\":\"https:\\\/\\\/www.elvestidorderamon.com\\\/wp-content\\\/uploads\\\/2025\\\/01\\\/WhatsApp-Image-2025-01-25-at-14.34.13.jpeg\",\"contentUrl\":\"https:\\\/\\\/www.elvestidorderamon.com\\\/wp-content\\\/uploads\\\/2025\\\/01\\\/WhatsApp-Image-2025-01-25-at-14.34.13.jpeg\",\"width\":1200,\"height\":1600},{\"@type\":\"BreadcrumbList\",\"@id\":\"https:\\\/\\\/www.elvestidorderamon.com\\\/producto\\\/mini-perfume-arabe-now-50-ml-hombre\\\/#breadcrumb\",\"itemListElement\":[{\"@type\":\"ListItem\",\"position\":1,\"name\":\"Portada\",\"item\":\"https:\\\/\\\/www.elvestidorderamon.com\\\/\"},{\"@type\":\"ListItem\",\"position\":2,\"name\":\"Tienda\",\"item\":\"https:\\\/\\\/www.elvestidorderamon.com\\\/tienda\\\/\"},{\"@type\":\"ListItem\",\"position\":3,\"name\":\"MINI PERFUME ARABE NOW 50 ML HOMBRE\"}]},{\"@type\":\"WebSite\",\"@id\":\"https:\\\/\\\/www.elvestidorderamon.com\\\/es\\\/#website\",\"url\":\"https:\\\/\\\/www.elvestidorderamon.com\\\/es\\\/\",\"name\":\"El vestidor de Ram\u00f3n\",\"description\":\"Tienda Online de moda\",\"publisher\":{\"@id\":\"https:\\\/\\\/www.elvestidorderamon.com\\\/es\\\/#organization\"},\"potentialAction\":[{\"@type\":\"SearchAction\",\"target\":{\"@type\":\"EntryPoint\",\"urlTemplate\":\"https:\\\/\\\/www.elvestidorderamon.com\\\/es\\\/?s={search_term_string}\"},\"query-input\":{\"@type\":\"PropertyValueSpecification\",\"valueRequired\":true,\"valueName\":\"search_term_string\"}}],\"inLanguage\":\"es\"},{\"@type\":\"Organization\",\"@id\":\"https:\\\/\\\/www.elvestidorderamon.com\\\/es\\\/#organization\",\"name\":\"El vestidor de Ram\u00f3n\",\"url\":\"https:\\\/\\\/www.elvestidorderamon.com\\\/es\\\/\",\"logo\":{\"@type\":\"ImageObject\",\"inLanguage\":\"es\",\"@id\":\"https:\\\/\\\/www.elvestidorderamon.com\\\/es\\\/#\\\/schema\\\/logo\\\/image\\\/\",\"url\":\"https:\\\/\\\/www.elvestidorderamon.com\\\/wp-content\\\/uploads\\\/2024\\\/11\\\/cropped-cropped-Sin-titulo-1.png\",\"contentUrl\":\"https:\\\/\\\/www.elvestidorderamon.com\\\/wp-content\\\/uploads\\\/2024\\\/11\\\/cropped-cropped-Sin-titulo-1.png\",\"width\":376,\"height\":376,\"caption\":\"El vestidor de Ram\u00f3n\"},\"image\":{\"@id\":\"https:\\\/\\\/www.elvestidorderamon.com\\\/es\\\/#\\\/schema\\\/logo\\\/image\\\/\"}}]}<\/script>\n<!-- \/ Yoast SEO plugin. -->","yoast_head_json":{"title":"MINI PERFUME ARABE NOW 50 ML HOMBRE - El vestidor de Ram\u00f3n","robots":{"index":"index","follow":"follow","max-snippet":"max-snippet:-1","max-image-preview":"max-image-preview:large","max-video-preview":"max-video-preview:-1"},"canonical":"https:\/\/www.elvestidorderamon.com\/es\/producto\/mini-perfume-arabe-now-50-ml-hombre\/","og_locale":"es_ES","og_type":"article","og_title":"MINI PERFUME ARABE NOW 50 ML HOMBRE - El vestidor de Ram\u00f3n","og_description":"Now de RAVE\u00a0es una fragancia de la familia olfativa Amaderada Arom\u00e1tica para Hombres. Esta fragrancia es nueva. Now se lanz\u00f3 en 2022. Las Notas de Salida son pi\u00f1a, grosellas negras, bergamota y manzana; las Notas de Coraz\u00f3n son abedul, jazm\u00edn de Marruecos, rosa y pachul\u00ed; las Notas de Fondo son almizcle, vainilla, musgo de roble y \u00e1mbar gris.","og_url":"https:\/\/www.elvestidorderamon.com\/es\/producto\/mini-perfume-arabe-now-50-ml-hombre\/","og_site_name":"El vestidor de Ram\u00f3n","article_modified_time":"2026-01-20T11:41:31+00:00","og_image":[{"width":1200,"height":1600,"url":"https:\/\/www.elvestidorderamon.com\/wp-content\/uploads\/2025\/01\/WhatsApp-Image-2025-01-25-at-14.34.13.jpeg","type":"image\/jpeg"}],"twitter_card":"summary_large_image","twitter_misc":{"Tiempo de lectura":"1 minuto"},"schema":{"@context":"https:\/\/schema.org","@graph":[{"@type":"WebPage","@id":"https:\/\/www.elvestidorderamon.com\/producto\/mini-perfume-arabe-now-50-ml-hombre\/","url":"https:\/\/www.elvestidorderamon.com\/producto\/mini-perfume-arabe-now-50-ml-hombre\/","name":"MINI PERFUME ARABE NOW 50 ML HOMBRE - El vestidor de Ram\u00f3n","isPartOf":{"@id":"https:\/\/www.elvestidorderamon.com\/es\/#website"},"primaryImageOfPage":{"@id":"https:\/\/www.elvestidorderamon.com\/producto\/mini-perfume-arabe-now-50-ml-hombre\/#primaryimage"},"image":{"@id":"https:\/\/www.elvestidorderamon.com\/producto\/mini-perfume-arabe-now-50-ml-hombre\/#primaryimage"},"thumbnailUrl":"https:\/\/www.elvestidorderamon.com\/wp-content\/uploads\/2025\/01\/WhatsApp-Image-2025-01-25-at-14.34.13.jpeg","datePublished":"2025-01-25T13:37:52+00:00","dateModified":"2026-01-20T11:41:31+00:00","breadcrumb":{"@id":"https:\/\/www.elvestidorderamon.com\/producto\/mini-perfume-arabe-now-50-ml-hombre\/#breadcrumb"},"inLanguage":"es","potentialAction":[{"@type":"ReadAction","target":["https:\/\/www.elvestidorderamon.com\/producto\/mini-perfume-arabe-now-50-ml-hombre\/"]}]},{"@type":"ImageObject","inLanguage":"es","@id":"https:\/\/www.elvestidorderamon.com\/producto\/mini-perfume-arabe-now-50-ml-hombre\/#primaryimage","url":"https:\/\/www.elvestidorderamon.com\/wp-content\/uploads\/2025\/01\/WhatsApp-Image-2025-01-25-at-14.34.13.jpeg","contentUrl":"https:\/\/www.elvestidorderamon.com\/wp-content\/uploads\/2025\/01\/WhatsApp-Image-2025-01-25-at-14.34.13.jpeg","width":1200,"height":1600},{"@type":"BreadcrumbList","@id":"https:\/\/www.elvestidorderamon.com\/producto\/mini-perfume-arabe-now-50-ml-hombre\/#breadcrumb","itemListElement":[{"@type":"ListItem","position":1,"name":"Portada","item":"https:\/\/www.elvestidorderamon.com\/"},{"@type":"ListItem","position":2,"name":"Tienda","item":"https:\/\/www.elvestidorderamon.com\/tienda\/"},{"@type":"ListItem","position":3,"name":"MINI PERFUME ARABE NOW 50 ML HOMBRE"}]},{"@type":"WebSite","@id":"https:\/\/www.elvestidorderamon.com\/es\/#website","url":"https:\/\/www.elvestidorderamon.com\/es\/","name":"El vestidor de Ram\u00f3n","description":"Tienda Online de moda","publisher":{"@id":"https:\/\/www.elvestidorderamon.com\/es\/#organization"},"potentialAction":[{"@type":"SearchAction","target":{"@type":"EntryPoint","urlTemplate":"https:\/\/www.elvestidorderamon.com\/es\/?s={search_term_string}"},"query-input":{"@type":"PropertyValueSpecification","valueRequired":true,"valueName":"search_term_string"}}],"inLanguage":"es"},{"@type":"Organization","@id":"https:\/\/www.elvestidorderamon.com\/es\/#organization","name":"El vestidor de Ram\u00f3n","url":"https:\/\/www.elvestidorderamon.com\/es\/","logo":{"@type":"ImageObject","inLanguage":"es","@id":"https:\/\/www.elvestidorderamon.com\/es\/#\/schema\/logo\/image\/","url":"https:\/\/www.elvestidorderamon.com\/wp-content\/uploads\/2024\/11\/cropped-cropped-Sin-titulo-1.png","contentUrl":"https:\/\/www.elvestidorderamon.com\/wp-content\/uploads\/2024\/11\/cropped-cropped-Sin-titulo-1.png","width":376,"height":376,"caption":"El vestidor de Ram\u00f3n"},"image":{"@id":"https:\/\/www.elvestidorderamon.com\/es\/#\/schema\/logo\/image\/"}}]}},"_links":{"self":[{"href":"https:\/\/www.elvestidorderamon.com\/es\/wp-json\/wp\/v2\/product\/1803","targetHints":{"allow":["GET"]}}],"collection":[{"href":"https:\/\/www.elvestidorderamon.com\/es\/wp-json\/wp\/v2\/product"}],"about":[{"href":"https:\/\/www.elvestidorderamon.com\/es\/wp-json\/wp\/v2\/types\/product"}],"wp:featuredmedia":[{"embeddable":true,"href":"https:\/\/www.elvestidorderamon.com\/es\/wp-json\/wp\/v2\/media\/1804"}],"wp:attachment":[{"href":"https:\/\/www.elvestidorderamon.com\/es\/wp-json\/wp\/v2\/media?parent=1803"}],"wp:term":[{"taxonomy":"product_brand","embeddable":true,"href":"https:\/\/www.elvestidorderamon.com\/es\/wp-json\/wp\/v2\/product_brand?post=1803"},{"taxonomy":"product_cat","embeddable":true,"href":"https:\/\/www.elvestidorderamon.com\/es\/wp-json\/wp\/v2\/product_cat?post=1803"},{"taxonomy":"product_tag","embeddable":true,"href":"https:\/\/www.elvestidorderamon.com\/es\/wp-json\/wp\/v2\/product_tag?post=1803"}],"curies":[{"name":"wp","href":"https:\/\/api.w.org\/{rel}","templated":true}]}}