{"id":1814,"date":"2025-01-26T11:10:06","date_gmt":"2025-01-26T11:10:06","guid":{"rendered":"https:\/\/www.elvestidorderamon.com\/?post_type=product&#038;p=1814"},"modified":"2026-01-19T15:06:42","modified_gmt":"2026-01-19T15:06:42","slug":"perfume-arabe-ameerat-al-arab-100-ml-lattafa","status":"publish","type":"product","link":"https:\/\/www.elvestidorderamon.com\/es\/producto\/perfume-arabe-ameerat-al-arab-100-ml-lattafa\/","title":{"rendered":"PERFUME ARABE AMEERAT AL ARAB 100 ML LATTAFA"},"content":{"rendered":"<p>Fragancia Oriental \u00c1rabe Ameerat Princesa Arabia con notas orientales afrutadas y dulces de almizcle. Ameerat Al Arab de Lattafa es un perfume oriental de larga duraci\u00f3ncon notas c\u00e1lidas y golosas para mujer a jugo con el desodorante. NOTAS: Uvas, Naranja, Rosa, Jazm\u00edn, Almizcle, \u00c1mbar Ameerat Al Arab es una fragancia oriental femenina, elegante y llena de refinamiento. La composici\u00f3n se abre con notas de uva, naranja y manzana, continuando el viaje con acordes de rosa, jazm\u00edn, azucena, ylang\u2013ylang, gardenia y almizcle blanco, colocad sobre una base s\u00f3lida de s\u00e1ndalo, haba tonka y \u00e1mbar. Notas de cabeza:Uvas, Naranja, Marte. Notas de coraz\u00f3n:Rosa, jazm\u00edn, azucena, ylang\u2013ylang, gardenia, almizcle blanco Notas de fondo:S\u00e1ndalo, haba tonka, \u00e1mbar. Capacidad 100ml.<\/p>","protected":false},"excerpt":{"rendered":"<p>Fragancia Oriental \u00c1rabe Ameerat Princesa Arabia con notas orientales afrutadas y dulces de almizcle. Ameerat Al Arab de Lattafa es un perfume oriental de larga duraci\u00f3ncon notas c\u00e1lidas y golosas para mujer a jugo con el desodorante. NOTAS: Uvas, Naranja, Rosa, Jazm\u00edn, Almizcle, \u00c1mbar Ameerat Al Arab es una fragancia oriental femenina, elegante y llena de refinamiento. La composici\u00f3n se abre con notas de uva, naranja y manzana, continuando el viaje con acordes de rosa, jazm\u00edn, azucena, ylang\u2013ylang, gardenia y almizcle blanco, colocad sobre una base s\u00f3lida de s\u00e1ndalo, haba tonka y \u00e1mbar. Notas de cabeza:Uvas, Naranja, Marte. Notas de coraz\u00f3n:Rosa, jazm\u00edn, azucena, ylang\u2013ylang, gardenia, almizcle blanco Notas de fondo:S\u00e1ndalo, haba tonka, \u00e1mbar. Capacidad 100ml.<\/p>","protected":false},"featured_media":1815,"template":"","meta":[],"product_brand":[],"product_cat":[113],"product_tag":[],"class_list":{"0":"post-1814","1":"product","2":"type-product","3":"status-publish","4":"has-post-thumbnail","6":"product_cat-perfumes-y-ambientadores-arabes","7":"thunk-woo-product-list","8":"opn-qv-enable","9":"big-store-woo-hover-zoom","10":"open-single-product-tab-horizontal","11":"open-shadow-","12":"open-shadow-hover-","14":"first","15":"instock","16":"shipping-taxable","17":"purchasable","18":"product-type-simple"},"yoast_head":"<!-- This site is optimized with the Yoast SEO plugin v27.5 - https:\/\/yoast.com\/product\/yoast-seo-wordpress\/ -->\n<title>PERFUME ARABE AMEERAT AL ARAB 100 ML LATTAFA - El vestidor de Ram\u00f3n<\/title>\n<meta name=\"robots\" content=\"index, follow, max-snippet:-1, max-image-preview:large, max-video-preview:-1\" \/>\n<link rel=\"canonical\" href=\"https:\/\/www.elvestidorderamon.com\/es\/producto\/perfume-arabe-ameerat-al-arab-100-ml-lattafa\/\" \/>\n<meta property=\"og:locale\" content=\"es_ES\" \/>\n<meta property=\"og:type\" content=\"article\" \/>\n<meta property=\"og:title\" content=\"PERFUME ARABE AMEERAT AL ARAB 100 ML LATTAFA - El vestidor de Ram\u00f3n\" \/>\n<meta property=\"og:description\" content=\"Fragancia Oriental \u00c1rabe Ameerat Princesa Arabia con notas orientales afrutadas y dulces de almizcle. Ameerat Al Arab de Lattafa es un perfume oriental de larga duraci\u00f3ncon notas c\u00e1lidas y golosas para mujer a jugo con el desodorante. NOTAS: Uvas, Naranja, Rosa, Jazm\u00edn, Almizcle, \u00c1mbar Ameerat Al Arab es una fragancia oriental femenina, elegante y llena de refinamiento. La composici\u00f3n se abre con notas de uva, naranja y manzana, continuando el viaje con acordes de rosa, jazm\u00edn, azucena, ylang\u2013ylang, gardenia y almizcle blanco, colocad sobre una base s\u00f3lida de s\u00e1ndalo, haba tonka y \u00e1mbar. Notas de cabeza:Uvas, Naranja, Marte. Notas de coraz\u00f3n:Rosa, jazm\u00edn, azucena, ylang\u2013ylang, gardenia, almizcle blanco Notas de fondo:S\u00e1ndalo, haba tonka, \u00e1mbar. Capacidad 100ml.\" \/>\n<meta property=\"og:url\" content=\"https:\/\/www.elvestidorderamon.com\/es\/producto\/perfume-arabe-ameerat-al-arab-100-ml-lattafa\/\" \/>\n<meta property=\"og:site_name\" content=\"El vestidor de Ram\u00f3n\" \/>\n<meta property=\"article:modified_time\" content=\"2026-01-19T15:06:42+00:00\" \/>\n<meta property=\"og:image\" content=\"https:\/\/www.elvestidorderamon.com\/wp-content\/uploads\/2025\/01\/perfume-ameerat-al-arab-princess-of-arabia-rojo-100-ml-lattafa.jpg\" \/>\n\t<meta property=\"og:image:width\" content=\"99\" \/>\n\t<meta property=\"og:image:height\" content=\"132\" \/>\n\t<meta property=\"og:image:type\" content=\"image\/jpeg\" \/>\n<meta name=\"twitter:card\" content=\"summary_large_image\" \/>\n<meta name=\"twitter:label1\" content=\"Tiempo de lectura\" \/>\n\t<meta name=\"twitter:data1\" content=\"1 minuto\" \/>\n<script type=\"application\/ld+json\" class=\"yoast-schema-graph\">{\"@context\":\"https:\\\/\\\/schema.org\",\"@graph\":[{\"@type\":\"WebPage\",\"@id\":\"https:\\\/\\\/www.elvestidorderamon.com\\\/producto\\\/perfume-arabe-ameerat-al-arab-100-ml-lattafa\\\/\",\"url\":\"https:\\\/\\\/www.elvestidorderamon.com\\\/producto\\\/perfume-arabe-ameerat-al-arab-100-ml-lattafa\\\/\",\"name\":\"PERFUME ARABE AMEERAT AL ARAB 100 ML LATTAFA - El vestidor de Ram\u00f3n\",\"isPartOf\":{\"@id\":\"https:\\\/\\\/www.elvestidorderamon.com\\\/es\\\/#website\"},\"primaryImageOfPage\":{\"@id\":\"https:\\\/\\\/www.elvestidorderamon.com\\\/producto\\\/perfume-arabe-ameerat-al-arab-100-ml-lattafa\\\/#primaryimage\"},\"image\":{\"@id\":\"https:\\\/\\\/www.elvestidorderamon.com\\\/producto\\\/perfume-arabe-ameerat-al-arab-100-ml-lattafa\\\/#primaryimage\"},\"thumbnailUrl\":\"https:\\\/\\\/www.elvestidorderamon.com\\\/wp-content\\\/uploads\\\/2025\\\/01\\\/perfume-ameerat-al-arab-princess-of-arabia-rojo-100-ml-lattafa.jpg\",\"datePublished\":\"2025-01-26T11:10:06+00:00\",\"dateModified\":\"2026-01-19T15:06:42+00:00\",\"breadcrumb\":{\"@id\":\"https:\\\/\\\/www.elvestidorderamon.com\\\/producto\\\/perfume-arabe-ameerat-al-arab-100-ml-lattafa\\\/#breadcrumb\"},\"inLanguage\":\"es\",\"potentialAction\":[{\"@type\":\"ReadAction\",\"target\":[\"https:\\\/\\\/www.elvestidorderamon.com\\\/producto\\\/perfume-arabe-ameerat-al-arab-100-ml-lattafa\\\/\"]}]},{\"@type\":\"ImageObject\",\"inLanguage\":\"es\",\"@id\":\"https:\\\/\\\/www.elvestidorderamon.com\\\/producto\\\/perfume-arabe-ameerat-al-arab-100-ml-lattafa\\\/#primaryimage\",\"url\":\"https:\\\/\\\/www.elvestidorderamon.com\\\/wp-content\\\/uploads\\\/2025\\\/01\\\/perfume-ameerat-al-arab-princess-of-arabia-rojo-100-ml-lattafa.jpg\",\"contentUrl\":\"https:\\\/\\\/www.elvestidorderamon.com\\\/wp-content\\\/uploads\\\/2025\\\/01\\\/perfume-ameerat-al-arab-princess-of-arabia-rojo-100-ml-lattafa.jpg\",\"width\":99,\"height\":132},{\"@type\":\"BreadcrumbList\",\"@id\":\"https:\\\/\\\/www.elvestidorderamon.com\\\/producto\\\/perfume-arabe-ameerat-al-arab-100-ml-lattafa\\\/#breadcrumb\",\"itemListElement\":[{\"@type\":\"ListItem\",\"position\":1,\"name\":\"Portada\",\"item\":\"https:\\\/\\\/www.elvestidorderamon.com\\\/\"},{\"@type\":\"ListItem\",\"position\":2,\"name\":\"Tienda\",\"item\":\"https:\\\/\\\/www.elvestidorderamon.com\\\/tienda\\\/\"},{\"@type\":\"ListItem\",\"position\":3,\"name\":\"PERFUME ARABE AMEERAT AL ARAB 100 ML LATTAFA\"}]},{\"@type\":\"WebSite\",\"@id\":\"https:\\\/\\\/www.elvestidorderamon.com\\\/es\\\/#website\",\"url\":\"https:\\\/\\\/www.elvestidorderamon.com\\\/es\\\/\",\"name\":\"El vestidor de Ram\u00f3n\",\"description\":\"Tienda Online de moda\",\"publisher\":{\"@id\":\"https:\\\/\\\/www.elvestidorderamon.com\\\/es\\\/#organization\"},\"potentialAction\":[{\"@type\":\"SearchAction\",\"target\":{\"@type\":\"EntryPoint\",\"urlTemplate\":\"https:\\\/\\\/www.elvestidorderamon.com\\\/es\\\/?s={search_term_string}\"},\"query-input\":{\"@type\":\"PropertyValueSpecification\",\"valueRequired\":true,\"valueName\":\"search_term_string\"}}],\"inLanguage\":\"es\"},{\"@type\":\"Organization\",\"@id\":\"https:\\\/\\\/www.elvestidorderamon.com\\\/es\\\/#organization\",\"name\":\"El vestidor de Ram\u00f3n\",\"url\":\"https:\\\/\\\/www.elvestidorderamon.com\\\/es\\\/\",\"logo\":{\"@type\":\"ImageObject\",\"inLanguage\":\"es\",\"@id\":\"https:\\\/\\\/www.elvestidorderamon.com\\\/es\\\/#\\\/schema\\\/logo\\\/image\\\/\",\"url\":\"https:\\\/\\\/www.elvestidorderamon.com\\\/wp-content\\\/uploads\\\/2024\\\/11\\\/cropped-cropped-Sin-titulo-1.png\",\"contentUrl\":\"https:\\\/\\\/www.elvestidorderamon.com\\\/wp-content\\\/uploads\\\/2024\\\/11\\\/cropped-cropped-Sin-titulo-1.png\",\"width\":376,\"height\":376,\"caption\":\"El vestidor de Ram\u00f3n\"},\"image\":{\"@id\":\"https:\\\/\\\/www.elvestidorderamon.com\\\/es\\\/#\\\/schema\\\/logo\\\/image\\\/\"}}]}<\/script>\n<!-- \/ Yoast SEO plugin. -->","yoast_head_json":{"title":"PERFUME ARABE AMEERAT AL ARAB 100 ML LATTAFA - El vestidor de Ram\u00f3n","robots":{"index":"index","follow":"follow","max-snippet":"max-snippet:-1","max-image-preview":"max-image-preview:large","max-video-preview":"max-video-preview:-1"},"canonical":"https:\/\/www.elvestidorderamon.com\/es\/producto\/perfume-arabe-ameerat-al-arab-100-ml-lattafa\/","og_locale":"es_ES","og_type":"article","og_title":"PERFUME ARABE AMEERAT AL ARAB 100 ML LATTAFA - El vestidor de Ram\u00f3n","og_description":"Fragancia Oriental \u00c1rabe Ameerat Princesa Arabia con notas orientales afrutadas y dulces de almizcle. Ameerat Al Arab de Lattafa es un perfume oriental de larga duraci\u00f3ncon notas c\u00e1lidas y golosas para mujer a jugo con el desodorante. NOTAS: Uvas, Naranja, Rosa, Jazm\u00edn, Almizcle, \u00c1mbar Ameerat Al Arab es una fragancia oriental femenina, elegante y llena de refinamiento. La composici\u00f3n se abre con notas de uva, naranja y manzana, continuando el viaje con acordes de rosa, jazm\u00edn, azucena, ylang\u2013ylang, gardenia y almizcle blanco, colocad sobre una base s\u00f3lida de s\u00e1ndalo, haba tonka y \u00e1mbar. Notas de cabeza:Uvas, Naranja, Marte. Notas de coraz\u00f3n:Rosa, jazm\u00edn, azucena, ylang\u2013ylang, gardenia, almizcle blanco Notas de fondo:S\u00e1ndalo, haba tonka, \u00e1mbar. Capacidad 100ml.","og_url":"https:\/\/www.elvestidorderamon.com\/es\/producto\/perfume-arabe-ameerat-al-arab-100-ml-lattafa\/","og_site_name":"El vestidor de Ram\u00f3n","article_modified_time":"2026-01-19T15:06:42+00:00","og_image":[{"width":99,"height":132,"url":"https:\/\/www.elvestidorderamon.com\/wp-content\/uploads\/2025\/01\/perfume-ameerat-al-arab-princess-of-arabia-rojo-100-ml-lattafa.jpg","type":"image\/jpeg"}],"twitter_card":"summary_large_image","twitter_misc":{"Tiempo de lectura":"1 minuto"},"schema":{"@context":"https:\/\/schema.org","@graph":[{"@type":"WebPage","@id":"https:\/\/www.elvestidorderamon.com\/producto\/perfume-arabe-ameerat-al-arab-100-ml-lattafa\/","url":"https:\/\/www.elvestidorderamon.com\/producto\/perfume-arabe-ameerat-al-arab-100-ml-lattafa\/","name":"PERFUME ARABE AMEERAT AL ARAB 100 ML LATTAFA - El vestidor de Ram\u00f3n","isPartOf":{"@id":"https:\/\/www.elvestidorderamon.com\/es\/#website"},"primaryImageOfPage":{"@id":"https:\/\/www.elvestidorderamon.com\/producto\/perfume-arabe-ameerat-al-arab-100-ml-lattafa\/#primaryimage"},"image":{"@id":"https:\/\/www.elvestidorderamon.com\/producto\/perfume-arabe-ameerat-al-arab-100-ml-lattafa\/#primaryimage"},"thumbnailUrl":"https:\/\/www.elvestidorderamon.com\/wp-content\/uploads\/2025\/01\/perfume-ameerat-al-arab-princess-of-arabia-rojo-100-ml-lattafa.jpg","datePublished":"2025-01-26T11:10:06+00:00","dateModified":"2026-01-19T15:06:42+00:00","breadcrumb":{"@id":"https:\/\/www.elvestidorderamon.com\/producto\/perfume-arabe-ameerat-al-arab-100-ml-lattafa\/#breadcrumb"},"inLanguage":"es","potentialAction":[{"@type":"ReadAction","target":["https:\/\/www.elvestidorderamon.com\/producto\/perfume-arabe-ameerat-al-arab-100-ml-lattafa\/"]}]},{"@type":"ImageObject","inLanguage":"es","@id":"https:\/\/www.elvestidorderamon.com\/producto\/perfume-arabe-ameerat-al-arab-100-ml-lattafa\/#primaryimage","url":"https:\/\/www.elvestidorderamon.com\/wp-content\/uploads\/2025\/01\/perfume-ameerat-al-arab-princess-of-arabia-rojo-100-ml-lattafa.jpg","contentUrl":"https:\/\/www.elvestidorderamon.com\/wp-content\/uploads\/2025\/01\/perfume-ameerat-al-arab-princess-of-arabia-rojo-100-ml-lattafa.jpg","width":99,"height":132},{"@type":"BreadcrumbList","@id":"https:\/\/www.elvestidorderamon.com\/producto\/perfume-arabe-ameerat-al-arab-100-ml-lattafa\/#breadcrumb","itemListElement":[{"@type":"ListItem","position":1,"name":"Portada","item":"https:\/\/www.elvestidorderamon.com\/"},{"@type":"ListItem","position":2,"name":"Tienda","item":"https:\/\/www.elvestidorderamon.com\/tienda\/"},{"@type":"ListItem","position":3,"name":"PERFUME ARABE AMEERAT AL ARAB 100 ML LATTAFA"}]},{"@type":"WebSite","@id":"https:\/\/www.elvestidorderamon.com\/es\/#website","url":"https:\/\/www.elvestidorderamon.com\/es\/","name":"El vestidor de Ram\u00f3n","description":"Tienda Online de moda","publisher":{"@id":"https:\/\/www.elvestidorderamon.com\/es\/#organization"},"potentialAction":[{"@type":"SearchAction","target":{"@type":"EntryPoint","urlTemplate":"https:\/\/www.elvestidorderamon.com\/es\/?s={search_term_string}"},"query-input":{"@type":"PropertyValueSpecification","valueRequired":true,"valueName":"search_term_string"}}],"inLanguage":"es"},{"@type":"Organization","@id":"https:\/\/www.elvestidorderamon.com\/es\/#organization","name":"El vestidor de Ram\u00f3n","url":"https:\/\/www.elvestidorderamon.com\/es\/","logo":{"@type":"ImageObject","inLanguage":"es","@id":"https:\/\/www.elvestidorderamon.com\/es\/#\/schema\/logo\/image\/","url":"https:\/\/www.elvestidorderamon.com\/wp-content\/uploads\/2024\/11\/cropped-cropped-Sin-titulo-1.png","contentUrl":"https:\/\/www.elvestidorderamon.com\/wp-content\/uploads\/2024\/11\/cropped-cropped-Sin-titulo-1.png","width":376,"height":376,"caption":"El vestidor de Ram\u00f3n"},"image":{"@id":"https:\/\/www.elvestidorderamon.com\/es\/#\/schema\/logo\/image\/"}}]}},"_links":{"self":[{"href":"https:\/\/www.elvestidorderamon.com\/es\/wp-json\/wp\/v2\/product\/1814","targetHints":{"allow":["GET"]}}],"collection":[{"href":"https:\/\/www.elvestidorderamon.com\/es\/wp-json\/wp\/v2\/product"}],"about":[{"href":"https:\/\/www.elvestidorderamon.com\/es\/wp-json\/wp\/v2\/types\/product"}],"wp:featuredmedia":[{"embeddable":true,"href":"https:\/\/www.elvestidorderamon.com\/es\/wp-json\/wp\/v2\/media\/1815"}],"wp:attachment":[{"href":"https:\/\/www.elvestidorderamon.com\/es\/wp-json\/wp\/v2\/media?parent=1814"}],"wp:term":[{"taxonomy":"product_brand","embeddable":true,"href":"https:\/\/www.elvestidorderamon.com\/es\/wp-json\/wp\/v2\/product_brand?post=1814"},{"taxonomy":"product_cat","embeddable":true,"href":"https:\/\/www.elvestidorderamon.com\/es\/wp-json\/wp\/v2\/product_cat?post=1814"},{"taxonomy":"product_tag","embeddable":true,"href":"https:\/\/www.elvestidorderamon.com\/es\/wp-json\/wp\/v2\/product_tag?post=1814"}],"curies":[{"name":"wp","href":"https:\/\/api.w.org\/{rel}","templated":true}]}}