{"id":3359,"date":"2026-01-20T13:34:54","date_gmt":"2026-01-20T13:34:54","guid":{"rendered":"https:\/\/www.elvestidorderamon.com\/?post_type=product&#038;p=3359"},"modified":"2026-01-20T13:34:55","modified_gmt":"2026-01-20T13:34:55","slug":"serun-facial-yara-candy-30-ml-con-colageno","status":"publish","type":"product","link":"https:\/\/www.elvestidorderamon.com\/es\/producto\/serun-facial-yara-candy-30-ml-con-colageno\/","title":{"rendered":"SERUN FACIAL YARA CANDY 30 ML CON COL\u00c1GENO"},"content":{"rendered":"<p>Este serum reafirmante facial est\u00e1 formulado para una hidrataci\u00f3n intensa. Un serum extremadamente hidratante para el rostro, que deja la piel suave, con un aspecto m\u00e1s terso, combatiendo la aparici\u00f3n de l\u00edneas de expresi\u00f3n y arrugas, para una piel radiante.cuidado facial y corporal<\/p>","protected":false},"excerpt":{"rendered":"<p>Este serum reafirmante facial est\u00e1 formulado para una hidrataci\u00f3n intensa. Un serum extremadamente hidratante para el rostro, que deja la piel suave, con un aspecto m\u00e1s terso, combatiendo la aparici\u00f3n de l\u00edneas de expresi\u00f3n y arrugas, para una piel radiante.cuidado facial y corporal<\/p>","protected":false},"featured_media":3360,"template":"","meta":[],"product_brand":[],"product_cat":[44],"product_tag":[],"class_list":{"0":"post-3359","1":"product","2":"type-product","3":"status-publish","4":"has-post-thumbnail","6":"product_cat-beauty-home","7":"thunk-woo-product-list","8":"opn-qv-enable","9":"big-store-woo-hover-zoom","10":"open-single-product-tab-horizontal","11":"open-shadow-","12":"open-shadow-hover-","14":"first","15":"instock","16":"shipping-taxable","17":"purchasable","18":"product-type-simple"},"yoast_head":"<!-- This site is optimized with the Yoast SEO plugin v27.3 - https:\/\/yoast.com\/product\/yoast-seo-wordpress\/ -->\n<title>SERUN FACIAL YARA CANDY 30 ML CON COL\u00c1GENO - El vestidor de Ram\u00f3n<\/title>\n<meta name=\"robots\" content=\"index, follow, max-snippet:-1, max-image-preview:large, max-video-preview:-1\" \/>\n<link rel=\"canonical\" href=\"https:\/\/www.elvestidorderamon.com\/es\/producto\/serun-facial-yara-candy-30-ml-con-colageno\/\" \/>\n<meta property=\"og:locale\" content=\"es_ES\" \/>\n<meta property=\"og:type\" content=\"article\" \/>\n<meta property=\"og:title\" content=\"SERUN FACIAL YARA CANDY 30 ML CON COL\u00c1GENO - El vestidor de Ram\u00f3n\" \/>\n<meta property=\"og:description\" content=\"Este serum reafirmante facial est\u00e1 formulado para una hidrataci\u00f3n intensa. Un serum extremadamente hidratante para el rostro, que deja la piel suave, con un aspecto m\u00e1s terso, combatiendo la aparici\u00f3n de l\u00edneas de expresi\u00f3n y arrugas, para una piel radiante.cuidado facial y corporal\" \/>\n<meta property=\"og:url\" content=\"https:\/\/www.elvestidorderamon.com\/es\/producto\/serun-facial-yara-candy-30-ml-con-colageno\/\" \/>\n<meta property=\"og:site_name\" content=\"El vestidor de Ram\u00f3n\" \/>\n<meta property=\"article:modified_time\" content=\"2026-01-20T13:34:55+00:00\" \/>\n<meta property=\"og:image\" content=\"https:\/\/www.elvestidorderamon.com\/wp-content\/uploads\/2026\/01\/WhatsApp-Image-2026-01-20-at-14.24.32-scaled.jpeg\" \/>\n\t<meta property=\"og:image:width\" content=\"1920\" \/>\n\t<meta property=\"og:image:height\" content=\"2560\" \/>\n\t<meta property=\"og:image:type\" content=\"image\/jpeg\" \/>\n<meta name=\"twitter:card\" content=\"summary_large_image\" \/>\n<meta name=\"twitter:label1\" content=\"Tiempo de lectura\" \/>\n\t<meta name=\"twitter:data1\" content=\"1 minuto\" \/>\n<script type=\"application\/ld+json\" class=\"yoast-schema-graph\">{\"@context\":\"https:\\\/\\\/schema.org\",\"@graph\":[{\"@type\":\"WebPage\",\"@id\":\"https:\\\/\\\/www.elvestidorderamon.com\\\/producto\\\/serun-facial-yara-candy-30-ml-con-colageno\\\/\",\"url\":\"https:\\\/\\\/www.elvestidorderamon.com\\\/producto\\\/serun-facial-yara-candy-30-ml-con-colageno\\\/\",\"name\":\"SERUN FACIAL YARA CANDY 30 ML CON COL\u00c1GENO - El vestidor de Ram\u00f3n\",\"isPartOf\":{\"@id\":\"https:\\\/\\\/www.elvestidorderamon.com\\\/es\\\/#website\"},\"primaryImageOfPage\":{\"@id\":\"https:\\\/\\\/www.elvestidorderamon.com\\\/producto\\\/serun-facial-yara-candy-30-ml-con-colageno\\\/#primaryimage\"},\"image\":{\"@id\":\"https:\\\/\\\/www.elvestidorderamon.com\\\/producto\\\/serun-facial-yara-candy-30-ml-con-colageno\\\/#primaryimage\"},\"thumbnailUrl\":\"https:\\\/\\\/www.elvestidorderamon.com\\\/wp-content\\\/uploads\\\/2026\\\/01\\\/WhatsApp-Image-2026-01-20-at-14.24.32-scaled.jpeg\",\"datePublished\":\"2026-01-20T13:34:54+00:00\",\"dateModified\":\"2026-01-20T13:34:55+00:00\",\"breadcrumb\":{\"@id\":\"https:\\\/\\\/www.elvestidorderamon.com\\\/producto\\\/serun-facial-yara-candy-30-ml-con-colageno\\\/#breadcrumb\"},\"inLanguage\":\"es\",\"potentialAction\":[{\"@type\":\"ReadAction\",\"target\":[\"https:\\\/\\\/www.elvestidorderamon.com\\\/producto\\\/serun-facial-yara-candy-30-ml-con-colageno\\\/\"]}]},{\"@type\":\"ImageObject\",\"inLanguage\":\"es\",\"@id\":\"https:\\\/\\\/www.elvestidorderamon.com\\\/producto\\\/serun-facial-yara-candy-30-ml-con-colageno\\\/#primaryimage\",\"url\":\"https:\\\/\\\/www.elvestidorderamon.com\\\/wp-content\\\/uploads\\\/2026\\\/01\\\/WhatsApp-Image-2026-01-20-at-14.24.32-scaled.jpeg\",\"contentUrl\":\"https:\\\/\\\/www.elvestidorderamon.com\\\/wp-content\\\/uploads\\\/2026\\\/01\\\/WhatsApp-Image-2026-01-20-at-14.24.32-scaled.jpeg\",\"width\":1920,\"height\":2560},{\"@type\":\"BreadcrumbList\",\"@id\":\"https:\\\/\\\/www.elvestidorderamon.com\\\/producto\\\/serun-facial-yara-candy-30-ml-con-colageno\\\/#breadcrumb\",\"itemListElement\":[{\"@type\":\"ListItem\",\"position\":1,\"name\":\"Portada\",\"item\":\"https:\\\/\\\/www.elvestidorderamon.com\\\/\"},{\"@type\":\"ListItem\",\"position\":2,\"name\":\"Tienda\",\"item\":\"https:\\\/\\\/www.elvestidorderamon.com\\\/tienda\\\/\"},{\"@type\":\"ListItem\",\"position\":3,\"name\":\"SERUN FACIAL YARA CANDY 30 ML CON COL\u00c1GENO\"}]},{\"@type\":\"WebSite\",\"@id\":\"https:\\\/\\\/www.elvestidorderamon.com\\\/es\\\/#website\",\"url\":\"https:\\\/\\\/www.elvestidorderamon.com\\\/es\\\/\",\"name\":\"El vestidor de Ram\u00f3n\",\"description\":\"Tienda Online de moda\",\"publisher\":{\"@id\":\"https:\\\/\\\/www.elvestidorderamon.com\\\/es\\\/#organization\"},\"potentialAction\":[{\"@type\":\"SearchAction\",\"target\":{\"@type\":\"EntryPoint\",\"urlTemplate\":\"https:\\\/\\\/www.elvestidorderamon.com\\\/es\\\/?s={search_term_string}\"},\"query-input\":{\"@type\":\"PropertyValueSpecification\",\"valueRequired\":true,\"valueName\":\"search_term_string\"}}],\"inLanguage\":\"es\"},{\"@type\":\"Organization\",\"@id\":\"https:\\\/\\\/www.elvestidorderamon.com\\\/es\\\/#organization\",\"name\":\"El vestidor de Ram\u00f3n\",\"url\":\"https:\\\/\\\/www.elvestidorderamon.com\\\/es\\\/\",\"logo\":{\"@type\":\"ImageObject\",\"inLanguage\":\"es\",\"@id\":\"https:\\\/\\\/www.elvestidorderamon.com\\\/es\\\/#\\\/schema\\\/logo\\\/image\\\/\",\"url\":\"https:\\\/\\\/www.elvestidorderamon.com\\\/wp-content\\\/uploads\\\/2024\\\/11\\\/cropped-cropped-Sin-titulo-1.png\",\"contentUrl\":\"https:\\\/\\\/www.elvestidorderamon.com\\\/wp-content\\\/uploads\\\/2024\\\/11\\\/cropped-cropped-Sin-titulo-1.png\",\"width\":376,\"height\":376,\"caption\":\"El vestidor de Ram\u00f3n\"},\"image\":{\"@id\":\"https:\\\/\\\/www.elvestidorderamon.com\\\/es\\\/#\\\/schema\\\/logo\\\/image\\\/\"}}]}<\/script>\n<!-- \/ Yoast SEO plugin. -->","yoast_head_json":{"title":"SERUN FACIAL YARA CANDY 30 ML CON COL\u00c1GENO - El vestidor de Ram\u00f3n","robots":{"index":"index","follow":"follow","max-snippet":"max-snippet:-1","max-image-preview":"max-image-preview:large","max-video-preview":"max-video-preview:-1"},"canonical":"https:\/\/www.elvestidorderamon.com\/es\/producto\/serun-facial-yara-candy-30-ml-con-colageno\/","og_locale":"es_ES","og_type":"article","og_title":"SERUN FACIAL YARA CANDY 30 ML CON COL\u00c1GENO - El vestidor de Ram\u00f3n","og_description":"Este serum reafirmante facial est\u00e1 formulado para una hidrataci\u00f3n intensa. Un serum extremadamente hidratante para el rostro, que deja la piel suave, con un aspecto m\u00e1s terso, combatiendo la aparici\u00f3n de l\u00edneas de expresi\u00f3n y arrugas, para una piel radiante.cuidado facial y corporal","og_url":"https:\/\/www.elvestidorderamon.com\/es\/producto\/serun-facial-yara-candy-30-ml-con-colageno\/","og_site_name":"El vestidor de Ram\u00f3n","article_modified_time":"2026-01-20T13:34:55+00:00","og_image":[{"width":1920,"height":2560,"url":"https:\/\/www.elvestidorderamon.com\/wp-content\/uploads\/2026\/01\/WhatsApp-Image-2026-01-20-at-14.24.32-scaled.jpeg","type":"image\/jpeg"}],"twitter_card":"summary_large_image","twitter_misc":{"Tiempo de lectura":"1 minuto"},"schema":{"@context":"https:\/\/schema.org","@graph":[{"@type":"WebPage","@id":"https:\/\/www.elvestidorderamon.com\/producto\/serun-facial-yara-candy-30-ml-con-colageno\/","url":"https:\/\/www.elvestidorderamon.com\/producto\/serun-facial-yara-candy-30-ml-con-colageno\/","name":"SERUN FACIAL YARA CANDY 30 ML CON COL\u00c1GENO - El vestidor de Ram\u00f3n","isPartOf":{"@id":"https:\/\/www.elvestidorderamon.com\/es\/#website"},"primaryImageOfPage":{"@id":"https:\/\/www.elvestidorderamon.com\/producto\/serun-facial-yara-candy-30-ml-con-colageno\/#primaryimage"},"image":{"@id":"https:\/\/www.elvestidorderamon.com\/producto\/serun-facial-yara-candy-30-ml-con-colageno\/#primaryimage"},"thumbnailUrl":"https:\/\/www.elvestidorderamon.com\/wp-content\/uploads\/2026\/01\/WhatsApp-Image-2026-01-20-at-14.24.32-scaled.jpeg","datePublished":"2026-01-20T13:34:54+00:00","dateModified":"2026-01-20T13:34:55+00:00","breadcrumb":{"@id":"https:\/\/www.elvestidorderamon.com\/producto\/serun-facial-yara-candy-30-ml-con-colageno\/#breadcrumb"},"inLanguage":"es","potentialAction":[{"@type":"ReadAction","target":["https:\/\/www.elvestidorderamon.com\/producto\/serun-facial-yara-candy-30-ml-con-colageno\/"]}]},{"@type":"ImageObject","inLanguage":"es","@id":"https:\/\/www.elvestidorderamon.com\/producto\/serun-facial-yara-candy-30-ml-con-colageno\/#primaryimage","url":"https:\/\/www.elvestidorderamon.com\/wp-content\/uploads\/2026\/01\/WhatsApp-Image-2026-01-20-at-14.24.32-scaled.jpeg","contentUrl":"https:\/\/www.elvestidorderamon.com\/wp-content\/uploads\/2026\/01\/WhatsApp-Image-2026-01-20-at-14.24.32-scaled.jpeg","width":1920,"height":2560},{"@type":"BreadcrumbList","@id":"https:\/\/www.elvestidorderamon.com\/producto\/serun-facial-yara-candy-30-ml-con-colageno\/#breadcrumb","itemListElement":[{"@type":"ListItem","position":1,"name":"Portada","item":"https:\/\/www.elvestidorderamon.com\/"},{"@type":"ListItem","position":2,"name":"Tienda","item":"https:\/\/www.elvestidorderamon.com\/tienda\/"},{"@type":"ListItem","position":3,"name":"SERUN FACIAL YARA CANDY 30 ML CON COL\u00c1GENO"}]},{"@type":"WebSite","@id":"https:\/\/www.elvestidorderamon.com\/es\/#website","url":"https:\/\/www.elvestidorderamon.com\/es\/","name":"El vestidor de Ram\u00f3n","description":"Tienda Online de moda","publisher":{"@id":"https:\/\/www.elvestidorderamon.com\/es\/#organization"},"potentialAction":[{"@type":"SearchAction","target":{"@type":"EntryPoint","urlTemplate":"https:\/\/www.elvestidorderamon.com\/es\/?s={search_term_string}"},"query-input":{"@type":"PropertyValueSpecification","valueRequired":true,"valueName":"search_term_string"}}],"inLanguage":"es"},{"@type":"Organization","@id":"https:\/\/www.elvestidorderamon.com\/es\/#organization","name":"El vestidor de Ram\u00f3n","url":"https:\/\/www.elvestidorderamon.com\/es\/","logo":{"@type":"ImageObject","inLanguage":"es","@id":"https:\/\/www.elvestidorderamon.com\/es\/#\/schema\/logo\/image\/","url":"https:\/\/www.elvestidorderamon.com\/wp-content\/uploads\/2024\/11\/cropped-cropped-Sin-titulo-1.png","contentUrl":"https:\/\/www.elvestidorderamon.com\/wp-content\/uploads\/2024\/11\/cropped-cropped-Sin-titulo-1.png","width":376,"height":376,"caption":"El vestidor de Ram\u00f3n"},"image":{"@id":"https:\/\/www.elvestidorderamon.com\/es\/#\/schema\/logo\/image\/"}}]}},"_links":{"self":[{"href":"https:\/\/www.elvestidorderamon.com\/es\/wp-json\/wp\/v2\/product\/3359","targetHints":{"allow":["GET"]}}],"collection":[{"href":"https:\/\/www.elvestidorderamon.com\/es\/wp-json\/wp\/v2\/product"}],"about":[{"href":"https:\/\/www.elvestidorderamon.com\/es\/wp-json\/wp\/v2\/types\/product"}],"wp:featuredmedia":[{"embeddable":true,"href":"https:\/\/www.elvestidorderamon.com\/es\/wp-json\/wp\/v2\/media\/3360"}],"wp:attachment":[{"href":"https:\/\/www.elvestidorderamon.com\/es\/wp-json\/wp\/v2\/media?parent=3359"}],"wp:term":[{"taxonomy":"product_brand","embeddable":true,"href":"https:\/\/www.elvestidorderamon.com\/es\/wp-json\/wp\/v2\/product_brand?post=3359"},{"taxonomy":"product_cat","embeddable":true,"href":"https:\/\/www.elvestidorderamon.com\/es\/wp-json\/wp\/v2\/product_cat?post=3359"},{"taxonomy":"product_tag","embeddable":true,"href":"https:\/\/www.elvestidorderamon.com\/es\/wp-json\/wp\/v2\/product_tag?post=3359"}],"curies":[{"name":"wp","href":"https:\/\/api.w.org\/{rel}","templated":true}]}}