{"id":3404,"date":"2026-01-22T17:11:48","date_gmt":"2026-01-22T17:11:48","guid":{"rendered":"https:\/\/www.elvestidorderamon.com\/?post_type=product&#038;p=3404"},"modified":"2026-01-22T17:11:48","modified_gmt":"2026-01-22T17:11:48","slug":"salerm-21-proteinas-de-seda-250-ml","status":"publish","type":"product","link":"https:\/\/www.elvestidorderamon.com\/es\/producto\/salerm-21-proteinas-de-seda-250-ml\/","title":{"rendered":"SALERM 21 PROTEINAS DE SEDA 250 ML"},"content":{"rendered":"<p><strong>Salerm 21 Mascarilla 250ml<\/strong>\u00a0es un tratamiento esencial para revitalizar el cabello, otorg\u00e1ndole\u00a0<strong>brillo<\/strong>\u00a0y\u00a0<strong>vitalidad<\/strong>. Su f\u00f3rmula exclusiva, enriquecida con\u00a0<strong>prote\u00ednas de seda<\/strong>, est\u00e1 destinada a reparar y proteger el cabello seco, da\u00f1ado o maltratado, proporcionando una\u00a0<strong>hidrataci\u00f3n intensa<\/strong>\u00a0desde la primera aplicaci\u00f3n.<\/p>\n<p>Gracias a su acci\u00f3n\u00a0<strong>superhidratante<\/strong>, esta mascarilla repara la estructura capilar desde el interior, mejorando:<\/p>\n<ul>\n<li><strong>Suavidad<\/strong><\/li>\n<li><strong>Brillo<\/strong><\/li>\n<li><strong>Control del encrespamiento<\/strong><\/li>\n<\/ul>\n<p>Ofrece beneficios como:<\/p>\n<ul>\n<li><strong>Protecci\u00f3n t\u00e9rmica<\/strong>\u00a0contra el calor<\/li>\n<li><strong>Filtros UV<\/strong>\u00a0que conservan el color<\/li>\n<li><strong>Efecto desenredante<\/strong>\u00a0inmediato<\/li>\n<li><strong>Prevenci\u00f3n de puntas abiertas<\/strong><\/li>\n<\/ul>\n<p>Con el uso de\u00a0<strong>Salerm 21 Mascarilla 250ml<\/strong>, el cabello se vuelve m\u00e1s\u00a0<strong>fuerte<\/strong>,\u00a0<strong>manejable<\/strong>\u00a0y con\u00a0<strong>mayor volumen<\/strong>, logrando\u00a0<strong>resultados profesionales<\/strong>\u00a0y un aspecto visiblemente renovado.<\/p>","protected":false},"excerpt":{"rendered":"<p>Salerm 21 Mascarilla 250ml\u00a0es un tratamiento esencial para revitalizar el cabello, otorg\u00e1ndole\u00a0brillo\u00a0y\u00a0vitalidad. Su f\u00f3rmula exclusiva, enriquecida con\u00a0prote\u00ednas de seda, est\u00e1 destinada a reparar y proteger el cabello seco, da\u00f1ado o maltratado, proporcionando una\u00a0hidrataci\u00f3n intensa\u00a0desde la primera aplicaci\u00f3n. Gracias a su acci\u00f3n\u00a0superhidratante, esta mascarilla repara la estructura capilar desde el interior, mejorando: Suavidad Brillo Control del &hellip;<\/p>\n<p class=\"read-more\"> <a class=\"thunk-readmore button\" href=\"https:\/\/www.elvestidorderamon.com\/es\/producto\/salerm-21-proteinas-de-seda-250-ml\/\"> <span class=\"screen-reader-text\">SALERM 21 PROTEINAS DE SEDA 250 ML<\/span>Leer m\u00e1s<\/a><\/p>","protected":false},"featured_media":3405,"template":"","meta":[],"product_brand":[],"product_cat":[47],"product_tag":[],"class_list":{"0":"post-3404","1":"product","2":"type-product","3":"status-publish","4":"has-post-thumbnail","6":"product_cat-destacados","7":"thunk-woo-product-list","8":"opn-qv-enable","9":"big-store-woo-hover-zoom","10":"open-single-product-tab-horizontal","11":"open-shadow-","12":"open-shadow-hover-","14":"first","15":"instock","16":"shipping-taxable","17":"purchasable","18":"product-type-simple"},"yoast_head":"<!-- This site is optimized with the Yoast SEO plugin v27.5 - https:\/\/yoast.com\/product\/yoast-seo-wordpress\/ -->\n<title>SALERM 21 PROTEINAS DE SEDA 250 ML - El vestidor de Ram\u00f3n<\/title>\n<meta name=\"robots\" content=\"index, follow, max-snippet:-1, max-image-preview:large, max-video-preview:-1\" \/>\n<link rel=\"canonical\" href=\"https:\/\/www.elvestidorderamon.com\/es\/producto\/salerm-21-proteinas-de-seda-250-ml\/\" \/>\n<meta property=\"og:locale\" content=\"es_ES\" \/>\n<meta property=\"og:type\" content=\"article\" \/>\n<meta property=\"og:title\" content=\"SALERM 21 PROTEINAS DE SEDA 250 ML - El vestidor de Ram\u00f3n\" \/>\n<meta property=\"og:description\" content=\"Salerm 21 Mascarilla 250ml\u00a0es un tratamiento esencial para revitalizar el cabello, otorg\u00e1ndole\u00a0brillo\u00a0y\u00a0vitalidad. Su f\u00f3rmula exclusiva, enriquecida con\u00a0prote\u00ednas de seda, est\u00e1 destinada a reparar y proteger el cabello seco, da\u00f1ado o maltratado, proporcionando una\u00a0hidrataci\u00f3n intensa\u00a0desde la primera aplicaci\u00f3n. Gracias a su acci\u00f3n\u00a0superhidratante, esta mascarilla repara la estructura capilar desde el interior, mejorando: Suavidad Brillo Control del &hellip; SALERM 21 PROTEINAS DE SEDA 250 MLLeer m\u00e1s\" \/>\n<meta property=\"og:url\" content=\"https:\/\/www.elvestidorderamon.com\/es\/producto\/salerm-21-proteinas-de-seda-250-ml\/\" \/>\n<meta property=\"og:site_name\" content=\"El vestidor de Ram\u00f3n\" \/>\n<meta property=\"og:image\" content=\"https:\/\/www.elvestidorderamon.com\/wp-content\/uploads\/2026\/01\/OIP-11.jpg\" \/>\n\t<meta property=\"og:image:width\" content=\"157\" \/>\n\t<meta property=\"og:image:height\" content=\"180\" \/>\n\t<meta property=\"og:image:type\" content=\"image\/jpeg\" \/>\n<meta name=\"twitter:card\" content=\"summary_large_image\" \/>\n<meta name=\"twitter:label1\" content=\"Tiempo de lectura\" \/>\n\t<meta name=\"twitter:data1\" content=\"1 minuto\" \/>\n<script type=\"application\/ld+json\" class=\"yoast-schema-graph\">{\"@context\":\"https:\\\/\\\/schema.org\",\"@graph\":[{\"@type\":\"WebPage\",\"@id\":\"https:\\\/\\\/www.elvestidorderamon.com\\\/producto\\\/salerm-21-proteinas-de-seda-250-ml\\\/\",\"url\":\"https:\\\/\\\/www.elvestidorderamon.com\\\/producto\\\/salerm-21-proteinas-de-seda-250-ml\\\/\",\"name\":\"SALERM 21 PROTEINAS DE SEDA 250 ML - El vestidor de Ram\u00f3n\",\"isPartOf\":{\"@id\":\"https:\\\/\\\/www.elvestidorderamon.com\\\/es\\\/#website\"},\"primaryImageOfPage\":{\"@id\":\"https:\\\/\\\/www.elvestidorderamon.com\\\/producto\\\/salerm-21-proteinas-de-seda-250-ml\\\/#primaryimage\"},\"image\":{\"@id\":\"https:\\\/\\\/www.elvestidorderamon.com\\\/producto\\\/salerm-21-proteinas-de-seda-250-ml\\\/#primaryimage\"},\"thumbnailUrl\":\"https:\\\/\\\/www.elvestidorderamon.com\\\/wp-content\\\/uploads\\\/2026\\\/01\\\/OIP-11.jpg\",\"datePublished\":\"2026-01-22T17:11:48+00:00\",\"breadcrumb\":{\"@id\":\"https:\\\/\\\/www.elvestidorderamon.com\\\/producto\\\/salerm-21-proteinas-de-seda-250-ml\\\/#breadcrumb\"},\"inLanguage\":\"es\",\"potentialAction\":[{\"@type\":\"ReadAction\",\"target\":[\"https:\\\/\\\/www.elvestidorderamon.com\\\/producto\\\/salerm-21-proteinas-de-seda-250-ml\\\/\"]}]},{\"@type\":\"ImageObject\",\"inLanguage\":\"es\",\"@id\":\"https:\\\/\\\/www.elvestidorderamon.com\\\/producto\\\/salerm-21-proteinas-de-seda-250-ml\\\/#primaryimage\",\"url\":\"https:\\\/\\\/www.elvestidorderamon.com\\\/wp-content\\\/uploads\\\/2026\\\/01\\\/OIP-11.jpg\",\"contentUrl\":\"https:\\\/\\\/www.elvestidorderamon.com\\\/wp-content\\\/uploads\\\/2026\\\/01\\\/OIP-11.jpg\",\"width\":157,\"height\":180},{\"@type\":\"BreadcrumbList\",\"@id\":\"https:\\\/\\\/www.elvestidorderamon.com\\\/producto\\\/salerm-21-proteinas-de-seda-250-ml\\\/#breadcrumb\",\"itemListElement\":[{\"@type\":\"ListItem\",\"position\":1,\"name\":\"Portada\",\"item\":\"https:\\\/\\\/www.elvestidorderamon.com\\\/\"},{\"@type\":\"ListItem\",\"position\":2,\"name\":\"Tienda\",\"item\":\"https:\\\/\\\/www.elvestidorderamon.com\\\/tienda\\\/\"},{\"@type\":\"ListItem\",\"position\":3,\"name\":\"SALERM 21 PROTEINAS DE SEDA 250 ML\"}]},{\"@type\":\"WebSite\",\"@id\":\"https:\\\/\\\/www.elvestidorderamon.com\\\/es\\\/#website\",\"url\":\"https:\\\/\\\/www.elvestidorderamon.com\\\/es\\\/\",\"name\":\"El vestidor de Ram\u00f3n\",\"description\":\"Tienda Online de moda\",\"publisher\":{\"@id\":\"https:\\\/\\\/www.elvestidorderamon.com\\\/es\\\/#organization\"},\"potentialAction\":[{\"@type\":\"SearchAction\",\"target\":{\"@type\":\"EntryPoint\",\"urlTemplate\":\"https:\\\/\\\/www.elvestidorderamon.com\\\/es\\\/?s={search_term_string}\"},\"query-input\":{\"@type\":\"PropertyValueSpecification\",\"valueRequired\":true,\"valueName\":\"search_term_string\"}}],\"inLanguage\":\"es\"},{\"@type\":\"Organization\",\"@id\":\"https:\\\/\\\/www.elvestidorderamon.com\\\/es\\\/#organization\",\"name\":\"El vestidor de Ram\u00f3n\",\"url\":\"https:\\\/\\\/www.elvestidorderamon.com\\\/es\\\/\",\"logo\":{\"@type\":\"ImageObject\",\"inLanguage\":\"es\",\"@id\":\"https:\\\/\\\/www.elvestidorderamon.com\\\/es\\\/#\\\/schema\\\/logo\\\/image\\\/\",\"url\":\"https:\\\/\\\/www.elvestidorderamon.com\\\/wp-content\\\/uploads\\\/2024\\\/11\\\/cropped-cropped-Sin-titulo-1.png\",\"contentUrl\":\"https:\\\/\\\/www.elvestidorderamon.com\\\/wp-content\\\/uploads\\\/2024\\\/11\\\/cropped-cropped-Sin-titulo-1.png\",\"width\":376,\"height\":376,\"caption\":\"El vestidor de Ram\u00f3n\"},\"image\":{\"@id\":\"https:\\\/\\\/www.elvestidorderamon.com\\\/es\\\/#\\\/schema\\\/logo\\\/image\\\/\"}}]}<\/script>\n<!-- \/ Yoast SEO plugin. -->","yoast_head_json":{"title":"SALERM 21 PROTEINAS DE SEDA 250 ML - El vestidor de Ram\u00f3n","robots":{"index":"index","follow":"follow","max-snippet":"max-snippet:-1","max-image-preview":"max-image-preview:large","max-video-preview":"max-video-preview:-1"},"canonical":"https:\/\/www.elvestidorderamon.com\/es\/producto\/salerm-21-proteinas-de-seda-250-ml\/","og_locale":"es_ES","og_type":"article","og_title":"SALERM 21 PROTEINAS DE SEDA 250 ML - El vestidor de Ram\u00f3n","og_description":"Salerm 21 Mascarilla 250ml\u00a0es un tratamiento esencial para revitalizar el cabello, otorg\u00e1ndole\u00a0brillo\u00a0y\u00a0vitalidad. Su f\u00f3rmula exclusiva, enriquecida con\u00a0prote\u00ednas de seda, est\u00e1 destinada a reparar y proteger el cabello seco, da\u00f1ado o maltratado, proporcionando una\u00a0hidrataci\u00f3n intensa\u00a0desde la primera aplicaci\u00f3n. Gracias a su acci\u00f3n\u00a0superhidratante, esta mascarilla repara la estructura capilar desde el interior, mejorando: Suavidad Brillo Control del &hellip; SALERM 21 PROTEINAS DE SEDA 250 MLLeer m\u00e1s","og_url":"https:\/\/www.elvestidorderamon.com\/es\/producto\/salerm-21-proteinas-de-seda-250-ml\/","og_site_name":"El vestidor de Ram\u00f3n","og_image":[{"width":157,"height":180,"url":"https:\/\/www.elvestidorderamon.com\/wp-content\/uploads\/2026\/01\/OIP-11.jpg","type":"image\/jpeg"}],"twitter_card":"summary_large_image","twitter_misc":{"Tiempo de lectura":"1 minuto"},"schema":{"@context":"https:\/\/schema.org","@graph":[{"@type":"WebPage","@id":"https:\/\/www.elvestidorderamon.com\/producto\/salerm-21-proteinas-de-seda-250-ml\/","url":"https:\/\/www.elvestidorderamon.com\/producto\/salerm-21-proteinas-de-seda-250-ml\/","name":"SALERM 21 PROTEINAS DE SEDA 250 ML - El vestidor de Ram\u00f3n","isPartOf":{"@id":"https:\/\/www.elvestidorderamon.com\/es\/#website"},"primaryImageOfPage":{"@id":"https:\/\/www.elvestidorderamon.com\/producto\/salerm-21-proteinas-de-seda-250-ml\/#primaryimage"},"image":{"@id":"https:\/\/www.elvestidorderamon.com\/producto\/salerm-21-proteinas-de-seda-250-ml\/#primaryimage"},"thumbnailUrl":"https:\/\/www.elvestidorderamon.com\/wp-content\/uploads\/2026\/01\/OIP-11.jpg","datePublished":"2026-01-22T17:11:48+00:00","breadcrumb":{"@id":"https:\/\/www.elvestidorderamon.com\/producto\/salerm-21-proteinas-de-seda-250-ml\/#breadcrumb"},"inLanguage":"es","potentialAction":[{"@type":"ReadAction","target":["https:\/\/www.elvestidorderamon.com\/producto\/salerm-21-proteinas-de-seda-250-ml\/"]}]},{"@type":"ImageObject","inLanguage":"es","@id":"https:\/\/www.elvestidorderamon.com\/producto\/salerm-21-proteinas-de-seda-250-ml\/#primaryimage","url":"https:\/\/www.elvestidorderamon.com\/wp-content\/uploads\/2026\/01\/OIP-11.jpg","contentUrl":"https:\/\/www.elvestidorderamon.com\/wp-content\/uploads\/2026\/01\/OIP-11.jpg","width":157,"height":180},{"@type":"BreadcrumbList","@id":"https:\/\/www.elvestidorderamon.com\/producto\/salerm-21-proteinas-de-seda-250-ml\/#breadcrumb","itemListElement":[{"@type":"ListItem","position":1,"name":"Portada","item":"https:\/\/www.elvestidorderamon.com\/"},{"@type":"ListItem","position":2,"name":"Tienda","item":"https:\/\/www.elvestidorderamon.com\/tienda\/"},{"@type":"ListItem","position":3,"name":"SALERM 21 PROTEINAS DE SEDA 250 ML"}]},{"@type":"WebSite","@id":"https:\/\/www.elvestidorderamon.com\/es\/#website","url":"https:\/\/www.elvestidorderamon.com\/es\/","name":"El vestidor de Ram\u00f3n","description":"Tienda Online de moda","publisher":{"@id":"https:\/\/www.elvestidorderamon.com\/es\/#organization"},"potentialAction":[{"@type":"SearchAction","target":{"@type":"EntryPoint","urlTemplate":"https:\/\/www.elvestidorderamon.com\/es\/?s={search_term_string}"},"query-input":{"@type":"PropertyValueSpecification","valueRequired":true,"valueName":"search_term_string"}}],"inLanguage":"es"},{"@type":"Organization","@id":"https:\/\/www.elvestidorderamon.com\/es\/#organization","name":"El vestidor de Ram\u00f3n","url":"https:\/\/www.elvestidorderamon.com\/es\/","logo":{"@type":"ImageObject","inLanguage":"es","@id":"https:\/\/www.elvestidorderamon.com\/es\/#\/schema\/logo\/image\/","url":"https:\/\/www.elvestidorderamon.com\/wp-content\/uploads\/2024\/11\/cropped-cropped-Sin-titulo-1.png","contentUrl":"https:\/\/www.elvestidorderamon.com\/wp-content\/uploads\/2024\/11\/cropped-cropped-Sin-titulo-1.png","width":376,"height":376,"caption":"El vestidor de Ram\u00f3n"},"image":{"@id":"https:\/\/www.elvestidorderamon.com\/es\/#\/schema\/logo\/image\/"}}]}},"_links":{"self":[{"href":"https:\/\/www.elvestidorderamon.com\/es\/wp-json\/wp\/v2\/product\/3404","targetHints":{"allow":["GET"]}}],"collection":[{"href":"https:\/\/www.elvestidorderamon.com\/es\/wp-json\/wp\/v2\/product"}],"about":[{"href":"https:\/\/www.elvestidorderamon.com\/es\/wp-json\/wp\/v2\/types\/product"}],"wp:featuredmedia":[{"embeddable":true,"href":"https:\/\/www.elvestidorderamon.com\/es\/wp-json\/wp\/v2\/media\/3405"}],"wp:attachment":[{"href":"https:\/\/www.elvestidorderamon.com\/es\/wp-json\/wp\/v2\/media?parent=3404"}],"wp:term":[{"taxonomy":"product_brand","embeddable":true,"href":"https:\/\/www.elvestidorderamon.com\/es\/wp-json\/wp\/v2\/product_brand?post=3404"},{"taxonomy":"product_cat","embeddable":true,"href":"https:\/\/www.elvestidorderamon.com\/es\/wp-json\/wp\/v2\/product_cat?post=3404"},{"taxonomy":"product_tag","embeddable":true,"href":"https:\/\/www.elvestidorderamon.com\/es\/wp-json\/wp\/v2\/product_tag?post=3404"}],"curies":[{"name":"wp","href":"https:\/\/api.w.org\/{rel}","templated":true}]}}