{"id":3411,"date":"2026-01-22T17:49:59","date_gmt":"2026-01-22T17:49:59","guid":{"rendered":"https:\/\/www.elvestidorderamon.com\/?post_type=product&#038;p=3411"},"modified":"2026-01-22T17:54:36","modified_gmt":"2026-01-22T17:54:36","slug":"mascarilla-grapeology-bioquera-salerm-200-ml","status":"publish","type":"product","link":"https:\/\/www.elvestidorderamon.com\/es\/producto\/mascarilla-grapeology-bioquera-salerm-200-ml\/","title":{"rendered":"MASCARILLA GRAPEOLOGY BIOQUERA SALERM 200 ML"},"content":{"rendered":"<p>Nutre en profundidad el cabello Con propiedades antioxidantes para el color Mascarilla Grapeology es una mascarilla de aceite a base de pepita de uva procedente de bodegas de La Rioja (Espa\u00f1a) triturada que nutre e hidrata en profundidad el cabello. Su f\u00f3rmula con un alto contenido en Vitamina E, prote\u00ednas y arginina, repara y mejora el brillo natural del cabello adem\u00e1s de aportar fuerza y elasticidad. Su alto contenido en antioxidantes protege el cabello frente a agentes externos y disminuye el envejecimiento. Con un extra de nutrici\u00f3n y suavidad, Mascarilla Grapeology est\u00e1 especialmente indicado para cabellos coloreados ya que mantiene la tonalidad en cabellos blancos o decolorados, pudi\u00e9ndose utilizar en todos los lavados si es necesario. MODO DE EMPLEO Despu\u00e9s del lavado, aplica Mascarilla Grapeology por todo el cabello, sin tocar el cuero cabelludo. Peina para repartir y deja unos minutos de tiempo de acci\u00f3n. Enjuaga con agua tibia y procede al peinado.<\/p>","protected":false},"excerpt":{"rendered":"<p>Nutre en profundidad el cabello Con propiedades antioxidantes para el color Mascarilla Grapeology es una mascarilla de aceite a base de pepita de uva procedente de bodegas de La Rioja (Espa\u00f1a) triturada que nutre e hidrata en profundidad el cabello. Su f\u00f3rmula con un alto contenido en Vitamina E, prote\u00ednas y arginina, repara y mejora &hellip;<\/p>\n<p class=\"read-more\"> <a class=\"thunk-readmore button\" href=\"https:\/\/www.elvestidorderamon.com\/es\/producto\/mascarilla-grapeology-bioquera-salerm-200-ml\/\"> <span class=\"screen-reader-text\">MASCARILLA GRAPEOLOGY BIOQUERA SALERM 200 ML<\/span>Leer m\u00e1s<\/a><\/p>","protected":false},"featured_media":3413,"template":"","meta":[],"product_brand":[],"product_cat":[47],"product_tag":[],"class_list":{"0":"post-3411","1":"product","2":"type-product","3":"status-publish","4":"has-post-thumbnail","6":"product_cat-destacados","7":"thunk-woo-product-list","8":"opn-qv-enable","9":"big-store-woo-hover-zoom","10":"open-single-product-tab-horizontal","11":"open-shadow-","12":"open-shadow-hover-","14":"first","15":"instock","16":"shipping-taxable","17":"purchasable","18":"product-type-simple"},"yoast_head":"<!-- This site is optimized with the Yoast SEO plugin v27.3 - https:\/\/yoast.com\/product\/yoast-seo-wordpress\/ -->\n<title>MASCARILLA GRAPEOLOGY BIOQUERA SALERM 200 ML - El vestidor de Ram\u00f3n<\/title>\n<meta name=\"robots\" content=\"index, follow, max-snippet:-1, max-image-preview:large, max-video-preview:-1\" \/>\n<link rel=\"canonical\" href=\"https:\/\/www.elvestidorderamon.com\/es\/producto\/mascarilla-grapeology-bioquera-salerm-200-ml\/\" \/>\n<meta property=\"og:locale\" content=\"es_ES\" \/>\n<meta property=\"og:type\" content=\"article\" \/>\n<meta property=\"og:title\" content=\"MASCARILLA GRAPEOLOGY BIOQUERA SALERM 200 ML - El vestidor de Ram\u00f3n\" \/>\n<meta property=\"og:description\" content=\"Nutre en profundidad el cabello Con propiedades antioxidantes para el color Mascarilla Grapeology es una mascarilla de aceite a base de pepita de uva procedente de bodegas de La Rioja (Espa\u00f1a) triturada que nutre e hidrata en profundidad el cabello. Su f\u00f3rmula con un alto contenido en Vitamina E, prote\u00ednas y arginina, repara y mejora &hellip; MASCARILLA GRAPEOLOGY BIOQUERA SALERM 200 MLLeer m\u00e1s\" \/>\n<meta property=\"og:url\" content=\"https:\/\/www.elvestidorderamon.com\/es\/producto\/mascarilla-grapeology-bioquera-salerm-200-ml\/\" \/>\n<meta property=\"og:site_name\" content=\"El vestidor de Ram\u00f3n\" \/>\n<meta property=\"article:modified_time\" content=\"2026-01-22T17:54:36+00:00\" \/>\n<meta property=\"og:image\" content=\"https:\/\/www.elvestidorderamon.com\/wp-content\/uploads\/2026\/01\/OIP-3-1.jpg\" \/>\n\t<meta property=\"og:image:width\" content=\"136\" \/>\n\t<meta property=\"og:image:height\" content=\"179\" \/>\n\t<meta property=\"og:image:type\" content=\"image\/jpeg\" \/>\n<meta name=\"twitter:card\" content=\"summary_large_image\" \/>\n<meta name=\"twitter:label1\" content=\"Tiempo de lectura\" \/>\n\t<meta name=\"twitter:data1\" content=\"1 minuto\" \/>\n<script type=\"application\/ld+json\" class=\"yoast-schema-graph\">{\"@context\":\"https:\\\/\\\/schema.org\",\"@graph\":[{\"@type\":\"WebPage\",\"@id\":\"https:\\\/\\\/www.elvestidorderamon.com\\\/producto\\\/mascarilla-grapeology-bioquera-salerm-200-ml\\\/\",\"url\":\"https:\\\/\\\/www.elvestidorderamon.com\\\/producto\\\/mascarilla-grapeology-bioquera-salerm-200-ml\\\/\",\"name\":\"MASCARILLA GRAPEOLOGY BIOQUERA SALERM 200 ML - El vestidor de Ram\u00f3n\",\"isPartOf\":{\"@id\":\"https:\\\/\\\/www.elvestidorderamon.com\\\/es\\\/#website\"},\"primaryImageOfPage\":{\"@id\":\"https:\\\/\\\/www.elvestidorderamon.com\\\/producto\\\/mascarilla-grapeology-bioquera-salerm-200-ml\\\/#primaryimage\"},\"image\":{\"@id\":\"https:\\\/\\\/www.elvestidorderamon.com\\\/producto\\\/mascarilla-grapeology-bioquera-salerm-200-ml\\\/#primaryimage\"},\"thumbnailUrl\":\"https:\\\/\\\/www.elvestidorderamon.com\\\/wp-content\\\/uploads\\\/2026\\\/01\\\/OIP-3-1.jpg\",\"datePublished\":\"2026-01-22T17:49:59+00:00\",\"dateModified\":\"2026-01-22T17:54:36+00:00\",\"breadcrumb\":{\"@id\":\"https:\\\/\\\/www.elvestidorderamon.com\\\/producto\\\/mascarilla-grapeology-bioquera-salerm-200-ml\\\/#breadcrumb\"},\"inLanguage\":\"es\",\"potentialAction\":[{\"@type\":\"ReadAction\",\"target\":[\"https:\\\/\\\/www.elvestidorderamon.com\\\/producto\\\/mascarilla-grapeology-bioquera-salerm-200-ml\\\/\"]}]},{\"@type\":\"ImageObject\",\"inLanguage\":\"es\",\"@id\":\"https:\\\/\\\/www.elvestidorderamon.com\\\/producto\\\/mascarilla-grapeology-bioquera-salerm-200-ml\\\/#primaryimage\",\"url\":\"https:\\\/\\\/www.elvestidorderamon.com\\\/wp-content\\\/uploads\\\/2026\\\/01\\\/OIP-3-1.jpg\",\"contentUrl\":\"https:\\\/\\\/www.elvestidorderamon.com\\\/wp-content\\\/uploads\\\/2026\\\/01\\\/OIP-3-1.jpg\",\"width\":136,\"height\":179},{\"@type\":\"BreadcrumbList\",\"@id\":\"https:\\\/\\\/www.elvestidorderamon.com\\\/producto\\\/mascarilla-grapeology-bioquera-salerm-200-ml\\\/#breadcrumb\",\"itemListElement\":[{\"@type\":\"ListItem\",\"position\":1,\"name\":\"Portada\",\"item\":\"https:\\\/\\\/www.elvestidorderamon.com\\\/\"},{\"@type\":\"ListItem\",\"position\":2,\"name\":\"Tienda\",\"item\":\"https:\\\/\\\/www.elvestidorderamon.com\\\/tienda\\\/\"},{\"@type\":\"ListItem\",\"position\":3,\"name\":\"MASCARILLA GRAPEOLOGY BIOQUERA SALERM 200 ML\"}]},{\"@type\":\"WebSite\",\"@id\":\"https:\\\/\\\/www.elvestidorderamon.com\\\/es\\\/#website\",\"url\":\"https:\\\/\\\/www.elvestidorderamon.com\\\/es\\\/\",\"name\":\"El vestidor de Ram\u00f3n\",\"description\":\"Tienda Online de moda\",\"publisher\":{\"@id\":\"https:\\\/\\\/www.elvestidorderamon.com\\\/es\\\/#organization\"},\"potentialAction\":[{\"@type\":\"SearchAction\",\"target\":{\"@type\":\"EntryPoint\",\"urlTemplate\":\"https:\\\/\\\/www.elvestidorderamon.com\\\/es\\\/?s={search_term_string}\"},\"query-input\":{\"@type\":\"PropertyValueSpecification\",\"valueRequired\":true,\"valueName\":\"search_term_string\"}}],\"inLanguage\":\"es\"},{\"@type\":\"Organization\",\"@id\":\"https:\\\/\\\/www.elvestidorderamon.com\\\/es\\\/#organization\",\"name\":\"El vestidor de Ram\u00f3n\",\"url\":\"https:\\\/\\\/www.elvestidorderamon.com\\\/es\\\/\",\"logo\":{\"@type\":\"ImageObject\",\"inLanguage\":\"es\",\"@id\":\"https:\\\/\\\/www.elvestidorderamon.com\\\/es\\\/#\\\/schema\\\/logo\\\/image\\\/\",\"url\":\"https:\\\/\\\/www.elvestidorderamon.com\\\/wp-content\\\/uploads\\\/2024\\\/11\\\/cropped-cropped-Sin-titulo-1.png\",\"contentUrl\":\"https:\\\/\\\/www.elvestidorderamon.com\\\/wp-content\\\/uploads\\\/2024\\\/11\\\/cropped-cropped-Sin-titulo-1.png\",\"width\":376,\"height\":376,\"caption\":\"El vestidor de Ram\u00f3n\"},\"image\":{\"@id\":\"https:\\\/\\\/www.elvestidorderamon.com\\\/es\\\/#\\\/schema\\\/logo\\\/image\\\/\"}}]}<\/script>\n<!-- \/ Yoast SEO plugin. -->","yoast_head_json":{"title":"MASCARILLA GRAPEOLOGY BIOQUERA SALERM 200 ML - El vestidor de Ram\u00f3n","robots":{"index":"index","follow":"follow","max-snippet":"max-snippet:-1","max-image-preview":"max-image-preview:large","max-video-preview":"max-video-preview:-1"},"canonical":"https:\/\/www.elvestidorderamon.com\/es\/producto\/mascarilla-grapeology-bioquera-salerm-200-ml\/","og_locale":"es_ES","og_type":"article","og_title":"MASCARILLA GRAPEOLOGY BIOQUERA SALERM 200 ML - El vestidor de Ram\u00f3n","og_description":"Nutre en profundidad el cabello Con propiedades antioxidantes para el color Mascarilla Grapeology es una mascarilla de aceite a base de pepita de uva procedente de bodegas de La Rioja (Espa\u00f1a) triturada que nutre e hidrata en profundidad el cabello. Su f\u00f3rmula con un alto contenido en Vitamina E, prote\u00ednas y arginina, repara y mejora &hellip; MASCARILLA GRAPEOLOGY BIOQUERA SALERM 200 MLLeer m\u00e1s","og_url":"https:\/\/www.elvestidorderamon.com\/es\/producto\/mascarilla-grapeology-bioquera-salerm-200-ml\/","og_site_name":"El vestidor de Ram\u00f3n","article_modified_time":"2026-01-22T17:54:36+00:00","og_image":[{"width":136,"height":179,"url":"https:\/\/www.elvestidorderamon.com\/wp-content\/uploads\/2026\/01\/OIP-3-1.jpg","type":"image\/jpeg"}],"twitter_card":"summary_large_image","twitter_misc":{"Tiempo de lectura":"1 minuto"},"schema":{"@context":"https:\/\/schema.org","@graph":[{"@type":"WebPage","@id":"https:\/\/www.elvestidorderamon.com\/producto\/mascarilla-grapeology-bioquera-salerm-200-ml\/","url":"https:\/\/www.elvestidorderamon.com\/producto\/mascarilla-grapeology-bioquera-salerm-200-ml\/","name":"MASCARILLA GRAPEOLOGY BIOQUERA SALERM 200 ML - El vestidor de Ram\u00f3n","isPartOf":{"@id":"https:\/\/www.elvestidorderamon.com\/es\/#website"},"primaryImageOfPage":{"@id":"https:\/\/www.elvestidorderamon.com\/producto\/mascarilla-grapeology-bioquera-salerm-200-ml\/#primaryimage"},"image":{"@id":"https:\/\/www.elvestidorderamon.com\/producto\/mascarilla-grapeology-bioquera-salerm-200-ml\/#primaryimage"},"thumbnailUrl":"https:\/\/www.elvestidorderamon.com\/wp-content\/uploads\/2026\/01\/OIP-3-1.jpg","datePublished":"2026-01-22T17:49:59+00:00","dateModified":"2026-01-22T17:54:36+00:00","breadcrumb":{"@id":"https:\/\/www.elvestidorderamon.com\/producto\/mascarilla-grapeology-bioquera-salerm-200-ml\/#breadcrumb"},"inLanguage":"es","potentialAction":[{"@type":"ReadAction","target":["https:\/\/www.elvestidorderamon.com\/producto\/mascarilla-grapeology-bioquera-salerm-200-ml\/"]}]},{"@type":"ImageObject","inLanguage":"es","@id":"https:\/\/www.elvestidorderamon.com\/producto\/mascarilla-grapeology-bioquera-salerm-200-ml\/#primaryimage","url":"https:\/\/www.elvestidorderamon.com\/wp-content\/uploads\/2026\/01\/OIP-3-1.jpg","contentUrl":"https:\/\/www.elvestidorderamon.com\/wp-content\/uploads\/2026\/01\/OIP-3-1.jpg","width":136,"height":179},{"@type":"BreadcrumbList","@id":"https:\/\/www.elvestidorderamon.com\/producto\/mascarilla-grapeology-bioquera-salerm-200-ml\/#breadcrumb","itemListElement":[{"@type":"ListItem","position":1,"name":"Portada","item":"https:\/\/www.elvestidorderamon.com\/"},{"@type":"ListItem","position":2,"name":"Tienda","item":"https:\/\/www.elvestidorderamon.com\/tienda\/"},{"@type":"ListItem","position":3,"name":"MASCARILLA GRAPEOLOGY BIOQUERA SALERM 200 ML"}]},{"@type":"WebSite","@id":"https:\/\/www.elvestidorderamon.com\/es\/#website","url":"https:\/\/www.elvestidorderamon.com\/es\/","name":"El vestidor de Ram\u00f3n","description":"Tienda Online de moda","publisher":{"@id":"https:\/\/www.elvestidorderamon.com\/es\/#organization"},"potentialAction":[{"@type":"SearchAction","target":{"@type":"EntryPoint","urlTemplate":"https:\/\/www.elvestidorderamon.com\/es\/?s={search_term_string}"},"query-input":{"@type":"PropertyValueSpecification","valueRequired":true,"valueName":"search_term_string"}}],"inLanguage":"es"},{"@type":"Organization","@id":"https:\/\/www.elvestidorderamon.com\/es\/#organization","name":"El vestidor de Ram\u00f3n","url":"https:\/\/www.elvestidorderamon.com\/es\/","logo":{"@type":"ImageObject","inLanguage":"es","@id":"https:\/\/www.elvestidorderamon.com\/es\/#\/schema\/logo\/image\/","url":"https:\/\/www.elvestidorderamon.com\/wp-content\/uploads\/2024\/11\/cropped-cropped-Sin-titulo-1.png","contentUrl":"https:\/\/www.elvestidorderamon.com\/wp-content\/uploads\/2024\/11\/cropped-cropped-Sin-titulo-1.png","width":376,"height":376,"caption":"El vestidor de Ram\u00f3n"},"image":{"@id":"https:\/\/www.elvestidorderamon.com\/es\/#\/schema\/logo\/image\/"}}]}},"_links":{"self":[{"href":"https:\/\/www.elvestidorderamon.com\/es\/wp-json\/wp\/v2\/product\/3411","targetHints":{"allow":["GET"]}}],"collection":[{"href":"https:\/\/www.elvestidorderamon.com\/es\/wp-json\/wp\/v2\/product"}],"about":[{"href":"https:\/\/www.elvestidorderamon.com\/es\/wp-json\/wp\/v2\/types\/product"}],"wp:featuredmedia":[{"embeddable":true,"href":"https:\/\/www.elvestidorderamon.com\/es\/wp-json\/wp\/v2\/media\/3413"}],"wp:attachment":[{"href":"https:\/\/www.elvestidorderamon.com\/es\/wp-json\/wp\/v2\/media?parent=3411"}],"wp:term":[{"taxonomy":"product_brand","embeddable":true,"href":"https:\/\/www.elvestidorderamon.com\/es\/wp-json\/wp\/v2\/product_brand?post=3411"},{"taxonomy":"product_cat","embeddable":true,"href":"https:\/\/www.elvestidorderamon.com\/es\/wp-json\/wp\/v2\/product_cat?post=3411"},{"taxonomy":"product_tag","embeddable":true,"href":"https:\/\/www.elvestidorderamon.com\/es\/wp-json\/wp\/v2\/product_tag?post=3411"}],"curies":[{"name":"wp","href":"https:\/\/api.w.org\/{rel}","templated":true}]}}