{"id":3414,"date":"2026-01-22T18:02:27","date_gmt":"2026-01-22T18:02:27","guid":{"rendered":"https:\/\/www.elvestidorderamon.com\/?post_type=product&#038;p=3414"},"modified":"2026-01-22T18:02:27","modified_gmt":"2026-01-22T18:02:27","slug":"champu-grapeology-bioquera-salerm-300-ml","status":"publish","type":"product","link":"https:\/\/www.elvestidorderamon.com\/es\/producto\/champu-grapeology-bioquera-salerm-300-ml\/","title":{"rendered":"CHAMP\u00da GRAPEOLOGY BIOQUERA SALERM 300 ML"},"content":{"rendered":"<div class=\"product-details product-details--layout-sidebar-right product-details--description-basic product-details--top-title\">\n<div class=\"product-details__description\">\n<div class=\"product-details-module product-details__general-info\">\n<div class=\"product-details-module__content\">\n<div id=\"productDescription\" class=\"product-details__product-description\">\n<p>Champ\u00fa Grapeology<\/p>\n<p>Nutre en profundidad el cabelloCon propiedades antioxidantes para el color<\/p>\n<p>Champ\u00fa Grapeology es un champ\u00fa de nueva generaci\u00f3n que limpia el cabello de forma suave a la vez que lo nutre e hidrata. Su f\u00f3rmula con aceite natural de semilla de la uva procedente de bodegas de La Rioja (Espa\u00f1a) contiene un alto contenido en Vitamina E, prote\u00ednas y arginina, que repara y mejora el brillo natural del cabello adem\u00e1s de aportar fuerza y elasticidad. Su alto contenido en antioxidantes protege el cabello frente a agentes externos y disminuye el envejecimiento. Ideal para personas con sensibilidad a otros champ\u00fas por su suavidad y pureza, Champ\u00fa Grapeology permite un uso frecuente en todos los lavados si es necesario.<\/p>\n<p>MODO DE EMPLEO<\/p>\n<p>Humedece el cabello con agua tibia y aplica el Champ\u00fa Grapeology repartiendo bien. Enjuaga y repite el proceso, dejando unos minutos de tiempo de exposici\u00f3n y enjuaga con agua.<\/p>\n<\/div>\n<\/div>\n<\/div>\n<\/div>\n<div class=\"clearboth\"><\/div>\n<\/div>\n<div class=\"ec-related-products\"><\/div>","protected":false},"excerpt":{"rendered":"<p>Champ\u00fa Grapeology Nutre en profundidad el cabelloCon propiedades antioxidantes para el color Champ\u00fa Grapeology es un champ\u00fa de nueva generaci\u00f3n que limpia el cabello de forma suave a la vez que lo nutre e hidrata. Su f\u00f3rmula con aceite natural de semilla de la uva procedente de bodegas de La Rioja (Espa\u00f1a) contiene un alto &hellip;<\/p>\n<p class=\"read-more\"> <a class=\"thunk-readmore button\" href=\"https:\/\/www.elvestidorderamon.com\/es\/producto\/champu-grapeology-bioquera-salerm-300-ml\/\"> <span class=\"screen-reader-text\">CHAMP\u00da GRAPEOLOGY BIOQUERA SALERM 300 ML<\/span>Leer m\u00e1s<\/a><\/p>","protected":false},"featured_media":3415,"template":"","meta":[],"product_brand":[],"product_cat":[47],"product_tag":[],"class_list":{"0":"post-3414","1":"product","2":"type-product","3":"status-publish","4":"has-post-thumbnail","6":"product_cat-destacados","7":"thunk-woo-product-list","8":"opn-qv-enable","9":"big-store-woo-hover-zoom","10":"open-single-product-tab-horizontal","11":"open-shadow-","12":"open-shadow-hover-","14":"first","15":"instock","16":"shipping-taxable","17":"purchasable","18":"product-type-simple"},"yoast_head":"<!-- This site is optimized with the Yoast SEO plugin v27.3 - https:\/\/yoast.com\/product\/yoast-seo-wordpress\/ -->\n<title>CHAMP\u00da GRAPEOLOGY BIOQUERA SALERM 300 ML - El vestidor de Ram\u00f3n<\/title>\n<meta name=\"robots\" content=\"index, follow, max-snippet:-1, max-image-preview:large, max-video-preview:-1\" \/>\n<link rel=\"canonical\" href=\"https:\/\/www.elvestidorderamon.com\/es\/producto\/champu-grapeology-bioquera-salerm-300-ml\/\" \/>\n<meta property=\"og:locale\" content=\"es_ES\" \/>\n<meta property=\"og:type\" content=\"article\" \/>\n<meta property=\"og:title\" content=\"CHAMP\u00da GRAPEOLOGY BIOQUERA SALERM 300 ML - El vestidor de Ram\u00f3n\" \/>\n<meta property=\"og:description\" content=\"Champ\u00fa Grapeology Nutre en profundidad el cabelloCon propiedades antioxidantes para el color Champ\u00fa Grapeology es un champ\u00fa de nueva generaci\u00f3n que limpia el cabello de forma suave a la vez que lo nutre e hidrata. Su f\u00f3rmula con aceite natural de semilla de la uva procedente de bodegas de La Rioja (Espa\u00f1a) contiene un alto &hellip; CHAMP\u00da GRAPEOLOGY BIOQUERA SALERM 300 MLLeer m\u00e1s\" \/>\n<meta property=\"og:url\" content=\"https:\/\/www.elvestidorderamon.com\/es\/producto\/champu-grapeology-bioquera-salerm-300-ml\/\" \/>\n<meta property=\"og:site_name\" content=\"El vestidor de Ram\u00f3n\" \/>\n<meta property=\"og:image\" content=\"https:\/\/www.elvestidorderamon.com\/wp-content\/uploads\/2026\/01\/OIP-5-1.jpg\" \/>\n\t<meta property=\"og:image:width\" content=\"180\" \/>\n\t<meta property=\"og:image:height\" content=\"180\" \/>\n\t<meta property=\"og:image:type\" content=\"image\/jpeg\" \/>\n<meta name=\"twitter:card\" content=\"summary_large_image\" \/>\n<meta name=\"twitter:label1\" content=\"Tiempo de lectura\" \/>\n\t<meta name=\"twitter:data1\" content=\"1 minuto\" \/>\n<script type=\"application\/ld+json\" class=\"yoast-schema-graph\">{\"@context\":\"https:\\\/\\\/schema.org\",\"@graph\":[{\"@type\":\"WebPage\",\"@id\":\"https:\\\/\\\/www.elvestidorderamon.com\\\/producto\\\/champu-grapeology-bioquera-salerm-300-ml\\\/\",\"url\":\"https:\\\/\\\/www.elvestidorderamon.com\\\/producto\\\/champu-grapeology-bioquera-salerm-300-ml\\\/\",\"name\":\"CHAMP\u00da GRAPEOLOGY BIOQUERA SALERM 300 ML - El vestidor de Ram\u00f3n\",\"isPartOf\":{\"@id\":\"https:\\\/\\\/www.elvestidorderamon.com\\\/es\\\/#website\"},\"primaryImageOfPage\":{\"@id\":\"https:\\\/\\\/www.elvestidorderamon.com\\\/producto\\\/champu-grapeology-bioquera-salerm-300-ml\\\/#primaryimage\"},\"image\":{\"@id\":\"https:\\\/\\\/www.elvestidorderamon.com\\\/producto\\\/champu-grapeology-bioquera-salerm-300-ml\\\/#primaryimage\"},\"thumbnailUrl\":\"https:\\\/\\\/www.elvestidorderamon.com\\\/wp-content\\\/uploads\\\/2026\\\/01\\\/OIP-5-1.jpg\",\"datePublished\":\"2026-01-22T18:02:27+00:00\",\"breadcrumb\":{\"@id\":\"https:\\\/\\\/www.elvestidorderamon.com\\\/producto\\\/champu-grapeology-bioquera-salerm-300-ml\\\/#breadcrumb\"},\"inLanguage\":\"es\",\"potentialAction\":[{\"@type\":\"ReadAction\",\"target\":[\"https:\\\/\\\/www.elvestidorderamon.com\\\/producto\\\/champu-grapeology-bioquera-salerm-300-ml\\\/\"]}]},{\"@type\":\"ImageObject\",\"inLanguage\":\"es\",\"@id\":\"https:\\\/\\\/www.elvestidorderamon.com\\\/producto\\\/champu-grapeology-bioquera-salerm-300-ml\\\/#primaryimage\",\"url\":\"https:\\\/\\\/www.elvestidorderamon.com\\\/wp-content\\\/uploads\\\/2026\\\/01\\\/OIP-5-1.jpg\",\"contentUrl\":\"https:\\\/\\\/www.elvestidorderamon.com\\\/wp-content\\\/uploads\\\/2026\\\/01\\\/OIP-5-1.jpg\",\"width\":180,\"height\":180},{\"@type\":\"BreadcrumbList\",\"@id\":\"https:\\\/\\\/www.elvestidorderamon.com\\\/producto\\\/champu-grapeology-bioquera-salerm-300-ml\\\/#breadcrumb\",\"itemListElement\":[{\"@type\":\"ListItem\",\"position\":1,\"name\":\"Portada\",\"item\":\"https:\\\/\\\/www.elvestidorderamon.com\\\/\"},{\"@type\":\"ListItem\",\"position\":2,\"name\":\"Tienda\",\"item\":\"https:\\\/\\\/www.elvestidorderamon.com\\\/tienda\\\/\"},{\"@type\":\"ListItem\",\"position\":3,\"name\":\"CHAMP\u00da GRAPEOLOGY BIOQUERA SALERM 300 ML\"}]},{\"@type\":\"WebSite\",\"@id\":\"https:\\\/\\\/www.elvestidorderamon.com\\\/es\\\/#website\",\"url\":\"https:\\\/\\\/www.elvestidorderamon.com\\\/es\\\/\",\"name\":\"El vestidor de Ram\u00f3n\",\"description\":\"Tienda Online de moda\",\"publisher\":{\"@id\":\"https:\\\/\\\/www.elvestidorderamon.com\\\/es\\\/#organization\"},\"potentialAction\":[{\"@type\":\"SearchAction\",\"target\":{\"@type\":\"EntryPoint\",\"urlTemplate\":\"https:\\\/\\\/www.elvestidorderamon.com\\\/es\\\/?s={search_term_string}\"},\"query-input\":{\"@type\":\"PropertyValueSpecification\",\"valueRequired\":true,\"valueName\":\"search_term_string\"}}],\"inLanguage\":\"es\"},{\"@type\":\"Organization\",\"@id\":\"https:\\\/\\\/www.elvestidorderamon.com\\\/es\\\/#organization\",\"name\":\"El vestidor de Ram\u00f3n\",\"url\":\"https:\\\/\\\/www.elvestidorderamon.com\\\/es\\\/\",\"logo\":{\"@type\":\"ImageObject\",\"inLanguage\":\"es\",\"@id\":\"https:\\\/\\\/www.elvestidorderamon.com\\\/es\\\/#\\\/schema\\\/logo\\\/image\\\/\",\"url\":\"https:\\\/\\\/www.elvestidorderamon.com\\\/wp-content\\\/uploads\\\/2024\\\/11\\\/cropped-cropped-Sin-titulo-1.png\",\"contentUrl\":\"https:\\\/\\\/www.elvestidorderamon.com\\\/wp-content\\\/uploads\\\/2024\\\/11\\\/cropped-cropped-Sin-titulo-1.png\",\"width\":376,\"height\":376,\"caption\":\"El vestidor de Ram\u00f3n\"},\"image\":{\"@id\":\"https:\\\/\\\/www.elvestidorderamon.com\\\/es\\\/#\\\/schema\\\/logo\\\/image\\\/\"}}]}<\/script>\n<!-- \/ Yoast SEO plugin. -->","yoast_head_json":{"title":"CHAMP\u00da GRAPEOLOGY BIOQUERA SALERM 300 ML - El vestidor de Ram\u00f3n","robots":{"index":"index","follow":"follow","max-snippet":"max-snippet:-1","max-image-preview":"max-image-preview:large","max-video-preview":"max-video-preview:-1"},"canonical":"https:\/\/www.elvestidorderamon.com\/es\/producto\/champu-grapeology-bioquera-salerm-300-ml\/","og_locale":"es_ES","og_type":"article","og_title":"CHAMP\u00da GRAPEOLOGY BIOQUERA SALERM 300 ML - El vestidor de Ram\u00f3n","og_description":"Champ\u00fa Grapeology Nutre en profundidad el cabelloCon propiedades antioxidantes para el color Champ\u00fa Grapeology es un champ\u00fa de nueva generaci\u00f3n que limpia el cabello de forma suave a la vez que lo nutre e hidrata. Su f\u00f3rmula con aceite natural de semilla de la uva procedente de bodegas de La Rioja (Espa\u00f1a) contiene un alto &hellip; CHAMP\u00da GRAPEOLOGY BIOQUERA SALERM 300 MLLeer m\u00e1s","og_url":"https:\/\/www.elvestidorderamon.com\/es\/producto\/champu-grapeology-bioquera-salerm-300-ml\/","og_site_name":"El vestidor de Ram\u00f3n","og_image":[{"width":180,"height":180,"url":"https:\/\/www.elvestidorderamon.com\/wp-content\/uploads\/2026\/01\/OIP-5-1.jpg","type":"image\/jpeg"}],"twitter_card":"summary_large_image","twitter_misc":{"Tiempo de lectura":"1 minuto"},"schema":{"@context":"https:\/\/schema.org","@graph":[{"@type":"WebPage","@id":"https:\/\/www.elvestidorderamon.com\/producto\/champu-grapeology-bioquera-salerm-300-ml\/","url":"https:\/\/www.elvestidorderamon.com\/producto\/champu-grapeology-bioquera-salerm-300-ml\/","name":"CHAMP\u00da GRAPEOLOGY BIOQUERA SALERM 300 ML - El vestidor de Ram\u00f3n","isPartOf":{"@id":"https:\/\/www.elvestidorderamon.com\/es\/#website"},"primaryImageOfPage":{"@id":"https:\/\/www.elvestidorderamon.com\/producto\/champu-grapeology-bioquera-salerm-300-ml\/#primaryimage"},"image":{"@id":"https:\/\/www.elvestidorderamon.com\/producto\/champu-grapeology-bioquera-salerm-300-ml\/#primaryimage"},"thumbnailUrl":"https:\/\/www.elvestidorderamon.com\/wp-content\/uploads\/2026\/01\/OIP-5-1.jpg","datePublished":"2026-01-22T18:02:27+00:00","breadcrumb":{"@id":"https:\/\/www.elvestidorderamon.com\/producto\/champu-grapeology-bioquera-salerm-300-ml\/#breadcrumb"},"inLanguage":"es","potentialAction":[{"@type":"ReadAction","target":["https:\/\/www.elvestidorderamon.com\/producto\/champu-grapeology-bioquera-salerm-300-ml\/"]}]},{"@type":"ImageObject","inLanguage":"es","@id":"https:\/\/www.elvestidorderamon.com\/producto\/champu-grapeology-bioquera-salerm-300-ml\/#primaryimage","url":"https:\/\/www.elvestidorderamon.com\/wp-content\/uploads\/2026\/01\/OIP-5-1.jpg","contentUrl":"https:\/\/www.elvestidorderamon.com\/wp-content\/uploads\/2026\/01\/OIP-5-1.jpg","width":180,"height":180},{"@type":"BreadcrumbList","@id":"https:\/\/www.elvestidorderamon.com\/producto\/champu-grapeology-bioquera-salerm-300-ml\/#breadcrumb","itemListElement":[{"@type":"ListItem","position":1,"name":"Portada","item":"https:\/\/www.elvestidorderamon.com\/"},{"@type":"ListItem","position":2,"name":"Tienda","item":"https:\/\/www.elvestidorderamon.com\/tienda\/"},{"@type":"ListItem","position":3,"name":"CHAMP\u00da GRAPEOLOGY BIOQUERA SALERM 300 ML"}]},{"@type":"WebSite","@id":"https:\/\/www.elvestidorderamon.com\/es\/#website","url":"https:\/\/www.elvestidorderamon.com\/es\/","name":"El vestidor de Ram\u00f3n","description":"Tienda Online de moda","publisher":{"@id":"https:\/\/www.elvestidorderamon.com\/es\/#organization"},"potentialAction":[{"@type":"SearchAction","target":{"@type":"EntryPoint","urlTemplate":"https:\/\/www.elvestidorderamon.com\/es\/?s={search_term_string}"},"query-input":{"@type":"PropertyValueSpecification","valueRequired":true,"valueName":"search_term_string"}}],"inLanguage":"es"},{"@type":"Organization","@id":"https:\/\/www.elvestidorderamon.com\/es\/#organization","name":"El vestidor de Ram\u00f3n","url":"https:\/\/www.elvestidorderamon.com\/es\/","logo":{"@type":"ImageObject","inLanguage":"es","@id":"https:\/\/www.elvestidorderamon.com\/es\/#\/schema\/logo\/image\/","url":"https:\/\/www.elvestidorderamon.com\/wp-content\/uploads\/2024\/11\/cropped-cropped-Sin-titulo-1.png","contentUrl":"https:\/\/www.elvestidorderamon.com\/wp-content\/uploads\/2024\/11\/cropped-cropped-Sin-titulo-1.png","width":376,"height":376,"caption":"El vestidor de Ram\u00f3n"},"image":{"@id":"https:\/\/www.elvestidorderamon.com\/es\/#\/schema\/logo\/image\/"}}]}},"_links":{"self":[{"href":"https:\/\/www.elvestidorderamon.com\/es\/wp-json\/wp\/v2\/product\/3414","targetHints":{"allow":["GET"]}}],"collection":[{"href":"https:\/\/www.elvestidorderamon.com\/es\/wp-json\/wp\/v2\/product"}],"about":[{"href":"https:\/\/www.elvestidorderamon.com\/es\/wp-json\/wp\/v2\/types\/product"}],"wp:featuredmedia":[{"embeddable":true,"href":"https:\/\/www.elvestidorderamon.com\/es\/wp-json\/wp\/v2\/media\/3415"}],"wp:attachment":[{"href":"https:\/\/www.elvestidorderamon.com\/es\/wp-json\/wp\/v2\/media?parent=3414"}],"wp:term":[{"taxonomy":"product_brand","embeddable":true,"href":"https:\/\/www.elvestidorderamon.com\/es\/wp-json\/wp\/v2\/product_brand?post=3414"},{"taxonomy":"product_cat","embeddable":true,"href":"https:\/\/www.elvestidorderamon.com\/es\/wp-json\/wp\/v2\/product_cat?post=3414"},{"taxonomy":"product_tag","embeddable":true,"href":"https:\/\/www.elvestidorderamon.com\/es\/wp-json\/wp\/v2\/product_tag?post=3414"}],"curies":[{"name":"wp","href":"https:\/\/api.w.org\/{rel}","templated":true}]}}