{"id":3600,"date":"2026-02-12T16:46:53","date_gmt":"2026-02-12T16:46:53","guid":{"rendered":"https:\/\/www.elvestidorderamon.com\/?post_type=product&#038;p=3600"},"modified":"2026-02-12T16:46:54","modified_gmt":"2026-02-12T16:46:54","slug":"lote-kleral-system-champu-senjal-vitalite-brillance-250-ml-mascarilla-forcedensite-senjal-200-ml","status":"publish","type":"product","link":"https:\/\/www.elvestidorderamon.com\/es\/producto\/lote-kleral-system-champu-senjal-vitalite-brillance-250-ml-mascarilla-forcedensite-senjal-200-ml\/","title":{"rendered":"LOTE KLERAL SYSTEM CHAMP\u00da SENJAL VITALITE BRILLANCE 250 ML +MASCARILLA FORCEDENSITE SENJAL 200 ML"},"content":{"rendered":"<ul>\n<li><span dir=\"auto\">Champ\u00fa Gel que otorga vitalidad.<\/span><\/li>\n<li><span dir=\"auto\">Restituye tono, ligereza y brillo a los cabellos normales.<\/span><span dir=\"auto\">Una textura que respeta la fibra capilar y detergente con suavidad sin hacer pesado el cabello.Aplicar sobre el cabello h\u00famedo.<br \/>\nMasajear suavemente con la palma de tus manos.<br \/>\nEnjuagar bien.<\/span><\/li>\n<li class=\"a-spacing-mini\"><span class=\"a-list-item\"><span dir=\"auto\">La mascarilla respiradora de densidad forzada evita que el cabello pierda vitalidad, densidad y\/o brillo y en el caso de regenera el cabello perdido.<\/span><\/span><\/li>\n<li class=\"a-spacing-mini\"><span class=\"a-list-item\"><span dir=\"auto\">La crema gel renovadora combina los beneficios del tratamiento en una crema ultra fundente y suave, con la ligereza de un gel.<\/span><\/span><\/li>\n<li class=\"a-spacing-mini\"><span class=\"a-list-item\"><span dir=\"auto\">Desde la primera aplicaci\u00f3n aporta consistencia, fuerza y \u200b\u200bbrillo al cabello.<\/span><\/span><\/li>\n<li class=\"a-spacing-mini\"><span class=\"a-list-item\"><span dir=\"auto\">. \u00daselo 2 o 3 veces por semana.<\/span><\/span><\/li>\n<\/ul>","protected":false},"excerpt":{"rendered":"<p>Champ\u00fa Gel que otorga vitalidad. Restituye tono, ligereza y brillo a los cabellos normales.Una textura que respeta la fibra capilar y detergente con suavidad sin hacer pesado el cabello.Aplicar sobre el cabello h\u00famedo. Masajear suavemente con la palma de tus manos. Enjuagar bien. La mascarilla respiradora de densidad forzada evita que el cabello pierda vitalidad, &hellip;<\/p>\n<p class=\"read-more\"> <a class=\"thunk-readmore button\" href=\"https:\/\/www.elvestidorderamon.com\/es\/producto\/lote-kleral-system-champu-senjal-vitalite-brillance-250-ml-mascarilla-forcedensite-senjal-200-ml\/\"> <span class=\"screen-reader-text\">LOTE KLERAL SYSTEM CHAMP\u00da SENJAL VITALITE BRILLANCE 250 ML +MASCARILLA FORCEDENSITE SENJAL 200 ML<\/span>Leer m\u00e1s<\/a><\/p>","protected":false},"featured_media":3601,"template":"","meta":[],"product_brand":[],"product_cat":[47],"product_tag":[],"class_list":{"0":"post-3600","1":"product","2":"type-product","3":"status-publish","4":"has-post-thumbnail","6":"product_cat-destacados","7":"thunk-woo-product-list","8":"opn-qv-enable","9":"big-store-woo-hover-zoom","10":"open-single-product-tab-horizontal","11":"open-shadow-","12":"open-shadow-hover-","14":"first","15":"instock","16":"shipping-taxable","17":"purchasable","18":"product-type-simple"},"yoast_head":"<!-- This site is optimized with the Yoast SEO plugin v27.5 - https:\/\/yoast.com\/product\/yoast-seo-wordpress\/ -->\n<title>LOTE KLERAL SYSTEM CHAMP\u00da SENJAL VITALITE BRILLANCE 250 ML +MASCARILLA FORCEDENSITE SENJAL 200 ML - El vestidor de Ram\u00f3n<\/title>\n<meta name=\"robots\" content=\"index, follow, max-snippet:-1, max-image-preview:large, max-video-preview:-1\" \/>\n<link rel=\"canonical\" href=\"https:\/\/www.elvestidorderamon.com\/es\/producto\/lote-kleral-system-champu-senjal-vitalite-brillance-250-ml-mascarilla-forcedensite-senjal-200-ml\/\" \/>\n<meta property=\"og:locale\" content=\"es_ES\" \/>\n<meta property=\"og:type\" content=\"article\" \/>\n<meta property=\"og:title\" content=\"LOTE KLERAL SYSTEM CHAMP\u00da SENJAL VITALITE BRILLANCE 250 ML +MASCARILLA FORCEDENSITE SENJAL 200 ML - El vestidor de Ram\u00f3n\" \/>\n<meta property=\"og:description\" content=\"Champ\u00fa Gel que otorga vitalidad. Restituye tono, ligereza y brillo a los cabellos normales.Una textura que respeta la fibra capilar y detergente con suavidad sin hacer pesado el cabello.Aplicar sobre el cabello h\u00famedo. Masajear suavemente con la palma de tus manos. Enjuagar bien. La mascarilla respiradora de densidad forzada evita que el cabello pierda vitalidad, &hellip; LOTE KLERAL SYSTEM CHAMP\u00da SENJAL VITALITE BRILLANCE 250 ML +MASCARILLA FORCEDENSITE SENJAL 200 MLLeer m\u00e1s\" \/>\n<meta property=\"og:url\" content=\"https:\/\/www.elvestidorderamon.com\/es\/producto\/lote-kleral-system-champu-senjal-vitalite-brillance-250-ml-mascarilla-forcedensite-senjal-200-ml\/\" \/>\n<meta property=\"og:site_name\" content=\"El vestidor de Ram\u00f3n\" \/>\n<meta property=\"article:modified_time\" content=\"2026-02-12T16:46:54+00:00\" \/>\n<meta property=\"og:image\" content=\"https:\/\/www.elvestidorderamon.com\/wp-content\/uploads\/2026\/02\/WhatsApp-Image-2026-02-12-at-17.44.59-scaled.jpeg\" \/>\n\t<meta property=\"og:image:width\" content=\"1920\" \/>\n\t<meta property=\"og:image:height\" content=\"2560\" \/>\n\t<meta property=\"og:image:type\" content=\"image\/jpeg\" \/>\n<meta name=\"twitter:card\" content=\"summary_large_image\" \/>\n<meta name=\"twitter:label1\" content=\"Tiempo de lectura\" \/>\n\t<meta name=\"twitter:data1\" content=\"1 minuto\" \/>\n<script type=\"application\/ld+json\" class=\"yoast-schema-graph\">{\"@context\":\"https:\\\/\\\/schema.org\",\"@graph\":[{\"@type\":\"WebPage\",\"@id\":\"https:\\\/\\\/www.elvestidorderamon.com\\\/producto\\\/lote-kleral-system-champu-senjal-vitalite-brillance-250-ml-mascarilla-forcedensite-senjal-200-ml\\\/\",\"url\":\"https:\\\/\\\/www.elvestidorderamon.com\\\/producto\\\/lote-kleral-system-champu-senjal-vitalite-brillance-250-ml-mascarilla-forcedensite-senjal-200-ml\\\/\",\"name\":\"LOTE KLERAL SYSTEM CHAMP\u00da SENJAL VITALITE BRILLANCE 250 ML +MASCARILLA FORCEDENSITE SENJAL 200 ML - El vestidor de Ram\u00f3n\",\"isPartOf\":{\"@id\":\"https:\\\/\\\/www.elvestidorderamon.com\\\/es\\\/#website\"},\"primaryImageOfPage\":{\"@id\":\"https:\\\/\\\/www.elvestidorderamon.com\\\/producto\\\/lote-kleral-system-champu-senjal-vitalite-brillance-250-ml-mascarilla-forcedensite-senjal-200-ml\\\/#primaryimage\"},\"image\":{\"@id\":\"https:\\\/\\\/www.elvestidorderamon.com\\\/producto\\\/lote-kleral-system-champu-senjal-vitalite-brillance-250-ml-mascarilla-forcedensite-senjal-200-ml\\\/#primaryimage\"},\"thumbnailUrl\":\"https:\\\/\\\/www.elvestidorderamon.com\\\/wp-content\\\/uploads\\\/2026\\\/02\\\/WhatsApp-Image-2026-02-12-at-17.44.59-scaled.jpeg\",\"datePublished\":\"2026-02-12T16:46:53+00:00\",\"dateModified\":\"2026-02-12T16:46:54+00:00\",\"breadcrumb\":{\"@id\":\"https:\\\/\\\/www.elvestidorderamon.com\\\/producto\\\/lote-kleral-system-champu-senjal-vitalite-brillance-250-ml-mascarilla-forcedensite-senjal-200-ml\\\/#breadcrumb\"},\"inLanguage\":\"es\",\"potentialAction\":[{\"@type\":\"ReadAction\",\"target\":[\"https:\\\/\\\/www.elvestidorderamon.com\\\/producto\\\/lote-kleral-system-champu-senjal-vitalite-brillance-250-ml-mascarilla-forcedensite-senjal-200-ml\\\/\"]}]},{\"@type\":\"ImageObject\",\"inLanguage\":\"es\",\"@id\":\"https:\\\/\\\/www.elvestidorderamon.com\\\/producto\\\/lote-kleral-system-champu-senjal-vitalite-brillance-250-ml-mascarilla-forcedensite-senjal-200-ml\\\/#primaryimage\",\"url\":\"https:\\\/\\\/www.elvestidorderamon.com\\\/wp-content\\\/uploads\\\/2026\\\/02\\\/WhatsApp-Image-2026-02-12-at-17.44.59-scaled.jpeg\",\"contentUrl\":\"https:\\\/\\\/www.elvestidorderamon.com\\\/wp-content\\\/uploads\\\/2026\\\/02\\\/WhatsApp-Image-2026-02-12-at-17.44.59-scaled.jpeg\",\"width\":1920,\"height\":2560},{\"@type\":\"BreadcrumbList\",\"@id\":\"https:\\\/\\\/www.elvestidorderamon.com\\\/producto\\\/lote-kleral-system-champu-senjal-vitalite-brillance-250-ml-mascarilla-forcedensite-senjal-200-ml\\\/#breadcrumb\",\"itemListElement\":[{\"@type\":\"ListItem\",\"position\":1,\"name\":\"Portada\",\"item\":\"https:\\\/\\\/www.elvestidorderamon.com\\\/\"},{\"@type\":\"ListItem\",\"position\":2,\"name\":\"Tienda\",\"item\":\"https:\\\/\\\/www.elvestidorderamon.com\\\/tienda\\\/\"},{\"@type\":\"ListItem\",\"position\":3,\"name\":\"LOTE KLERAL SYSTEM CHAMP\u00da SENJAL VITALITE BRILLANCE 250 ML +MASCARILLA FORCEDENSITE SENJAL 200 ML\"}]},{\"@type\":\"WebSite\",\"@id\":\"https:\\\/\\\/www.elvestidorderamon.com\\\/es\\\/#website\",\"url\":\"https:\\\/\\\/www.elvestidorderamon.com\\\/es\\\/\",\"name\":\"El vestidor de Ram\u00f3n\",\"description\":\"Tienda Online de moda\",\"publisher\":{\"@id\":\"https:\\\/\\\/www.elvestidorderamon.com\\\/es\\\/#organization\"},\"potentialAction\":[{\"@type\":\"SearchAction\",\"target\":{\"@type\":\"EntryPoint\",\"urlTemplate\":\"https:\\\/\\\/www.elvestidorderamon.com\\\/es\\\/?s={search_term_string}\"},\"query-input\":{\"@type\":\"PropertyValueSpecification\",\"valueRequired\":true,\"valueName\":\"search_term_string\"}}],\"inLanguage\":\"es\"},{\"@type\":\"Organization\",\"@id\":\"https:\\\/\\\/www.elvestidorderamon.com\\\/es\\\/#organization\",\"name\":\"El vestidor de Ram\u00f3n\",\"url\":\"https:\\\/\\\/www.elvestidorderamon.com\\\/es\\\/\",\"logo\":{\"@type\":\"ImageObject\",\"inLanguage\":\"es\",\"@id\":\"https:\\\/\\\/www.elvestidorderamon.com\\\/es\\\/#\\\/schema\\\/logo\\\/image\\\/\",\"url\":\"https:\\\/\\\/www.elvestidorderamon.com\\\/wp-content\\\/uploads\\\/2024\\\/11\\\/cropped-cropped-Sin-titulo-1.png\",\"contentUrl\":\"https:\\\/\\\/www.elvestidorderamon.com\\\/wp-content\\\/uploads\\\/2024\\\/11\\\/cropped-cropped-Sin-titulo-1.png\",\"width\":376,\"height\":376,\"caption\":\"El vestidor de Ram\u00f3n\"},\"image\":{\"@id\":\"https:\\\/\\\/www.elvestidorderamon.com\\\/es\\\/#\\\/schema\\\/logo\\\/image\\\/\"}}]}<\/script>\n<!-- \/ Yoast SEO plugin. -->","yoast_head_json":{"title":"LOTE KLERAL SYSTEM CHAMP\u00da SENJAL VITALITE BRILLANCE 250 ML +MASCARILLA FORCEDENSITE SENJAL 200 ML - El vestidor de Ram\u00f3n","robots":{"index":"index","follow":"follow","max-snippet":"max-snippet:-1","max-image-preview":"max-image-preview:large","max-video-preview":"max-video-preview:-1"},"canonical":"https:\/\/www.elvestidorderamon.com\/es\/producto\/lote-kleral-system-champu-senjal-vitalite-brillance-250-ml-mascarilla-forcedensite-senjal-200-ml\/","og_locale":"es_ES","og_type":"article","og_title":"LOTE KLERAL SYSTEM CHAMP\u00da SENJAL VITALITE BRILLANCE 250 ML +MASCARILLA FORCEDENSITE SENJAL 200 ML - El vestidor de Ram\u00f3n","og_description":"Champ\u00fa Gel que otorga vitalidad. Restituye tono, ligereza y brillo a los cabellos normales.Una textura que respeta la fibra capilar y detergente con suavidad sin hacer pesado el cabello.Aplicar sobre el cabello h\u00famedo. Masajear suavemente con la palma de tus manos. Enjuagar bien. La mascarilla respiradora de densidad forzada evita que el cabello pierda vitalidad, &hellip; LOTE KLERAL SYSTEM CHAMP\u00da SENJAL VITALITE BRILLANCE 250 ML +MASCARILLA FORCEDENSITE SENJAL 200 MLLeer m\u00e1s","og_url":"https:\/\/www.elvestidorderamon.com\/es\/producto\/lote-kleral-system-champu-senjal-vitalite-brillance-250-ml-mascarilla-forcedensite-senjal-200-ml\/","og_site_name":"El vestidor de Ram\u00f3n","article_modified_time":"2026-02-12T16:46:54+00:00","og_image":[{"width":1920,"height":2560,"url":"https:\/\/www.elvestidorderamon.com\/wp-content\/uploads\/2026\/02\/WhatsApp-Image-2026-02-12-at-17.44.59-scaled.jpeg","type":"image\/jpeg"}],"twitter_card":"summary_large_image","twitter_misc":{"Tiempo de lectura":"1 minuto"},"schema":{"@context":"https:\/\/schema.org","@graph":[{"@type":"WebPage","@id":"https:\/\/www.elvestidorderamon.com\/producto\/lote-kleral-system-champu-senjal-vitalite-brillance-250-ml-mascarilla-forcedensite-senjal-200-ml\/","url":"https:\/\/www.elvestidorderamon.com\/producto\/lote-kleral-system-champu-senjal-vitalite-brillance-250-ml-mascarilla-forcedensite-senjal-200-ml\/","name":"LOTE KLERAL SYSTEM CHAMP\u00da SENJAL VITALITE BRILLANCE 250 ML +MASCARILLA FORCEDENSITE SENJAL 200 ML - El vestidor de Ram\u00f3n","isPartOf":{"@id":"https:\/\/www.elvestidorderamon.com\/es\/#website"},"primaryImageOfPage":{"@id":"https:\/\/www.elvestidorderamon.com\/producto\/lote-kleral-system-champu-senjal-vitalite-brillance-250-ml-mascarilla-forcedensite-senjal-200-ml\/#primaryimage"},"image":{"@id":"https:\/\/www.elvestidorderamon.com\/producto\/lote-kleral-system-champu-senjal-vitalite-brillance-250-ml-mascarilla-forcedensite-senjal-200-ml\/#primaryimage"},"thumbnailUrl":"https:\/\/www.elvestidorderamon.com\/wp-content\/uploads\/2026\/02\/WhatsApp-Image-2026-02-12-at-17.44.59-scaled.jpeg","datePublished":"2026-02-12T16:46:53+00:00","dateModified":"2026-02-12T16:46:54+00:00","breadcrumb":{"@id":"https:\/\/www.elvestidorderamon.com\/producto\/lote-kleral-system-champu-senjal-vitalite-brillance-250-ml-mascarilla-forcedensite-senjal-200-ml\/#breadcrumb"},"inLanguage":"es","potentialAction":[{"@type":"ReadAction","target":["https:\/\/www.elvestidorderamon.com\/producto\/lote-kleral-system-champu-senjal-vitalite-brillance-250-ml-mascarilla-forcedensite-senjal-200-ml\/"]}]},{"@type":"ImageObject","inLanguage":"es","@id":"https:\/\/www.elvestidorderamon.com\/producto\/lote-kleral-system-champu-senjal-vitalite-brillance-250-ml-mascarilla-forcedensite-senjal-200-ml\/#primaryimage","url":"https:\/\/www.elvestidorderamon.com\/wp-content\/uploads\/2026\/02\/WhatsApp-Image-2026-02-12-at-17.44.59-scaled.jpeg","contentUrl":"https:\/\/www.elvestidorderamon.com\/wp-content\/uploads\/2026\/02\/WhatsApp-Image-2026-02-12-at-17.44.59-scaled.jpeg","width":1920,"height":2560},{"@type":"BreadcrumbList","@id":"https:\/\/www.elvestidorderamon.com\/producto\/lote-kleral-system-champu-senjal-vitalite-brillance-250-ml-mascarilla-forcedensite-senjal-200-ml\/#breadcrumb","itemListElement":[{"@type":"ListItem","position":1,"name":"Portada","item":"https:\/\/www.elvestidorderamon.com\/"},{"@type":"ListItem","position":2,"name":"Tienda","item":"https:\/\/www.elvestidorderamon.com\/tienda\/"},{"@type":"ListItem","position":3,"name":"LOTE KLERAL SYSTEM CHAMP\u00da SENJAL VITALITE BRILLANCE 250 ML +MASCARILLA FORCEDENSITE SENJAL 200 ML"}]},{"@type":"WebSite","@id":"https:\/\/www.elvestidorderamon.com\/es\/#website","url":"https:\/\/www.elvestidorderamon.com\/es\/","name":"El vestidor de Ram\u00f3n","description":"Tienda Online de moda","publisher":{"@id":"https:\/\/www.elvestidorderamon.com\/es\/#organization"},"potentialAction":[{"@type":"SearchAction","target":{"@type":"EntryPoint","urlTemplate":"https:\/\/www.elvestidorderamon.com\/es\/?s={search_term_string}"},"query-input":{"@type":"PropertyValueSpecification","valueRequired":true,"valueName":"search_term_string"}}],"inLanguage":"es"},{"@type":"Organization","@id":"https:\/\/www.elvestidorderamon.com\/es\/#organization","name":"El vestidor de Ram\u00f3n","url":"https:\/\/www.elvestidorderamon.com\/es\/","logo":{"@type":"ImageObject","inLanguage":"es","@id":"https:\/\/www.elvestidorderamon.com\/es\/#\/schema\/logo\/image\/","url":"https:\/\/www.elvestidorderamon.com\/wp-content\/uploads\/2024\/11\/cropped-cropped-Sin-titulo-1.png","contentUrl":"https:\/\/www.elvestidorderamon.com\/wp-content\/uploads\/2024\/11\/cropped-cropped-Sin-titulo-1.png","width":376,"height":376,"caption":"El vestidor de Ram\u00f3n"},"image":{"@id":"https:\/\/www.elvestidorderamon.com\/es\/#\/schema\/logo\/image\/"}}]}},"_links":{"self":[{"href":"https:\/\/www.elvestidorderamon.com\/es\/wp-json\/wp\/v2\/product\/3600","targetHints":{"allow":["GET"]}}],"collection":[{"href":"https:\/\/www.elvestidorderamon.com\/es\/wp-json\/wp\/v2\/product"}],"about":[{"href":"https:\/\/www.elvestidorderamon.com\/es\/wp-json\/wp\/v2\/types\/product"}],"wp:featuredmedia":[{"embeddable":true,"href":"https:\/\/www.elvestidorderamon.com\/es\/wp-json\/wp\/v2\/media\/3601"}],"wp:attachment":[{"href":"https:\/\/www.elvestidorderamon.com\/es\/wp-json\/wp\/v2\/media?parent=3600"}],"wp:term":[{"taxonomy":"product_brand","embeddable":true,"href":"https:\/\/www.elvestidorderamon.com\/es\/wp-json\/wp\/v2\/product_brand?post=3600"},{"taxonomy":"product_cat","embeddable":true,"href":"https:\/\/www.elvestidorderamon.com\/es\/wp-json\/wp\/v2\/product_cat?post=3600"},{"taxonomy":"product_tag","embeddable":true,"href":"https:\/\/www.elvestidorderamon.com\/es\/wp-json\/wp\/v2\/product_tag?post=3600"}],"curies":[{"name":"wp","href":"https:\/\/api.w.org\/{rel}","templated":true}]}}