{"id":3626,"date":"2026-02-16T10:34:49","date_gmt":"2026-02-16T10:34:49","guid":{"rendered":"https:\/\/www.elvestidorderamon.com\/?post_type=product&#038;p=3626"},"modified":"2026-02-16T10:34:49","modified_gmt":"2026-02-16T10:34:49","slug":"volume-mascara-de-pestanas-negras-sky-high-waterproof","status":"publish","type":"product","link":"https:\/\/www.elvestidorderamon.com\/es\/producto\/volume-mascara-de-pestanas-negras-sky-high-waterproof\/","title":{"rendered":"VOLUME MASCARA DE PESTA\u00d1AS NEGRAS SKY HIGH WATERPROOF"},"content":{"rendered":"<ul class=\"a-unordered-list a-vertical a-spacing-mini\">\n<li class=\"a-spacing-mini\"><span class=\"a-list-item\">M\u00e1scara de pesta\u00f1as dise\u00f1ada para dar una longitud sin l\u00edmites y un volumen redefinido para lucir unas pesta\u00f1as con altura<\/span><\/li>\n<li class=\"a-spacing-mini\"><span class=\"a-list-item\">Pesta\u00f1as llamativas con una longitud de v\u00e9rtigo y volumen sin apelmazar y sin grumos, Color negro<\/span><\/li>\n<li class=\"a-spacing-mini\"><span class=\"a-list-item\">Aplica la m\u00e1scara desde la ra\u00edz hasta las puntas moviendo el cepillo en zig-zag y de manera ascendente para una repartici\u00f3n equilibrada en cada pesta\u00f1a<\/span><\/li>\n<li class=\"a-spacing-mini\"><span class=\"a-list-item\">F\u00f3rmula ligera con extracto de bamb\u00fa, Cepillo c\u00f3nico y flexible que alcanza todas las pesta\u00f1as, desde las m\u00e1s largas hasta las m\u00e1s cortas, Dosificador con proporci\u00f3n \u00f3ptima del producto<\/span><\/li>\n<\/ul>","protected":false},"excerpt":{"rendered":"<p>M\u00e1scara de pesta\u00f1as dise\u00f1ada para dar una longitud sin l\u00edmites y un volumen redefinido para lucir unas pesta\u00f1as con altura Pesta\u00f1as llamativas con una longitud de v\u00e9rtigo y volumen sin apelmazar y sin grumos, Color negro Aplica la m\u00e1scara desde la ra\u00edz hasta las puntas moviendo el cepillo en zig-zag y de manera ascendente para &hellip;<\/p>\n<p class=\"read-more\"> <a class=\"thunk-readmore button\" href=\"https:\/\/www.elvestidorderamon.com\/es\/producto\/volume-mascara-de-pestanas-negras-sky-high-waterproof\/\"> <span class=\"screen-reader-text\">VOLUME MASCARA DE PESTA\u00d1AS NEGRAS SKY HIGH WATERPROOF<\/span>Leer m\u00e1s<\/a><\/p>","protected":false},"featured_media":3627,"template":"","meta":[],"product_brand":[],"product_cat":[44],"product_tag":[],"class_list":{"0":"post-3626","1":"product","2":"type-product","3":"status-publish","4":"has-post-thumbnail","6":"product_cat-beauty-home","7":"thunk-woo-product-list","8":"opn-qv-enable","9":"big-store-woo-hover-zoom","10":"open-single-product-tab-horizontal","11":"open-shadow-","12":"open-shadow-hover-","14":"first","15":"instock","16":"shipping-taxable","17":"purchasable","18":"product-type-simple"},"yoast_head":"<!-- This site is optimized with the Yoast SEO plugin v27.3 - https:\/\/yoast.com\/product\/yoast-seo-wordpress\/ -->\n<title>VOLUME MASCARA DE PESTA\u00d1AS NEGRAS SKY HIGH WATERPROOF - El vestidor de Ram\u00f3n<\/title>\n<meta name=\"robots\" content=\"index, follow, max-snippet:-1, max-image-preview:large, max-video-preview:-1\" \/>\n<link rel=\"canonical\" href=\"https:\/\/www.elvestidorderamon.com\/es\/producto\/volume-mascara-de-pestanas-negras-sky-high-waterproof\/\" \/>\n<meta property=\"og:locale\" content=\"es_ES\" \/>\n<meta property=\"og:type\" content=\"article\" \/>\n<meta property=\"og:title\" content=\"VOLUME MASCARA DE PESTA\u00d1AS NEGRAS SKY HIGH WATERPROOF - El vestidor de Ram\u00f3n\" \/>\n<meta property=\"og:description\" content=\"M\u00e1scara de pesta\u00f1as dise\u00f1ada para dar una longitud sin l\u00edmites y un volumen redefinido para lucir unas pesta\u00f1as con altura Pesta\u00f1as llamativas con una longitud de v\u00e9rtigo y volumen sin apelmazar y sin grumos, Color negro Aplica la m\u00e1scara desde la ra\u00edz hasta las puntas moviendo el cepillo en zig-zag y de manera ascendente para &hellip; VOLUME MASCARA DE PESTA\u00d1AS NEGRAS SKY HIGH WATERPROOFLeer m\u00e1s\" \/>\n<meta property=\"og:url\" content=\"https:\/\/www.elvestidorderamon.com\/es\/producto\/volume-mascara-de-pestanas-negras-sky-high-waterproof\/\" \/>\n<meta property=\"og:site_name\" content=\"El vestidor de Ram\u00f3n\" \/>\n<meta property=\"og:image\" content=\"https:\/\/www.elvestidorderamon.com\/wp-content\/uploads\/2026\/02\/WhatsApp-Image-2026-02-16-at-11.32.15-scaled.jpeg\" \/>\n\t<meta property=\"og:image:width\" content=\"1920\" \/>\n\t<meta property=\"og:image:height\" content=\"2560\" \/>\n\t<meta property=\"og:image:type\" content=\"image\/jpeg\" \/>\n<meta name=\"twitter:card\" content=\"summary_large_image\" \/>\n<meta name=\"twitter:label1\" content=\"Tiempo de lectura\" \/>\n\t<meta name=\"twitter:data1\" content=\"1 minuto\" \/>\n<script type=\"application\/ld+json\" class=\"yoast-schema-graph\">{\"@context\":\"https:\\\/\\\/schema.org\",\"@graph\":[{\"@type\":\"WebPage\",\"@id\":\"https:\\\/\\\/www.elvestidorderamon.com\\\/producto\\\/volume-mascara-de-pestanas-negras-sky-high-waterproof\\\/\",\"url\":\"https:\\\/\\\/www.elvestidorderamon.com\\\/producto\\\/volume-mascara-de-pestanas-negras-sky-high-waterproof\\\/\",\"name\":\"VOLUME MASCARA DE PESTA\u00d1AS NEGRAS SKY HIGH WATERPROOF - El vestidor de Ram\u00f3n\",\"isPartOf\":{\"@id\":\"https:\\\/\\\/www.elvestidorderamon.com\\\/es\\\/#website\"},\"primaryImageOfPage\":{\"@id\":\"https:\\\/\\\/www.elvestidorderamon.com\\\/producto\\\/volume-mascara-de-pestanas-negras-sky-high-waterproof\\\/#primaryimage\"},\"image\":{\"@id\":\"https:\\\/\\\/www.elvestidorderamon.com\\\/producto\\\/volume-mascara-de-pestanas-negras-sky-high-waterproof\\\/#primaryimage\"},\"thumbnailUrl\":\"https:\\\/\\\/www.elvestidorderamon.com\\\/wp-content\\\/uploads\\\/2026\\\/02\\\/WhatsApp-Image-2026-02-16-at-11.32.15-scaled.jpeg\",\"datePublished\":\"2026-02-16T10:34:49+00:00\",\"breadcrumb\":{\"@id\":\"https:\\\/\\\/www.elvestidorderamon.com\\\/producto\\\/volume-mascara-de-pestanas-negras-sky-high-waterproof\\\/#breadcrumb\"},\"inLanguage\":\"es\",\"potentialAction\":[{\"@type\":\"ReadAction\",\"target\":[\"https:\\\/\\\/www.elvestidorderamon.com\\\/producto\\\/volume-mascara-de-pestanas-negras-sky-high-waterproof\\\/\"]}]},{\"@type\":\"ImageObject\",\"inLanguage\":\"es\",\"@id\":\"https:\\\/\\\/www.elvestidorderamon.com\\\/producto\\\/volume-mascara-de-pestanas-negras-sky-high-waterproof\\\/#primaryimage\",\"url\":\"https:\\\/\\\/www.elvestidorderamon.com\\\/wp-content\\\/uploads\\\/2026\\\/02\\\/WhatsApp-Image-2026-02-16-at-11.32.15-scaled.jpeg\",\"contentUrl\":\"https:\\\/\\\/www.elvestidorderamon.com\\\/wp-content\\\/uploads\\\/2026\\\/02\\\/WhatsApp-Image-2026-02-16-at-11.32.15-scaled.jpeg\",\"width\":1920,\"height\":2560},{\"@type\":\"BreadcrumbList\",\"@id\":\"https:\\\/\\\/www.elvestidorderamon.com\\\/producto\\\/volume-mascara-de-pestanas-negras-sky-high-waterproof\\\/#breadcrumb\",\"itemListElement\":[{\"@type\":\"ListItem\",\"position\":1,\"name\":\"Portada\",\"item\":\"https:\\\/\\\/www.elvestidorderamon.com\\\/\"},{\"@type\":\"ListItem\",\"position\":2,\"name\":\"Tienda\",\"item\":\"https:\\\/\\\/www.elvestidorderamon.com\\\/tienda\\\/\"},{\"@type\":\"ListItem\",\"position\":3,\"name\":\"VOLUME MASCARA DE PESTA\u00d1AS NEGRAS SKY HIGH WATERPROOF\"}]},{\"@type\":\"WebSite\",\"@id\":\"https:\\\/\\\/www.elvestidorderamon.com\\\/es\\\/#website\",\"url\":\"https:\\\/\\\/www.elvestidorderamon.com\\\/es\\\/\",\"name\":\"El vestidor de Ram\u00f3n\",\"description\":\"Tienda Online de moda\",\"publisher\":{\"@id\":\"https:\\\/\\\/www.elvestidorderamon.com\\\/es\\\/#organization\"},\"potentialAction\":[{\"@type\":\"SearchAction\",\"target\":{\"@type\":\"EntryPoint\",\"urlTemplate\":\"https:\\\/\\\/www.elvestidorderamon.com\\\/es\\\/?s={search_term_string}\"},\"query-input\":{\"@type\":\"PropertyValueSpecification\",\"valueRequired\":true,\"valueName\":\"search_term_string\"}}],\"inLanguage\":\"es\"},{\"@type\":\"Organization\",\"@id\":\"https:\\\/\\\/www.elvestidorderamon.com\\\/es\\\/#organization\",\"name\":\"El vestidor de Ram\u00f3n\",\"url\":\"https:\\\/\\\/www.elvestidorderamon.com\\\/es\\\/\",\"logo\":{\"@type\":\"ImageObject\",\"inLanguage\":\"es\",\"@id\":\"https:\\\/\\\/www.elvestidorderamon.com\\\/es\\\/#\\\/schema\\\/logo\\\/image\\\/\",\"url\":\"https:\\\/\\\/www.elvestidorderamon.com\\\/wp-content\\\/uploads\\\/2024\\\/11\\\/cropped-cropped-Sin-titulo-1.png\",\"contentUrl\":\"https:\\\/\\\/www.elvestidorderamon.com\\\/wp-content\\\/uploads\\\/2024\\\/11\\\/cropped-cropped-Sin-titulo-1.png\",\"width\":376,\"height\":376,\"caption\":\"El vestidor de Ram\u00f3n\"},\"image\":{\"@id\":\"https:\\\/\\\/www.elvestidorderamon.com\\\/es\\\/#\\\/schema\\\/logo\\\/image\\\/\"}}]}<\/script>\n<!-- \/ Yoast SEO plugin. -->","yoast_head_json":{"title":"VOLUME MASCARA DE PESTA\u00d1AS NEGRAS SKY HIGH WATERPROOF - El vestidor de Ram\u00f3n","robots":{"index":"index","follow":"follow","max-snippet":"max-snippet:-1","max-image-preview":"max-image-preview:large","max-video-preview":"max-video-preview:-1"},"canonical":"https:\/\/www.elvestidorderamon.com\/es\/producto\/volume-mascara-de-pestanas-negras-sky-high-waterproof\/","og_locale":"es_ES","og_type":"article","og_title":"VOLUME MASCARA DE PESTA\u00d1AS NEGRAS SKY HIGH WATERPROOF - El vestidor de Ram\u00f3n","og_description":"M\u00e1scara de pesta\u00f1as dise\u00f1ada para dar una longitud sin l\u00edmites y un volumen redefinido para lucir unas pesta\u00f1as con altura Pesta\u00f1as llamativas con una longitud de v\u00e9rtigo y volumen sin apelmazar y sin grumos, Color negro Aplica la m\u00e1scara desde la ra\u00edz hasta las puntas moviendo el cepillo en zig-zag y de manera ascendente para &hellip; VOLUME MASCARA DE PESTA\u00d1AS NEGRAS SKY HIGH WATERPROOFLeer m\u00e1s","og_url":"https:\/\/www.elvestidorderamon.com\/es\/producto\/volume-mascara-de-pestanas-negras-sky-high-waterproof\/","og_site_name":"El vestidor de Ram\u00f3n","og_image":[{"width":1920,"height":2560,"url":"https:\/\/www.elvestidorderamon.com\/wp-content\/uploads\/2026\/02\/WhatsApp-Image-2026-02-16-at-11.32.15-scaled.jpeg","type":"image\/jpeg"}],"twitter_card":"summary_large_image","twitter_misc":{"Tiempo de lectura":"1 minuto"},"schema":{"@context":"https:\/\/schema.org","@graph":[{"@type":"WebPage","@id":"https:\/\/www.elvestidorderamon.com\/producto\/volume-mascara-de-pestanas-negras-sky-high-waterproof\/","url":"https:\/\/www.elvestidorderamon.com\/producto\/volume-mascara-de-pestanas-negras-sky-high-waterproof\/","name":"VOLUME MASCARA DE PESTA\u00d1AS NEGRAS SKY HIGH WATERPROOF - El vestidor de Ram\u00f3n","isPartOf":{"@id":"https:\/\/www.elvestidorderamon.com\/es\/#website"},"primaryImageOfPage":{"@id":"https:\/\/www.elvestidorderamon.com\/producto\/volume-mascara-de-pestanas-negras-sky-high-waterproof\/#primaryimage"},"image":{"@id":"https:\/\/www.elvestidorderamon.com\/producto\/volume-mascara-de-pestanas-negras-sky-high-waterproof\/#primaryimage"},"thumbnailUrl":"https:\/\/www.elvestidorderamon.com\/wp-content\/uploads\/2026\/02\/WhatsApp-Image-2026-02-16-at-11.32.15-scaled.jpeg","datePublished":"2026-02-16T10:34:49+00:00","breadcrumb":{"@id":"https:\/\/www.elvestidorderamon.com\/producto\/volume-mascara-de-pestanas-negras-sky-high-waterproof\/#breadcrumb"},"inLanguage":"es","potentialAction":[{"@type":"ReadAction","target":["https:\/\/www.elvestidorderamon.com\/producto\/volume-mascara-de-pestanas-negras-sky-high-waterproof\/"]}]},{"@type":"ImageObject","inLanguage":"es","@id":"https:\/\/www.elvestidorderamon.com\/producto\/volume-mascara-de-pestanas-negras-sky-high-waterproof\/#primaryimage","url":"https:\/\/www.elvestidorderamon.com\/wp-content\/uploads\/2026\/02\/WhatsApp-Image-2026-02-16-at-11.32.15-scaled.jpeg","contentUrl":"https:\/\/www.elvestidorderamon.com\/wp-content\/uploads\/2026\/02\/WhatsApp-Image-2026-02-16-at-11.32.15-scaled.jpeg","width":1920,"height":2560},{"@type":"BreadcrumbList","@id":"https:\/\/www.elvestidorderamon.com\/producto\/volume-mascara-de-pestanas-negras-sky-high-waterproof\/#breadcrumb","itemListElement":[{"@type":"ListItem","position":1,"name":"Portada","item":"https:\/\/www.elvestidorderamon.com\/"},{"@type":"ListItem","position":2,"name":"Tienda","item":"https:\/\/www.elvestidorderamon.com\/tienda\/"},{"@type":"ListItem","position":3,"name":"VOLUME MASCARA DE PESTA\u00d1AS NEGRAS SKY HIGH WATERPROOF"}]},{"@type":"WebSite","@id":"https:\/\/www.elvestidorderamon.com\/es\/#website","url":"https:\/\/www.elvestidorderamon.com\/es\/","name":"El vestidor de Ram\u00f3n","description":"Tienda Online de moda","publisher":{"@id":"https:\/\/www.elvestidorderamon.com\/es\/#organization"},"potentialAction":[{"@type":"SearchAction","target":{"@type":"EntryPoint","urlTemplate":"https:\/\/www.elvestidorderamon.com\/es\/?s={search_term_string}"},"query-input":{"@type":"PropertyValueSpecification","valueRequired":true,"valueName":"search_term_string"}}],"inLanguage":"es"},{"@type":"Organization","@id":"https:\/\/www.elvestidorderamon.com\/es\/#organization","name":"El vestidor de Ram\u00f3n","url":"https:\/\/www.elvestidorderamon.com\/es\/","logo":{"@type":"ImageObject","inLanguage":"es","@id":"https:\/\/www.elvestidorderamon.com\/es\/#\/schema\/logo\/image\/","url":"https:\/\/www.elvestidorderamon.com\/wp-content\/uploads\/2024\/11\/cropped-cropped-Sin-titulo-1.png","contentUrl":"https:\/\/www.elvestidorderamon.com\/wp-content\/uploads\/2024\/11\/cropped-cropped-Sin-titulo-1.png","width":376,"height":376,"caption":"El vestidor de Ram\u00f3n"},"image":{"@id":"https:\/\/www.elvestidorderamon.com\/es\/#\/schema\/logo\/image\/"}}]}},"_links":{"self":[{"href":"https:\/\/www.elvestidorderamon.com\/es\/wp-json\/wp\/v2\/product\/3626","targetHints":{"allow":["GET"]}}],"collection":[{"href":"https:\/\/www.elvestidorderamon.com\/es\/wp-json\/wp\/v2\/product"}],"about":[{"href":"https:\/\/www.elvestidorderamon.com\/es\/wp-json\/wp\/v2\/types\/product"}],"wp:featuredmedia":[{"embeddable":true,"href":"https:\/\/www.elvestidorderamon.com\/es\/wp-json\/wp\/v2\/media\/3627"}],"wp:attachment":[{"href":"https:\/\/www.elvestidorderamon.com\/es\/wp-json\/wp\/v2\/media?parent=3626"}],"wp:term":[{"taxonomy":"product_brand","embeddable":true,"href":"https:\/\/www.elvestidorderamon.com\/es\/wp-json\/wp\/v2\/product_brand?post=3626"},{"taxonomy":"product_cat","embeddable":true,"href":"https:\/\/www.elvestidorderamon.com\/es\/wp-json\/wp\/v2\/product_cat?post=3626"},{"taxonomy":"product_tag","embeddable":true,"href":"https:\/\/www.elvestidorderamon.com\/es\/wp-json\/wp\/v2\/product_tag?post=3626"}],"curies":[{"name":"wp","href":"https:\/\/api.w.org\/{rel}","templated":true}]}}