{"id":3684,"date":"2026-02-26T17:26:16","date_gmt":"2026-02-26T17:26:16","guid":{"rendered":"https:\/\/www.elvestidorderamon.com\/?post_type=product&#038;p=3684"},"modified":"2026-03-09T11:31:09","modified_gmt":"2026-03-09T11:31:09","slug":"lattafa-dynasty-perfume-naturak-spray-100-ml","status":"publish","type":"product","link":"https:\/\/www.elvestidorderamon.com\/es\/producto\/lattafa-dynasty-perfume-naturak-spray-100-ml\/","title":{"rendered":"LATTAFA DYNASTY PERFUME NATURAK SPRAY 100 ML"},"content":{"rendered":"<h2><span dir=\"auto\">Acerca de la dinast\u00eda Lattafa<\/span><\/h2>\n<p><span dir=\"auto\">Descubra el fascinante mundo de las fragancias de lujo con el perfume Lattafa Dynasty de Lattafa. Esta excepcional fragancia refleja la sofisticaci\u00f3n y el encanto, por lo que es un imprescindible para los expertos en fragancias. La marca de moda que lanz\u00f3 esta fragancia es la venerada Lattafa. Esta marca rinde homenaje a lo sofisticado y lo encantador, fiel a su filosof\u00eda de lujo y a la creaci\u00f3n de fragancias duraderas. La fragancia, con su mezcla \u00fanica, evoca el esplendor de los colonizadores y ofrece una experiencia olfativa que no solo es grandiosa, sino verdaderamente lujosa y excepcional.<\/span><\/p>\n<h4><span dir=\"auto\">Familia de fragancias:<\/span><\/h4>\n<p><span dir=\"auto\">Floral oriental<\/span><\/p>\n<h4><span dir=\"auto\">Tipo de aroma:<\/span><\/h4>\n<p><span dir=\"auto\">Rico, especiado, floral<\/span><\/p>\n<h4><span dir=\"auto\">Notas:<\/span><\/h4>\n<p><span dir=\"auto\">El perfume Lattafa Dynasty se abre con una explosi\u00f3n vigorizante de c\u00edtricos y especias ex\u00f3ticas, creando una nota de salida vivaz y seductora que te atrapa. El coraz\u00f3n del perfume es una sensual combinaci\u00f3n de diferentes flores, interpretadas por la antigua reina del jazm\u00edn y la rom\u00e1ntica princesa de las rosas, que evocan sentimientos elegantes y delicados al fusionarse. Al igual que la fragancia, emergen las notas de fondo, que brindan la calidez del \u00e1mbar y el almizcle, a\u00f1adiendo una profundidad resinosa. As\u00ed, la fragancia envuelve a quien la lleva en un suave y prolongado abrazo lleno de calidez y sofisticaci\u00f3n.<\/span><\/p>\n<h4><span dir=\"auto\">Uso sugerido<\/span><\/h4>\n<p><span dir=\"auto\">Para una aplicaci\u00f3n \u00f3ptima del perfume Lattafa Dynasty, apl\u00edquelo directamente en los puntos de pulso, como las mu\u00f1ecas, detr\u00e1s de las orejas y en la nuca. Estas zonas permiten que la fragancia se desarrolle plenamente, potenciando su duraci\u00f3n y proyecci\u00f3n. Para una experiencia a\u00fan m\u00e1s suntuosa, roc\u00ede la fragancia sobre la ropa o una bufanda para una impresi\u00f3n duradera. Perfecto para ocasiones especiales o para crear un aura de refinamiento en el d\u00eda a d\u00eda.<\/span><\/p>","protected":false},"excerpt":{"rendered":"<p>Acerca de la dinast\u00eda Lattafa Descubra el fascinante mundo de las fragancias de lujo con el perfume Lattafa Dynasty de Lattafa. Esta excepcional fragancia refleja la sofisticaci\u00f3n y el encanto, por lo que es un imprescindible para los expertos en fragancias. La marca de moda que lanz\u00f3 esta fragancia es la venerada Lattafa. Esta marca &hellip;<\/p>\n<p class=\"read-more\"> <a class=\"thunk-readmore button\" href=\"https:\/\/www.elvestidorderamon.com\/es\/producto\/lattafa-dynasty-perfume-naturak-spray-100-ml\/\"> <span class=\"screen-reader-text\">LATTAFA DYNASTY PERFUME NATURAK SPRAY 100 ML<\/span>Leer m\u00e1s<\/a><\/p>","protected":false},"featured_media":3685,"template":"","meta":[],"product_brand":[],"product_cat":[113],"product_tag":[],"class_list":{"0":"post-3684","1":"product","2":"type-product","3":"status-publish","4":"has-post-thumbnail","6":"product_cat-perfumes-y-ambientadores-arabes","7":"thunk-woo-product-list","8":"opn-qv-enable","9":"big-store-woo-hover-zoom","10":"open-single-product-tab-horizontal","11":"open-shadow-","12":"open-shadow-hover-","14":"first","15":"outofstock","16":"shipping-taxable","17":"purchasable","18":"product-type-simple"},"yoast_head":"<!-- This site is optimized with the Yoast SEO plugin v27.5 - https:\/\/yoast.com\/product\/yoast-seo-wordpress\/ -->\n<title>LATTAFA DYNASTY PERFUME NATURAK SPRAY 100 ML - El vestidor de Ram\u00f3n<\/title>\n<meta name=\"robots\" content=\"index, follow, max-snippet:-1, max-image-preview:large, max-video-preview:-1\" \/>\n<link rel=\"canonical\" href=\"https:\/\/www.elvestidorderamon.com\/es\/producto\/lattafa-dynasty-perfume-naturak-spray-100-ml\/\" \/>\n<meta property=\"og:locale\" content=\"es_ES\" \/>\n<meta property=\"og:type\" content=\"article\" \/>\n<meta property=\"og:title\" content=\"LATTAFA DYNASTY PERFUME NATURAK SPRAY 100 ML - El vestidor de Ram\u00f3n\" \/>\n<meta property=\"og:description\" content=\"Acerca de la dinast\u00eda Lattafa Descubra el fascinante mundo de las fragancias de lujo con el perfume Lattafa Dynasty de Lattafa. Esta excepcional fragancia refleja la sofisticaci\u00f3n y el encanto, por lo que es un imprescindible para los expertos en fragancias. La marca de moda que lanz\u00f3 esta fragancia es la venerada Lattafa. Esta marca &hellip; LATTAFA DYNASTY PERFUME NATURAK SPRAY 100 MLLeer m\u00e1s\" \/>\n<meta property=\"og:url\" content=\"https:\/\/www.elvestidorderamon.com\/es\/producto\/lattafa-dynasty-perfume-naturak-spray-100-ml\/\" \/>\n<meta property=\"og:site_name\" content=\"El vestidor de Ram\u00f3n\" \/>\n<meta property=\"article:modified_time\" content=\"2026-03-09T11:31:09+00:00\" \/>\n<meta property=\"og:image\" content=\"https:\/\/www.elvestidorderamon.com\/wp-content\/uploads\/2026\/02\/OIP-1.jpg\" \/>\n\t<meta property=\"og:image:width\" content=\"184\" \/>\n\t<meta property=\"og:image:height\" content=\"180\" \/>\n\t<meta property=\"og:image:type\" content=\"image\/jpeg\" \/>\n<meta name=\"twitter:card\" content=\"summary_large_image\" \/>\n<meta name=\"twitter:label1\" content=\"Tiempo de lectura\" \/>\n\t<meta name=\"twitter:data1\" content=\"2 minutos\" \/>\n<script type=\"application\/ld+json\" class=\"yoast-schema-graph\">{\"@context\":\"https:\\\/\\\/schema.org\",\"@graph\":[{\"@type\":\"WebPage\",\"@id\":\"https:\\\/\\\/www.elvestidorderamon.com\\\/producto\\\/lattafa-dynasty-perfume-naturak-spray-100-ml\\\/\",\"url\":\"https:\\\/\\\/www.elvestidorderamon.com\\\/producto\\\/lattafa-dynasty-perfume-naturak-spray-100-ml\\\/\",\"name\":\"LATTAFA DYNASTY PERFUME NATURAK SPRAY 100 ML - El vestidor de Ram\u00f3n\",\"isPartOf\":{\"@id\":\"https:\\\/\\\/www.elvestidorderamon.com\\\/es\\\/#website\"},\"primaryImageOfPage\":{\"@id\":\"https:\\\/\\\/www.elvestidorderamon.com\\\/producto\\\/lattafa-dynasty-perfume-naturak-spray-100-ml\\\/#primaryimage\"},\"image\":{\"@id\":\"https:\\\/\\\/www.elvestidorderamon.com\\\/producto\\\/lattafa-dynasty-perfume-naturak-spray-100-ml\\\/#primaryimage\"},\"thumbnailUrl\":\"https:\\\/\\\/www.elvestidorderamon.com\\\/wp-content\\\/uploads\\\/2026\\\/02\\\/OIP-1.jpg\",\"datePublished\":\"2026-02-26T17:26:16+00:00\",\"dateModified\":\"2026-03-09T11:31:09+00:00\",\"breadcrumb\":{\"@id\":\"https:\\\/\\\/www.elvestidorderamon.com\\\/producto\\\/lattafa-dynasty-perfume-naturak-spray-100-ml\\\/#breadcrumb\"},\"inLanguage\":\"es\",\"potentialAction\":[{\"@type\":\"ReadAction\",\"target\":[\"https:\\\/\\\/www.elvestidorderamon.com\\\/producto\\\/lattafa-dynasty-perfume-naturak-spray-100-ml\\\/\"]}]},{\"@type\":\"ImageObject\",\"inLanguage\":\"es\",\"@id\":\"https:\\\/\\\/www.elvestidorderamon.com\\\/producto\\\/lattafa-dynasty-perfume-naturak-spray-100-ml\\\/#primaryimage\",\"url\":\"https:\\\/\\\/www.elvestidorderamon.com\\\/wp-content\\\/uploads\\\/2026\\\/02\\\/OIP-1.jpg\",\"contentUrl\":\"https:\\\/\\\/www.elvestidorderamon.com\\\/wp-content\\\/uploads\\\/2026\\\/02\\\/OIP-1.jpg\",\"width\":184,\"height\":180},{\"@type\":\"BreadcrumbList\",\"@id\":\"https:\\\/\\\/www.elvestidorderamon.com\\\/producto\\\/lattafa-dynasty-perfume-naturak-spray-100-ml\\\/#breadcrumb\",\"itemListElement\":[{\"@type\":\"ListItem\",\"position\":1,\"name\":\"Portada\",\"item\":\"https:\\\/\\\/www.elvestidorderamon.com\\\/\"},{\"@type\":\"ListItem\",\"position\":2,\"name\":\"Tienda\",\"item\":\"https:\\\/\\\/www.elvestidorderamon.com\\\/tienda\\\/\"},{\"@type\":\"ListItem\",\"position\":3,\"name\":\"LATTAFA DYNASTY PERFUME NATURAK SPRAY 100 ML\"}]},{\"@type\":\"WebSite\",\"@id\":\"https:\\\/\\\/www.elvestidorderamon.com\\\/es\\\/#website\",\"url\":\"https:\\\/\\\/www.elvestidorderamon.com\\\/es\\\/\",\"name\":\"El vestidor de Ram\u00f3n\",\"description\":\"Tienda Online de moda\",\"publisher\":{\"@id\":\"https:\\\/\\\/www.elvestidorderamon.com\\\/es\\\/#organization\"},\"potentialAction\":[{\"@type\":\"SearchAction\",\"target\":{\"@type\":\"EntryPoint\",\"urlTemplate\":\"https:\\\/\\\/www.elvestidorderamon.com\\\/es\\\/?s={search_term_string}\"},\"query-input\":{\"@type\":\"PropertyValueSpecification\",\"valueRequired\":true,\"valueName\":\"search_term_string\"}}],\"inLanguage\":\"es\"},{\"@type\":\"Organization\",\"@id\":\"https:\\\/\\\/www.elvestidorderamon.com\\\/es\\\/#organization\",\"name\":\"El vestidor de Ram\u00f3n\",\"url\":\"https:\\\/\\\/www.elvestidorderamon.com\\\/es\\\/\",\"logo\":{\"@type\":\"ImageObject\",\"inLanguage\":\"es\",\"@id\":\"https:\\\/\\\/www.elvestidorderamon.com\\\/es\\\/#\\\/schema\\\/logo\\\/image\\\/\",\"url\":\"https:\\\/\\\/www.elvestidorderamon.com\\\/wp-content\\\/uploads\\\/2024\\\/11\\\/cropped-cropped-Sin-titulo-1.png\",\"contentUrl\":\"https:\\\/\\\/www.elvestidorderamon.com\\\/wp-content\\\/uploads\\\/2024\\\/11\\\/cropped-cropped-Sin-titulo-1.png\",\"width\":376,\"height\":376,\"caption\":\"El vestidor de Ram\u00f3n\"},\"image\":{\"@id\":\"https:\\\/\\\/www.elvestidorderamon.com\\\/es\\\/#\\\/schema\\\/logo\\\/image\\\/\"}}]}<\/script>\n<!-- \/ Yoast SEO plugin. -->","yoast_head_json":{"title":"LATTAFA DYNASTY PERFUME NATURAK SPRAY 100 ML - El vestidor de Ram\u00f3n","robots":{"index":"index","follow":"follow","max-snippet":"max-snippet:-1","max-image-preview":"max-image-preview:large","max-video-preview":"max-video-preview:-1"},"canonical":"https:\/\/www.elvestidorderamon.com\/es\/producto\/lattafa-dynasty-perfume-naturak-spray-100-ml\/","og_locale":"es_ES","og_type":"article","og_title":"LATTAFA DYNASTY PERFUME NATURAK SPRAY 100 ML - El vestidor de Ram\u00f3n","og_description":"Acerca de la dinast\u00eda Lattafa Descubra el fascinante mundo de las fragancias de lujo con el perfume Lattafa Dynasty de Lattafa. Esta excepcional fragancia refleja la sofisticaci\u00f3n y el encanto, por lo que es un imprescindible para los expertos en fragancias. La marca de moda que lanz\u00f3 esta fragancia es la venerada Lattafa. Esta marca &hellip; LATTAFA DYNASTY PERFUME NATURAK SPRAY 100 MLLeer m\u00e1s","og_url":"https:\/\/www.elvestidorderamon.com\/es\/producto\/lattafa-dynasty-perfume-naturak-spray-100-ml\/","og_site_name":"El vestidor de Ram\u00f3n","article_modified_time":"2026-03-09T11:31:09+00:00","og_image":[{"width":184,"height":180,"url":"https:\/\/www.elvestidorderamon.com\/wp-content\/uploads\/2026\/02\/OIP-1.jpg","type":"image\/jpeg"}],"twitter_card":"summary_large_image","twitter_misc":{"Tiempo de lectura":"2 minutos"},"schema":{"@context":"https:\/\/schema.org","@graph":[{"@type":"WebPage","@id":"https:\/\/www.elvestidorderamon.com\/producto\/lattafa-dynasty-perfume-naturak-spray-100-ml\/","url":"https:\/\/www.elvestidorderamon.com\/producto\/lattafa-dynasty-perfume-naturak-spray-100-ml\/","name":"LATTAFA DYNASTY PERFUME NATURAK SPRAY 100 ML - El vestidor de Ram\u00f3n","isPartOf":{"@id":"https:\/\/www.elvestidorderamon.com\/es\/#website"},"primaryImageOfPage":{"@id":"https:\/\/www.elvestidorderamon.com\/producto\/lattafa-dynasty-perfume-naturak-spray-100-ml\/#primaryimage"},"image":{"@id":"https:\/\/www.elvestidorderamon.com\/producto\/lattafa-dynasty-perfume-naturak-spray-100-ml\/#primaryimage"},"thumbnailUrl":"https:\/\/www.elvestidorderamon.com\/wp-content\/uploads\/2026\/02\/OIP-1.jpg","datePublished":"2026-02-26T17:26:16+00:00","dateModified":"2026-03-09T11:31:09+00:00","breadcrumb":{"@id":"https:\/\/www.elvestidorderamon.com\/producto\/lattafa-dynasty-perfume-naturak-spray-100-ml\/#breadcrumb"},"inLanguage":"es","potentialAction":[{"@type":"ReadAction","target":["https:\/\/www.elvestidorderamon.com\/producto\/lattafa-dynasty-perfume-naturak-spray-100-ml\/"]}]},{"@type":"ImageObject","inLanguage":"es","@id":"https:\/\/www.elvestidorderamon.com\/producto\/lattafa-dynasty-perfume-naturak-spray-100-ml\/#primaryimage","url":"https:\/\/www.elvestidorderamon.com\/wp-content\/uploads\/2026\/02\/OIP-1.jpg","contentUrl":"https:\/\/www.elvestidorderamon.com\/wp-content\/uploads\/2026\/02\/OIP-1.jpg","width":184,"height":180},{"@type":"BreadcrumbList","@id":"https:\/\/www.elvestidorderamon.com\/producto\/lattafa-dynasty-perfume-naturak-spray-100-ml\/#breadcrumb","itemListElement":[{"@type":"ListItem","position":1,"name":"Portada","item":"https:\/\/www.elvestidorderamon.com\/"},{"@type":"ListItem","position":2,"name":"Tienda","item":"https:\/\/www.elvestidorderamon.com\/tienda\/"},{"@type":"ListItem","position":3,"name":"LATTAFA DYNASTY PERFUME NATURAK SPRAY 100 ML"}]},{"@type":"WebSite","@id":"https:\/\/www.elvestidorderamon.com\/es\/#website","url":"https:\/\/www.elvestidorderamon.com\/es\/","name":"El vestidor de Ram\u00f3n","description":"Tienda Online de moda","publisher":{"@id":"https:\/\/www.elvestidorderamon.com\/es\/#organization"},"potentialAction":[{"@type":"SearchAction","target":{"@type":"EntryPoint","urlTemplate":"https:\/\/www.elvestidorderamon.com\/es\/?s={search_term_string}"},"query-input":{"@type":"PropertyValueSpecification","valueRequired":true,"valueName":"search_term_string"}}],"inLanguage":"es"},{"@type":"Organization","@id":"https:\/\/www.elvestidorderamon.com\/es\/#organization","name":"El vestidor de Ram\u00f3n","url":"https:\/\/www.elvestidorderamon.com\/es\/","logo":{"@type":"ImageObject","inLanguage":"es","@id":"https:\/\/www.elvestidorderamon.com\/es\/#\/schema\/logo\/image\/","url":"https:\/\/www.elvestidorderamon.com\/wp-content\/uploads\/2024\/11\/cropped-cropped-Sin-titulo-1.png","contentUrl":"https:\/\/www.elvestidorderamon.com\/wp-content\/uploads\/2024\/11\/cropped-cropped-Sin-titulo-1.png","width":376,"height":376,"caption":"El vestidor de Ram\u00f3n"},"image":{"@id":"https:\/\/www.elvestidorderamon.com\/es\/#\/schema\/logo\/image\/"}}]}},"_links":{"self":[{"href":"https:\/\/www.elvestidorderamon.com\/es\/wp-json\/wp\/v2\/product\/3684","targetHints":{"allow":["GET"]}}],"collection":[{"href":"https:\/\/www.elvestidorderamon.com\/es\/wp-json\/wp\/v2\/product"}],"about":[{"href":"https:\/\/www.elvestidorderamon.com\/es\/wp-json\/wp\/v2\/types\/product"}],"wp:featuredmedia":[{"embeddable":true,"href":"https:\/\/www.elvestidorderamon.com\/es\/wp-json\/wp\/v2\/media\/3685"}],"wp:attachment":[{"href":"https:\/\/www.elvestidorderamon.com\/es\/wp-json\/wp\/v2\/media?parent=3684"}],"wp:term":[{"taxonomy":"product_brand","embeddable":true,"href":"https:\/\/www.elvestidorderamon.com\/es\/wp-json\/wp\/v2\/product_brand?post=3684"},{"taxonomy":"product_cat","embeddable":true,"href":"https:\/\/www.elvestidorderamon.com\/es\/wp-json\/wp\/v2\/product_cat?post=3684"},{"taxonomy":"product_tag","embeddable":true,"href":"https:\/\/www.elvestidorderamon.com\/es\/wp-json\/wp\/v2\/product_tag?post=3684"}],"curies":[{"name":"wp","href":"https:\/\/api.w.org\/{rel}","templated":true}]}}