{"id":3690,"date":"2026-02-27T16:56:55","date_gmt":"2026-02-27T16:56:55","guid":{"rendered":"https:\/\/www.elvestidorderamon.com\/?post_type=product&#038;p=3690"},"modified":"2026-02-27T16:56:56","modified_gmt":"2026-02-27T16:56:56","slug":"musaman-white-intense-lattafa-100ml","status":"publish","type":"product","link":"https:\/\/www.elvestidorderamon.com\/es\/producto\/musaman-white-intense-lattafa-100ml\/","title":{"rendered":"MUSAMAN WHITE INTENSE LATTAFA 100ML"},"content":{"rendered":"<p><span dir=\"auto\">El perfume Musamam White Intense \/ Eau De Parfum 100 ml de Lattafa es una fragancia que irradia elegancia y sofisticaci\u00f3n. Este exquisito perfume es una armoniosa mezcla de notas cuidadosamente seleccionadas que se unen para crear una experiencia olfativa cautivadora y memorable.<\/span><\/p>\n<p><span dir=\"auto\">En esencia, Musamam White Intense se despliega con las siguientes notas armoniosas:<\/span><\/p>\n<ul>\n<li><strong><span dir=\"auto\">Notas de salida:<\/span><\/strong><span dir=\"auto\">\u00a0Bergamota, naranja, especias.<\/span><\/li>\n<li><strong><span dir=\"auto\">Notas medias:<\/span><\/strong><span dir=\"auto\">\u00a0coco, ylang ylang, ambroxan, mahonial<\/span><\/li>\n<li><strong><span dir=\"auto\">Notas de fondo:<\/span><\/strong><span dir=\"auto\">\u00a0s\u00e1ndalo, almizcle, benju\u00ed<\/span><\/li>\n<\/ul>\n<p>&nbsp;<\/p>\n<p><span dir=\"auto\">Experimente la elegancia y sofisticaci\u00f3n del Perfume \/ Eau De Parfum Musamam White Intense de Lattafa. Con su presentaci\u00f3n de 100 ml, podr\u00e1 disfrutar de su cautivador encanto d\u00eda tras d\u00eda. Esta fragancia se abre con una explosi\u00f3n de frescura c\u00edtrica proveniente de las notas de salida de bergamota y naranja, complementada con la sutil calidez y complejidad de las especias. En el coraz\u00f3n, el coco, el ylang ylang, el ambrox\u00e1n y el mahonial aportan profundidad y riqueza, evocando un encanto ex\u00f3tico. A medida que la fragancia perdura, el s\u00e1ndalo, el almizcle y el benju\u00ed proporcionan una base c\u00e1lida y sensual. Deje que este cautivador aroma sea una expresi\u00f3n de lujo refinado en su vida.<\/span><\/p>","protected":false},"excerpt":{"rendered":"<p>El perfume Musamam White Intense \/ Eau De Parfum 100 ml de Lattafa es una fragancia que irradia elegancia y sofisticaci\u00f3n. Este exquisito perfume es una armoniosa mezcla de notas cuidadosamente seleccionadas que se unen para crear una experiencia olfativa cautivadora y memorable. En esencia, Musamam White Intense se despliega con las siguientes notas armoniosas: &hellip;<\/p>\n<p class=\"read-more\"> <a class=\"thunk-readmore button\" href=\"https:\/\/www.elvestidorderamon.com\/es\/producto\/musaman-white-intense-lattafa-100ml\/\"> <span class=\"screen-reader-text\">MUSAMAN WHITE INTENSE LATTAFA 100ML<\/span>Leer m\u00e1s<\/a><\/p>","protected":false},"featured_media":3691,"template":"","meta":[],"product_brand":[],"product_cat":[113],"product_tag":[],"class_list":{"0":"post-3690","1":"product","2":"type-product","3":"status-publish","4":"has-post-thumbnail","6":"product_cat-perfumes-y-ambientadores-arabes","7":"thunk-woo-product-list","8":"opn-qv-enable","9":"big-store-woo-hover-zoom","10":"open-single-product-tab-horizontal","11":"open-shadow-","12":"open-shadow-hover-","14":"first","15":"instock","16":"shipping-taxable","17":"purchasable","18":"product-type-simple"},"yoast_head":"<!-- This site is optimized with the Yoast SEO plugin v27.5 - https:\/\/yoast.com\/product\/yoast-seo-wordpress\/ -->\n<title>MUSAMAN WHITE INTENSE LATTAFA 100ML - El vestidor de Ram\u00f3n<\/title>\n<meta name=\"robots\" content=\"index, follow, max-snippet:-1, max-image-preview:large, max-video-preview:-1\" \/>\n<link rel=\"canonical\" href=\"https:\/\/www.elvestidorderamon.com\/es\/producto\/musaman-white-intense-lattafa-100ml\/\" \/>\n<meta property=\"og:locale\" content=\"es_ES\" \/>\n<meta property=\"og:type\" content=\"article\" \/>\n<meta property=\"og:title\" content=\"MUSAMAN WHITE INTENSE LATTAFA 100ML - El vestidor de Ram\u00f3n\" \/>\n<meta property=\"og:description\" content=\"El perfume Musamam White Intense \/ Eau De Parfum 100 ml de Lattafa es una fragancia que irradia elegancia y sofisticaci\u00f3n. Este exquisito perfume es una armoniosa mezcla de notas cuidadosamente seleccionadas que se unen para crear una experiencia olfativa cautivadora y memorable. En esencia, Musamam White Intense se despliega con las siguientes notas armoniosas: &hellip; MUSAMAN WHITE INTENSE LATTAFA 100MLLeer m\u00e1s\" \/>\n<meta property=\"og:url\" content=\"https:\/\/www.elvestidorderamon.com\/es\/producto\/musaman-white-intense-lattafa-100ml\/\" \/>\n<meta property=\"og:site_name\" content=\"El vestidor de Ram\u00f3n\" \/>\n<meta property=\"article:modified_time\" content=\"2026-02-27T16:56:56+00:00\" \/>\n<meta property=\"og:image\" content=\"https:\/\/www.elvestidorderamon.com\/wp-content\/uploads\/2026\/02\/OIP-13.jpg\" \/>\n\t<meta property=\"og:image:width\" content=\"180\" \/>\n\t<meta property=\"og:image:height\" content=\"180\" \/>\n\t<meta property=\"og:image:type\" content=\"image\/jpeg\" \/>\n<meta name=\"twitter:card\" content=\"summary_large_image\" \/>\n<meta name=\"twitter:label1\" content=\"Tiempo de lectura\" \/>\n\t<meta name=\"twitter:data1\" content=\"2 minutos\" \/>\n<script type=\"application\/ld+json\" class=\"yoast-schema-graph\">{\"@context\":\"https:\\\/\\\/schema.org\",\"@graph\":[{\"@type\":\"WebPage\",\"@id\":\"https:\\\/\\\/www.elvestidorderamon.com\\\/producto\\\/musaman-white-intense-lattafa-100ml\\\/\",\"url\":\"https:\\\/\\\/www.elvestidorderamon.com\\\/producto\\\/musaman-white-intense-lattafa-100ml\\\/\",\"name\":\"MUSAMAN WHITE INTENSE LATTAFA 100ML - El vestidor de Ram\u00f3n\",\"isPartOf\":{\"@id\":\"https:\\\/\\\/www.elvestidorderamon.com\\\/es\\\/#website\"},\"primaryImageOfPage\":{\"@id\":\"https:\\\/\\\/www.elvestidorderamon.com\\\/producto\\\/musaman-white-intense-lattafa-100ml\\\/#primaryimage\"},\"image\":{\"@id\":\"https:\\\/\\\/www.elvestidorderamon.com\\\/producto\\\/musaman-white-intense-lattafa-100ml\\\/#primaryimage\"},\"thumbnailUrl\":\"https:\\\/\\\/www.elvestidorderamon.com\\\/wp-content\\\/uploads\\\/2026\\\/02\\\/OIP-13.jpg\",\"datePublished\":\"2026-02-27T16:56:55+00:00\",\"dateModified\":\"2026-02-27T16:56:56+00:00\",\"breadcrumb\":{\"@id\":\"https:\\\/\\\/www.elvestidorderamon.com\\\/producto\\\/musaman-white-intense-lattafa-100ml\\\/#breadcrumb\"},\"inLanguage\":\"es\",\"potentialAction\":[{\"@type\":\"ReadAction\",\"target\":[\"https:\\\/\\\/www.elvestidorderamon.com\\\/producto\\\/musaman-white-intense-lattafa-100ml\\\/\"]}]},{\"@type\":\"ImageObject\",\"inLanguage\":\"es\",\"@id\":\"https:\\\/\\\/www.elvestidorderamon.com\\\/producto\\\/musaman-white-intense-lattafa-100ml\\\/#primaryimage\",\"url\":\"https:\\\/\\\/www.elvestidorderamon.com\\\/wp-content\\\/uploads\\\/2026\\\/02\\\/OIP-13.jpg\",\"contentUrl\":\"https:\\\/\\\/www.elvestidorderamon.com\\\/wp-content\\\/uploads\\\/2026\\\/02\\\/OIP-13.jpg\",\"width\":180,\"height\":180},{\"@type\":\"BreadcrumbList\",\"@id\":\"https:\\\/\\\/www.elvestidorderamon.com\\\/producto\\\/musaman-white-intense-lattafa-100ml\\\/#breadcrumb\",\"itemListElement\":[{\"@type\":\"ListItem\",\"position\":1,\"name\":\"Portada\",\"item\":\"https:\\\/\\\/www.elvestidorderamon.com\\\/\"},{\"@type\":\"ListItem\",\"position\":2,\"name\":\"Tienda\",\"item\":\"https:\\\/\\\/www.elvestidorderamon.com\\\/tienda\\\/\"},{\"@type\":\"ListItem\",\"position\":3,\"name\":\"MUSAMAN WHITE INTENSE LATTAFA 100ML\"}]},{\"@type\":\"WebSite\",\"@id\":\"https:\\\/\\\/www.elvestidorderamon.com\\\/es\\\/#website\",\"url\":\"https:\\\/\\\/www.elvestidorderamon.com\\\/es\\\/\",\"name\":\"El vestidor de Ram\u00f3n\",\"description\":\"Tienda Online de moda\",\"publisher\":{\"@id\":\"https:\\\/\\\/www.elvestidorderamon.com\\\/es\\\/#organization\"},\"potentialAction\":[{\"@type\":\"SearchAction\",\"target\":{\"@type\":\"EntryPoint\",\"urlTemplate\":\"https:\\\/\\\/www.elvestidorderamon.com\\\/es\\\/?s={search_term_string}\"},\"query-input\":{\"@type\":\"PropertyValueSpecification\",\"valueRequired\":true,\"valueName\":\"search_term_string\"}}],\"inLanguage\":\"es\"},{\"@type\":\"Organization\",\"@id\":\"https:\\\/\\\/www.elvestidorderamon.com\\\/es\\\/#organization\",\"name\":\"El vestidor de Ram\u00f3n\",\"url\":\"https:\\\/\\\/www.elvestidorderamon.com\\\/es\\\/\",\"logo\":{\"@type\":\"ImageObject\",\"inLanguage\":\"es\",\"@id\":\"https:\\\/\\\/www.elvestidorderamon.com\\\/es\\\/#\\\/schema\\\/logo\\\/image\\\/\",\"url\":\"https:\\\/\\\/www.elvestidorderamon.com\\\/wp-content\\\/uploads\\\/2024\\\/11\\\/cropped-cropped-Sin-titulo-1.png\",\"contentUrl\":\"https:\\\/\\\/www.elvestidorderamon.com\\\/wp-content\\\/uploads\\\/2024\\\/11\\\/cropped-cropped-Sin-titulo-1.png\",\"width\":376,\"height\":376,\"caption\":\"El vestidor de Ram\u00f3n\"},\"image\":{\"@id\":\"https:\\\/\\\/www.elvestidorderamon.com\\\/es\\\/#\\\/schema\\\/logo\\\/image\\\/\"}}]}<\/script>\n<!-- \/ Yoast SEO plugin. -->","yoast_head_json":{"title":"MUSAMAN WHITE INTENSE LATTAFA 100ML - El vestidor de Ram\u00f3n","robots":{"index":"index","follow":"follow","max-snippet":"max-snippet:-1","max-image-preview":"max-image-preview:large","max-video-preview":"max-video-preview:-1"},"canonical":"https:\/\/www.elvestidorderamon.com\/es\/producto\/musaman-white-intense-lattafa-100ml\/","og_locale":"es_ES","og_type":"article","og_title":"MUSAMAN WHITE INTENSE LATTAFA 100ML - El vestidor de Ram\u00f3n","og_description":"El perfume Musamam White Intense \/ Eau De Parfum 100 ml de Lattafa es una fragancia que irradia elegancia y sofisticaci\u00f3n. Este exquisito perfume es una armoniosa mezcla de notas cuidadosamente seleccionadas que se unen para crear una experiencia olfativa cautivadora y memorable. En esencia, Musamam White Intense se despliega con las siguientes notas armoniosas: &hellip; MUSAMAN WHITE INTENSE LATTAFA 100MLLeer m\u00e1s","og_url":"https:\/\/www.elvestidorderamon.com\/es\/producto\/musaman-white-intense-lattafa-100ml\/","og_site_name":"El vestidor de Ram\u00f3n","article_modified_time":"2026-02-27T16:56:56+00:00","og_image":[{"width":180,"height":180,"url":"https:\/\/www.elvestidorderamon.com\/wp-content\/uploads\/2026\/02\/OIP-13.jpg","type":"image\/jpeg"}],"twitter_card":"summary_large_image","twitter_misc":{"Tiempo de lectura":"2 minutos"},"schema":{"@context":"https:\/\/schema.org","@graph":[{"@type":"WebPage","@id":"https:\/\/www.elvestidorderamon.com\/producto\/musaman-white-intense-lattafa-100ml\/","url":"https:\/\/www.elvestidorderamon.com\/producto\/musaman-white-intense-lattafa-100ml\/","name":"MUSAMAN WHITE INTENSE LATTAFA 100ML - El vestidor de Ram\u00f3n","isPartOf":{"@id":"https:\/\/www.elvestidorderamon.com\/es\/#website"},"primaryImageOfPage":{"@id":"https:\/\/www.elvestidorderamon.com\/producto\/musaman-white-intense-lattafa-100ml\/#primaryimage"},"image":{"@id":"https:\/\/www.elvestidorderamon.com\/producto\/musaman-white-intense-lattafa-100ml\/#primaryimage"},"thumbnailUrl":"https:\/\/www.elvestidorderamon.com\/wp-content\/uploads\/2026\/02\/OIP-13.jpg","datePublished":"2026-02-27T16:56:55+00:00","dateModified":"2026-02-27T16:56:56+00:00","breadcrumb":{"@id":"https:\/\/www.elvestidorderamon.com\/producto\/musaman-white-intense-lattafa-100ml\/#breadcrumb"},"inLanguage":"es","potentialAction":[{"@type":"ReadAction","target":["https:\/\/www.elvestidorderamon.com\/producto\/musaman-white-intense-lattafa-100ml\/"]}]},{"@type":"ImageObject","inLanguage":"es","@id":"https:\/\/www.elvestidorderamon.com\/producto\/musaman-white-intense-lattafa-100ml\/#primaryimage","url":"https:\/\/www.elvestidorderamon.com\/wp-content\/uploads\/2026\/02\/OIP-13.jpg","contentUrl":"https:\/\/www.elvestidorderamon.com\/wp-content\/uploads\/2026\/02\/OIP-13.jpg","width":180,"height":180},{"@type":"BreadcrumbList","@id":"https:\/\/www.elvestidorderamon.com\/producto\/musaman-white-intense-lattafa-100ml\/#breadcrumb","itemListElement":[{"@type":"ListItem","position":1,"name":"Portada","item":"https:\/\/www.elvestidorderamon.com\/"},{"@type":"ListItem","position":2,"name":"Tienda","item":"https:\/\/www.elvestidorderamon.com\/tienda\/"},{"@type":"ListItem","position":3,"name":"MUSAMAN WHITE INTENSE LATTAFA 100ML"}]},{"@type":"WebSite","@id":"https:\/\/www.elvestidorderamon.com\/es\/#website","url":"https:\/\/www.elvestidorderamon.com\/es\/","name":"El vestidor de Ram\u00f3n","description":"Tienda Online de moda","publisher":{"@id":"https:\/\/www.elvestidorderamon.com\/es\/#organization"},"potentialAction":[{"@type":"SearchAction","target":{"@type":"EntryPoint","urlTemplate":"https:\/\/www.elvestidorderamon.com\/es\/?s={search_term_string}"},"query-input":{"@type":"PropertyValueSpecification","valueRequired":true,"valueName":"search_term_string"}}],"inLanguage":"es"},{"@type":"Organization","@id":"https:\/\/www.elvestidorderamon.com\/es\/#organization","name":"El vestidor de Ram\u00f3n","url":"https:\/\/www.elvestidorderamon.com\/es\/","logo":{"@type":"ImageObject","inLanguage":"es","@id":"https:\/\/www.elvestidorderamon.com\/es\/#\/schema\/logo\/image\/","url":"https:\/\/www.elvestidorderamon.com\/wp-content\/uploads\/2024\/11\/cropped-cropped-Sin-titulo-1.png","contentUrl":"https:\/\/www.elvestidorderamon.com\/wp-content\/uploads\/2024\/11\/cropped-cropped-Sin-titulo-1.png","width":376,"height":376,"caption":"El vestidor de Ram\u00f3n"},"image":{"@id":"https:\/\/www.elvestidorderamon.com\/es\/#\/schema\/logo\/image\/"}}]}},"_links":{"self":[{"href":"https:\/\/www.elvestidorderamon.com\/es\/wp-json\/wp\/v2\/product\/3690","targetHints":{"allow":["GET"]}}],"collection":[{"href":"https:\/\/www.elvestidorderamon.com\/es\/wp-json\/wp\/v2\/product"}],"about":[{"href":"https:\/\/www.elvestidorderamon.com\/es\/wp-json\/wp\/v2\/types\/product"}],"wp:featuredmedia":[{"embeddable":true,"href":"https:\/\/www.elvestidorderamon.com\/es\/wp-json\/wp\/v2\/media\/3691"}],"wp:attachment":[{"href":"https:\/\/www.elvestidorderamon.com\/es\/wp-json\/wp\/v2\/media?parent=3690"}],"wp:term":[{"taxonomy":"product_brand","embeddable":true,"href":"https:\/\/www.elvestidorderamon.com\/es\/wp-json\/wp\/v2\/product_brand?post=3690"},{"taxonomy":"product_cat","embeddable":true,"href":"https:\/\/www.elvestidorderamon.com\/es\/wp-json\/wp\/v2\/product_cat?post=3690"},{"taxonomy":"product_tag","embeddable":true,"href":"https:\/\/www.elvestidorderamon.com\/es\/wp-json\/wp\/v2\/product_tag?post=3690"}],"curies":[{"name":"wp","href":"https:\/\/api.w.org\/{rel}","templated":true}]}}