{"id":3695,"date":"2026-02-28T08:03:45","date_gmt":"2026-02-28T08:03:45","guid":{"rendered":"https:\/\/www.elvestidorderamon.com\/?post_type=product&#038;p=3695"},"modified":"2026-02-28T08:03:46","modified_gmt":"2026-02-28T08:03:46","slug":"perfume-flights-fancy-scarlet-cherry-100-ml","status":"publish","type":"product","link":"https:\/\/www.elvestidorderamon.com\/es\/producto\/perfume-flights-fancy-scarlet-cherry-100-ml\/","title":{"rendered":"PERFUME FLIGHTS FANCY SCARLET CHERRY 100 ML"},"content":{"rendered":"<p>Scarlet Cherry es un tributo a la sofisticaci\u00f3n audaz. Inspirada en la metamorfosis de la mariposa, esta fragancia captura el momento exacto en que la inocencia se convierte en seducci\u00f3n. Es un perfume dise\u00f1ado para la mujer que no teme ser el centro de atenci\u00f3n, dejando una estela magn\u00e9tica y sofisticada a su paso.<\/p>\n<p>-Notas de Salida (El primer impacto): Cereza negra \u00e1cida, licor de almendras y un toque de bayas rojas silvestres. Es una explosi\u00f3n jugosa y chispeante.<\/p>\n<p>-Notas de Coraz\u00f3n (El alma): Rosa de Damasco, jazm\u00edn Sambac y ciruela madura. Aqu\u00ed la fragancia se vuelve floral, densa y elegante.<\/p>\n<p>-Notas de Fondo (Lo que perdura): Haba tonka, vainilla de Madagascar, s\u00e1ndalo y un susurro de madera de cedro. Aporta calidez, dulzura y una fijaci\u00f3n sensual en la piel.<\/p>\n<p>\u00abLibera tu instinto m\u00e1s dulce. Vuela hacia la seducci\u00f3n.\u00bb<\/p>\n<p>Este perfume inspira a Lost Cherry de Tom Ford<\/p>","protected":false},"excerpt":{"rendered":"<p>Scarlet Cherry es un tributo a la sofisticaci\u00f3n audaz. Inspirada en la metamorfosis de la mariposa, esta fragancia captura el momento exacto en que la inocencia se convierte en seducci\u00f3n. Es un perfume dise\u00f1ado para la mujer que no teme ser el centro de atenci\u00f3n, dejando una estela magn\u00e9tica y sofisticada a su paso. -Notas &hellip;<\/p>\n<p class=\"read-more\"> <a class=\"thunk-readmore button\" href=\"https:\/\/www.elvestidorderamon.com\/es\/producto\/perfume-flights-fancy-scarlet-cherry-100-ml\/\"> <span class=\"screen-reader-text\">PERFUME FLIGHTS FANCY SCARLET CHERRY 100 ML<\/span>Leer m\u00e1s<\/a><\/p>","protected":false},"featured_media":3696,"template":"","meta":[],"product_brand":[],"product_cat":[44],"product_tag":[],"class_list":{"0":"post-3695","1":"product","2":"type-product","3":"status-publish","4":"has-post-thumbnail","6":"product_cat-beauty-home","7":"thunk-woo-product-list","8":"opn-qv-enable","9":"big-store-woo-hover-zoom","10":"open-single-product-tab-horizontal","11":"open-shadow-","12":"open-shadow-hover-","14":"first","15":"instock","16":"shipping-taxable","17":"purchasable","18":"product-type-simple"},"yoast_head":"<!-- This site is optimized with the Yoast SEO plugin v27.5 - https:\/\/yoast.com\/product\/yoast-seo-wordpress\/ -->\n<title>PERFUME FLIGHTS FANCY SCARLET CHERRY 100 ML - El vestidor de Ram\u00f3n<\/title>\n<meta name=\"robots\" content=\"index, follow, max-snippet:-1, max-image-preview:large, max-video-preview:-1\" \/>\n<link rel=\"canonical\" href=\"https:\/\/www.elvestidorderamon.com\/es\/producto\/perfume-flights-fancy-scarlet-cherry-100-ml\/\" \/>\n<meta property=\"og:locale\" content=\"es_ES\" \/>\n<meta property=\"og:type\" content=\"article\" \/>\n<meta property=\"og:title\" content=\"PERFUME FLIGHTS FANCY SCARLET CHERRY 100 ML - El vestidor de Ram\u00f3n\" \/>\n<meta property=\"og:description\" content=\"Scarlet Cherry es un tributo a la sofisticaci\u00f3n audaz. Inspirada en la metamorfosis de la mariposa, esta fragancia captura el momento exacto en que la inocencia se convierte en seducci\u00f3n. Es un perfume dise\u00f1ado para la mujer que no teme ser el centro de atenci\u00f3n, dejando una estela magn\u00e9tica y sofisticada a su paso. -Notas &hellip; PERFUME FLIGHTS FANCY SCARLET CHERRY 100 MLLeer m\u00e1s\" \/>\n<meta property=\"og:url\" content=\"https:\/\/www.elvestidorderamon.com\/es\/producto\/perfume-flights-fancy-scarlet-cherry-100-ml\/\" \/>\n<meta property=\"og:site_name\" content=\"El vestidor de Ram\u00f3n\" \/>\n<meta property=\"article:modified_time\" content=\"2026-02-28T08:03:46+00:00\" \/>\n<meta property=\"og:image\" content=\"https:\/\/www.elvestidorderamon.com\/wp-content\/uploads\/2026\/02\/OIP-16.jpg\" \/>\n\t<meta property=\"og:image:width\" content=\"180\" \/>\n\t<meta property=\"og:image:height\" content=\"180\" \/>\n\t<meta property=\"og:image:type\" content=\"image\/jpeg\" \/>\n<meta name=\"twitter:card\" content=\"summary_large_image\" \/>\n<meta name=\"twitter:label1\" content=\"Tiempo de lectura\" \/>\n\t<meta name=\"twitter:data1\" content=\"1 minuto\" \/>\n<script type=\"application\/ld+json\" class=\"yoast-schema-graph\">{\"@context\":\"https:\\\/\\\/schema.org\",\"@graph\":[{\"@type\":\"WebPage\",\"@id\":\"https:\\\/\\\/www.elvestidorderamon.com\\\/producto\\\/perfume-flights-fancy-scarlet-cherry-100-ml\\\/\",\"url\":\"https:\\\/\\\/www.elvestidorderamon.com\\\/producto\\\/perfume-flights-fancy-scarlet-cherry-100-ml\\\/\",\"name\":\"PERFUME FLIGHTS FANCY SCARLET CHERRY 100 ML - El vestidor de Ram\u00f3n\",\"isPartOf\":{\"@id\":\"https:\\\/\\\/www.elvestidorderamon.com\\\/es\\\/#website\"},\"primaryImageOfPage\":{\"@id\":\"https:\\\/\\\/www.elvestidorderamon.com\\\/producto\\\/perfume-flights-fancy-scarlet-cherry-100-ml\\\/#primaryimage\"},\"image\":{\"@id\":\"https:\\\/\\\/www.elvestidorderamon.com\\\/producto\\\/perfume-flights-fancy-scarlet-cherry-100-ml\\\/#primaryimage\"},\"thumbnailUrl\":\"https:\\\/\\\/www.elvestidorderamon.com\\\/wp-content\\\/uploads\\\/2026\\\/02\\\/OIP-16.jpg\",\"datePublished\":\"2026-02-28T08:03:45+00:00\",\"dateModified\":\"2026-02-28T08:03:46+00:00\",\"breadcrumb\":{\"@id\":\"https:\\\/\\\/www.elvestidorderamon.com\\\/producto\\\/perfume-flights-fancy-scarlet-cherry-100-ml\\\/#breadcrumb\"},\"inLanguage\":\"es\",\"potentialAction\":[{\"@type\":\"ReadAction\",\"target\":[\"https:\\\/\\\/www.elvestidorderamon.com\\\/producto\\\/perfume-flights-fancy-scarlet-cherry-100-ml\\\/\"]}]},{\"@type\":\"ImageObject\",\"inLanguage\":\"es\",\"@id\":\"https:\\\/\\\/www.elvestidorderamon.com\\\/producto\\\/perfume-flights-fancy-scarlet-cherry-100-ml\\\/#primaryimage\",\"url\":\"https:\\\/\\\/www.elvestidorderamon.com\\\/wp-content\\\/uploads\\\/2026\\\/02\\\/OIP-16.jpg\",\"contentUrl\":\"https:\\\/\\\/www.elvestidorderamon.com\\\/wp-content\\\/uploads\\\/2026\\\/02\\\/OIP-16.jpg\",\"width\":180,\"height\":180},{\"@type\":\"BreadcrumbList\",\"@id\":\"https:\\\/\\\/www.elvestidorderamon.com\\\/producto\\\/perfume-flights-fancy-scarlet-cherry-100-ml\\\/#breadcrumb\",\"itemListElement\":[{\"@type\":\"ListItem\",\"position\":1,\"name\":\"Portada\",\"item\":\"https:\\\/\\\/www.elvestidorderamon.com\\\/\"},{\"@type\":\"ListItem\",\"position\":2,\"name\":\"Tienda\",\"item\":\"https:\\\/\\\/www.elvestidorderamon.com\\\/tienda\\\/\"},{\"@type\":\"ListItem\",\"position\":3,\"name\":\"PERFUME FLIGHTS FANCY SCARLET CHERRY 100 ML\"}]},{\"@type\":\"WebSite\",\"@id\":\"https:\\\/\\\/www.elvestidorderamon.com\\\/es\\\/#website\",\"url\":\"https:\\\/\\\/www.elvestidorderamon.com\\\/es\\\/\",\"name\":\"El vestidor de Ram\u00f3n\",\"description\":\"Tienda Online de moda\",\"publisher\":{\"@id\":\"https:\\\/\\\/www.elvestidorderamon.com\\\/es\\\/#organization\"},\"potentialAction\":[{\"@type\":\"SearchAction\",\"target\":{\"@type\":\"EntryPoint\",\"urlTemplate\":\"https:\\\/\\\/www.elvestidorderamon.com\\\/es\\\/?s={search_term_string}\"},\"query-input\":{\"@type\":\"PropertyValueSpecification\",\"valueRequired\":true,\"valueName\":\"search_term_string\"}}],\"inLanguage\":\"es\"},{\"@type\":\"Organization\",\"@id\":\"https:\\\/\\\/www.elvestidorderamon.com\\\/es\\\/#organization\",\"name\":\"El vestidor de Ram\u00f3n\",\"url\":\"https:\\\/\\\/www.elvestidorderamon.com\\\/es\\\/\",\"logo\":{\"@type\":\"ImageObject\",\"inLanguage\":\"es\",\"@id\":\"https:\\\/\\\/www.elvestidorderamon.com\\\/es\\\/#\\\/schema\\\/logo\\\/image\\\/\",\"url\":\"https:\\\/\\\/www.elvestidorderamon.com\\\/wp-content\\\/uploads\\\/2024\\\/11\\\/cropped-cropped-Sin-titulo-1.png\",\"contentUrl\":\"https:\\\/\\\/www.elvestidorderamon.com\\\/wp-content\\\/uploads\\\/2024\\\/11\\\/cropped-cropped-Sin-titulo-1.png\",\"width\":376,\"height\":376,\"caption\":\"El vestidor de Ram\u00f3n\"},\"image\":{\"@id\":\"https:\\\/\\\/www.elvestidorderamon.com\\\/es\\\/#\\\/schema\\\/logo\\\/image\\\/\"}}]}<\/script>\n<!-- \/ Yoast SEO plugin. -->","yoast_head_json":{"title":"PERFUME FLIGHTS FANCY SCARLET CHERRY 100 ML - El vestidor de Ram\u00f3n","robots":{"index":"index","follow":"follow","max-snippet":"max-snippet:-1","max-image-preview":"max-image-preview:large","max-video-preview":"max-video-preview:-1"},"canonical":"https:\/\/www.elvestidorderamon.com\/es\/producto\/perfume-flights-fancy-scarlet-cherry-100-ml\/","og_locale":"es_ES","og_type":"article","og_title":"PERFUME FLIGHTS FANCY SCARLET CHERRY 100 ML - El vestidor de Ram\u00f3n","og_description":"Scarlet Cherry es un tributo a la sofisticaci\u00f3n audaz. Inspirada en la metamorfosis de la mariposa, esta fragancia captura el momento exacto en que la inocencia se convierte en seducci\u00f3n. Es un perfume dise\u00f1ado para la mujer que no teme ser el centro de atenci\u00f3n, dejando una estela magn\u00e9tica y sofisticada a su paso. -Notas &hellip; PERFUME FLIGHTS FANCY SCARLET CHERRY 100 MLLeer m\u00e1s","og_url":"https:\/\/www.elvestidorderamon.com\/es\/producto\/perfume-flights-fancy-scarlet-cherry-100-ml\/","og_site_name":"El vestidor de Ram\u00f3n","article_modified_time":"2026-02-28T08:03:46+00:00","og_image":[{"width":180,"height":180,"url":"https:\/\/www.elvestidorderamon.com\/wp-content\/uploads\/2026\/02\/OIP-16.jpg","type":"image\/jpeg"}],"twitter_card":"summary_large_image","twitter_misc":{"Tiempo de lectura":"1 minuto"},"schema":{"@context":"https:\/\/schema.org","@graph":[{"@type":"WebPage","@id":"https:\/\/www.elvestidorderamon.com\/producto\/perfume-flights-fancy-scarlet-cherry-100-ml\/","url":"https:\/\/www.elvestidorderamon.com\/producto\/perfume-flights-fancy-scarlet-cherry-100-ml\/","name":"PERFUME FLIGHTS FANCY SCARLET CHERRY 100 ML - El vestidor de Ram\u00f3n","isPartOf":{"@id":"https:\/\/www.elvestidorderamon.com\/es\/#website"},"primaryImageOfPage":{"@id":"https:\/\/www.elvestidorderamon.com\/producto\/perfume-flights-fancy-scarlet-cherry-100-ml\/#primaryimage"},"image":{"@id":"https:\/\/www.elvestidorderamon.com\/producto\/perfume-flights-fancy-scarlet-cherry-100-ml\/#primaryimage"},"thumbnailUrl":"https:\/\/www.elvestidorderamon.com\/wp-content\/uploads\/2026\/02\/OIP-16.jpg","datePublished":"2026-02-28T08:03:45+00:00","dateModified":"2026-02-28T08:03:46+00:00","breadcrumb":{"@id":"https:\/\/www.elvestidorderamon.com\/producto\/perfume-flights-fancy-scarlet-cherry-100-ml\/#breadcrumb"},"inLanguage":"es","potentialAction":[{"@type":"ReadAction","target":["https:\/\/www.elvestidorderamon.com\/producto\/perfume-flights-fancy-scarlet-cherry-100-ml\/"]}]},{"@type":"ImageObject","inLanguage":"es","@id":"https:\/\/www.elvestidorderamon.com\/producto\/perfume-flights-fancy-scarlet-cherry-100-ml\/#primaryimage","url":"https:\/\/www.elvestidorderamon.com\/wp-content\/uploads\/2026\/02\/OIP-16.jpg","contentUrl":"https:\/\/www.elvestidorderamon.com\/wp-content\/uploads\/2026\/02\/OIP-16.jpg","width":180,"height":180},{"@type":"BreadcrumbList","@id":"https:\/\/www.elvestidorderamon.com\/producto\/perfume-flights-fancy-scarlet-cherry-100-ml\/#breadcrumb","itemListElement":[{"@type":"ListItem","position":1,"name":"Portada","item":"https:\/\/www.elvestidorderamon.com\/"},{"@type":"ListItem","position":2,"name":"Tienda","item":"https:\/\/www.elvestidorderamon.com\/tienda\/"},{"@type":"ListItem","position":3,"name":"PERFUME FLIGHTS FANCY SCARLET CHERRY 100 ML"}]},{"@type":"WebSite","@id":"https:\/\/www.elvestidorderamon.com\/es\/#website","url":"https:\/\/www.elvestidorderamon.com\/es\/","name":"El vestidor de Ram\u00f3n","description":"Tienda Online de moda","publisher":{"@id":"https:\/\/www.elvestidorderamon.com\/es\/#organization"},"potentialAction":[{"@type":"SearchAction","target":{"@type":"EntryPoint","urlTemplate":"https:\/\/www.elvestidorderamon.com\/es\/?s={search_term_string}"},"query-input":{"@type":"PropertyValueSpecification","valueRequired":true,"valueName":"search_term_string"}}],"inLanguage":"es"},{"@type":"Organization","@id":"https:\/\/www.elvestidorderamon.com\/es\/#organization","name":"El vestidor de Ram\u00f3n","url":"https:\/\/www.elvestidorderamon.com\/es\/","logo":{"@type":"ImageObject","inLanguage":"es","@id":"https:\/\/www.elvestidorderamon.com\/es\/#\/schema\/logo\/image\/","url":"https:\/\/www.elvestidorderamon.com\/wp-content\/uploads\/2024\/11\/cropped-cropped-Sin-titulo-1.png","contentUrl":"https:\/\/www.elvestidorderamon.com\/wp-content\/uploads\/2024\/11\/cropped-cropped-Sin-titulo-1.png","width":376,"height":376,"caption":"El vestidor de Ram\u00f3n"},"image":{"@id":"https:\/\/www.elvestidorderamon.com\/es\/#\/schema\/logo\/image\/"}}]}},"_links":{"self":[{"href":"https:\/\/www.elvestidorderamon.com\/es\/wp-json\/wp\/v2\/product\/3695","targetHints":{"allow":["GET"]}}],"collection":[{"href":"https:\/\/www.elvestidorderamon.com\/es\/wp-json\/wp\/v2\/product"}],"about":[{"href":"https:\/\/www.elvestidorderamon.com\/es\/wp-json\/wp\/v2\/types\/product"}],"wp:featuredmedia":[{"embeddable":true,"href":"https:\/\/www.elvestidorderamon.com\/es\/wp-json\/wp\/v2\/media\/3696"}],"wp:attachment":[{"href":"https:\/\/www.elvestidorderamon.com\/es\/wp-json\/wp\/v2\/media?parent=3695"}],"wp:term":[{"taxonomy":"product_brand","embeddable":true,"href":"https:\/\/www.elvestidorderamon.com\/es\/wp-json\/wp\/v2\/product_brand?post=3695"},{"taxonomy":"product_cat","embeddable":true,"href":"https:\/\/www.elvestidorderamon.com\/es\/wp-json\/wp\/v2\/product_cat?post=3695"},{"taxonomy":"product_tag","embeddable":true,"href":"https:\/\/www.elvestidorderamon.com\/es\/wp-json\/wp\/v2\/product_tag?post=3695"}],"curies":[{"name":"wp","href":"https:\/\/api.w.org\/{rel}","templated":true}]}}