{"id":816,"date":"2024-12-06T19:33:21","date_gmt":"2024-12-06T19:33:21","guid":{"rendered":"https:\/\/www.elvestidorderamon.com\/?post_type=product&#038;p=816"},"modified":"2025-07-24T16:11:25","modified_gmt":"2025-07-24T16:11:25","slug":"816","status":"publish","type":"product","link":"https:\/\/www.elvestidorderamon.com\/es\/producto\/816\/","title":{"rendered":"CREMA SANGRE DE DRAG\u00d3N DE SADOER 50 GR"},"content":{"rendered":"<h1 id=\"title\" class=\"a-size-large a-spacing-none\"><span id=\"productTitle\" class=\"a-size-large product-title-word-break\">Crema de sangre de drag\u00f3n para la cara,Crema facial hidratante de d\u00eda y noche,Dragons blood easy cream,Humectante para el cuidado de la piel facial\u00a0<\/span><\/h1>","protected":false},"excerpt":{"rendered":"<p><span class=\"a-list-item\">\u00a0Piel firme: Dragon Blood Cream contiene ingredientes activos que mejoran la elasticidad de la piel y la tensan, al mismo tiempo que es eficaz contra el da\u00f1o de los radicales libres. Esta crema har\u00e1 que tu piel luzca m\u00e1s joven y tersa.<\/span><span class=\"a-list-item\">\u00a0Correcci\u00f3n eficaz del tono de la piel: Dragon Blood Cream ilumina la piel sin esfuerzo, corrige el tono de la piel y desvanece la pigmentaci\u00f3n, brind\u00e1ndole una apariencia uniforme, brillante y radiante que <\/span><span class=\"a-list-item\">\u00a0Hydration Boost: Dale a tu piel la hidrataci\u00f3n que se merece con nuestra Dragon Blood Cream. Esta crema especialmente formulada hace maravillas al hacer que su piel est\u00e9 incre\u00edblemente h\u00fameda y suave al mismo tiempo que previene la sequedad.<\/span><span class=\"a-list-item\">\u00a0F\u00e1cil de aplicar: Despu\u00e9s de limpiar el rostro, aplique una cantidad adecuada de Dragon Blood Cream en el rostro y masajee suavemente hasta que se absorba. Se recomienda usarlo una vez por la ma\u00f1ana y por la noche para obtener mejores resultados.<\/span><span class=\"a-list-item\">\u00a0Amplias aplicaciones: Con sus propiedades amigables con la piel y no irritantes, la crema Dragon Blood es ampliamente aplicable a la mayor\u00eda de los tipos de piel, ya sea seca, grasa mixta.<\/span><\/p>","protected":false},"featured_media":817,"template":"","meta":[],"product_brand":[],"product_cat":[44],"product_tag":[],"class_list":{"0":"post-816","1":"product","2":"type-product","3":"status-publish","4":"has-post-thumbnail","6":"product_cat-beauty-home","7":"thunk-woo-product-list","8":"opn-qv-enable","9":"big-store-woo-hover-zoom","10":"open-single-product-tab-horizontal","11":"open-shadow-","12":"open-shadow-hover-","14":"first","15":"instock","16":"shipping-taxable","17":"purchasable","18":"product-type-simple"},"yoast_head":"<!-- This site is optimized with the Yoast SEO plugin v27.5 - https:\/\/yoast.com\/product\/yoast-seo-wordpress\/ -->\n<title>CREMA SANGRE DE DRAG\u00d3N DE SADOER 50 GR - El vestidor de Ram\u00f3n<\/title>\n<meta name=\"robots\" content=\"index, follow, max-snippet:-1, max-image-preview:large, max-video-preview:-1\" \/>\n<link rel=\"canonical\" href=\"https:\/\/www.elvestidorderamon.com\/es\/producto\/816\/\" \/>\n<meta property=\"og:locale\" content=\"es_ES\" \/>\n<meta property=\"og:type\" content=\"article\" \/>\n<meta property=\"og:title\" content=\"CREMA SANGRE DE DRAG\u00d3N DE SADOER 50 GR - El vestidor de Ram\u00f3n\" \/>\n<meta property=\"og:description\" content=\"\u00a0Piel firme: Dragon Blood Cream contiene ingredientes activos que mejoran la elasticidad de la piel y la tensan, al mismo tiempo que es eficaz contra el da\u00f1o de los radicales libres. Esta crema har\u00e1 que tu piel luzca m\u00e1s joven y tersa.\u00a0Correcci\u00f3n eficaz del tono de la piel: Dragon Blood Cream ilumina la piel sin esfuerzo, corrige el tono de la piel y desvanece la pigmentaci\u00f3n, brind\u00e1ndole una apariencia uniforme, brillante y radiante que \u00a0Hydration Boost: Dale a tu piel la hidrataci\u00f3n que se merece con nuestra Dragon Blood Cream. Esta crema especialmente formulada hace maravillas al hacer que su piel est\u00e9 incre\u00edblemente h\u00fameda y suave al mismo tiempo que previene la sequedad.\u00a0F\u00e1cil de aplicar: Despu\u00e9s de limpiar el rostro, aplique una cantidad adecuada de Dragon Blood Cream en el rostro y masajee suavemente hasta que se absorba. Se recomienda usarlo una vez por la ma\u00f1ana y por la noche para obtener mejores resultados.\u00a0Amplias aplicaciones: Con sus propiedades amigables con la piel y no irritantes, la crema Dragon Blood es ampliamente aplicable a la mayor\u00eda de los tipos de piel, ya sea seca, grasa mixta.\" \/>\n<meta property=\"og:url\" content=\"https:\/\/www.elvestidorderamon.com\/es\/producto\/816\/\" \/>\n<meta property=\"og:site_name\" content=\"El vestidor de Ram\u00f3n\" \/>\n<meta property=\"article:modified_time\" content=\"2025-07-24T16:11:25+00:00\" \/>\n<meta property=\"og:image\" content=\"https:\/\/www.elvestidorderamon.com\/wp-content\/uploads\/2024\/12\/7177lW21w4L._SX425_.jpg\" \/>\n\t<meta property=\"og:image:width\" content=\"425\" \/>\n\t<meta property=\"og:image:height\" content=\"425\" \/>\n\t<meta property=\"og:image:type\" content=\"image\/jpeg\" \/>\n<meta name=\"twitter:card\" content=\"summary_large_image\" \/>\n<meta name=\"twitter:label1\" content=\"Tiempo de lectura\" \/>\n\t<meta name=\"twitter:data1\" content=\"1 minuto\" \/>\n<script type=\"application\/ld+json\" class=\"yoast-schema-graph\">{\"@context\":\"https:\\\/\\\/schema.org\",\"@graph\":[{\"@type\":\"WebPage\",\"@id\":\"https:\\\/\\\/www.elvestidorderamon.com\\\/producto\\\/816\\\/\",\"url\":\"https:\\\/\\\/www.elvestidorderamon.com\\\/producto\\\/816\\\/\",\"name\":\"CREMA SANGRE DE DRAG\u00d3N DE SADOER 50 GR - El vestidor de Ram\u00f3n\",\"isPartOf\":{\"@id\":\"https:\\\/\\\/www.elvestidorderamon.com\\\/es\\\/#website\"},\"primaryImageOfPage\":{\"@id\":\"https:\\\/\\\/www.elvestidorderamon.com\\\/producto\\\/816\\\/#primaryimage\"},\"image\":{\"@id\":\"https:\\\/\\\/www.elvestidorderamon.com\\\/producto\\\/816\\\/#primaryimage\"},\"thumbnailUrl\":\"https:\\\/\\\/www.elvestidorderamon.com\\\/wp-content\\\/uploads\\\/2024\\\/12\\\/7177lW21w4L._SX425_.jpg\",\"datePublished\":\"2024-12-06T19:33:21+00:00\",\"dateModified\":\"2025-07-24T16:11:25+00:00\",\"breadcrumb\":{\"@id\":\"https:\\\/\\\/www.elvestidorderamon.com\\\/producto\\\/816\\\/#breadcrumb\"},\"inLanguage\":\"es\",\"potentialAction\":[{\"@type\":\"ReadAction\",\"target\":[\"https:\\\/\\\/www.elvestidorderamon.com\\\/producto\\\/816\\\/\"]}]},{\"@type\":\"ImageObject\",\"inLanguage\":\"es\",\"@id\":\"https:\\\/\\\/www.elvestidorderamon.com\\\/producto\\\/816\\\/#primaryimage\",\"url\":\"https:\\\/\\\/www.elvestidorderamon.com\\\/wp-content\\\/uploads\\\/2024\\\/12\\\/7177lW21w4L._SX425_.jpg\",\"contentUrl\":\"https:\\\/\\\/www.elvestidorderamon.com\\\/wp-content\\\/uploads\\\/2024\\\/12\\\/7177lW21w4L._SX425_.jpg\",\"width\":425,\"height\":425},{\"@type\":\"BreadcrumbList\",\"@id\":\"https:\\\/\\\/www.elvestidorderamon.com\\\/producto\\\/816\\\/#breadcrumb\",\"itemListElement\":[{\"@type\":\"ListItem\",\"position\":1,\"name\":\"Portada\",\"item\":\"https:\\\/\\\/www.elvestidorderamon.com\\\/\"},{\"@type\":\"ListItem\",\"position\":2,\"name\":\"Tienda\",\"item\":\"https:\\\/\\\/www.elvestidorderamon.com\\\/tienda\\\/\"},{\"@type\":\"ListItem\",\"position\":3,\"name\":\"CREMA SANGRE DE DRAG\u00d3N DE SADOER 50 GR\"}]},{\"@type\":\"WebSite\",\"@id\":\"https:\\\/\\\/www.elvestidorderamon.com\\\/es\\\/#website\",\"url\":\"https:\\\/\\\/www.elvestidorderamon.com\\\/es\\\/\",\"name\":\"El vestidor de Ram\u00f3n\",\"description\":\"Tienda Online de moda\",\"publisher\":{\"@id\":\"https:\\\/\\\/www.elvestidorderamon.com\\\/es\\\/#organization\"},\"potentialAction\":[{\"@type\":\"SearchAction\",\"target\":{\"@type\":\"EntryPoint\",\"urlTemplate\":\"https:\\\/\\\/www.elvestidorderamon.com\\\/es\\\/?s={search_term_string}\"},\"query-input\":{\"@type\":\"PropertyValueSpecification\",\"valueRequired\":true,\"valueName\":\"search_term_string\"}}],\"inLanguage\":\"es\"},{\"@type\":\"Organization\",\"@id\":\"https:\\\/\\\/www.elvestidorderamon.com\\\/es\\\/#organization\",\"name\":\"El vestidor de Ram\u00f3n\",\"url\":\"https:\\\/\\\/www.elvestidorderamon.com\\\/es\\\/\",\"logo\":{\"@type\":\"ImageObject\",\"inLanguage\":\"es\",\"@id\":\"https:\\\/\\\/www.elvestidorderamon.com\\\/es\\\/#\\\/schema\\\/logo\\\/image\\\/\",\"url\":\"https:\\\/\\\/www.elvestidorderamon.com\\\/wp-content\\\/uploads\\\/2024\\\/11\\\/cropped-cropped-Sin-titulo-1.png\",\"contentUrl\":\"https:\\\/\\\/www.elvestidorderamon.com\\\/wp-content\\\/uploads\\\/2024\\\/11\\\/cropped-cropped-Sin-titulo-1.png\",\"width\":376,\"height\":376,\"caption\":\"El vestidor de Ram\u00f3n\"},\"image\":{\"@id\":\"https:\\\/\\\/www.elvestidorderamon.com\\\/es\\\/#\\\/schema\\\/logo\\\/image\\\/\"}}]}<\/script>\n<!-- \/ Yoast SEO plugin. -->","yoast_head_json":{"title":"CREMA SANGRE DE DRAG\u00d3N DE SADOER 50 GR - El vestidor de Ram\u00f3n","robots":{"index":"index","follow":"follow","max-snippet":"max-snippet:-1","max-image-preview":"max-image-preview:large","max-video-preview":"max-video-preview:-1"},"canonical":"https:\/\/www.elvestidorderamon.com\/es\/producto\/816\/","og_locale":"es_ES","og_type":"article","og_title":"CREMA SANGRE DE DRAG\u00d3N DE SADOER 50 GR - El vestidor de Ram\u00f3n","og_description":"\u00a0Piel firme: Dragon Blood Cream contiene ingredientes activos que mejoran la elasticidad de la piel y la tensan, al mismo tiempo que es eficaz contra el da\u00f1o de los radicales libres. Esta crema har\u00e1 que tu piel luzca m\u00e1s joven y tersa.\u00a0Correcci\u00f3n eficaz del tono de la piel: Dragon Blood Cream ilumina la piel sin esfuerzo, corrige el tono de la piel y desvanece la pigmentaci\u00f3n, brind\u00e1ndole una apariencia uniforme, brillante y radiante que \u00a0Hydration Boost: Dale a tu piel la hidrataci\u00f3n que se merece con nuestra Dragon Blood Cream. Esta crema especialmente formulada hace maravillas al hacer que su piel est\u00e9 incre\u00edblemente h\u00fameda y suave al mismo tiempo que previene la sequedad.\u00a0F\u00e1cil de aplicar: Despu\u00e9s de limpiar el rostro, aplique una cantidad adecuada de Dragon Blood Cream en el rostro y masajee suavemente hasta que se absorba. Se recomienda usarlo una vez por la ma\u00f1ana y por la noche para obtener mejores resultados.\u00a0Amplias aplicaciones: Con sus propiedades amigables con la piel y no irritantes, la crema Dragon Blood es ampliamente aplicable a la mayor\u00eda de los tipos de piel, ya sea seca, grasa mixta.","og_url":"https:\/\/www.elvestidorderamon.com\/es\/producto\/816\/","og_site_name":"El vestidor de Ram\u00f3n","article_modified_time":"2025-07-24T16:11:25+00:00","og_image":[{"width":425,"height":425,"url":"https:\/\/www.elvestidorderamon.com\/wp-content\/uploads\/2024\/12\/7177lW21w4L._SX425_.jpg","type":"image\/jpeg"}],"twitter_card":"summary_large_image","twitter_misc":{"Tiempo de lectura":"1 minuto"},"schema":{"@context":"https:\/\/schema.org","@graph":[{"@type":"WebPage","@id":"https:\/\/www.elvestidorderamon.com\/producto\/816\/","url":"https:\/\/www.elvestidorderamon.com\/producto\/816\/","name":"CREMA SANGRE DE DRAG\u00d3N DE SADOER 50 GR - El vestidor de Ram\u00f3n","isPartOf":{"@id":"https:\/\/www.elvestidorderamon.com\/es\/#website"},"primaryImageOfPage":{"@id":"https:\/\/www.elvestidorderamon.com\/producto\/816\/#primaryimage"},"image":{"@id":"https:\/\/www.elvestidorderamon.com\/producto\/816\/#primaryimage"},"thumbnailUrl":"https:\/\/www.elvestidorderamon.com\/wp-content\/uploads\/2024\/12\/7177lW21w4L._SX425_.jpg","datePublished":"2024-12-06T19:33:21+00:00","dateModified":"2025-07-24T16:11:25+00:00","breadcrumb":{"@id":"https:\/\/www.elvestidorderamon.com\/producto\/816\/#breadcrumb"},"inLanguage":"es","potentialAction":[{"@type":"ReadAction","target":["https:\/\/www.elvestidorderamon.com\/producto\/816\/"]}]},{"@type":"ImageObject","inLanguage":"es","@id":"https:\/\/www.elvestidorderamon.com\/producto\/816\/#primaryimage","url":"https:\/\/www.elvestidorderamon.com\/wp-content\/uploads\/2024\/12\/7177lW21w4L._SX425_.jpg","contentUrl":"https:\/\/www.elvestidorderamon.com\/wp-content\/uploads\/2024\/12\/7177lW21w4L._SX425_.jpg","width":425,"height":425},{"@type":"BreadcrumbList","@id":"https:\/\/www.elvestidorderamon.com\/producto\/816\/#breadcrumb","itemListElement":[{"@type":"ListItem","position":1,"name":"Portada","item":"https:\/\/www.elvestidorderamon.com\/"},{"@type":"ListItem","position":2,"name":"Tienda","item":"https:\/\/www.elvestidorderamon.com\/tienda\/"},{"@type":"ListItem","position":3,"name":"CREMA SANGRE DE DRAG\u00d3N DE SADOER 50 GR"}]},{"@type":"WebSite","@id":"https:\/\/www.elvestidorderamon.com\/es\/#website","url":"https:\/\/www.elvestidorderamon.com\/es\/","name":"El vestidor de Ram\u00f3n","description":"Tienda Online de moda","publisher":{"@id":"https:\/\/www.elvestidorderamon.com\/es\/#organization"},"potentialAction":[{"@type":"SearchAction","target":{"@type":"EntryPoint","urlTemplate":"https:\/\/www.elvestidorderamon.com\/es\/?s={search_term_string}"},"query-input":{"@type":"PropertyValueSpecification","valueRequired":true,"valueName":"search_term_string"}}],"inLanguage":"es"},{"@type":"Organization","@id":"https:\/\/www.elvestidorderamon.com\/es\/#organization","name":"El vestidor de Ram\u00f3n","url":"https:\/\/www.elvestidorderamon.com\/es\/","logo":{"@type":"ImageObject","inLanguage":"es","@id":"https:\/\/www.elvestidorderamon.com\/es\/#\/schema\/logo\/image\/","url":"https:\/\/www.elvestidorderamon.com\/wp-content\/uploads\/2024\/11\/cropped-cropped-Sin-titulo-1.png","contentUrl":"https:\/\/www.elvestidorderamon.com\/wp-content\/uploads\/2024\/11\/cropped-cropped-Sin-titulo-1.png","width":376,"height":376,"caption":"El vestidor de Ram\u00f3n"},"image":{"@id":"https:\/\/www.elvestidorderamon.com\/es\/#\/schema\/logo\/image\/"}}]}},"_links":{"self":[{"href":"https:\/\/www.elvestidorderamon.com\/es\/wp-json\/wp\/v2\/product\/816","targetHints":{"allow":["GET"]}}],"collection":[{"href":"https:\/\/www.elvestidorderamon.com\/es\/wp-json\/wp\/v2\/product"}],"about":[{"href":"https:\/\/www.elvestidorderamon.com\/es\/wp-json\/wp\/v2\/types\/product"}],"wp:featuredmedia":[{"embeddable":true,"href":"https:\/\/www.elvestidorderamon.com\/es\/wp-json\/wp\/v2\/media\/817"}],"wp:attachment":[{"href":"https:\/\/www.elvestidorderamon.com\/es\/wp-json\/wp\/v2\/media?parent=816"}],"wp:term":[{"taxonomy":"product_brand","embeddable":true,"href":"https:\/\/www.elvestidorderamon.com\/es\/wp-json\/wp\/v2\/product_brand?post=816"},{"taxonomy":"product_cat","embeddable":true,"href":"https:\/\/www.elvestidorderamon.com\/es\/wp-json\/wp\/v2\/product_cat?post=816"},{"taxonomy":"product_tag","embeddable":true,"href":"https:\/\/www.elvestidorderamon.com\/es\/wp-json\/wp\/v2\/product_tag?post=816"}],"curies":[{"name":"wp","href":"https:\/\/api.w.org\/{rel}","templated":true}]}}