{"id":846,"date":"2024-12-07T09:22:58","date_gmt":"2024-12-07T09:22:58","guid":{"rendered":"https:\/\/www.elvestidorderamon.com\/?post_type=product&#038;p=846"},"modified":"2025-01-13T11:26:32","modified_gmt":"2025-01-13T11:26:32","slug":"air-cushion-cc-base-de-maquillaje-no3","status":"publish","type":"product","link":"https:\/\/www.elvestidorderamon.com\/es\/producto\/air-cushion-cc-base-de-maquillaje-no3\/","title":{"rendered":"Air Cushion CC &#8211; Base de maquillaje n\u00ba3"},"content":{"rendered":"<p>Air Cushion CC &#8211; Base de maquillaje n\u00ba3<\/p>","protected":false},"excerpt":{"rendered":"<p><span class=\"a-list-item\">EFECTO DEL PRODUCTO: La crema Air Cushion CC es hidratante y controla el aceite, la textura es delgada, transpirable y puede ocultar los poros, ocultando uniformemente eficazmente la piel y crea una apariencia hermosa, natural y brillante. La naturaleza a base de humedad proporciona una excelente capacidad de propagaci\u00f3n sin irritaci\u00f3n. Las propiedades hidratantes de la nueva f\u00f3rmula mantienen la piel fresca y c\u00f3moda durante todo el d\u00eda.<\/span><span class=\"a-list-item\">CABEZA DE ESPONJA EL\u00c1STICA: El maquillaje es tan suave como la piel, la cabeza de esponja se vuelve m\u00e1s grande y m\u00e1s suave cuando se encuentra con el agua (el hongo peque\u00f1o debe limpiarse antes de usarse: como producto para el cuidado de la piel, se recomienda lavarlo una o dos veces antes de usarlo. El maquillaje ser\u00e1 m\u00e1s agradable al tacto y se ajustar\u00e1 oh).<\/span><\/p>\n<ul class=\"a-unordered-list a-vertical a-spacing-mini\">\n<li class=\"a-spacing-mini\"><span class=\"a-list-item\">INGREDIENTES BOT\u00c1NICOS PARA EL CUIDADO DE LA PIEL: Extracto de Tremella, Extracto de Centella, Vitamina E. Comparaci\u00f3n de productos: maquillaje tradicional de hojaldre (detalles \u00e1speros, nariz, etc., tarjeta, polvo flotante, etc. ), maquillaje de hongos peque\u00f1os (como nariz, poros invisibles, piel en forma general).<\/span><span class=\"a-list-item\">C\u00d3MO USAR: Gire la tapa en el sentido de las agujas del reloj para abrir la pel\u00edcula protectora, humedezca la cabeza del hongo con agua pura, luego use el peque\u00f1o soplo de hongos limpio para tomar una cantidad adecuada de base, una peque\u00f1a cantidad de maquillaje uniformemente prensado. (Consejos: Cuando se usa, si no puede obtener la crema BB, no presione el filtro con fuerza, en lugar de poner la botella boca abajo y golpee la parte inferior suavemente, de modo que deje que la crema BB fluya hacia el filtro, y luego coloque la botella en posici\u00f3n vertical y pueda obtener la crema BB por la esponja)<\/span><\/li>\n<\/ul>","protected":false},"featured_media":847,"template":"","meta":[],"product_brand":[],"product_cat":[44],"product_tag":[],"class_list":{"0":"post-846","1":"product","2":"type-product","3":"status-publish","4":"has-post-thumbnail","6":"product_cat-beauty-home","7":"thunk-woo-product-list","8":"opn-qv-enable","9":"big-store-woo-hover-zoom","10":"open-single-product-tab-horizontal","11":"open-shadow-","12":"open-shadow-hover-","14":"first","15":"instock","16":"shipping-taxable","17":"purchasable","18":"product-type-simple"},"yoast_head":"<!-- This site is optimized with the Yoast SEO plugin v27.5 - https:\/\/yoast.com\/product\/yoast-seo-wordpress\/ -->\n<title>Air Cushion CC - Base de maquillaje n\u00ba3 - El vestidor de Ram\u00f3n<\/title>\n<meta name=\"robots\" content=\"index, follow, max-snippet:-1, max-image-preview:large, max-video-preview:-1\" \/>\n<link rel=\"canonical\" href=\"https:\/\/www.elvestidorderamon.com\/es\/producto\/air-cushion-cc-base-de-maquillaje-no3\/\" \/>\n<meta property=\"og:locale\" content=\"es_ES\" \/>\n<meta property=\"og:type\" content=\"article\" \/>\n<meta property=\"og:title\" content=\"Air Cushion CC - Base de maquillaje n\u00ba3 - El vestidor de Ram\u00f3n\" \/>\n<meta property=\"og:description\" content=\"EFECTO DEL PRODUCTO: La crema Air Cushion CC es hidratante y controla el aceite, la textura es delgada, transpirable y puede ocultar los poros, ocultando uniformemente eficazmente la piel y crea una apariencia hermosa, natural y brillante. La naturaleza a base de humedad proporciona una excelente capacidad de propagaci\u00f3n sin irritaci\u00f3n. Las propiedades hidratantes de la nueva f\u00f3rmula mantienen la piel fresca y c\u00f3moda durante todo el d\u00eda.CABEZA DE ESPONJA EL\u00c1STICA: El maquillaje es tan suave como la piel, la cabeza de esponja se vuelve m\u00e1s grande y m\u00e1s suave cuando se encuentra con el agua (el hongo peque\u00f1o debe limpiarse antes de usarse: como producto para el cuidado de la piel, se recomienda lavarlo una o dos veces antes de usarlo. El maquillaje ser\u00e1 m\u00e1s agradable al tacto y se ajustar\u00e1 oh).   INGREDIENTES BOT\u00c1NICOS PARA EL CUIDADO DE LA PIEL: Extracto de Tremella, Extracto de Centella, Vitamina E. Comparaci\u00f3n de productos: maquillaje tradicional de hojaldre (detalles \u00e1speros, nariz, etc., tarjeta, polvo flotante, etc. ), maquillaje de hongos peque\u00f1os (como nariz, poros invisibles, piel en forma general).C\u00d3MO USAR: Gire la tapa en el sentido de las agujas del reloj para abrir la pel\u00edcula protectora, humedezca la cabeza del hongo con agua pura, luego use el peque\u00f1o soplo de hongos limpio para tomar una cantidad adecuada de base, una peque\u00f1a cantidad de maquillaje uniformemente prensado. (Consejos: Cuando se usa, si no puede obtener la crema BB, no presione el filtro con fuerza, en lugar de poner la botella boca abajo y golpee la parte inferior suavemente, de modo que deje que la crema BB fluya hacia el filtro, y luego coloque la botella en posici\u00f3n vertical y pueda obtener la crema BB por la esponja)\" \/>\n<meta property=\"og:url\" content=\"https:\/\/www.elvestidorderamon.com\/es\/producto\/air-cushion-cc-base-de-maquillaje-no3\/\" \/>\n<meta property=\"og:site_name\" content=\"El vestidor de Ram\u00f3n\" \/>\n<meta property=\"article:modified_time\" content=\"2025-01-13T11:26:32+00:00\" \/>\n<meta property=\"og:image\" content=\"https:\/\/www.elvestidorderamon.com\/wp-content\/uploads\/2024\/12\/81AbFlnraNL._SX425_.jpg\" \/>\n\t<meta property=\"og:image:width\" content=\"425\" \/>\n\t<meta property=\"og:image:height\" content=\"425\" \/>\n\t<meta property=\"og:image:type\" content=\"image\/jpeg\" \/>\n<meta name=\"twitter:card\" content=\"summary_large_image\" \/>\n<meta name=\"twitter:label1\" content=\"Tiempo de lectura\" \/>\n\t<meta name=\"twitter:data1\" content=\"1 minuto\" \/>\n<script type=\"application\/ld+json\" class=\"yoast-schema-graph\">{\"@context\":\"https:\\\/\\\/schema.org\",\"@graph\":[{\"@type\":\"WebPage\",\"@id\":\"https:\\\/\\\/www.elvestidorderamon.com\\\/producto\\\/air-cushion-cc-base-de-maquillaje-no3\\\/\",\"url\":\"https:\\\/\\\/www.elvestidorderamon.com\\\/producto\\\/air-cushion-cc-base-de-maquillaje-no3\\\/\",\"name\":\"Air Cushion CC - Base de maquillaje n\u00ba3 - El vestidor de Ram\u00f3n\",\"isPartOf\":{\"@id\":\"https:\\\/\\\/www.elvestidorderamon.com\\\/es\\\/#website\"},\"primaryImageOfPage\":{\"@id\":\"https:\\\/\\\/www.elvestidorderamon.com\\\/producto\\\/air-cushion-cc-base-de-maquillaje-no3\\\/#primaryimage\"},\"image\":{\"@id\":\"https:\\\/\\\/www.elvestidorderamon.com\\\/producto\\\/air-cushion-cc-base-de-maquillaje-no3\\\/#primaryimage\"},\"thumbnailUrl\":\"https:\\\/\\\/www.elvestidorderamon.com\\\/wp-content\\\/uploads\\\/2024\\\/12\\\/81AbFlnraNL._SX425_.jpg\",\"datePublished\":\"2024-12-07T09:22:58+00:00\",\"dateModified\":\"2025-01-13T11:26:32+00:00\",\"breadcrumb\":{\"@id\":\"https:\\\/\\\/www.elvestidorderamon.com\\\/producto\\\/air-cushion-cc-base-de-maquillaje-no3\\\/#breadcrumb\"},\"inLanguage\":\"es\",\"potentialAction\":[{\"@type\":\"ReadAction\",\"target\":[\"https:\\\/\\\/www.elvestidorderamon.com\\\/producto\\\/air-cushion-cc-base-de-maquillaje-no3\\\/\"]}]},{\"@type\":\"ImageObject\",\"inLanguage\":\"es\",\"@id\":\"https:\\\/\\\/www.elvestidorderamon.com\\\/producto\\\/air-cushion-cc-base-de-maquillaje-no3\\\/#primaryimage\",\"url\":\"https:\\\/\\\/www.elvestidorderamon.com\\\/wp-content\\\/uploads\\\/2024\\\/12\\\/81AbFlnraNL._SX425_.jpg\",\"contentUrl\":\"https:\\\/\\\/www.elvestidorderamon.com\\\/wp-content\\\/uploads\\\/2024\\\/12\\\/81AbFlnraNL._SX425_.jpg\",\"width\":425,\"height\":425},{\"@type\":\"BreadcrumbList\",\"@id\":\"https:\\\/\\\/www.elvestidorderamon.com\\\/producto\\\/air-cushion-cc-base-de-maquillaje-no3\\\/#breadcrumb\",\"itemListElement\":[{\"@type\":\"ListItem\",\"position\":1,\"name\":\"Portada\",\"item\":\"https:\\\/\\\/www.elvestidorderamon.com\\\/\"},{\"@type\":\"ListItem\",\"position\":2,\"name\":\"Tienda\",\"item\":\"https:\\\/\\\/www.elvestidorderamon.com\\\/tienda\\\/\"},{\"@type\":\"ListItem\",\"position\":3,\"name\":\"Air Cushion CC &#8211; Base de maquillaje n\u00ba3\"}]},{\"@type\":\"WebSite\",\"@id\":\"https:\\\/\\\/www.elvestidorderamon.com\\\/es\\\/#website\",\"url\":\"https:\\\/\\\/www.elvestidorderamon.com\\\/es\\\/\",\"name\":\"El vestidor de Ram\u00f3n\",\"description\":\"Tienda Online de moda\",\"publisher\":{\"@id\":\"https:\\\/\\\/www.elvestidorderamon.com\\\/es\\\/#organization\"},\"potentialAction\":[{\"@type\":\"SearchAction\",\"target\":{\"@type\":\"EntryPoint\",\"urlTemplate\":\"https:\\\/\\\/www.elvestidorderamon.com\\\/es\\\/?s={search_term_string}\"},\"query-input\":{\"@type\":\"PropertyValueSpecification\",\"valueRequired\":true,\"valueName\":\"search_term_string\"}}],\"inLanguage\":\"es\"},{\"@type\":\"Organization\",\"@id\":\"https:\\\/\\\/www.elvestidorderamon.com\\\/es\\\/#organization\",\"name\":\"El vestidor de Ram\u00f3n\",\"url\":\"https:\\\/\\\/www.elvestidorderamon.com\\\/es\\\/\",\"logo\":{\"@type\":\"ImageObject\",\"inLanguage\":\"es\",\"@id\":\"https:\\\/\\\/www.elvestidorderamon.com\\\/es\\\/#\\\/schema\\\/logo\\\/image\\\/\",\"url\":\"https:\\\/\\\/www.elvestidorderamon.com\\\/wp-content\\\/uploads\\\/2024\\\/11\\\/cropped-cropped-Sin-titulo-1.png\",\"contentUrl\":\"https:\\\/\\\/www.elvestidorderamon.com\\\/wp-content\\\/uploads\\\/2024\\\/11\\\/cropped-cropped-Sin-titulo-1.png\",\"width\":376,\"height\":376,\"caption\":\"El vestidor de Ram\u00f3n\"},\"image\":{\"@id\":\"https:\\\/\\\/www.elvestidorderamon.com\\\/es\\\/#\\\/schema\\\/logo\\\/image\\\/\"}}]}<\/script>\n<!-- \/ Yoast SEO plugin. -->","yoast_head_json":{"title":"Air Cushion CC - Base de maquillaje n\u00ba3 - El vestidor de Ram\u00f3n","robots":{"index":"index","follow":"follow","max-snippet":"max-snippet:-1","max-image-preview":"max-image-preview:large","max-video-preview":"max-video-preview:-1"},"canonical":"https:\/\/www.elvestidorderamon.com\/es\/producto\/air-cushion-cc-base-de-maquillaje-no3\/","og_locale":"es_ES","og_type":"article","og_title":"Air Cushion CC - Base de maquillaje n\u00ba3 - El vestidor de Ram\u00f3n","og_description":"EFECTO DEL PRODUCTO: La crema Air Cushion CC es hidratante y controla el aceite, la textura es delgada, transpirable y puede ocultar los poros, ocultando uniformemente eficazmente la piel y crea una apariencia hermosa, natural y brillante. La naturaleza a base de humedad proporciona una excelente capacidad de propagaci\u00f3n sin irritaci\u00f3n. Las propiedades hidratantes de la nueva f\u00f3rmula mantienen la piel fresca y c\u00f3moda durante todo el d\u00eda.CABEZA DE ESPONJA EL\u00c1STICA: El maquillaje es tan suave como la piel, la cabeza de esponja se vuelve m\u00e1s grande y m\u00e1s suave cuando se encuentra con el agua (el hongo peque\u00f1o debe limpiarse antes de usarse: como producto para el cuidado de la piel, se recomienda lavarlo una o dos veces antes de usarlo. El maquillaje ser\u00e1 m\u00e1s agradable al tacto y se ajustar\u00e1 oh).   INGREDIENTES BOT\u00c1NICOS PARA EL CUIDADO DE LA PIEL: Extracto de Tremella, Extracto de Centella, Vitamina E. Comparaci\u00f3n de productos: maquillaje tradicional de hojaldre (detalles \u00e1speros, nariz, etc., tarjeta, polvo flotante, etc. ), maquillaje de hongos peque\u00f1os (como nariz, poros invisibles, piel en forma general).C\u00d3MO USAR: Gire la tapa en el sentido de las agujas del reloj para abrir la pel\u00edcula protectora, humedezca la cabeza del hongo con agua pura, luego use el peque\u00f1o soplo de hongos limpio para tomar una cantidad adecuada de base, una peque\u00f1a cantidad de maquillaje uniformemente prensado. (Consejos: Cuando se usa, si no puede obtener la crema BB, no presione el filtro con fuerza, en lugar de poner la botella boca abajo y golpee la parte inferior suavemente, de modo que deje que la crema BB fluya hacia el filtro, y luego coloque la botella en posici\u00f3n vertical y pueda obtener la crema BB por la esponja)","og_url":"https:\/\/www.elvestidorderamon.com\/es\/producto\/air-cushion-cc-base-de-maquillaje-no3\/","og_site_name":"El vestidor de Ram\u00f3n","article_modified_time":"2025-01-13T11:26:32+00:00","og_image":[{"width":425,"height":425,"url":"https:\/\/www.elvestidorderamon.com\/wp-content\/uploads\/2024\/12\/81AbFlnraNL._SX425_.jpg","type":"image\/jpeg"}],"twitter_card":"summary_large_image","twitter_misc":{"Tiempo de lectura":"1 minuto"},"schema":{"@context":"https:\/\/schema.org","@graph":[{"@type":"WebPage","@id":"https:\/\/www.elvestidorderamon.com\/producto\/air-cushion-cc-base-de-maquillaje-no3\/","url":"https:\/\/www.elvestidorderamon.com\/producto\/air-cushion-cc-base-de-maquillaje-no3\/","name":"Air Cushion CC - Base de maquillaje n\u00ba3 - El vestidor de Ram\u00f3n","isPartOf":{"@id":"https:\/\/www.elvestidorderamon.com\/es\/#website"},"primaryImageOfPage":{"@id":"https:\/\/www.elvestidorderamon.com\/producto\/air-cushion-cc-base-de-maquillaje-no3\/#primaryimage"},"image":{"@id":"https:\/\/www.elvestidorderamon.com\/producto\/air-cushion-cc-base-de-maquillaje-no3\/#primaryimage"},"thumbnailUrl":"https:\/\/www.elvestidorderamon.com\/wp-content\/uploads\/2024\/12\/81AbFlnraNL._SX425_.jpg","datePublished":"2024-12-07T09:22:58+00:00","dateModified":"2025-01-13T11:26:32+00:00","breadcrumb":{"@id":"https:\/\/www.elvestidorderamon.com\/producto\/air-cushion-cc-base-de-maquillaje-no3\/#breadcrumb"},"inLanguage":"es","potentialAction":[{"@type":"ReadAction","target":["https:\/\/www.elvestidorderamon.com\/producto\/air-cushion-cc-base-de-maquillaje-no3\/"]}]},{"@type":"ImageObject","inLanguage":"es","@id":"https:\/\/www.elvestidorderamon.com\/producto\/air-cushion-cc-base-de-maquillaje-no3\/#primaryimage","url":"https:\/\/www.elvestidorderamon.com\/wp-content\/uploads\/2024\/12\/81AbFlnraNL._SX425_.jpg","contentUrl":"https:\/\/www.elvestidorderamon.com\/wp-content\/uploads\/2024\/12\/81AbFlnraNL._SX425_.jpg","width":425,"height":425},{"@type":"BreadcrumbList","@id":"https:\/\/www.elvestidorderamon.com\/producto\/air-cushion-cc-base-de-maquillaje-no3\/#breadcrumb","itemListElement":[{"@type":"ListItem","position":1,"name":"Portada","item":"https:\/\/www.elvestidorderamon.com\/"},{"@type":"ListItem","position":2,"name":"Tienda","item":"https:\/\/www.elvestidorderamon.com\/tienda\/"},{"@type":"ListItem","position":3,"name":"Air Cushion CC &#8211; Base de maquillaje n\u00ba3"}]},{"@type":"WebSite","@id":"https:\/\/www.elvestidorderamon.com\/es\/#website","url":"https:\/\/www.elvestidorderamon.com\/es\/","name":"El vestidor de Ram\u00f3n","description":"Tienda Online de moda","publisher":{"@id":"https:\/\/www.elvestidorderamon.com\/es\/#organization"},"potentialAction":[{"@type":"SearchAction","target":{"@type":"EntryPoint","urlTemplate":"https:\/\/www.elvestidorderamon.com\/es\/?s={search_term_string}"},"query-input":{"@type":"PropertyValueSpecification","valueRequired":true,"valueName":"search_term_string"}}],"inLanguage":"es"},{"@type":"Organization","@id":"https:\/\/www.elvestidorderamon.com\/es\/#organization","name":"El vestidor de Ram\u00f3n","url":"https:\/\/www.elvestidorderamon.com\/es\/","logo":{"@type":"ImageObject","inLanguage":"es","@id":"https:\/\/www.elvestidorderamon.com\/es\/#\/schema\/logo\/image\/","url":"https:\/\/www.elvestidorderamon.com\/wp-content\/uploads\/2024\/11\/cropped-cropped-Sin-titulo-1.png","contentUrl":"https:\/\/www.elvestidorderamon.com\/wp-content\/uploads\/2024\/11\/cropped-cropped-Sin-titulo-1.png","width":376,"height":376,"caption":"El vestidor de Ram\u00f3n"},"image":{"@id":"https:\/\/www.elvestidorderamon.com\/es\/#\/schema\/logo\/image\/"}}]}},"_links":{"self":[{"href":"https:\/\/www.elvestidorderamon.com\/es\/wp-json\/wp\/v2\/product\/846","targetHints":{"allow":["GET"]}}],"collection":[{"href":"https:\/\/www.elvestidorderamon.com\/es\/wp-json\/wp\/v2\/product"}],"about":[{"href":"https:\/\/www.elvestidorderamon.com\/es\/wp-json\/wp\/v2\/types\/product"}],"wp:featuredmedia":[{"embeddable":true,"href":"https:\/\/www.elvestidorderamon.com\/es\/wp-json\/wp\/v2\/media\/847"}],"wp:attachment":[{"href":"https:\/\/www.elvestidorderamon.com\/es\/wp-json\/wp\/v2\/media?parent=846"}],"wp:term":[{"taxonomy":"product_brand","embeddable":true,"href":"https:\/\/www.elvestidorderamon.com\/es\/wp-json\/wp\/v2\/product_brand?post=846"},{"taxonomy":"product_cat","embeddable":true,"href":"https:\/\/www.elvestidorderamon.com\/es\/wp-json\/wp\/v2\/product_cat?post=846"},{"taxonomy":"product_tag","embeddable":true,"href":"https:\/\/www.elvestidorderamon.com\/es\/wp-json\/wp\/v2\/product_tag?post=846"}],"curies":[{"name":"wp","href":"https:\/\/api.w.org\/{rel}","templated":true}]}}