{"id":849,"date":"2024-12-07T12:53:15","date_gmt":"2024-12-07T12:53:15","guid":{"rendered":"https:\/\/www.elvestidorderamon.com\/?post_type=product&#038;p=849"},"modified":"2025-01-26T11:58:21","modified_gmt":"2025-01-26T11:58:21","slug":"perfume-de-hombre-arabe-asad-de-lattafa-100-ml","status":"publish","type":"product","link":"https:\/\/www.elvestidorderamon.com\/es\/producto\/perfume-de-hombre-arabe-asad-de-lattafa-100-ml\/","title":{"rendered":"PERFUME DE HOMBRE ARABE ASAD DE LATTAFA 100 ML"},"content":{"rendered":"<p><strong>Asad de Lattafa Perfumes es una fragancia atrevida y sofisticada que combina con maestr\u00eda notas especiadas, dulces y amaderadas, ofreciendo una experiencia olfativa rica e intensa. Este Eau De Parfum est\u00e1 dise\u00f1ado para personas que buscan una fragancia potente y memorable, perfecta para usar de noche o en ocasiones especiales.Notas de salida<\/strong>\u00a0: pimienta negra, pi\u00f1a, tabaco.<strong>Notas medias<\/strong>\u00a0: caf\u00e9, pachul\u00ed, iris.<strong>Notas de fondo<\/strong>\u00a0: \u00e1mbar, vainilla, maderas secas, benju\u00ed, l\u00e1dano.<\/p>","protected":false},"excerpt":{"rendered":"<p>La fragancia se abre con una intrigante mezcla de pimienta negra, pi\u00f1a y tabaco. La calidez picante de la pimienta negra agrega un toque instant\u00e1neo, mientras que la dulzura jugosa de la pi\u00f1a equilibra la intensidad. El tabaco introduce una profundidad rica y ahumada, creando una apertura audaz y memorable.<\/p>\n<p>En el coraz\u00f3n, el caf\u00e9, el pachul\u00ed y el iris ocupan un lugar central, aportando complejidad y riqueza. La nota de caf\u00e9 infunde una calidez oscura y ligeramente amarga, que combina a la perfecci\u00f3n con los matices terrosos y ligeramente dulces del pachul\u00ed. El iris aporta una elegancia polvorienta, suavizando la composici\u00f3n general y aportando un toque floral lujoso.<\/p>\n<p>La base es donde la fragancia realmente brilla, con una mezcla c\u00e1lida y sensual de \u00e1mbar, vainilla, maderas secas, benju\u00ed y l\u00e1dano. El \u00e1mbar y la vainilla brindan una riqueza dulce y cremosa, mientras que las maderas secas y el l\u00e1dano introducen una calidad resinosa y ahumada. El benju\u00ed agrega un toque de calidez bals\u00e1mica, dejando un final persistente y sofisticado.<\/p>\n<p>Asad es una fragancia intensa y cautivadora, perfecta para quienes disfrutan de un aroma complejo y de m\u00faltiples capas con una mezcla de elementos picantes, dulces y amaderados.<\/p>","protected":false},"featured_media":850,"template":"","meta":[],"product_brand":[],"product_cat":[113],"product_tag":[],"class_list":{"0":"post-849","1":"product","2":"type-product","3":"status-publish","4":"has-post-thumbnail","6":"product_cat-perfumes-y-ambientadores-arabes","7":"thunk-woo-product-list","8":"opn-qv-enable","9":"big-store-woo-hover-zoom","10":"open-single-product-tab-horizontal","11":"open-shadow-","12":"open-shadow-hover-","14":"first","15":"outofstock","16":"shipping-taxable","17":"purchasable","18":"product-type-simple"},"yoast_head":"<!-- This site is optimized with the Yoast SEO plugin v27.5 - https:\/\/yoast.com\/product\/yoast-seo-wordpress\/ -->\n<title>PERFUME DE HOMBRE ARABE ASAD DE LATTAFA 100 ML - El vestidor de Ram\u00f3n<\/title>\n<meta name=\"robots\" content=\"index, follow, max-snippet:-1, max-image-preview:large, max-video-preview:-1\" \/>\n<link rel=\"canonical\" href=\"https:\/\/www.elvestidorderamon.com\/es\/producto\/perfume-de-hombre-arabe-asad-de-lattafa-100-ml\/\" \/>\n<meta property=\"og:locale\" content=\"es_ES\" \/>\n<meta property=\"og:type\" content=\"article\" \/>\n<meta property=\"og:title\" content=\"PERFUME DE HOMBRE ARABE ASAD DE LATTAFA 100 ML - El vestidor de Ram\u00f3n\" \/>\n<meta property=\"og:description\" content=\"La fragancia se abre con una intrigante mezcla de pimienta negra, pi\u00f1a y tabaco. La calidez picante de la pimienta negra agrega un toque instant\u00e1neo, mientras que la dulzura jugosa de la pi\u00f1a equilibra la intensidad. El tabaco introduce una profundidad rica y ahumada, creando una apertura audaz y memorable.  En el coraz\u00f3n, el caf\u00e9, el pachul\u00ed y el iris ocupan un lugar central, aportando complejidad y riqueza. La nota de caf\u00e9 infunde una calidez oscura y ligeramente amarga, que combina a la perfecci\u00f3n con los matices terrosos y ligeramente dulces del pachul\u00ed. El iris aporta una elegancia polvorienta, suavizando la composici\u00f3n general y aportando un toque floral lujoso.  La base es donde la fragancia realmente brilla, con una mezcla c\u00e1lida y sensual de \u00e1mbar, vainilla, maderas secas, benju\u00ed y l\u00e1dano. El \u00e1mbar y la vainilla brindan una riqueza dulce y cremosa, mientras que las maderas secas y el l\u00e1dano introducen una calidad resinosa y ahumada. El benju\u00ed agrega un toque de calidez bals\u00e1mica, dejando un final persistente y sofisticado.  Asad es una fragancia intensa y cautivadora, perfecta para quienes disfrutan de un aroma complejo y de m\u00faltiples capas con una mezcla de elementos picantes, dulces y amaderados.\" \/>\n<meta property=\"og:url\" content=\"https:\/\/www.elvestidorderamon.com\/es\/producto\/perfume-de-hombre-arabe-asad-de-lattafa-100-ml\/\" \/>\n<meta property=\"og:site_name\" content=\"El vestidor de Ram\u00f3n\" \/>\n<meta property=\"article:modified_time\" content=\"2025-01-26T11:58:21+00:00\" \/>\n<meta property=\"og:image\" content=\"https:\/\/www.elvestidorderamon.com\/wp-content\/uploads\/2024\/12\/lattafa-asad-eau-de-parfum-100ml.jpg\" \/>\n\t<meta property=\"og:image:width\" content=\"856\" \/>\n\t<meta property=\"og:image:height\" content=\"800\" \/>\n\t<meta property=\"og:image:type\" content=\"image\/jpeg\" \/>\n<meta name=\"twitter:card\" content=\"summary_large_image\" \/>\n<meta name=\"twitter:label1\" content=\"Tiempo de lectura\" \/>\n\t<meta name=\"twitter:data1\" content=\"1 minuto\" \/>\n<script type=\"application\/ld+json\" class=\"yoast-schema-graph\">{\"@context\":\"https:\\\/\\\/schema.org\",\"@graph\":[{\"@type\":\"WebPage\",\"@id\":\"https:\\\/\\\/www.elvestidorderamon.com\\\/producto\\\/perfume-de-hombre-arabe-asad-de-lattafa-100-ml\\\/\",\"url\":\"https:\\\/\\\/www.elvestidorderamon.com\\\/producto\\\/perfume-de-hombre-arabe-asad-de-lattafa-100-ml\\\/\",\"name\":\"PERFUME DE HOMBRE ARABE ASAD DE LATTAFA 100 ML - El vestidor de Ram\u00f3n\",\"isPartOf\":{\"@id\":\"https:\\\/\\\/www.elvestidorderamon.com\\\/es\\\/#website\"},\"primaryImageOfPage\":{\"@id\":\"https:\\\/\\\/www.elvestidorderamon.com\\\/producto\\\/perfume-de-hombre-arabe-asad-de-lattafa-100-ml\\\/#primaryimage\"},\"image\":{\"@id\":\"https:\\\/\\\/www.elvestidorderamon.com\\\/producto\\\/perfume-de-hombre-arabe-asad-de-lattafa-100-ml\\\/#primaryimage\"},\"thumbnailUrl\":\"https:\\\/\\\/www.elvestidorderamon.com\\\/wp-content\\\/uploads\\\/2024\\\/12\\\/lattafa-asad-eau-de-parfum-100ml.jpg\",\"datePublished\":\"2024-12-07T12:53:15+00:00\",\"dateModified\":\"2025-01-26T11:58:21+00:00\",\"breadcrumb\":{\"@id\":\"https:\\\/\\\/www.elvestidorderamon.com\\\/producto\\\/perfume-de-hombre-arabe-asad-de-lattafa-100-ml\\\/#breadcrumb\"},\"inLanguage\":\"es\",\"potentialAction\":[{\"@type\":\"ReadAction\",\"target\":[\"https:\\\/\\\/www.elvestidorderamon.com\\\/producto\\\/perfume-de-hombre-arabe-asad-de-lattafa-100-ml\\\/\"]}]},{\"@type\":\"ImageObject\",\"inLanguage\":\"es\",\"@id\":\"https:\\\/\\\/www.elvestidorderamon.com\\\/producto\\\/perfume-de-hombre-arabe-asad-de-lattafa-100-ml\\\/#primaryimage\",\"url\":\"https:\\\/\\\/www.elvestidorderamon.com\\\/wp-content\\\/uploads\\\/2024\\\/12\\\/lattafa-asad-eau-de-parfum-100ml.jpg\",\"contentUrl\":\"https:\\\/\\\/www.elvestidorderamon.com\\\/wp-content\\\/uploads\\\/2024\\\/12\\\/lattafa-asad-eau-de-parfum-100ml.jpg\",\"width\":856,\"height\":800},{\"@type\":\"BreadcrumbList\",\"@id\":\"https:\\\/\\\/www.elvestidorderamon.com\\\/producto\\\/perfume-de-hombre-arabe-asad-de-lattafa-100-ml\\\/#breadcrumb\",\"itemListElement\":[{\"@type\":\"ListItem\",\"position\":1,\"name\":\"Portada\",\"item\":\"https:\\\/\\\/www.elvestidorderamon.com\\\/\"},{\"@type\":\"ListItem\",\"position\":2,\"name\":\"Tienda\",\"item\":\"https:\\\/\\\/www.elvestidorderamon.com\\\/tienda\\\/\"},{\"@type\":\"ListItem\",\"position\":3,\"name\":\"PERFUME DE HOMBRE ARABE ASAD DE LATTAFA 100 ML\"}]},{\"@type\":\"WebSite\",\"@id\":\"https:\\\/\\\/www.elvestidorderamon.com\\\/es\\\/#website\",\"url\":\"https:\\\/\\\/www.elvestidorderamon.com\\\/es\\\/\",\"name\":\"El vestidor de Ram\u00f3n\",\"description\":\"Tienda Online de moda\",\"publisher\":{\"@id\":\"https:\\\/\\\/www.elvestidorderamon.com\\\/es\\\/#organization\"},\"potentialAction\":[{\"@type\":\"SearchAction\",\"target\":{\"@type\":\"EntryPoint\",\"urlTemplate\":\"https:\\\/\\\/www.elvestidorderamon.com\\\/es\\\/?s={search_term_string}\"},\"query-input\":{\"@type\":\"PropertyValueSpecification\",\"valueRequired\":true,\"valueName\":\"search_term_string\"}}],\"inLanguage\":\"es\"},{\"@type\":\"Organization\",\"@id\":\"https:\\\/\\\/www.elvestidorderamon.com\\\/es\\\/#organization\",\"name\":\"El vestidor de Ram\u00f3n\",\"url\":\"https:\\\/\\\/www.elvestidorderamon.com\\\/es\\\/\",\"logo\":{\"@type\":\"ImageObject\",\"inLanguage\":\"es\",\"@id\":\"https:\\\/\\\/www.elvestidorderamon.com\\\/es\\\/#\\\/schema\\\/logo\\\/image\\\/\",\"url\":\"https:\\\/\\\/www.elvestidorderamon.com\\\/wp-content\\\/uploads\\\/2024\\\/11\\\/cropped-cropped-Sin-titulo-1.png\",\"contentUrl\":\"https:\\\/\\\/www.elvestidorderamon.com\\\/wp-content\\\/uploads\\\/2024\\\/11\\\/cropped-cropped-Sin-titulo-1.png\",\"width\":376,\"height\":376,\"caption\":\"El vestidor de Ram\u00f3n\"},\"image\":{\"@id\":\"https:\\\/\\\/www.elvestidorderamon.com\\\/es\\\/#\\\/schema\\\/logo\\\/image\\\/\"}}]}<\/script>\n<!-- \/ Yoast SEO plugin. -->","yoast_head_json":{"title":"PERFUME DE HOMBRE ARABE ASAD DE LATTAFA 100 ML - El vestidor de Ram\u00f3n","robots":{"index":"index","follow":"follow","max-snippet":"max-snippet:-1","max-image-preview":"max-image-preview:large","max-video-preview":"max-video-preview:-1"},"canonical":"https:\/\/www.elvestidorderamon.com\/es\/producto\/perfume-de-hombre-arabe-asad-de-lattafa-100-ml\/","og_locale":"es_ES","og_type":"article","og_title":"PERFUME DE HOMBRE ARABE ASAD DE LATTAFA 100 ML - El vestidor de Ram\u00f3n","og_description":"La fragancia se abre con una intrigante mezcla de pimienta negra, pi\u00f1a y tabaco. La calidez picante de la pimienta negra agrega un toque instant\u00e1neo, mientras que la dulzura jugosa de la pi\u00f1a equilibra la intensidad. El tabaco introduce una profundidad rica y ahumada, creando una apertura audaz y memorable.  En el coraz\u00f3n, el caf\u00e9, el pachul\u00ed y el iris ocupan un lugar central, aportando complejidad y riqueza. La nota de caf\u00e9 infunde una calidez oscura y ligeramente amarga, que combina a la perfecci\u00f3n con los matices terrosos y ligeramente dulces del pachul\u00ed. El iris aporta una elegancia polvorienta, suavizando la composici\u00f3n general y aportando un toque floral lujoso.  La base es donde la fragancia realmente brilla, con una mezcla c\u00e1lida y sensual de \u00e1mbar, vainilla, maderas secas, benju\u00ed y l\u00e1dano. El \u00e1mbar y la vainilla brindan una riqueza dulce y cremosa, mientras que las maderas secas y el l\u00e1dano introducen una calidad resinosa y ahumada. El benju\u00ed agrega un toque de calidez bals\u00e1mica, dejando un final persistente y sofisticado.  Asad es una fragancia intensa y cautivadora, perfecta para quienes disfrutan de un aroma complejo y de m\u00faltiples capas con una mezcla de elementos picantes, dulces y amaderados.","og_url":"https:\/\/www.elvestidorderamon.com\/es\/producto\/perfume-de-hombre-arabe-asad-de-lattafa-100-ml\/","og_site_name":"El vestidor de Ram\u00f3n","article_modified_time":"2025-01-26T11:58:21+00:00","og_image":[{"width":856,"height":800,"url":"https:\/\/www.elvestidorderamon.com\/wp-content\/uploads\/2024\/12\/lattafa-asad-eau-de-parfum-100ml.jpg","type":"image\/jpeg"}],"twitter_card":"summary_large_image","twitter_misc":{"Tiempo de lectura":"1 minuto"},"schema":{"@context":"https:\/\/schema.org","@graph":[{"@type":"WebPage","@id":"https:\/\/www.elvestidorderamon.com\/producto\/perfume-de-hombre-arabe-asad-de-lattafa-100-ml\/","url":"https:\/\/www.elvestidorderamon.com\/producto\/perfume-de-hombre-arabe-asad-de-lattafa-100-ml\/","name":"PERFUME DE HOMBRE ARABE ASAD DE LATTAFA 100 ML - El vestidor de Ram\u00f3n","isPartOf":{"@id":"https:\/\/www.elvestidorderamon.com\/es\/#website"},"primaryImageOfPage":{"@id":"https:\/\/www.elvestidorderamon.com\/producto\/perfume-de-hombre-arabe-asad-de-lattafa-100-ml\/#primaryimage"},"image":{"@id":"https:\/\/www.elvestidorderamon.com\/producto\/perfume-de-hombre-arabe-asad-de-lattafa-100-ml\/#primaryimage"},"thumbnailUrl":"https:\/\/www.elvestidorderamon.com\/wp-content\/uploads\/2024\/12\/lattafa-asad-eau-de-parfum-100ml.jpg","datePublished":"2024-12-07T12:53:15+00:00","dateModified":"2025-01-26T11:58:21+00:00","breadcrumb":{"@id":"https:\/\/www.elvestidorderamon.com\/producto\/perfume-de-hombre-arabe-asad-de-lattafa-100-ml\/#breadcrumb"},"inLanguage":"es","potentialAction":[{"@type":"ReadAction","target":["https:\/\/www.elvestidorderamon.com\/producto\/perfume-de-hombre-arabe-asad-de-lattafa-100-ml\/"]}]},{"@type":"ImageObject","inLanguage":"es","@id":"https:\/\/www.elvestidorderamon.com\/producto\/perfume-de-hombre-arabe-asad-de-lattafa-100-ml\/#primaryimage","url":"https:\/\/www.elvestidorderamon.com\/wp-content\/uploads\/2024\/12\/lattafa-asad-eau-de-parfum-100ml.jpg","contentUrl":"https:\/\/www.elvestidorderamon.com\/wp-content\/uploads\/2024\/12\/lattafa-asad-eau-de-parfum-100ml.jpg","width":856,"height":800},{"@type":"BreadcrumbList","@id":"https:\/\/www.elvestidorderamon.com\/producto\/perfume-de-hombre-arabe-asad-de-lattafa-100-ml\/#breadcrumb","itemListElement":[{"@type":"ListItem","position":1,"name":"Portada","item":"https:\/\/www.elvestidorderamon.com\/"},{"@type":"ListItem","position":2,"name":"Tienda","item":"https:\/\/www.elvestidorderamon.com\/tienda\/"},{"@type":"ListItem","position":3,"name":"PERFUME DE HOMBRE ARABE ASAD DE LATTAFA 100 ML"}]},{"@type":"WebSite","@id":"https:\/\/www.elvestidorderamon.com\/es\/#website","url":"https:\/\/www.elvestidorderamon.com\/es\/","name":"El vestidor de Ram\u00f3n","description":"Tienda Online de moda","publisher":{"@id":"https:\/\/www.elvestidorderamon.com\/es\/#organization"},"potentialAction":[{"@type":"SearchAction","target":{"@type":"EntryPoint","urlTemplate":"https:\/\/www.elvestidorderamon.com\/es\/?s={search_term_string}"},"query-input":{"@type":"PropertyValueSpecification","valueRequired":true,"valueName":"search_term_string"}}],"inLanguage":"es"},{"@type":"Organization","@id":"https:\/\/www.elvestidorderamon.com\/es\/#organization","name":"El vestidor de Ram\u00f3n","url":"https:\/\/www.elvestidorderamon.com\/es\/","logo":{"@type":"ImageObject","inLanguage":"es","@id":"https:\/\/www.elvestidorderamon.com\/es\/#\/schema\/logo\/image\/","url":"https:\/\/www.elvestidorderamon.com\/wp-content\/uploads\/2024\/11\/cropped-cropped-Sin-titulo-1.png","contentUrl":"https:\/\/www.elvestidorderamon.com\/wp-content\/uploads\/2024\/11\/cropped-cropped-Sin-titulo-1.png","width":376,"height":376,"caption":"El vestidor de Ram\u00f3n"},"image":{"@id":"https:\/\/www.elvestidorderamon.com\/es\/#\/schema\/logo\/image\/"}}]}},"_links":{"self":[{"href":"https:\/\/www.elvestidorderamon.com\/es\/wp-json\/wp\/v2\/product\/849","targetHints":{"allow":["GET"]}}],"collection":[{"href":"https:\/\/www.elvestidorderamon.com\/es\/wp-json\/wp\/v2\/product"}],"about":[{"href":"https:\/\/www.elvestidorderamon.com\/es\/wp-json\/wp\/v2\/types\/product"}],"wp:featuredmedia":[{"embeddable":true,"href":"https:\/\/www.elvestidorderamon.com\/es\/wp-json\/wp\/v2\/media\/850"}],"wp:attachment":[{"href":"https:\/\/www.elvestidorderamon.com\/es\/wp-json\/wp\/v2\/media?parent=849"}],"wp:term":[{"taxonomy":"product_brand","embeddable":true,"href":"https:\/\/www.elvestidorderamon.com\/es\/wp-json\/wp\/v2\/product_brand?post=849"},{"taxonomy":"product_cat","embeddable":true,"href":"https:\/\/www.elvestidorderamon.com\/es\/wp-json\/wp\/v2\/product_cat?post=849"},{"taxonomy":"product_tag","embeddable":true,"href":"https:\/\/www.elvestidorderamon.com\/es\/wp-json\/wp\/v2\/product_tag?post=849"}],"curies":[{"name":"wp","href":"https:\/\/api.w.org\/{rel}","templated":true}]}}