{"id":922,"date":"2024-12-09T18:58:08","date_gmt":"2024-12-09T18:58:08","guid":{"rendered":"https:\/\/www.elvestidorderamon.com\/?post_type=product&#038;p=922"},"modified":"2025-04-14T14:48:54","modified_gmt":"2025-04-14T14:48:54","slug":"ambientador-arabe-ameerat-al-arab-lattafa-300-ml","status":"publish","type":"product","link":"https:\/\/www.elvestidorderamon.com\/es\/producto\/ambientador-arabe-ameerat-al-arab-lattafa-300-ml\/","title":{"rendered":"AMBIENTADOR ARABE AMEERAT AL ARAB LATTAFA 300 ML"},"content":{"rendered":"<p>ambientador arabe ameerat al arab lattafa 300 ml<\/p>","protected":false},"excerpt":{"rendered":"<p><span data-spm-anchor-id=\"euspain.pdp.description.i2.42d44fd4O7pUoq\">\u00a0Experimenta la frescura y la elegancia del ambientador \u00e1rabe AMEERAT AL ARAB. Con sus notas c\u00edtricas de bergamota y el suave aroma del jazm\u00edn, este ambientador te transportar\u00e1 a un jard\u00edn perfumado en plena primavera. El almizcle blanco y la madera a\u00f1aden una sensaci\u00f3n de calidez y confort, creando un ambiente acogedor en cualquier espacio.\u00a0<\/span><\/p>\n<p>Ideal para acabar con los malos olores y crear un ambiente perfumado, este ambientador es perfecto para todo tipo de textiles, desde cortinas hasta alfombras y s\u00e1banas. Su f\u00f3rmula especial no solo enmascara los olores, sino que los elimina por completo, dejando un aroma fresco y duradero en tu hogar.<\/p>\n<p>\u00dasalo en recibidores, ba\u00f1os, lavaderos, armarios o cualquier estancia donde desees eliminar los olores fuertes y disfrutar de un ambiente limpio y perfumado. Con el ambientador \u00e1rabe AMEERAT AL ARAB, tu hogar siempre estar\u00e1 impregnado de una fragancia exquisita y acogedora.<\/p>\n<p>Tama\u00f1o: 300 ml<\/p>\n<p>Spray Interior, Hogar, Coche y Textil<\/p>\n<p>Elimina Malos Olores, Refresca el aire de toda la casa.<\/p>\n<p data-spm-anchor-id=\"euspain.pdp.description.i1.42d44fd4O7pUoq\"><span data-spm-anchor-id=\"euspain.pdp.description.i0.42d44fd4O7pUoq\">SIN ALCOHOL: Al no contener alcohol, este ambientador es una opci\u00f3n segura, halal y ecol\u00f3gica para tu hogar, oficina o cualquier espacio que desees refrescar.<\/span><\/p>","protected":false},"featured_media":923,"template":"","meta":[],"product_brand":[],"product_cat":[113],"product_tag":[],"class_list":{"0":"post-922","1":"product","2":"type-product","3":"status-publish","4":"has-post-thumbnail","6":"product_cat-perfumes-y-ambientadores-arabes","7":"thunk-woo-product-list","8":"opn-qv-enable","9":"big-store-woo-hover-zoom","10":"open-single-product-tab-horizontal","11":"open-shadow-","12":"open-shadow-hover-","14":"first","15":"outofstock","16":"shipping-taxable","17":"purchasable","18":"product-type-simple"},"yoast_head":"<!-- This site is optimized with the Yoast SEO plugin v27.5 - https:\/\/yoast.com\/product\/yoast-seo-wordpress\/ -->\n<title>AMBIENTADOR ARABE AMEERAT AL ARAB LATTAFA 300 ML - El vestidor de Ram\u00f3n<\/title>\n<meta name=\"robots\" content=\"index, follow, max-snippet:-1, max-image-preview:large, max-video-preview:-1\" \/>\n<link rel=\"canonical\" href=\"https:\/\/www.elvestidorderamon.com\/es\/producto\/ambientador-arabe-ameerat-al-arab-lattafa-300-ml\/\" \/>\n<meta property=\"og:locale\" content=\"es_ES\" \/>\n<meta property=\"og:type\" content=\"article\" \/>\n<meta property=\"og:title\" content=\"AMBIENTADOR ARABE AMEERAT AL ARAB LATTAFA 300 ML - El vestidor de Ram\u00f3n\" \/>\n<meta property=\"og:description\" content=\"\u00a0Experimenta la frescura y la elegancia del ambientador \u00e1rabe AMEERAT AL ARAB. Con sus notas c\u00edtricas de bergamota y el suave aroma del jazm\u00edn, este ambientador te transportar\u00e1 a un jard\u00edn perfumado en plena primavera. El almizcle blanco y la madera a\u00f1aden una sensaci\u00f3n de calidez y confort, creando un ambiente acogedor en cualquier espacio.\u00a0  Ideal para acabar con los malos olores y crear un ambiente perfumado, este ambientador es perfecto para todo tipo de textiles, desde cortinas hasta alfombras y s\u00e1banas. Su f\u00f3rmula especial no solo enmascara los olores, sino que los elimina por completo, dejando un aroma fresco y duradero en tu hogar.  \u00dasalo en recibidores, ba\u00f1os, lavaderos, armarios o cualquier estancia donde desees eliminar los olores fuertes y disfrutar de un ambiente limpio y perfumado. Con el ambientador \u00e1rabe AMEERAT AL ARAB, tu hogar siempre estar\u00e1 impregnado de una fragancia exquisita y acogedora.  Tama\u00f1o: 300 ml  Spray Interior, Hogar, Coche y Textil  Elimina Malos Olores, Refresca el aire de toda la casa. SIN ALCOHOL: Al no contener alcohol, este ambientador es una opci\u00f3n segura, halal y ecol\u00f3gica para tu hogar, oficina o cualquier espacio que desees refrescar.\" \/>\n<meta property=\"og:url\" content=\"https:\/\/www.elvestidorderamon.com\/es\/producto\/ambientador-arabe-ameerat-al-arab-lattafa-300-ml\/\" \/>\n<meta property=\"og:site_name\" content=\"El vestidor de Ram\u00f3n\" \/>\n<meta property=\"article:modified_time\" content=\"2025-04-14T14:48:54+00:00\" \/>\n<meta property=\"og:image\" content=\"https:\/\/www.elvestidorderamon.com\/wp-content\/uploads\/2024\/12\/ameerat_1024x1024.webp\" \/>\n\t<meta property=\"og:image:width\" content=\"1024\" \/>\n\t<meta property=\"og:image:height\" content=\"1024\" \/>\n\t<meta property=\"og:image:type\" content=\"image\/webp\" \/>\n<meta name=\"twitter:card\" content=\"summary_large_image\" \/>\n<meta name=\"twitter:label1\" content=\"Tiempo de lectura\" \/>\n\t<meta name=\"twitter:data1\" content=\"1 minuto\" \/>\n<script type=\"application\/ld+json\" class=\"yoast-schema-graph\">{\"@context\":\"https:\\\/\\\/schema.org\",\"@graph\":[{\"@type\":\"WebPage\",\"@id\":\"https:\\\/\\\/www.elvestidorderamon.com\\\/producto\\\/ambientador-arabe-ameerat-al-arab-lattafa-300-ml\\\/\",\"url\":\"https:\\\/\\\/www.elvestidorderamon.com\\\/producto\\\/ambientador-arabe-ameerat-al-arab-lattafa-300-ml\\\/\",\"name\":\"AMBIENTADOR ARABE AMEERAT AL ARAB LATTAFA 300 ML - El vestidor de Ram\u00f3n\",\"isPartOf\":{\"@id\":\"https:\\\/\\\/www.elvestidorderamon.com\\\/es\\\/#website\"},\"primaryImageOfPage\":{\"@id\":\"https:\\\/\\\/www.elvestidorderamon.com\\\/producto\\\/ambientador-arabe-ameerat-al-arab-lattafa-300-ml\\\/#primaryimage\"},\"image\":{\"@id\":\"https:\\\/\\\/www.elvestidorderamon.com\\\/producto\\\/ambientador-arabe-ameerat-al-arab-lattafa-300-ml\\\/#primaryimage\"},\"thumbnailUrl\":\"https:\\\/\\\/www.elvestidorderamon.com\\\/wp-content\\\/uploads\\\/2024\\\/12\\\/ameerat_1024x1024.webp\",\"datePublished\":\"2024-12-09T18:58:08+00:00\",\"dateModified\":\"2025-04-14T14:48:54+00:00\",\"breadcrumb\":{\"@id\":\"https:\\\/\\\/www.elvestidorderamon.com\\\/producto\\\/ambientador-arabe-ameerat-al-arab-lattafa-300-ml\\\/#breadcrumb\"},\"inLanguage\":\"es\",\"potentialAction\":[{\"@type\":\"ReadAction\",\"target\":[\"https:\\\/\\\/www.elvestidorderamon.com\\\/producto\\\/ambientador-arabe-ameerat-al-arab-lattafa-300-ml\\\/\"]}]},{\"@type\":\"ImageObject\",\"inLanguage\":\"es\",\"@id\":\"https:\\\/\\\/www.elvestidorderamon.com\\\/producto\\\/ambientador-arabe-ameerat-al-arab-lattafa-300-ml\\\/#primaryimage\",\"url\":\"https:\\\/\\\/www.elvestidorderamon.com\\\/wp-content\\\/uploads\\\/2024\\\/12\\\/ameerat_1024x1024.webp\",\"contentUrl\":\"https:\\\/\\\/www.elvestidorderamon.com\\\/wp-content\\\/uploads\\\/2024\\\/12\\\/ameerat_1024x1024.webp\",\"width\":1024,\"height\":1024},{\"@type\":\"BreadcrumbList\",\"@id\":\"https:\\\/\\\/www.elvestidorderamon.com\\\/producto\\\/ambientador-arabe-ameerat-al-arab-lattafa-300-ml\\\/#breadcrumb\",\"itemListElement\":[{\"@type\":\"ListItem\",\"position\":1,\"name\":\"Portada\",\"item\":\"https:\\\/\\\/www.elvestidorderamon.com\\\/\"},{\"@type\":\"ListItem\",\"position\":2,\"name\":\"Tienda\",\"item\":\"https:\\\/\\\/www.elvestidorderamon.com\\\/tienda\\\/\"},{\"@type\":\"ListItem\",\"position\":3,\"name\":\"AMBIENTADOR ARABE AMEERAT AL ARAB LATTAFA 300 ML\"}]},{\"@type\":\"WebSite\",\"@id\":\"https:\\\/\\\/www.elvestidorderamon.com\\\/es\\\/#website\",\"url\":\"https:\\\/\\\/www.elvestidorderamon.com\\\/es\\\/\",\"name\":\"El vestidor de Ram\u00f3n\",\"description\":\"Tienda Online de moda\",\"publisher\":{\"@id\":\"https:\\\/\\\/www.elvestidorderamon.com\\\/es\\\/#organization\"},\"potentialAction\":[{\"@type\":\"SearchAction\",\"target\":{\"@type\":\"EntryPoint\",\"urlTemplate\":\"https:\\\/\\\/www.elvestidorderamon.com\\\/es\\\/?s={search_term_string}\"},\"query-input\":{\"@type\":\"PropertyValueSpecification\",\"valueRequired\":true,\"valueName\":\"search_term_string\"}}],\"inLanguage\":\"es\"},{\"@type\":\"Organization\",\"@id\":\"https:\\\/\\\/www.elvestidorderamon.com\\\/es\\\/#organization\",\"name\":\"El vestidor de Ram\u00f3n\",\"url\":\"https:\\\/\\\/www.elvestidorderamon.com\\\/es\\\/\",\"logo\":{\"@type\":\"ImageObject\",\"inLanguage\":\"es\",\"@id\":\"https:\\\/\\\/www.elvestidorderamon.com\\\/es\\\/#\\\/schema\\\/logo\\\/image\\\/\",\"url\":\"https:\\\/\\\/www.elvestidorderamon.com\\\/wp-content\\\/uploads\\\/2024\\\/11\\\/cropped-cropped-Sin-titulo-1.png\",\"contentUrl\":\"https:\\\/\\\/www.elvestidorderamon.com\\\/wp-content\\\/uploads\\\/2024\\\/11\\\/cropped-cropped-Sin-titulo-1.png\",\"width\":376,\"height\":376,\"caption\":\"El vestidor de Ram\u00f3n\"},\"image\":{\"@id\":\"https:\\\/\\\/www.elvestidorderamon.com\\\/es\\\/#\\\/schema\\\/logo\\\/image\\\/\"}}]}<\/script>\n<!-- \/ Yoast SEO plugin. -->","yoast_head_json":{"title":"AMBIENTADOR ARABE AMEERAT AL ARAB LATTAFA 300 ML - El vestidor de Ram\u00f3n","robots":{"index":"index","follow":"follow","max-snippet":"max-snippet:-1","max-image-preview":"max-image-preview:large","max-video-preview":"max-video-preview:-1"},"canonical":"https:\/\/www.elvestidorderamon.com\/es\/producto\/ambientador-arabe-ameerat-al-arab-lattafa-300-ml\/","og_locale":"es_ES","og_type":"article","og_title":"AMBIENTADOR ARABE AMEERAT AL ARAB LATTAFA 300 ML - El vestidor de Ram\u00f3n","og_description":"\u00a0Experimenta la frescura y la elegancia del ambientador \u00e1rabe AMEERAT AL ARAB. Con sus notas c\u00edtricas de bergamota y el suave aroma del jazm\u00edn, este ambientador te transportar\u00e1 a un jard\u00edn perfumado en plena primavera. El almizcle blanco y la madera a\u00f1aden una sensaci\u00f3n de calidez y confort, creando un ambiente acogedor en cualquier espacio.\u00a0  Ideal para acabar con los malos olores y crear un ambiente perfumado, este ambientador es perfecto para todo tipo de textiles, desde cortinas hasta alfombras y s\u00e1banas. Su f\u00f3rmula especial no solo enmascara los olores, sino que los elimina por completo, dejando un aroma fresco y duradero en tu hogar.  \u00dasalo en recibidores, ba\u00f1os, lavaderos, armarios o cualquier estancia donde desees eliminar los olores fuertes y disfrutar de un ambiente limpio y perfumado. Con el ambientador \u00e1rabe AMEERAT AL ARAB, tu hogar siempre estar\u00e1 impregnado de una fragancia exquisita y acogedora.  Tama\u00f1o: 300 ml  Spray Interior, Hogar, Coche y Textil  Elimina Malos Olores, Refresca el aire de toda la casa. SIN ALCOHOL: Al no contener alcohol, este ambientador es una opci\u00f3n segura, halal y ecol\u00f3gica para tu hogar, oficina o cualquier espacio que desees refrescar.","og_url":"https:\/\/www.elvestidorderamon.com\/es\/producto\/ambientador-arabe-ameerat-al-arab-lattafa-300-ml\/","og_site_name":"El vestidor de Ram\u00f3n","article_modified_time":"2025-04-14T14:48:54+00:00","og_image":[{"width":1024,"height":1024,"url":"https:\/\/www.elvestidorderamon.com\/wp-content\/uploads\/2024\/12\/ameerat_1024x1024.webp","type":"image\/webp"}],"twitter_card":"summary_large_image","twitter_misc":{"Tiempo de lectura":"1 minuto"},"schema":{"@context":"https:\/\/schema.org","@graph":[{"@type":"WebPage","@id":"https:\/\/www.elvestidorderamon.com\/producto\/ambientador-arabe-ameerat-al-arab-lattafa-300-ml\/","url":"https:\/\/www.elvestidorderamon.com\/producto\/ambientador-arabe-ameerat-al-arab-lattafa-300-ml\/","name":"AMBIENTADOR ARABE AMEERAT AL ARAB LATTAFA 300 ML - El vestidor de Ram\u00f3n","isPartOf":{"@id":"https:\/\/www.elvestidorderamon.com\/es\/#website"},"primaryImageOfPage":{"@id":"https:\/\/www.elvestidorderamon.com\/producto\/ambientador-arabe-ameerat-al-arab-lattafa-300-ml\/#primaryimage"},"image":{"@id":"https:\/\/www.elvestidorderamon.com\/producto\/ambientador-arabe-ameerat-al-arab-lattafa-300-ml\/#primaryimage"},"thumbnailUrl":"https:\/\/www.elvestidorderamon.com\/wp-content\/uploads\/2024\/12\/ameerat_1024x1024.webp","datePublished":"2024-12-09T18:58:08+00:00","dateModified":"2025-04-14T14:48:54+00:00","breadcrumb":{"@id":"https:\/\/www.elvestidorderamon.com\/producto\/ambientador-arabe-ameerat-al-arab-lattafa-300-ml\/#breadcrumb"},"inLanguage":"es","potentialAction":[{"@type":"ReadAction","target":["https:\/\/www.elvestidorderamon.com\/producto\/ambientador-arabe-ameerat-al-arab-lattafa-300-ml\/"]}]},{"@type":"ImageObject","inLanguage":"es","@id":"https:\/\/www.elvestidorderamon.com\/producto\/ambientador-arabe-ameerat-al-arab-lattafa-300-ml\/#primaryimage","url":"https:\/\/www.elvestidorderamon.com\/wp-content\/uploads\/2024\/12\/ameerat_1024x1024.webp","contentUrl":"https:\/\/www.elvestidorderamon.com\/wp-content\/uploads\/2024\/12\/ameerat_1024x1024.webp","width":1024,"height":1024},{"@type":"BreadcrumbList","@id":"https:\/\/www.elvestidorderamon.com\/producto\/ambientador-arabe-ameerat-al-arab-lattafa-300-ml\/#breadcrumb","itemListElement":[{"@type":"ListItem","position":1,"name":"Portada","item":"https:\/\/www.elvestidorderamon.com\/"},{"@type":"ListItem","position":2,"name":"Tienda","item":"https:\/\/www.elvestidorderamon.com\/tienda\/"},{"@type":"ListItem","position":3,"name":"AMBIENTADOR ARABE AMEERAT AL ARAB LATTAFA 300 ML"}]},{"@type":"WebSite","@id":"https:\/\/www.elvestidorderamon.com\/es\/#website","url":"https:\/\/www.elvestidorderamon.com\/es\/","name":"El vestidor de Ram\u00f3n","description":"Tienda Online de moda","publisher":{"@id":"https:\/\/www.elvestidorderamon.com\/es\/#organization"},"potentialAction":[{"@type":"SearchAction","target":{"@type":"EntryPoint","urlTemplate":"https:\/\/www.elvestidorderamon.com\/es\/?s={search_term_string}"},"query-input":{"@type":"PropertyValueSpecification","valueRequired":true,"valueName":"search_term_string"}}],"inLanguage":"es"},{"@type":"Organization","@id":"https:\/\/www.elvestidorderamon.com\/es\/#organization","name":"El vestidor de Ram\u00f3n","url":"https:\/\/www.elvestidorderamon.com\/es\/","logo":{"@type":"ImageObject","inLanguage":"es","@id":"https:\/\/www.elvestidorderamon.com\/es\/#\/schema\/logo\/image\/","url":"https:\/\/www.elvestidorderamon.com\/wp-content\/uploads\/2024\/11\/cropped-cropped-Sin-titulo-1.png","contentUrl":"https:\/\/www.elvestidorderamon.com\/wp-content\/uploads\/2024\/11\/cropped-cropped-Sin-titulo-1.png","width":376,"height":376,"caption":"El vestidor de Ram\u00f3n"},"image":{"@id":"https:\/\/www.elvestidorderamon.com\/es\/#\/schema\/logo\/image\/"}}]}},"_links":{"self":[{"href":"https:\/\/www.elvestidorderamon.com\/es\/wp-json\/wp\/v2\/product\/922","targetHints":{"allow":["GET"]}}],"collection":[{"href":"https:\/\/www.elvestidorderamon.com\/es\/wp-json\/wp\/v2\/product"}],"about":[{"href":"https:\/\/www.elvestidorderamon.com\/es\/wp-json\/wp\/v2\/types\/product"}],"wp:featuredmedia":[{"embeddable":true,"href":"https:\/\/www.elvestidorderamon.com\/es\/wp-json\/wp\/v2\/media\/923"}],"wp:attachment":[{"href":"https:\/\/www.elvestidorderamon.com\/es\/wp-json\/wp\/v2\/media?parent=922"}],"wp:term":[{"taxonomy":"product_brand","embeddable":true,"href":"https:\/\/www.elvestidorderamon.com\/es\/wp-json\/wp\/v2\/product_brand?post=922"},{"taxonomy":"product_cat","embeddable":true,"href":"https:\/\/www.elvestidorderamon.com\/es\/wp-json\/wp\/v2\/product_cat?post=922"},{"taxonomy":"product_tag","embeddable":true,"href":"https:\/\/www.elvestidorderamon.com\/es\/wp-json\/wp\/v2\/product_tag?post=922"}],"curies":[{"name":"wp","href":"https:\/\/api.w.org\/{rel}","templated":true}]}}