{"id":924,"date":"2024-12-09T19:13:44","date_gmt":"2024-12-09T19:13:44","guid":{"rendered":"https:\/\/www.elvestidorderamon.com\/?post_type=product&#038;p=924"},"modified":"2025-02-25T11:36:02","modified_gmt":"2025-02-25T11:36:02","slug":"perfume-de-mujer-arabe-ajwad-pink-lattafa-60ml","status":"publish","type":"product","link":"https:\/\/www.elvestidorderamon.com\/es\/producto\/perfume-de-mujer-arabe-ajwad-pink-lattafa-60ml\/","title":{"rendered":"PERFUME DE MUJER ARABE AJWAD PINK LATTAFA 60ML"},"content":{"rendered":"<p>perfume de mujer arabe ajwad pink lattafa 60 ml<\/p>\n<p>Aroma exquisito<\/p>\n<p><span data-spm-anchor-id=\"euspain.pdp.description.i1.2cc31288zT4pu2\">Aroma con una explosi\u00f3n de energ\u00eda radiante mientras las frutas rojas bailan con la ex\u00f3tica dulzura del lichi y la guayaba. Las notas altas crean una melod\u00eda embriagadora, vivaz y jugosa. A medida que se desarrolla el perfume, las notas de coraz\u00f3n revelan un delicado bouquet donde la vainilla se entrelaza con la elegancia atemporal de las rosas y la delicada frescura de la ladera.<\/span><\/p>\n<p data-spm-anchor-id=\"euspain.pdp.description.i0.2cc31288zT4pu2\">El almizcle teje un hilo de sensualidad en las notas de fondo, apuntalando el aroma con un car\u00e1cter c\u00e1lido y aterciopelado. Permanece en la piel, dejando una estela inolvidable y reconfortante de encanto atemporal.<\/p>","protected":false},"excerpt":{"rendered":"<p>perfume de mujer arabe ajwad pink lattafa 60 ml Aroma exquisito Aroma con una explosi\u00f3n de energ\u00eda radiante mientras las frutas rojas bailan con la ex\u00f3tica dulzura del lichi y la guayaba. Las notas altas crean una melod\u00eda embriagadora, vivaz y jugosa. A medida que se desarrolla el perfume, las notas de coraz\u00f3n revelan un &hellip;<\/p>\n<p class=\"read-more\"> <a class=\"thunk-readmore button\" href=\"https:\/\/www.elvestidorderamon.com\/es\/producto\/perfume-de-mujer-arabe-ajwad-pink-lattafa-60ml\/\"> <span class=\"screen-reader-text\">PERFUME DE MUJER ARABE AJWAD PINK LATTAFA 60ML<\/span>Leer m\u00e1s<\/a><\/p>","protected":false},"featured_media":925,"template":"","meta":[],"product_brand":[],"product_cat":[113],"product_tag":[],"class_list":{"0":"post-924","1":"product","2":"type-product","3":"status-publish","4":"has-post-thumbnail","6":"product_cat-perfumes-y-ambientadores-arabes","7":"thunk-woo-product-list","8":"opn-qv-enable","9":"big-store-woo-hover-zoom","10":"open-single-product-tab-horizontal","11":"open-shadow-","12":"open-shadow-hover-","14":"first","15":"instock","16":"shipping-taxable","17":"purchasable","18":"product-type-simple"},"yoast_head":"<!-- This site is optimized with the Yoast SEO plugin v27.5 - https:\/\/yoast.com\/product\/yoast-seo-wordpress\/ -->\n<title>PERFUME DE MUJER ARABE AJWAD PINK LATTAFA 60ML - El vestidor de Ram\u00f3n<\/title>\n<meta name=\"robots\" content=\"index, follow, max-snippet:-1, max-image-preview:large, max-video-preview:-1\" \/>\n<link rel=\"canonical\" href=\"https:\/\/www.elvestidorderamon.com\/es\/producto\/perfume-de-mujer-arabe-ajwad-pink-lattafa-60ml\/\" \/>\n<meta property=\"og:locale\" content=\"es_ES\" \/>\n<meta property=\"og:type\" content=\"article\" \/>\n<meta property=\"og:title\" content=\"PERFUME DE MUJER ARABE AJWAD PINK LATTAFA 60ML - El vestidor de Ram\u00f3n\" \/>\n<meta property=\"og:description\" content=\"perfume de mujer arabe ajwad pink lattafa 60 ml Aroma exquisito Aroma con una explosi\u00f3n de energ\u00eda radiante mientras las frutas rojas bailan con la ex\u00f3tica dulzura del lichi y la guayaba. Las notas altas crean una melod\u00eda embriagadora, vivaz y jugosa. A medida que se desarrolla el perfume, las notas de coraz\u00f3n revelan un &hellip; PERFUME DE MUJER ARABE AJWAD PINK LATTAFA 60MLLeer m\u00e1s\" \/>\n<meta property=\"og:url\" content=\"https:\/\/www.elvestidorderamon.com\/es\/producto\/perfume-de-mujer-arabe-ajwad-pink-lattafa-60ml\/\" \/>\n<meta property=\"og:site_name\" content=\"El vestidor de Ram\u00f3n\" \/>\n<meta property=\"article:modified_time\" content=\"2025-02-25T11:36:02+00:00\" \/>\n<meta property=\"og:image\" content=\"https:\/\/www.elvestidorderamon.com\/wp-content\/uploads\/2024\/12\/51GSSqSWtFL._AC_UL320_-1.jpg\" \/>\n\t<meta property=\"og:image:width\" content=\"316\" \/>\n\t<meta property=\"og:image:height\" content=\"320\" \/>\n\t<meta property=\"og:image:type\" content=\"image\/jpeg\" \/>\n<meta name=\"twitter:card\" content=\"summary_large_image\" \/>\n<meta name=\"twitter:label1\" content=\"Tiempo de lectura\" \/>\n\t<meta name=\"twitter:data1\" content=\"1 minuto\" \/>\n<script type=\"application\/ld+json\" class=\"yoast-schema-graph\">{\"@context\":\"https:\\\/\\\/schema.org\",\"@graph\":[{\"@type\":\"WebPage\",\"@id\":\"https:\\\/\\\/www.elvestidorderamon.com\\\/producto\\\/perfume-de-mujer-arabe-ajwad-pink-lattafa-60ml\\\/\",\"url\":\"https:\\\/\\\/www.elvestidorderamon.com\\\/producto\\\/perfume-de-mujer-arabe-ajwad-pink-lattafa-60ml\\\/\",\"name\":\"PERFUME DE MUJER ARABE AJWAD PINK LATTAFA 60ML - El vestidor de Ram\u00f3n\",\"isPartOf\":{\"@id\":\"https:\\\/\\\/www.elvestidorderamon.com\\\/es\\\/#website\"},\"primaryImageOfPage\":{\"@id\":\"https:\\\/\\\/www.elvestidorderamon.com\\\/producto\\\/perfume-de-mujer-arabe-ajwad-pink-lattafa-60ml\\\/#primaryimage\"},\"image\":{\"@id\":\"https:\\\/\\\/www.elvestidorderamon.com\\\/producto\\\/perfume-de-mujer-arabe-ajwad-pink-lattafa-60ml\\\/#primaryimage\"},\"thumbnailUrl\":\"https:\\\/\\\/www.elvestidorderamon.com\\\/wp-content\\\/uploads\\\/2024\\\/12\\\/51GSSqSWtFL._AC_UL320_-1.jpg\",\"datePublished\":\"2024-12-09T19:13:44+00:00\",\"dateModified\":\"2025-02-25T11:36:02+00:00\",\"breadcrumb\":{\"@id\":\"https:\\\/\\\/www.elvestidorderamon.com\\\/producto\\\/perfume-de-mujer-arabe-ajwad-pink-lattafa-60ml\\\/#breadcrumb\"},\"inLanguage\":\"es\",\"potentialAction\":[{\"@type\":\"ReadAction\",\"target\":[\"https:\\\/\\\/www.elvestidorderamon.com\\\/producto\\\/perfume-de-mujer-arabe-ajwad-pink-lattafa-60ml\\\/\"]}]},{\"@type\":\"ImageObject\",\"inLanguage\":\"es\",\"@id\":\"https:\\\/\\\/www.elvestidorderamon.com\\\/producto\\\/perfume-de-mujer-arabe-ajwad-pink-lattafa-60ml\\\/#primaryimage\",\"url\":\"https:\\\/\\\/www.elvestidorderamon.com\\\/wp-content\\\/uploads\\\/2024\\\/12\\\/51GSSqSWtFL._AC_UL320_-1.jpg\",\"contentUrl\":\"https:\\\/\\\/www.elvestidorderamon.com\\\/wp-content\\\/uploads\\\/2024\\\/12\\\/51GSSqSWtFL._AC_UL320_-1.jpg\",\"width\":316,\"height\":320},{\"@type\":\"BreadcrumbList\",\"@id\":\"https:\\\/\\\/www.elvestidorderamon.com\\\/producto\\\/perfume-de-mujer-arabe-ajwad-pink-lattafa-60ml\\\/#breadcrumb\",\"itemListElement\":[{\"@type\":\"ListItem\",\"position\":1,\"name\":\"Portada\",\"item\":\"https:\\\/\\\/www.elvestidorderamon.com\\\/\"},{\"@type\":\"ListItem\",\"position\":2,\"name\":\"Tienda\",\"item\":\"https:\\\/\\\/www.elvestidorderamon.com\\\/tienda\\\/\"},{\"@type\":\"ListItem\",\"position\":3,\"name\":\"PERFUME DE MUJER ARABE AJWAD PINK LATTAFA 60ML\"}]},{\"@type\":\"WebSite\",\"@id\":\"https:\\\/\\\/www.elvestidorderamon.com\\\/es\\\/#website\",\"url\":\"https:\\\/\\\/www.elvestidorderamon.com\\\/es\\\/\",\"name\":\"El vestidor de Ram\u00f3n\",\"description\":\"Tienda Online de moda\",\"publisher\":{\"@id\":\"https:\\\/\\\/www.elvestidorderamon.com\\\/es\\\/#organization\"},\"potentialAction\":[{\"@type\":\"SearchAction\",\"target\":{\"@type\":\"EntryPoint\",\"urlTemplate\":\"https:\\\/\\\/www.elvestidorderamon.com\\\/es\\\/?s={search_term_string}\"},\"query-input\":{\"@type\":\"PropertyValueSpecification\",\"valueRequired\":true,\"valueName\":\"search_term_string\"}}],\"inLanguage\":\"es\"},{\"@type\":\"Organization\",\"@id\":\"https:\\\/\\\/www.elvestidorderamon.com\\\/es\\\/#organization\",\"name\":\"El vestidor de Ram\u00f3n\",\"url\":\"https:\\\/\\\/www.elvestidorderamon.com\\\/es\\\/\",\"logo\":{\"@type\":\"ImageObject\",\"inLanguage\":\"es\",\"@id\":\"https:\\\/\\\/www.elvestidorderamon.com\\\/es\\\/#\\\/schema\\\/logo\\\/image\\\/\",\"url\":\"https:\\\/\\\/www.elvestidorderamon.com\\\/wp-content\\\/uploads\\\/2024\\\/11\\\/cropped-cropped-Sin-titulo-1.png\",\"contentUrl\":\"https:\\\/\\\/www.elvestidorderamon.com\\\/wp-content\\\/uploads\\\/2024\\\/11\\\/cropped-cropped-Sin-titulo-1.png\",\"width\":376,\"height\":376,\"caption\":\"El vestidor de Ram\u00f3n\"},\"image\":{\"@id\":\"https:\\\/\\\/www.elvestidorderamon.com\\\/es\\\/#\\\/schema\\\/logo\\\/image\\\/\"}}]}<\/script>\n<!-- \/ Yoast SEO plugin. -->","yoast_head_json":{"title":"PERFUME DE MUJER ARABE AJWAD PINK LATTAFA 60ML - El vestidor de Ram\u00f3n","robots":{"index":"index","follow":"follow","max-snippet":"max-snippet:-1","max-image-preview":"max-image-preview:large","max-video-preview":"max-video-preview:-1"},"canonical":"https:\/\/www.elvestidorderamon.com\/es\/producto\/perfume-de-mujer-arabe-ajwad-pink-lattafa-60ml\/","og_locale":"es_ES","og_type":"article","og_title":"PERFUME DE MUJER ARABE AJWAD PINK LATTAFA 60ML - El vestidor de Ram\u00f3n","og_description":"perfume de mujer arabe ajwad pink lattafa 60 ml Aroma exquisito Aroma con una explosi\u00f3n de energ\u00eda radiante mientras las frutas rojas bailan con la ex\u00f3tica dulzura del lichi y la guayaba. Las notas altas crean una melod\u00eda embriagadora, vivaz y jugosa. A medida que se desarrolla el perfume, las notas de coraz\u00f3n revelan un &hellip; PERFUME DE MUJER ARABE AJWAD PINK LATTAFA 60MLLeer m\u00e1s","og_url":"https:\/\/www.elvestidorderamon.com\/es\/producto\/perfume-de-mujer-arabe-ajwad-pink-lattafa-60ml\/","og_site_name":"El vestidor de Ram\u00f3n","article_modified_time":"2025-02-25T11:36:02+00:00","og_image":[{"width":316,"height":320,"url":"https:\/\/www.elvestidorderamon.com\/wp-content\/uploads\/2024\/12\/51GSSqSWtFL._AC_UL320_-1.jpg","type":"image\/jpeg"}],"twitter_card":"summary_large_image","twitter_misc":{"Tiempo de lectura":"1 minuto"},"schema":{"@context":"https:\/\/schema.org","@graph":[{"@type":"WebPage","@id":"https:\/\/www.elvestidorderamon.com\/producto\/perfume-de-mujer-arabe-ajwad-pink-lattafa-60ml\/","url":"https:\/\/www.elvestidorderamon.com\/producto\/perfume-de-mujer-arabe-ajwad-pink-lattafa-60ml\/","name":"PERFUME DE MUJER ARABE AJWAD PINK LATTAFA 60ML - El vestidor de Ram\u00f3n","isPartOf":{"@id":"https:\/\/www.elvestidorderamon.com\/es\/#website"},"primaryImageOfPage":{"@id":"https:\/\/www.elvestidorderamon.com\/producto\/perfume-de-mujer-arabe-ajwad-pink-lattafa-60ml\/#primaryimage"},"image":{"@id":"https:\/\/www.elvestidorderamon.com\/producto\/perfume-de-mujer-arabe-ajwad-pink-lattafa-60ml\/#primaryimage"},"thumbnailUrl":"https:\/\/www.elvestidorderamon.com\/wp-content\/uploads\/2024\/12\/51GSSqSWtFL._AC_UL320_-1.jpg","datePublished":"2024-12-09T19:13:44+00:00","dateModified":"2025-02-25T11:36:02+00:00","breadcrumb":{"@id":"https:\/\/www.elvestidorderamon.com\/producto\/perfume-de-mujer-arabe-ajwad-pink-lattafa-60ml\/#breadcrumb"},"inLanguage":"es","potentialAction":[{"@type":"ReadAction","target":["https:\/\/www.elvestidorderamon.com\/producto\/perfume-de-mujer-arabe-ajwad-pink-lattafa-60ml\/"]}]},{"@type":"ImageObject","inLanguage":"es","@id":"https:\/\/www.elvestidorderamon.com\/producto\/perfume-de-mujer-arabe-ajwad-pink-lattafa-60ml\/#primaryimage","url":"https:\/\/www.elvestidorderamon.com\/wp-content\/uploads\/2024\/12\/51GSSqSWtFL._AC_UL320_-1.jpg","contentUrl":"https:\/\/www.elvestidorderamon.com\/wp-content\/uploads\/2024\/12\/51GSSqSWtFL._AC_UL320_-1.jpg","width":316,"height":320},{"@type":"BreadcrumbList","@id":"https:\/\/www.elvestidorderamon.com\/producto\/perfume-de-mujer-arabe-ajwad-pink-lattafa-60ml\/#breadcrumb","itemListElement":[{"@type":"ListItem","position":1,"name":"Portada","item":"https:\/\/www.elvestidorderamon.com\/"},{"@type":"ListItem","position":2,"name":"Tienda","item":"https:\/\/www.elvestidorderamon.com\/tienda\/"},{"@type":"ListItem","position":3,"name":"PERFUME DE MUJER ARABE AJWAD PINK LATTAFA 60ML"}]},{"@type":"WebSite","@id":"https:\/\/www.elvestidorderamon.com\/es\/#website","url":"https:\/\/www.elvestidorderamon.com\/es\/","name":"El vestidor de Ram\u00f3n","description":"Tienda Online de moda","publisher":{"@id":"https:\/\/www.elvestidorderamon.com\/es\/#organization"},"potentialAction":[{"@type":"SearchAction","target":{"@type":"EntryPoint","urlTemplate":"https:\/\/www.elvestidorderamon.com\/es\/?s={search_term_string}"},"query-input":{"@type":"PropertyValueSpecification","valueRequired":true,"valueName":"search_term_string"}}],"inLanguage":"es"},{"@type":"Organization","@id":"https:\/\/www.elvestidorderamon.com\/es\/#organization","name":"El vestidor de Ram\u00f3n","url":"https:\/\/www.elvestidorderamon.com\/es\/","logo":{"@type":"ImageObject","inLanguage":"es","@id":"https:\/\/www.elvestidorderamon.com\/es\/#\/schema\/logo\/image\/","url":"https:\/\/www.elvestidorderamon.com\/wp-content\/uploads\/2024\/11\/cropped-cropped-Sin-titulo-1.png","contentUrl":"https:\/\/www.elvestidorderamon.com\/wp-content\/uploads\/2024\/11\/cropped-cropped-Sin-titulo-1.png","width":376,"height":376,"caption":"El vestidor de Ram\u00f3n"},"image":{"@id":"https:\/\/www.elvestidorderamon.com\/es\/#\/schema\/logo\/image\/"}}]}},"_links":{"self":[{"href":"https:\/\/www.elvestidorderamon.com\/es\/wp-json\/wp\/v2\/product\/924","targetHints":{"allow":["GET"]}}],"collection":[{"href":"https:\/\/www.elvestidorderamon.com\/es\/wp-json\/wp\/v2\/product"}],"about":[{"href":"https:\/\/www.elvestidorderamon.com\/es\/wp-json\/wp\/v2\/types\/product"}],"wp:featuredmedia":[{"embeddable":true,"href":"https:\/\/www.elvestidorderamon.com\/es\/wp-json\/wp\/v2\/media\/925"}],"wp:attachment":[{"href":"https:\/\/www.elvestidorderamon.com\/es\/wp-json\/wp\/v2\/media?parent=924"}],"wp:term":[{"taxonomy":"product_brand","embeddable":true,"href":"https:\/\/www.elvestidorderamon.com\/es\/wp-json\/wp\/v2\/product_brand?post=924"},{"taxonomy":"product_cat","embeddable":true,"href":"https:\/\/www.elvestidorderamon.com\/es\/wp-json\/wp\/v2\/product_cat?post=924"},{"taxonomy":"product_tag","embeddable":true,"href":"https:\/\/www.elvestidorderamon.com\/es\/wp-json\/wp\/v2\/product_tag?post=924"}],"curies":[{"name":"wp","href":"https:\/\/api.w.org\/{rel}","templated":true}]}}