{"id":932,"date":"2024-12-10T10:33:54","date_gmt":"2024-12-10T10:33:54","guid":{"rendered":"https:\/\/www.elvestidorderamon.com\/?post_type=product&#038;p=932"},"modified":"2025-01-13T10:59:56","modified_gmt":"2025-01-13T10:59:56","slug":"ziaja-gel-limpiador-200-ml-manuka-tree-purifyny","status":"publish","type":"product","link":"https:\/\/www.elvestidorderamon.com\/es\/producto\/ziaja-gel-limpiador-200-ml-manuka-tree-purifyny\/","title":{"rendered":"ZIAJA GEL LIMPIADOR 200 ML MANUKA TREE PURIFYNY"},"content":{"rendered":"<p>ziaja gel limpiador 200 ml manuka tree purifyny<\/p>\n<p>El\u00a0<strong>Manuka Tree\u00a0<\/strong><strong>Gel Limpiador de Ziaja<\/strong>\u00a0es ideal para el cuidado diario de pieles grasas y mixtas. Este gel limpiador ofrece una serie de beneficios que lo convierten en un producto esencial en tu rutina de cuidado facial.<\/p>\n<p>El\u00a0<strong>gel limpiador purificante de Ziaja\u00a0<\/strong>no solo limpia eficazmente la piel, eliminando impurezas y residuos, sino que tambi\u00e9n calma las irritaciones y las rojeces cut\u00e1neas, proporcionando un alivio instant\u00e1neo. Adem\u00e1s, hidrata y suaviza la epidermis, dejando la piel con una sensaci\u00f3n fresca y revitalizada.<\/p>\n<p>Un punto a destacar es que el\u00a0<strong>Manuka Tree\u00a0<\/strong><strong>Gel Limpiador<\/strong>\u00a0prepara la piel de manera \u00f3ptima para tratamientos cosm\u00e9ticos posteriores, maximizando su eficacia. Adem\u00e1s, este producto no contiene jab\u00f3n y es apto para veganos, lo que lo convierte en una elecci\u00f3n consciente y amigable con el medio ambiente.<\/p>\n<p>Incorpora este\u00a0<strong>gel limpiador purificante de Ziaja<\/strong>\u00a0en tu rutina de cuidado facial y disfruta de una piel fresca, equilibrada y preparada para mostrar tu mejor versi\u00f3n.<\/p>","protected":false},"excerpt":{"rendered":"<p>ziaja gel limpiador 200 ml manuka tree purifyny El\u00a0Manuka Tree\u00a0Gel Limpiador de Ziaja\u00a0es ideal para el cuidado diario de pieles grasas y mixtas. Este gel limpiador ofrece una serie de beneficios que lo convierten en un producto esencial en tu rutina de cuidado facial. El\u00a0gel limpiador purificante de Ziaja\u00a0no solo limpia eficazmente la piel, eliminando &hellip;<\/p>\n<p class=\"read-more\"> <a class=\"thunk-readmore button\" href=\"https:\/\/www.elvestidorderamon.com\/es\/producto\/ziaja-gel-limpiador-200-ml-manuka-tree-purifyny\/\"> <span class=\"screen-reader-text\">ZIAJA GEL LIMPIADOR 200 ML MANUKA TREE PURIFYNY<\/span>Leer m\u00e1s<\/a><\/p>","protected":false},"featured_media":933,"template":"","meta":[],"product_brand":[],"product_cat":[44],"product_tag":[],"class_list":{"0":"post-932","1":"product","2":"type-product","3":"status-publish","4":"has-post-thumbnail","6":"product_cat-beauty-home","7":"thunk-woo-product-list","8":"opn-qv-enable","9":"big-store-woo-hover-zoom","10":"open-single-product-tab-horizontal","11":"open-shadow-","12":"open-shadow-hover-","14":"first","15":"instock","16":"shipping-taxable","17":"purchasable","18":"product-type-simple"},"yoast_head":"<!-- This site is optimized with the Yoast SEO plugin v27.3 - https:\/\/yoast.com\/product\/yoast-seo-wordpress\/ -->\n<title>ZIAJA GEL LIMPIADOR 200 ML MANUKA TREE PURIFYNY - El vestidor de Ram\u00f3n<\/title>\n<meta name=\"robots\" content=\"index, follow, max-snippet:-1, max-image-preview:large, max-video-preview:-1\" \/>\n<link rel=\"canonical\" href=\"https:\/\/www.elvestidorderamon.com\/es\/producto\/ziaja-gel-limpiador-200-ml-manuka-tree-purifyny\/\" \/>\n<meta property=\"og:locale\" content=\"es_ES\" \/>\n<meta property=\"og:type\" content=\"article\" \/>\n<meta property=\"og:title\" content=\"ZIAJA GEL LIMPIADOR 200 ML MANUKA TREE PURIFYNY - El vestidor de Ram\u00f3n\" \/>\n<meta property=\"og:description\" content=\"ziaja gel limpiador 200 ml manuka tree purifyny El\u00a0Manuka Tree\u00a0Gel Limpiador de Ziaja\u00a0es ideal para el cuidado diario de pieles grasas y mixtas. Este gel limpiador ofrece una serie de beneficios que lo convierten en un producto esencial en tu rutina de cuidado facial. El\u00a0gel limpiador purificante de Ziaja\u00a0no solo limpia eficazmente la piel, eliminando &hellip; ZIAJA GEL LIMPIADOR 200 ML MANUKA TREE PURIFYNYLeer m\u00e1s\" \/>\n<meta property=\"og:url\" content=\"https:\/\/www.elvestidorderamon.com\/es\/producto\/ziaja-gel-limpiador-200-ml-manuka-tree-purifyny\/\" \/>\n<meta property=\"og:site_name\" content=\"El vestidor de Ram\u00f3n\" \/>\n<meta property=\"article:modified_time\" content=\"2025-01-13T10:59:56+00:00\" \/>\n<meta property=\"og:image\" content=\"https:\/\/www.elvestidorderamon.com\/wp-content\/uploads\/2024\/12\/MANUKA_Gel_limpiador__5901887029656_d9f9.jpg\" \/>\n\t<meta property=\"og:image:width\" content=\"700\" \/>\n\t<meta property=\"og:image:height\" content=\"700\" \/>\n\t<meta property=\"og:image:type\" content=\"image\/jpeg\" \/>\n<meta name=\"twitter:card\" content=\"summary_large_image\" \/>\n<meta name=\"twitter:label1\" content=\"Tiempo de lectura\" \/>\n\t<meta name=\"twitter:data1\" content=\"1 minuto\" \/>\n<script type=\"application\/ld+json\" class=\"yoast-schema-graph\">{\"@context\":\"https:\\\/\\\/schema.org\",\"@graph\":[{\"@type\":\"WebPage\",\"@id\":\"https:\\\/\\\/www.elvestidorderamon.com\\\/producto\\\/ziaja-gel-limpiador-200-ml-manuka-tree-purifyny\\\/\",\"url\":\"https:\\\/\\\/www.elvestidorderamon.com\\\/producto\\\/ziaja-gel-limpiador-200-ml-manuka-tree-purifyny\\\/\",\"name\":\"ZIAJA GEL LIMPIADOR 200 ML MANUKA TREE PURIFYNY - El vestidor de Ram\u00f3n\",\"isPartOf\":{\"@id\":\"https:\\\/\\\/www.elvestidorderamon.com\\\/es\\\/#website\"},\"primaryImageOfPage\":{\"@id\":\"https:\\\/\\\/www.elvestidorderamon.com\\\/producto\\\/ziaja-gel-limpiador-200-ml-manuka-tree-purifyny\\\/#primaryimage\"},\"image\":{\"@id\":\"https:\\\/\\\/www.elvestidorderamon.com\\\/producto\\\/ziaja-gel-limpiador-200-ml-manuka-tree-purifyny\\\/#primaryimage\"},\"thumbnailUrl\":\"https:\\\/\\\/www.elvestidorderamon.com\\\/wp-content\\\/uploads\\\/2024\\\/12\\\/MANUKA_Gel_limpiador__5901887029656_d9f9.jpg\",\"datePublished\":\"2024-12-10T10:33:54+00:00\",\"dateModified\":\"2025-01-13T10:59:56+00:00\",\"breadcrumb\":{\"@id\":\"https:\\\/\\\/www.elvestidorderamon.com\\\/producto\\\/ziaja-gel-limpiador-200-ml-manuka-tree-purifyny\\\/#breadcrumb\"},\"inLanguage\":\"es\",\"potentialAction\":[{\"@type\":\"ReadAction\",\"target\":[\"https:\\\/\\\/www.elvestidorderamon.com\\\/producto\\\/ziaja-gel-limpiador-200-ml-manuka-tree-purifyny\\\/\"]}]},{\"@type\":\"ImageObject\",\"inLanguage\":\"es\",\"@id\":\"https:\\\/\\\/www.elvestidorderamon.com\\\/producto\\\/ziaja-gel-limpiador-200-ml-manuka-tree-purifyny\\\/#primaryimage\",\"url\":\"https:\\\/\\\/www.elvestidorderamon.com\\\/wp-content\\\/uploads\\\/2024\\\/12\\\/MANUKA_Gel_limpiador__5901887029656_d9f9.jpg\",\"contentUrl\":\"https:\\\/\\\/www.elvestidorderamon.com\\\/wp-content\\\/uploads\\\/2024\\\/12\\\/MANUKA_Gel_limpiador__5901887029656_d9f9.jpg\",\"width\":700,\"height\":700},{\"@type\":\"BreadcrumbList\",\"@id\":\"https:\\\/\\\/www.elvestidorderamon.com\\\/producto\\\/ziaja-gel-limpiador-200-ml-manuka-tree-purifyny\\\/#breadcrumb\",\"itemListElement\":[{\"@type\":\"ListItem\",\"position\":1,\"name\":\"Portada\",\"item\":\"https:\\\/\\\/www.elvestidorderamon.com\\\/\"},{\"@type\":\"ListItem\",\"position\":2,\"name\":\"Tienda\",\"item\":\"https:\\\/\\\/www.elvestidorderamon.com\\\/tienda\\\/\"},{\"@type\":\"ListItem\",\"position\":3,\"name\":\"ZIAJA GEL LIMPIADOR 200 ML MANUKA TREE PURIFYNY\"}]},{\"@type\":\"WebSite\",\"@id\":\"https:\\\/\\\/www.elvestidorderamon.com\\\/es\\\/#website\",\"url\":\"https:\\\/\\\/www.elvestidorderamon.com\\\/es\\\/\",\"name\":\"El vestidor de Ram\u00f3n\",\"description\":\"Tienda Online de moda\",\"publisher\":{\"@id\":\"https:\\\/\\\/www.elvestidorderamon.com\\\/es\\\/#organization\"},\"potentialAction\":[{\"@type\":\"SearchAction\",\"target\":{\"@type\":\"EntryPoint\",\"urlTemplate\":\"https:\\\/\\\/www.elvestidorderamon.com\\\/es\\\/?s={search_term_string}\"},\"query-input\":{\"@type\":\"PropertyValueSpecification\",\"valueRequired\":true,\"valueName\":\"search_term_string\"}}],\"inLanguage\":\"es\"},{\"@type\":\"Organization\",\"@id\":\"https:\\\/\\\/www.elvestidorderamon.com\\\/es\\\/#organization\",\"name\":\"El vestidor de Ram\u00f3n\",\"url\":\"https:\\\/\\\/www.elvestidorderamon.com\\\/es\\\/\",\"logo\":{\"@type\":\"ImageObject\",\"inLanguage\":\"es\",\"@id\":\"https:\\\/\\\/www.elvestidorderamon.com\\\/es\\\/#\\\/schema\\\/logo\\\/image\\\/\",\"url\":\"https:\\\/\\\/www.elvestidorderamon.com\\\/wp-content\\\/uploads\\\/2024\\\/11\\\/cropped-cropped-Sin-titulo-1.png\",\"contentUrl\":\"https:\\\/\\\/www.elvestidorderamon.com\\\/wp-content\\\/uploads\\\/2024\\\/11\\\/cropped-cropped-Sin-titulo-1.png\",\"width\":376,\"height\":376,\"caption\":\"El vestidor de Ram\u00f3n\"},\"image\":{\"@id\":\"https:\\\/\\\/www.elvestidorderamon.com\\\/es\\\/#\\\/schema\\\/logo\\\/image\\\/\"}}]}<\/script>\n<!-- \/ Yoast SEO plugin. -->","yoast_head_json":{"title":"ZIAJA GEL LIMPIADOR 200 ML MANUKA TREE PURIFYNY - El vestidor de Ram\u00f3n","robots":{"index":"index","follow":"follow","max-snippet":"max-snippet:-1","max-image-preview":"max-image-preview:large","max-video-preview":"max-video-preview:-1"},"canonical":"https:\/\/www.elvestidorderamon.com\/es\/producto\/ziaja-gel-limpiador-200-ml-manuka-tree-purifyny\/","og_locale":"es_ES","og_type":"article","og_title":"ZIAJA GEL LIMPIADOR 200 ML MANUKA TREE PURIFYNY - El vestidor de Ram\u00f3n","og_description":"ziaja gel limpiador 200 ml manuka tree purifyny El\u00a0Manuka Tree\u00a0Gel Limpiador de Ziaja\u00a0es ideal para el cuidado diario de pieles grasas y mixtas. Este gel limpiador ofrece una serie de beneficios que lo convierten en un producto esencial en tu rutina de cuidado facial. El\u00a0gel limpiador purificante de Ziaja\u00a0no solo limpia eficazmente la piel, eliminando &hellip; ZIAJA GEL LIMPIADOR 200 ML MANUKA TREE PURIFYNYLeer m\u00e1s","og_url":"https:\/\/www.elvestidorderamon.com\/es\/producto\/ziaja-gel-limpiador-200-ml-manuka-tree-purifyny\/","og_site_name":"El vestidor de Ram\u00f3n","article_modified_time":"2025-01-13T10:59:56+00:00","og_image":[{"width":700,"height":700,"url":"https:\/\/www.elvestidorderamon.com\/wp-content\/uploads\/2024\/12\/MANUKA_Gel_limpiador__5901887029656_d9f9.jpg","type":"image\/jpeg"}],"twitter_card":"summary_large_image","twitter_misc":{"Tiempo de lectura":"1 minuto"},"schema":{"@context":"https:\/\/schema.org","@graph":[{"@type":"WebPage","@id":"https:\/\/www.elvestidorderamon.com\/producto\/ziaja-gel-limpiador-200-ml-manuka-tree-purifyny\/","url":"https:\/\/www.elvestidorderamon.com\/producto\/ziaja-gel-limpiador-200-ml-manuka-tree-purifyny\/","name":"ZIAJA GEL LIMPIADOR 200 ML MANUKA TREE PURIFYNY - El vestidor de Ram\u00f3n","isPartOf":{"@id":"https:\/\/www.elvestidorderamon.com\/es\/#website"},"primaryImageOfPage":{"@id":"https:\/\/www.elvestidorderamon.com\/producto\/ziaja-gel-limpiador-200-ml-manuka-tree-purifyny\/#primaryimage"},"image":{"@id":"https:\/\/www.elvestidorderamon.com\/producto\/ziaja-gel-limpiador-200-ml-manuka-tree-purifyny\/#primaryimage"},"thumbnailUrl":"https:\/\/www.elvestidorderamon.com\/wp-content\/uploads\/2024\/12\/MANUKA_Gel_limpiador__5901887029656_d9f9.jpg","datePublished":"2024-12-10T10:33:54+00:00","dateModified":"2025-01-13T10:59:56+00:00","breadcrumb":{"@id":"https:\/\/www.elvestidorderamon.com\/producto\/ziaja-gel-limpiador-200-ml-manuka-tree-purifyny\/#breadcrumb"},"inLanguage":"es","potentialAction":[{"@type":"ReadAction","target":["https:\/\/www.elvestidorderamon.com\/producto\/ziaja-gel-limpiador-200-ml-manuka-tree-purifyny\/"]}]},{"@type":"ImageObject","inLanguage":"es","@id":"https:\/\/www.elvestidorderamon.com\/producto\/ziaja-gel-limpiador-200-ml-manuka-tree-purifyny\/#primaryimage","url":"https:\/\/www.elvestidorderamon.com\/wp-content\/uploads\/2024\/12\/MANUKA_Gel_limpiador__5901887029656_d9f9.jpg","contentUrl":"https:\/\/www.elvestidorderamon.com\/wp-content\/uploads\/2024\/12\/MANUKA_Gel_limpiador__5901887029656_d9f9.jpg","width":700,"height":700},{"@type":"BreadcrumbList","@id":"https:\/\/www.elvestidorderamon.com\/producto\/ziaja-gel-limpiador-200-ml-manuka-tree-purifyny\/#breadcrumb","itemListElement":[{"@type":"ListItem","position":1,"name":"Portada","item":"https:\/\/www.elvestidorderamon.com\/"},{"@type":"ListItem","position":2,"name":"Tienda","item":"https:\/\/www.elvestidorderamon.com\/tienda\/"},{"@type":"ListItem","position":3,"name":"ZIAJA GEL LIMPIADOR 200 ML MANUKA TREE PURIFYNY"}]},{"@type":"WebSite","@id":"https:\/\/www.elvestidorderamon.com\/es\/#website","url":"https:\/\/www.elvestidorderamon.com\/es\/","name":"El vestidor de Ram\u00f3n","description":"Tienda Online de moda","publisher":{"@id":"https:\/\/www.elvestidorderamon.com\/es\/#organization"},"potentialAction":[{"@type":"SearchAction","target":{"@type":"EntryPoint","urlTemplate":"https:\/\/www.elvestidorderamon.com\/es\/?s={search_term_string}"},"query-input":{"@type":"PropertyValueSpecification","valueRequired":true,"valueName":"search_term_string"}}],"inLanguage":"es"},{"@type":"Organization","@id":"https:\/\/www.elvestidorderamon.com\/es\/#organization","name":"El vestidor de Ram\u00f3n","url":"https:\/\/www.elvestidorderamon.com\/es\/","logo":{"@type":"ImageObject","inLanguage":"es","@id":"https:\/\/www.elvestidorderamon.com\/es\/#\/schema\/logo\/image\/","url":"https:\/\/www.elvestidorderamon.com\/wp-content\/uploads\/2024\/11\/cropped-cropped-Sin-titulo-1.png","contentUrl":"https:\/\/www.elvestidorderamon.com\/wp-content\/uploads\/2024\/11\/cropped-cropped-Sin-titulo-1.png","width":376,"height":376,"caption":"El vestidor de Ram\u00f3n"},"image":{"@id":"https:\/\/www.elvestidorderamon.com\/es\/#\/schema\/logo\/image\/"}}]}},"_links":{"self":[{"href":"https:\/\/www.elvestidorderamon.com\/es\/wp-json\/wp\/v2\/product\/932","targetHints":{"allow":["GET"]}}],"collection":[{"href":"https:\/\/www.elvestidorderamon.com\/es\/wp-json\/wp\/v2\/product"}],"about":[{"href":"https:\/\/www.elvestidorderamon.com\/es\/wp-json\/wp\/v2\/types\/product"}],"wp:featuredmedia":[{"embeddable":true,"href":"https:\/\/www.elvestidorderamon.com\/es\/wp-json\/wp\/v2\/media\/933"}],"wp:attachment":[{"href":"https:\/\/www.elvestidorderamon.com\/es\/wp-json\/wp\/v2\/media?parent=932"}],"wp:term":[{"taxonomy":"product_brand","embeddable":true,"href":"https:\/\/www.elvestidorderamon.com\/es\/wp-json\/wp\/v2\/product_brand?post=932"},{"taxonomy":"product_cat","embeddable":true,"href":"https:\/\/www.elvestidorderamon.com\/es\/wp-json\/wp\/v2\/product_cat?post=932"},{"taxonomy":"product_tag","embeddable":true,"href":"https:\/\/www.elvestidorderamon.com\/es\/wp-json\/wp\/v2\/product_tag?post=932"}],"curies":[{"name":"wp","href":"https:\/\/api.w.org\/{rel}","templated":true}]}}