{"id":962,"date":"2024-12-10T14:49:30","date_gmt":"2024-12-10T14:49:30","guid":{"rendered":"https:\/\/www.elvestidorderamon.com\/?post_type=product&#038;p=962"},"modified":"2026-01-20T11:56:32","modified_gmt":"2026-01-20T11:56:32","slug":"perfume-arabe-ameerat-al-arab-50-ml","status":"publish","type":"product","link":"https:\/\/www.elvestidorderamon.com\/es\/producto\/perfume-arabe-ameerat-al-arab-50-ml\/","title":{"rendered":"PERFUME ARABE AMEERAT AL ARAB 50 ML"},"content":{"rendered":"<div>El perfume Ameerat Al Arab Asdaaf de Ard al Zaafaran Parfums es una mezcla encantadora de notas que bailan con gracia entre la tradici\u00f3n y la modernidad. Esta fragancia es una combinaci\u00f3n cautivadora de frutas jugosas y flores exuberantes con notas relajantes de s\u00e1ndalo, \u00e1mbar, haba tonka y almizcle. La fragancia exuda un aire de encanto y delicadeza de lujo.<\/div>\n<div>El viaje comienza con una refrescante mezcla de notas de uva, manzana y naranja. Esta mezcla frutal vigoriza los sentidos y crea un aura de fresca vitalidad. A esta explosi\u00f3n inicial se suma la suave nota de flor de naranja, que ofrece un toque sutil de romance po\u00e9tico. Te sentir\u00e1s como si estuvieras caminando por un huerto ba\u00f1ado por el sol, un preludio sereno para una experiencia que no olvidar\u00e1s.<\/div>\n<div>El coraz\u00f3n de la fragancia se convierte en una exuberante sinfon\u00eda floral de rosa, jazm\u00edn, ylang-ylang y gardenia. La presencia de la rosa le otorga una gracia atemporal que se complementa con la seductora dulzura del jazm\u00edn. La profunda riqueza del ylang-ylang y la aterciopelada exuberancia de la gardenia brindan un centro cautivador. Un toque de almizcle blanco se entrelaza con las notas florales y realza su atractivo sensual.<\/div>","protected":false},"excerpt":{"rendered":"<p>El perfume Ameerat Al Arab Asdaaf de Ard al Zaafaran Parfums es una mezcla encantadora de notas que bailan con gracia entre la tradici\u00f3n y la modernidad. Esta fragancia es una combinaci\u00f3n cautivadora de frutas jugosas y flores exuberantes con notas relajantes de s\u00e1ndalo, \u00e1mbar, haba tonka y almizcle. La fragancia exuda un aire de &hellip;<\/p>\n<p class=\"read-more\"> <a class=\"thunk-readmore button\" href=\"https:\/\/www.elvestidorderamon.com\/es\/producto\/perfume-arabe-ameerat-al-arab-50-ml\/\"> <span class=\"screen-reader-text\">PERFUME ARABE AMEERAT AL ARAB 50 ML<\/span>Leer m\u00e1s<\/a><\/p>","protected":false},"featured_media":963,"template":"","meta":[],"product_brand":[],"product_cat":[113],"product_tag":[],"class_list":{"0":"post-962","1":"product","2":"type-product","3":"status-publish","4":"has-post-thumbnail","6":"product_cat-perfumes-y-ambientadores-arabes","7":"thunk-woo-product-list","8":"opn-qv-enable","9":"big-store-woo-hover-zoom","10":"open-single-product-tab-horizontal","11":"open-shadow-","12":"open-shadow-hover-","14":"first","15":"instock","16":"shipping-taxable","17":"purchasable","18":"product-type-simple"},"yoast_head":"<!-- This site is optimized with the Yoast SEO plugin v27.5 - https:\/\/yoast.com\/product\/yoast-seo-wordpress\/ -->\n<title>PERFUME ARABE AMEERAT AL ARAB 50 ML - El vestidor de Ram\u00f3n<\/title>\n<meta name=\"robots\" content=\"index, follow, max-snippet:-1, max-image-preview:large, max-video-preview:-1\" \/>\n<link rel=\"canonical\" href=\"https:\/\/www.elvestidorderamon.com\/es\/producto\/perfume-arabe-ameerat-al-arab-50-ml\/\" \/>\n<meta property=\"og:locale\" content=\"es_ES\" \/>\n<meta property=\"og:type\" content=\"article\" \/>\n<meta property=\"og:title\" content=\"PERFUME ARABE AMEERAT AL ARAB 50 ML - El vestidor de Ram\u00f3n\" \/>\n<meta property=\"og:description\" content=\"El perfume Ameerat Al Arab Asdaaf de Ard al Zaafaran Parfums es una mezcla encantadora de notas que bailan con gracia entre la tradici\u00f3n y la modernidad. Esta fragancia es una combinaci\u00f3n cautivadora de frutas jugosas y flores exuberantes con notas relajantes de s\u00e1ndalo, \u00e1mbar, haba tonka y almizcle. La fragancia exuda un aire de &hellip; PERFUME ARABE AMEERAT AL ARAB 50 MLLeer m\u00e1s\" \/>\n<meta property=\"og:url\" content=\"https:\/\/www.elvestidorderamon.com\/es\/producto\/perfume-arabe-ameerat-al-arab-50-ml\/\" \/>\n<meta property=\"og:site_name\" content=\"El vestidor de Ram\u00f3n\" \/>\n<meta property=\"article:modified_time\" content=\"2026-01-20T11:56:32+00:00\" \/>\n<meta property=\"og:image\" content=\"https:\/\/www.elvestidorderamon.com\/wp-content\/uploads\/2024\/12\/ameerat-al-arab-50ml.jpeg\" \/>\n\t<meta property=\"og:image:width\" content=\"764\" \/>\n\t<meta property=\"og:image:height\" content=\"888\" \/>\n\t<meta property=\"og:image:type\" content=\"image\/jpeg\" \/>\n<meta name=\"twitter:card\" content=\"summary_large_image\" \/>\n<meta name=\"twitter:label1\" content=\"Tiempo de lectura\" \/>\n\t<meta name=\"twitter:data1\" content=\"2 minutos\" \/>\n<script type=\"application\/ld+json\" class=\"yoast-schema-graph\">{\"@context\":\"https:\\\/\\\/schema.org\",\"@graph\":[{\"@type\":\"WebPage\",\"@id\":\"https:\\\/\\\/www.elvestidorderamon.com\\\/producto\\\/perfume-arabe-ameerat-al-arab-50-ml\\\/\",\"url\":\"https:\\\/\\\/www.elvestidorderamon.com\\\/producto\\\/perfume-arabe-ameerat-al-arab-50-ml\\\/\",\"name\":\"PERFUME ARABE AMEERAT AL ARAB 50 ML - El vestidor de Ram\u00f3n\",\"isPartOf\":{\"@id\":\"https:\\\/\\\/www.elvestidorderamon.com\\\/es\\\/#website\"},\"primaryImageOfPage\":{\"@id\":\"https:\\\/\\\/www.elvestidorderamon.com\\\/producto\\\/perfume-arabe-ameerat-al-arab-50-ml\\\/#primaryimage\"},\"image\":{\"@id\":\"https:\\\/\\\/www.elvestidorderamon.com\\\/producto\\\/perfume-arabe-ameerat-al-arab-50-ml\\\/#primaryimage\"},\"thumbnailUrl\":\"https:\\\/\\\/www.elvestidorderamon.com\\\/wp-content\\\/uploads\\\/2024\\\/12\\\/ameerat-al-arab-50ml.jpeg\",\"datePublished\":\"2024-12-10T14:49:30+00:00\",\"dateModified\":\"2026-01-20T11:56:32+00:00\",\"breadcrumb\":{\"@id\":\"https:\\\/\\\/www.elvestidorderamon.com\\\/producto\\\/perfume-arabe-ameerat-al-arab-50-ml\\\/#breadcrumb\"},\"inLanguage\":\"es\",\"potentialAction\":[{\"@type\":\"ReadAction\",\"target\":[\"https:\\\/\\\/www.elvestidorderamon.com\\\/producto\\\/perfume-arabe-ameerat-al-arab-50-ml\\\/\"]}]},{\"@type\":\"ImageObject\",\"inLanguage\":\"es\",\"@id\":\"https:\\\/\\\/www.elvestidorderamon.com\\\/producto\\\/perfume-arabe-ameerat-al-arab-50-ml\\\/#primaryimage\",\"url\":\"https:\\\/\\\/www.elvestidorderamon.com\\\/wp-content\\\/uploads\\\/2024\\\/12\\\/ameerat-al-arab-50ml.jpeg\",\"contentUrl\":\"https:\\\/\\\/www.elvestidorderamon.com\\\/wp-content\\\/uploads\\\/2024\\\/12\\\/ameerat-al-arab-50ml.jpeg\",\"width\":764,\"height\":888},{\"@type\":\"BreadcrumbList\",\"@id\":\"https:\\\/\\\/www.elvestidorderamon.com\\\/producto\\\/perfume-arabe-ameerat-al-arab-50-ml\\\/#breadcrumb\",\"itemListElement\":[{\"@type\":\"ListItem\",\"position\":1,\"name\":\"Portada\",\"item\":\"https:\\\/\\\/www.elvestidorderamon.com\\\/\"},{\"@type\":\"ListItem\",\"position\":2,\"name\":\"Tienda\",\"item\":\"https:\\\/\\\/www.elvestidorderamon.com\\\/tienda\\\/\"},{\"@type\":\"ListItem\",\"position\":3,\"name\":\"PERFUME ARABE AMEERAT AL ARAB 50 ML\"}]},{\"@type\":\"WebSite\",\"@id\":\"https:\\\/\\\/www.elvestidorderamon.com\\\/es\\\/#website\",\"url\":\"https:\\\/\\\/www.elvestidorderamon.com\\\/es\\\/\",\"name\":\"El vestidor de Ram\u00f3n\",\"description\":\"Tienda Online de moda\",\"publisher\":{\"@id\":\"https:\\\/\\\/www.elvestidorderamon.com\\\/es\\\/#organization\"},\"potentialAction\":[{\"@type\":\"SearchAction\",\"target\":{\"@type\":\"EntryPoint\",\"urlTemplate\":\"https:\\\/\\\/www.elvestidorderamon.com\\\/es\\\/?s={search_term_string}\"},\"query-input\":{\"@type\":\"PropertyValueSpecification\",\"valueRequired\":true,\"valueName\":\"search_term_string\"}}],\"inLanguage\":\"es\"},{\"@type\":\"Organization\",\"@id\":\"https:\\\/\\\/www.elvestidorderamon.com\\\/es\\\/#organization\",\"name\":\"El vestidor de Ram\u00f3n\",\"url\":\"https:\\\/\\\/www.elvestidorderamon.com\\\/es\\\/\",\"logo\":{\"@type\":\"ImageObject\",\"inLanguage\":\"es\",\"@id\":\"https:\\\/\\\/www.elvestidorderamon.com\\\/es\\\/#\\\/schema\\\/logo\\\/image\\\/\",\"url\":\"https:\\\/\\\/www.elvestidorderamon.com\\\/wp-content\\\/uploads\\\/2024\\\/11\\\/cropped-cropped-Sin-titulo-1.png\",\"contentUrl\":\"https:\\\/\\\/www.elvestidorderamon.com\\\/wp-content\\\/uploads\\\/2024\\\/11\\\/cropped-cropped-Sin-titulo-1.png\",\"width\":376,\"height\":376,\"caption\":\"El vestidor de Ram\u00f3n\"},\"image\":{\"@id\":\"https:\\\/\\\/www.elvestidorderamon.com\\\/es\\\/#\\\/schema\\\/logo\\\/image\\\/\"}}]}<\/script>\n<!-- \/ Yoast SEO plugin. -->","yoast_head_json":{"title":"PERFUME ARABE AMEERAT AL ARAB 50 ML - El vestidor de Ram\u00f3n","robots":{"index":"index","follow":"follow","max-snippet":"max-snippet:-1","max-image-preview":"max-image-preview:large","max-video-preview":"max-video-preview:-1"},"canonical":"https:\/\/www.elvestidorderamon.com\/es\/producto\/perfume-arabe-ameerat-al-arab-50-ml\/","og_locale":"es_ES","og_type":"article","og_title":"PERFUME ARABE AMEERAT AL ARAB 50 ML - El vestidor de Ram\u00f3n","og_description":"El perfume Ameerat Al Arab Asdaaf de Ard al Zaafaran Parfums es una mezcla encantadora de notas que bailan con gracia entre la tradici\u00f3n y la modernidad. Esta fragancia es una combinaci\u00f3n cautivadora de frutas jugosas y flores exuberantes con notas relajantes de s\u00e1ndalo, \u00e1mbar, haba tonka y almizcle. La fragancia exuda un aire de &hellip; PERFUME ARABE AMEERAT AL ARAB 50 MLLeer m\u00e1s","og_url":"https:\/\/www.elvestidorderamon.com\/es\/producto\/perfume-arabe-ameerat-al-arab-50-ml\/","og_site_name":"El vestidor de Ram\u00f3n","article_modified_time":"2026-01-20T11:56:32+00:00","og_image":[{"width":764,"height":888,"url":"https:\/\/www.elvestidorderamon.com\/wp-content\/uploads\/2024\/12\/ameerat-al-arab-50ml.jpeg","type":"image\/jpeg"}],"twitter_card":"summary_large_image","twitter_misc":{"Tiempo de lectura":"2 minutos"},"schema":{"@context":"https:\/\/schema.org","@graph":[{"@type":"WebPage","@id":"https:\/\/www.elvestidorderamon.com\/producto\/perfume-arabe-ameerat-al-arab-50-ml\/","url":"https:\/\/www.elvestidorderamon.com\/producto\/perfume-arabe-ameerat-al-arab-50-ml\/","name":"PERFUME ARABE AMEERAT AL ARAB 50 ML - El vestidor de Ram\u00f3n","isPartOf":{"@id":"https:\/\/www.elvestidorderamon.com\/es\/#website"},"primaryImageOfPage":{"@id":"https:\/\/www.elvestidorderamon.com\/producto\/perfume-arabe-ameerat-al-arab-50-ml\/#primaryimage"},"image":{"@id":"https:\/\/www.elvestidorderamon.com\/producto\/perfume-arabe-ameerat-al-arab-50-ml\/#primaryimage"},"thumbnailUrl":"https:\/\/www.elvestidorderamon.com\/wp-content\/uploads\/2024\/12\/ameerat-al-arab-50ml.jpeg","datePublished":"2024-12-10T14:49:30+00:00","dateModified":"2026-01-20T11:56:32+00:00","breadcrumb":{"@id":"https:\/\/www.elvestidorderamon.com\/producto\/perfume-arabe-ameerat-al-arab-50-ml\/#breadcrumb"},"inLanguage":"es","potentialAction":[{"@type":"ReadAction","target":["https:\/\/www.elvestidorderamon.com\/producto\/perfume-arabe-ameerat-al-arab-50-ml\/"]}]},{"@type":"ImageObject","inLanguage":"es","@id":"https:\/\/www.elvestidorderamon.com\/producto\/perfume-arabe-ameerat-al-arab-50-ml\/#primaryimage","url":"https:\/\/www.elvestidorderamon.com\/wp-content\/uploads\/2024\/12\/ameerat-al-arab-50ml.jpeg","contentUrl":"https:\/\/www.elvestidorderamon.com\/wp-content\/uploads\/2024\/12\/ameerat-al-arab-50ml.jpeg","width":764,"height":888},{"@type":"BreadcrumbList","@id":"https:\/\/www.elvestidorderamon.com\/producto\/perfume-arabe-ameerat-al-arab-50-ml\/#breadcrumb","itemListElement":[{"@type":"ListItem","position":1,"name":"Portada","item":"https:\/\/www.elvestidorderamon.com\/"},{"@type":"ListItem","position":2,"name":"Tienda","item":"https:\/\/www.elvestidorderamon.com\/tienda\/"},{"@type":"ListItem","position":3,"name":"PERFUME ARABE AMEERAT AL ARAB 50 ML"}]},{"@type":"WebSite","@id":"https:\/\/www.elvestidorderamon.com\/es\/#website","url":"https:\/\/www.elvestidorderamon.com\/es\/","name":"El vestidor de Ram\u00f3n","description":"Tienda Online de moda","publisher":{"@id":"https:\/\/www.elvestidorderamon.com\/es\/#organization"},"potentialAction":[{"@type":"SearchAction","target":{"@type":"EntryPoint","urlTemplate":"https:\/\/www.elvestidorderamon.com\/es\/?s={search_term_string}"},"query-input":{"@type":"PropertyValueSpecification","valueRequired":true,"valueName":"search_term_string"}}],"inLanguage":"es"},{"@type":"Organization","@id":"https:\/\/www.elvestidorderamon.com\/es\/#organization","name":"El vestidor de Ram\u00f3n","url":"https:\/\/www.elvestidorderamon.com\/es\/","logo":{"@type":"ImageObject","inLanguage":"es","@id":"https:\/\/www.elvestidorderamon.com\/es\/#\/schema\/logo\/image\/","url":"https:\/\/www.elvestidorderamon.com\/wp-content\/uploads\/2024\/11\/cropped-cropped-Sin-titulo-1.png","contentUrl":"https:\/\/www.elvestidorderamon.com\/wp-content\/uploads\/2024\/11\/cropped-cropped-Sin-titulo-1.png","width":376,"height":376,"caption":"El vestidor de Ram\u00f3n"},"image":{"@id":"https:\/\/www.elvestidorderamon.com\/es\/#\/schema\/logo\/image\/"}}]}},"_links":{"self":[{"href":"https:\/\/www.elvestidorderamon.com\/es\/wp-json\/wp\/v2\/product\/962","targetHints":{"allow":["GET"]}}],"collection":[{"href":"https:\/\/www.elvestidorderamon.com\/es\/wp-json\/wp\/v2\/product"}],"about":[{"href":"https:\/\/www.elvestidorderamon.com\/es\/wp-json\/wp\/v2\/types\/product"}],"wp:featuredmedia":[{"embeddable":true,"href":"https:\/\/www.elvestidorderamon.com\/es\/wp-json\/wp\/v2\/media\/963"}],"wp:attachment":[{"href":"https:\/\/www.elvestidorderamon.com\/es\/wp-json\/wp\/v2\/media?parent=962"}],"wp:term":[{"taxonomy":"product_brand","embeddable":true,"href":"https:\/\/www.elvestidorderamon.com\/es\/wp-json\/wp\/v2\/product_brand?post=962"},{"taxonomy":"product_cat","embeddable":true,"href":"https:\/\/www.elvestidorderamon.com\/es\/wp-json\/wp\/v2\/product_cat?post=962"},{"taxonomy":"product_tag","embeddable":true,"href":"https:\/\/www.elvestidorderamon.com\/es\/wp-json\/wp\/v2\/product_tag?post=962"}],"curies":[{"name":"wp","href":"https:\/\/api.w.org\/{rel}","templated":true}]}}