{"id":964,"date":"2024-12-10T15:00:04","date_gmt":"2024-12-10T15:00:04","guid":{"rendered":"https:\/\/www.elvestidorderamon.com\/?post_type=product&#038;p=964"},"modified":"2026-01-20T11:57:31","modified_gmt":"2026-01-20T11:57:31","slug":"perfume-arabe-yara-50-ml-lattafa","status":"publish","type":"product","link":"https:\/\/www.elvestidorderamon.com\/es\/producto\/perfume-arabe-yara-50-ml-lattafa\/","title":{"rendered":"PERFUME ARABE YARA 50 ML LATTAFA"},"content":{"rendered":"<p>perfume arabe yara 50 ml lattafa<\/p>\n<p>Disfruta de una fragancia con la que no pasar\u00e1s desapercibida en ning\u00fan evento. El eau de parfum para mujer Lattafa Yara es la materializaci\u00f3n del lujo y la exclusividad. Su sofisticada composici\u00f3n arom\u00e1tica deleitar\u00e1 hasta a las personas m\u00e1s exigentes.<\/p>\n<ul>\n<li>fragancia oriental<\/li>\n<li>fragancia floral<\/li>\n<li>fragancia gourmand<\/li>\n<li>resalta la sensualidad de cualquier mujer<\/li>\n<li>fragancia adecuada para uso diario<\/li>\n<\/ul>","protected":false},"excerpt":{"rendered":"<p>perfume arabe yara 50 ml lattafa Disfruta de una fragancia con la que no pasar\u00e1s desapercibida en ning\u00fan evento. El eau de parfum para mujer Lattafa Yara es la materializaci\u00f3n del lujo y la exclusividad. Su sofisticada composici\u00f3n arom\u00e1tica deleitar\u00e1 hasta a las personas m\u00e1s exigentes. fragancia oriental fragancia floral fragancia gourmand resalta la sensualidad &hellip;<\/p>\n<p class=\"read-more\"> <a class=\"thunk-readmore button\" href=\"https:\/\/www.elvestidorderamon.com\/es\/producto\/perfume-arabe-yara-50-ml-lattafa\/\"> <span class=\"screen-reader-text\">PERFUME ARABE YARA 50 ML LATTAFA<\/span>Leer m\u00e1s<\/a><\/p>","protected":false},"featured_media":965,"template":"","meta":[],"product_brand":[],"product_cat":[113],"product_tag":[],"class_list":{"0":"post-964","1":"product","2":"type-product","3":"status-publish","4":"has-post-thumbnail","6":"product_cat-perfumes-y-ambientadores-arabes","7":"thunk-woo-product-list","8":"opn-qv-enable","9":"big-store-woo-hover-zoom","10":"open-single-product-tab-horizontal","11":"open-shadow-","12":"open-shadow-hover-","14":"first","15":"instock","16":"shipping-taxable","17":"purchasable","18":"product-type-simple"},"yoast_head":"<!-- This site is optimized with the Yoast SEO plugin v27.5 - https:\/\/yoast.com\/product\/yoast-seo-wordpress\/ -->\n<title>PERFUME ARABE YARA 50 ML LATTAFA - El vestidor de Ram\u00f3n<\/title>\n<meta name=\"robots\" content=\"index, follow, max-snippet:-1, max-image-preview:large, max-video-preview:-1\" \/>\n<link rel=\"canonical\" href=\"https:\/\/www.elvestidorderamon.com\/es\/producto\/perfume-arabe-yara-50-ml-lattafa\/\" \/>\n<meta property=\"og:locale\" content=\"es_ES\" \/>\n<meta property=\"og:type\" content=\"article\" \/>\n<meta property=\"og:title\" content=\"PERFUME ARABE YARA 50 ML LATTAFA - El vestidor de Ram\u00f3n\" \/>\n<meta property=\"og:description\" content=\"perfume arabe yara 50 ml lattafa Disfruta de una fragancia con la que no pasar\u00e1s desapercibida en ning\u00fan evento. El eau de parfum para mujer Lattafa Yara es la materializaci\u00f3n del lujo y la exclusividad. Su sofisticada composici\u00f3n arom\u00e1tica deleitar\u00e1 hasta a las personas m\u00e1s exigentes. fragancia oriental fragancia floral fragancia gourmand resalta la sensualidad &hellip; PERFUME ARABE YARA 50 ML LATTAFALeer m\u00e1s\" \/>\n<meta property=\"og:url\" content=\"https:\/\/www.elvestidorderamon.com\/es\/producto\/perfume-arabe-yara-50-ml-lattafa\/\" \/>\n<meta property=\"og:site_name\" content=\"El vestidor de Ram\u00f3n\" \/>\n<meta property=\"article:modified_time\" content=\"2026-01-20T11:57:31+00:00\" \/>\n<meta property=\"og:image\" content=\"https:\/\/www.elvestidorderamon.com\/wp-content\/uploads\/2024\/12\/lattafa-yara-50ml.webp\" \/>\n\t<meta property=\"og:image:width\" content=\"452\" \/>\n\t<meta property=\"og:image:height\" content=\"452\" \/>\n\t<meta property=\"og:image:type\" content=\"image\/webp\" \/>\n<meta name=\"twitter:card\" content=\"summary_large_image\" \/>\n<meta name=\"twitter:label1\" content=\"Tiempo de lectura\" \/>\n\t<meta name=\"twitter:data1\" content=\"1 minuto\" \/>\n<script type=\"application\/ld+json\" class=\"yoast-schema-graph\">{\"@context\":\"https:\\\/\\\/schema.org\",\"@graph\":[{\"@type\":\"WebPage\",\"@id\":\"https:\\\/\\\/www.elvestidorderamon.com\\\/producto\\\/perfume-arabe-yara-50-ml-lattafa\\\/\",\"url\":\"https:\\\/\\\/www.elvestidorderamon.com\\\/producto\\\/perfume-arabe-yara-50-ml-lattafa\\\/\",\"name\":\"PERFUME ARABE YARA 50 ML LATTAFA - El vestidor de Ram\u00f3n\",\"isPartOf\":{\"@id\":\"https:\\\/\\\/www.elvestidorderamon.com\\\/es\\\/#website\"},\"primaryImageOfPage\":{\"@id\":\"https:\\\/\\\/www.elvestidorderamon.com\\\/producto\\\/perfume-arabe-yara-50-ml-lattafa\\\/#primaryimage\"},\"image\":{\"@id\":\"https:\\\/\\\/www.elvestidorderamon.com\\\/producto\\\/perfume-arabe-yara-50-ml-lattafa\\\/#primaryimage\"},\"thumbnailUrl\":\"https:\\\/\\\/www.elvestidorderamon.com\\\/wp-content\\\/uploads\\\/2024\\\/12\\\/lattafa-yara-50ml.webp\",\"datePublished\":\"2024-12-10T15:00:04+00:00\",\"dateModified\":\"2026-01-20T11:57:31+00:00\",\"breadcrumb\":{\"@id\":\"https:\\\/\\\/www.elvestidorderamon.com\\\/producto\\\/perfume-arabe-yara-50-ml-lattafa\\\/#breadcrumb\"},\"inLanguage\":\"es\",\"potentialAction\":[{\"@type\":\"ReadAction\",\"target\":[\"https:\\\/\\\/www.elvestidorderamon.com\\\/producto\\\/perfume-arabe-yara-50-ml-lattafa\\\/\"]}]},{\"@type\":\"ImageObject\",\"inLanguage\":\"es\",\"@id\":\"https:\\\/\\\/www.elvestidorderamon.com\\\/producto\\\/perfume-arabe-yara-50-ml-lattafa\\\/#primaryimage\",\"url\":\"https:\\\/\\\/www.elvestidorderamon.com\\\/wp-content\\\/uploads\\\/2024\\\/12\\\/lattafa-yara-50ml.webp\",\"contentUrl\":\"https:\\\/\\\/www.elvestidorderamon.com\\\/wp-content\\\/uploads\\\/2024\\\/12\\\/lattafa-yara-50ml.webp\",\"width\":452,\"height\":452},{\"@type\":\"BreadcrumbList\",\"@id\":\"https:\\\/\\\/www.elvestidorderamon.com\\\/producto\\\/perfume-arabe-yara-50-ml-lattafa\\\/#breadcrumb\",\"itemListElement\":[{\"@type\":\"ListItem\",\"position\":1,\"name\":\"Portada\",\"item\":\"https:\\\/\\\/www.elvestidorderamon.com\\\/\"},{\"@type\":\"ListItem\",\"position\":2,\"name\":\"Tienda\",\"item\":\"https:\\\/\\\/www.elvestidorderamon.com\\\/tienda\\\/\"},{\"@type\":\"ListItem\",\"position\":3,\"name\":\"PERFUME ARABE YARA 50 ML LATTAFA\"}]},{\"@type\":\"WebSite\",\"@id\":\"https:\\\/\\\/www.elvestidorderamon.com\\\/es\\\/#website\",\"url\":\"https:\\\/\\\/www.elvestidorderamon.com\\\/es\\\/\",\"name\":\"El vestidor de Ram\u00f3n\",\"description\":\"Tienda Online de moda\",\"publisher\":{\"@id\":\"https:\\\/\\\/www.elvestidorderamon.com\\\/es\\\/#organization\"},\"potentialAction\":[{\"@type\":\"SearchAction\",\"target\":{\"@type\":\"EntryPoint\",\"urlTemplate\":\"https:\\\/\\\/www.elvestidorderamon.com\\\/es\\\/?s={search_term_string}\"},\"query-input\":{\"@type\":\"PropertyValueSpecification\",\"valueRequired\":true,\"valueName\":\"search_term_string\"}}],\"inLanguage\":\"es\"},{\"@type\":\"Organization\",\"@id\":\"https:\\\/\\\/www.elvestidorderamon.com\\\/es\\\/#organization\",\"name\":\"El vestidor de Ram\u00f3n\",\"url\":\"https:\\\/\\\/www.elvestidorderamon.com\\\/es\\\/\",\"logo\":{\"@type\":\"ImageObject\",\"inLanguage\":\"es\",\"@id\":\"https:\\\/\\\/www.elvestidorderamon.com\\\/es\\\/#\\\/schema\\\/logo\\\/image\\\/\",\"url\":\"https:\\\/\\\/www.elvestidorderamon.com\\\/wp-content\\\/uploads\\\/2024\\\/11\\\/cropped-cropped-Sin-titulo-1.png\",\"contentUrl\":\"https:\\\/\\\/www.elvestidorderamon.com\\\/wp-content\\\/uploads\\\/2024\\\/11\\\/cropped-cropped-Sin-titulo-1.png\",\"width\":376,\"height\":376,\"caption\":\"El vestidor de Ram\u00f3n\"},\"image\":{\"@id\":\"https:\\\/\\\/www.elvestidorderamon.com\\\/es\\\/#\\\/schema\\\/logo\\\/image\\\/\"}}]}<\/script>\n<!-- \/ Yoast SEO plugin. -->","yoast_head_json":{"title":"PERFUME ARABE YARA 50 ML LATTAFA - El vestidor de Ram\u00f3n","robots":{"index":"index","follow":"follow","max-snippet":"max-snippet:-1","max-image-preview":"max-image-preview:large","max-video-preview":"max-video-preview:-1"},"canonical":"https:\/\/www.elvestidorderamon.com\/es\/producto\/perfume-arabe-yara-50-ml-lattafa\/","og_locale":"es_ES","og_type":"article","og_title":"PERFUME ARABE YARA 50 ML LATTAFA - El vestidor de Ram\u00f3n","og_description":"perfume arabe yara 50 ml lattafa Disfruta de una fragancia con la que no pasar\u00e1s desapercibida en ning\u00fan evento. El eau de parfum para mujer Lattafa Yara es la materializaci\u00f3n del lujo y la exclusividad. Su sofisticada composici\u00f3n arom\u00e1tica deleitar\u00e1 hasta a las personas m\u00e1s exigentes. fragancia oriental fragancia floral fragancia gourmand resalta la sensualidad &hellip; PERFUME ARABE YARA 50 ML LATTAFALeer m\u00e1s","og_url":"https:\/\/www.elvestidorderamon.com\/es\/producto\/perfume-arabe-yara-50-ml-lattafa\/","og_site_name":"El vestidor de Ram\u00f3n","article_modified_time":"2026-01-20T11:57:31+00:00","og_image":[{"width":452,"height":452,"url":"https:\/\/www.elvestidorderamon.com\/wp-content\/uploads\/2024\/12\/lattafa-yara-50ml.webp","type":"image\/webp"}],"twitter_card":"summary_large_image","twitter_misc":{"Tiempo de lectura":"1 minuto"},"schema":{"@context":"https:\/\/schema.org","@graph":[{"@type":"WebPage","@id":"https:\/\/www.elvestidorderamon.com\/producto\/perfume-arabe-yara-50-ml-lattafa\/","url":"https:\/\/www.elvestidorderamon.com\/producto\/perfume-arabe-yara-50-ml-lattafa\/","name":"PERFUME ARABE YARA 50 ML LATTAFA - El vestidor de Ram\u00f3n","isPartOf":{"@id":"https:\/\/www.elvestidorderamon.com\/es\/#website"},"primaryImageOfPage":{"@id":"https:\/\/www.elvestidorderamon.com\/producto\/perfume-arabe-yara-50-ml-lattafa\/#primaryimage"},"image":{"@id":"https:\/\/www.elvestidorderamon.com\/producto\/perfume-arabe-yara-50-ml-lattafa\/#primaryimage"},"thumbnailUrl":"https:\/\/www.elvestidorderamon.com\/wp-content\/uploads\/2024\/12\/lattafa-yara-50ml.webp","datePublished":"2024-12-10T15:00:04+00:00","dateModified":"2026-01-20T11:57:31+00:00","breadcrumb":{"@id":"https:\/\/www.elvestidorderamon.com\/producto\/perfume-arabe-yara-50-ml-lattafa\/#breadcrumb"},"inLanguage":"es","potentialAction":[{"@type":"ReadAction","target":["https:\/\/www.elvestidorderamon.com\/producto\/perfume-arabe-yara-50-ml-lattafa\/"]}]},{"@type":"ImageObject","inLanguage":"es","@id":"https:\/\/www.elvestidorderamon.com\/producto\/perfume-arabe-yara-50-ml-lattafa\/#primaryimage","url":"https:\/\/www.elvestidorderamon.com\/wp-content\/uploads\/2024\/12\/lattafa-yara-50ml.webp","contentUrl":"https:\/\/www.elvestidorderamon.com\/wp-content\/uploads\/2024\/12\/lattafa-yara-50ml.webp","width":452,"height":452},{"@type":"BreadcrumbList","@id":"https:\/\/www.elvestidorderamon.com\/producto\/perfume-arabe-yara-50-ml-lattafa\/#breadcrumb","itemListElement":[{"@type":"ListItem","position":1,"name":"Portada","item":"https:\/\/www.elvestidorderamon.com\/"},{"@type":"ListItem","position":2,"name":"Tienda","item":"https:\/\/www.elvestidorderamon.com\/tienda\/"},{"@type":"ListItem","position":3,"name":"PERFUME ARABE YARA 50 ML LATTAFA"}]},{"@type":"WebSite","@id":"https:\/\/www.elvestidorderamon.com\/es\/#website","url":"https:\/\/www.elvestidorderamon.com\/es\/","name":"El vestidor de Ram\u00f3n","description":"Tienda Online de moda","publisher":{"@id":"https:\/\/www.elvestidorderamon.com\/es\/#organization"},"potentialAction":[{"@type":"SearchAction","target":{"@type":"EntryPoint","urlTemplate":"https:\/\/www.elvestidorderamon.com\/es\/?s={search_term_string}"},"query-input":{"@type":"PropertyValueSpecification","valueRequired":true,"valueName":"search_term_string"}}],"inLanguage":"es"},{"@type":"Organization","@id":"https:\/\/www.elvestidorderamon.com\/es\/#organization","name":"El vestidor de Ram\u00f3n","url":"https:\/\/www.elvestidorderamon.com\/es\/","logo":{"@type":"ImageObject","inLanguage":"es","@id":"https:\/\/www.elvestidorderamon.com\/es\/#\/schema\/logo\/image\/","url":"https:\/\/www.elvestidorderamon.com\/wp-content\/uploads\/2024\/11\/cropped-cropped-Sin-titulo-1.png","contentUrl":"https:\/\/www.elvestidorderamon.com\/wp-content\/uploads\/2024\/11\/cropped-cropped-Sin-titulo-1.png","width":376,"height":376,"caption":"El vestidor de Ram\u00f3n"},"image":{"@id":"https:\/\/www.elvestidorderamon.com\/es\/#\/schema\/logo\/image\/"}}]}},"_links":{"self":[{"href":"https:\/\/www.elvestidorderamon.com\/es\/wp-json\/wp\/v2\/product\/964","targetHints":{"allow":["GET"]}}],"collection":[{"href":"https:\/\/www.elvestidorderamon.com\/es\/wp-json\/wp\/v2\/product"}],"about":[{"href":"https:\/\/www.elvestidorderamon.com\/es\/wp-json\/wp\/v2\/types\/product"}],"wp:featuredmedia":[{"embeddable":true,"href":"https:\/\/www.elvestidorderamon.com\/es\/wp-json\/wp\/v2\/media\/965"}],"wp:attachment":[{"href":"https:\/\/www.elvestidorderamon.com\/es\/wp-json\/wp\/v2\/media?parent=964"}],"wp:term":[{"taxonomy":"product_brand","embeddable":true,"href":"https:\/\/www.elvestidorderamon.com\/es\/wp-json\/wp\/v2\/product_brand?post=964"},{"taxonomy":"product_cat","embeddable":true,"href":"https:\/\/www.elvestidorderamon.com\/es\/wp-json\/wp\/v2\/product_cat?post=964"},{"taxonomy":"product_tag","embeddable":true,"href":"https:\/\/www.elvestidorderamon.com\/es\/wp-json\/wp\/v2\/product_tag?post=964"}],"curies":[{"name":"wp","href":"https:\/\/api.w.org\/{rel}","templated":true}]}}